{"id":10149,"date":"2024-03-26T15:10:38","date_gmt":"2024-03-26T14:10:38","guid":{"rendered":"https:\/\/alit-tech.com\/trattamento-acque-reflue\/"},"modified":"2025-05-19T14:38:51","modified_gmt":"2025-05-19T12:38:51","slug":"fluoridite","status":"publish","type":"page","link":"https:\/\/alit-tech.com\/pt-pt\/fluoridite\/","title":{"rendered":"Fluoridite"},"content":{"rendered":"\n<p>O <strong>FLUORIDITE<\/strong> foi desenvolvido para diminuir a concentra\u00e7\u00e3o de fluoretos nas \u00e1guas residuais abaixo do limite legal.<br>A sua elevada efici\u00eancia, na verdade, permite us\u00e1-lo facilmente em sistemas j\u00e1 existentes.<br>Com FLUORIDITE n\u00e3o precisa alterar o layout das instala\u00e7\u00f5es ou o circuito de \u00e1guas residuais.<br>Uma vez instalado, com alguns ajustes simples, garante valores de concentra\u00e7\u00f5es de descarga inferiores a 2 ppm.<br>Tal supressor de fl\u00faor confi\u00e1vel, ajuda a resolver problemas de produ\u00e7\u00e3o, que podem ser causados pela limita\u00e7\u00e3o no uso de produtos que cont\u00eam \u00e1cido fluor\u00eddrico e seus derivados, por exemplo. Tudo isto \u00e9 poss\u00edvel gra\u00e7as \u00e0 experi\u00eancia da nossa equipa.<br>Na verdade, temos d\u00e9cadas de experi\u00eancia em qu\u00edmica. Focamo-nos em encontrar sempre a melhor solu\u00e7\u00e3o para os requisitos dos nossos clientes.<\/p>\n\n\n\n<div style=\"height:50px\" aria-hidden=\"true\" class=\"wp-block-spacer\"><\/div>\n\n\n\n<p class=\"has-text-align-center\"><strong>EFIC\u00c1CIA COMPROVADA<br><\/strong>Nossos laborat\u00f3rios testaram todo o processo e trabalham em estreita colabora\u00e7\u00e3o com nossos clientes para um aprimoramento constante.<\/p>\n\n\n\n<div style=\"height:20px\" aria-hidden=\"true\" class=\"wp-block-spacer\"><\/div>\n\n\n\n<p class=\"has-text-align-center\"><strong>ELEMENTAR<br><\/strong>Dosagem diretamente proporcional \u00e0 vaz\u00e3o da \u00e1gua a ser tratada.<\/p>\n\n\n\n<div style=\"height:20px\" aria-hidden=\"true\" class=\"wp-block-spacer\"><\/div>\n\n\n\n<p class=\"has-text-align-center\"><strong>IMPLEMENT\u00c1VEL<\/strong><br>Todo o processo \u00e9 ajustado de acordo com o objetivo requerido.<\/p>\n\n\n\n<div style=\"height:20px\" aria-hidden=\"true\" class=\"wp-block-spacer\"><\/div>\n\n\n\n<p class=\"has-text-align-center\"><strong>CONFI\u00c1VEL<br><\/strong>Acompanhamos todo o processo internamente. controle das mat\u00e9rias-primas na entrada, produ\u00e7\u00e3o em lotes, produto final na sa\u00edda.<\/p>\n","protected":false},"excerpt":{"rendered":"<p>O FLUORIDITE foi desenvolvido para diminuir a concentra\u00e7\u00e3o de fluoretos nas \u00e1guas residuais abaixo do limite legal.A sua elevada efici\u00eancia, na verdade, permite us\u00e1-lo facilmente em sistemas j\u00e1 existentes.Com FLUORIDITE n\u00e3o precisa alterar o layout das instala\u00e7\u00f5es ou o circuito de \u00e1guas residuais.Uma vez instalado, com alguns ajustes simples, garante valores de concentra\u00e7\u00f5es de descarga [&hellip;]<\/p>\n","protected":false},"author":1,"featured_media":0,"parent":0,"menu_order":0,"comment_status":"closed","ping_status":"closed","template":"template-pages\/03_chemical_product.php","meta":{"_acf_changed":false,"footnotes":""},"class_list":["post-10149","page","type-page","status-publish","hentry"],"acf":[],"yoast_head":"<!-- This site is optimized with the Yoast SEO plugin v23.1 - https:\/\/yoast.com\/wordpress\/plugins\/seo\/ -->\n<title>Remo\u00e7\u00e3o de Tinta Tecnologias de Decapagem - Fluoridite<\/title>\n<meta name=\"description\" content=\"Descubra o Fluoridite da ALIT, uma inova\u00e7\u00e3o nas tecnologias de decapagem. Este removedor de fluoretos \u00e9 altamente eficiente e garante resultados confi\u00e1veis\" \/>\n<meta name=\"robots\" content=\"index, follow, max-snippet:-1, max-image-preview:large, max-video-preview:-1\" \/>\n<link rel=\"canonical\" href=\"https:\/\/alit-tech.com\/pt-pt\/fluoridite\/\" \/>\n<meta property=\"og:locale\" content=\"pt_PT\" \/>\n<meta property=\"og:type\" content=\"article\" \/>\n<meta property=\"og:title\" content=\"Remo\u00e7\u00e3o de Tinta Tecnologias de Decapagem - Fluoridite\" \/>\n<meta property=\"og:description\" content=\"Descubra o Fluoridite da ALIT, uma inova\u00e7\u00e3o nas tecnologias de decapagem. Este removedor de fluoretos \u00e9 altamente eficiente e garante resultados confi\u00e1veis\" \/>\n<meta property=\"og:url\" content=\"https:\/\/alit-tech.com\/pt-pt\/fluoridite\/\" \/>\n<meta property=\"og:site_name\" content=\"Alit technologies Spa\" \/>\n<meta property=\"article:modified_time\" content=\"2025-05-19T12:38:51+00:00\" \/>\n<meta name=\"twitter:card\" content=\"summary_large_image\" \/>\n<meta name=\"twitter:label1\" content=\"Tempo estimado de leitura\" \/>\n\t<meta name=\"twitter:data1\" content=\"1 minuto\" \/>\n<script type=\"application\/ld+json\" class=\"yoast-schema-graph\">{\"@context\":\"https:\/\/schema.org\",\"@graph\":[{\"@type\":\"WebPage\",\"@id\":\"https:\/\/alit-tech.com\/pt-pt\/fluoridite\/\",\"url\":\"https:\/\/alit-tech.com\/pt-pt\/fluoridite\/\",\"name\":\"Remo\u00e7\u00e3o de Tinta Tecnologias de Decapagem - Fluoridite\",\"isPartOf\":{\"@id\":\"https:\/\/alit-tech.com\/it\/#website\"},\"datePublished\":\"2024-03-26T14:10:38+00:00\",\"dateModified\":\"2025-05-19T12:38:51+00:00\",\"description\":\"Descubra o Fluoridite da ALIT, uma inova\u00e7\u00e3o nas tecnologias de decapagem. Este removedor de fluoretos \u00e9 altamente eficiente e garante resultados confi\u00e1veis\",\"breadcrumb\":{\"@id\":\"https:\/\/alit-tech.com\/pt-pt\/fluoridite\/#breadcrumb\"},\"inLanguage\":\"pt-PT\",\"potentialAction\":[{\"@type\":\"ReadAction\",\"target\":[\"https:\/\/alit-tech.com\/pt-pt\/fluoridite\/\"]}]},{\"@type\":\"BreadcrumbList\",\"@id\":\"https:\/\/alit-tech.com\/pt-pt\/fluoridite\/#breadcrumb\",\"itemListElement\":[{\"@type\":\"ListItem\",\"position\":1,\"name\":\"Home\",\"item\":\"https:\/\/alit-tech.com\/pt-pt\/\"},{\"@type\":\"ListItem\",\"position\":2,\"name\":\"Fluoridite\"}]},{\"@type\":\"WebSite\",\"@id\":\"https:\/\/alit-tech.com\/it\/#website\",\"url\":\"https:\/\/alit-tech.com\/it\/\",\"name\":\"Alit technologies Spa\",\"description\":\"\",\"potentialAction\":[{\"@type\":\"SearchAction\",\"target\":{\"@type\":\"EntryPoint\",\"urlTemplate\":\"https:\/\/alit-tech.com\/it\/?s={search_term_string}\"},\"query-input\":\"required name=search_term_string\"}],\"inLanguage\":\"pt-PT\"}]}<\/script>\n<!-- \/ Yoast SEO plugin. -->","yoast_head_json":{"title":"Remo\u00e7\u00e3o de Tinta Tecnologias de Decapagem - Fluoridite","description":"Descubra o Fluoridite da ALIT, uma inova\u00e7\u00e3o nas tecnologias de decapagem. Este removedor de fluoretos \u00e9 altamente eficiente e garante resultados confi\u00e1veis","robots":{"index":"index","follow":"follow","max-snippet":"max-snippet:-1","max-image-preview":"max-image-preview:large","max-video-preview":"max-video-preview:-1"},"canonical":"https:\/\/alit-tech.com\/pt-pt\/fluoridite\/","og_locale":"pt_PT","og_type":"article","og_title":"Remo\u00e7\u00e3o de Tinta Tecnologias de Decapagem - Fluoridite","og_description":"Descubra o Fluoridite da ALIT, uma inova\u00e7\u00e3o nas tecnologias de decapagem. Este removedor de fluoretos \u00e9 altamente eficiente e garante resultados confi\u00e1veis","og_url":"https:\/\/alit-tech.com\/pt-pt\/fluoridite\/","og_site_name":"Alit technologies Spa","article_modified_time":"2025-05-19T12:38:51+00:00","twitter_card":"summary_large_image","twitter_misc":{"Tempo estimado de leitura":"1 minuto"},"schema":{"@context":"https:\/\/schema.org","@graph":[{"@type":"WebPage","@id":"https:\/\/alit-tech.com\/pt-pt\/fluoridite\/","url":"https:\/\/alit-tech.com\/pt-pt\/fluoridite\/","name":"Remo\u00e7\u00e3o de Tinta Tecnologias de Decapagem - Fluoridite","isPartOf":{"@id":"https:\/\/alit-tech.com\/it\/#website"},"datePublished":"2024-03-26T14:10:38+00:00","dateModified":"2025-05-19T12:38:51+00:00","description":"Descubra o Fluoridite da ALIT, uma inova\u00e7\u00e3o nas tecnologias de decapagem. Este removedor de fluoretos \u00e9 altamente eficiente e garante resultados confi\u00e1veis","breadcrumb":{"@id":"https:\/\/alit-tech.com\/pt-pt\/fluoridite\/#breadcrumb"},"inLanguage":"pt-PT","potentialAction":[{"@type":"ReadAction","target":["https:\/\/alit-tech.com\/pt-pt\/fluoridite\/"]}]},{"@type":"BreadcrumbList","@id":"https:\/\/alit-tech.com\/pt-pt\/fluoridite\/#breadcrumb","itemListElement":[{"@type":"ListItem","position":1,"name":"Home","item":"https:\/\/alit-tech.com\/pt-pt\/"},{"@type":"ListItem","position":2,"name":"Fluoridite"}]},{"@type":"WebSite","@id":"https:\/\/alit-tech.com\/it\/#website","url":"https:\/\/alit-tech.com\/it\/","name":"Alit technologies Spa","description":"","potentialAction":[{"@type":"SearchAction","target":{"@type":"EntryPoint","urlTemplate":"https:\/\/alit-tech.com\/it\/?s={search_term_string}"},"query-input":"required name=search_term_string"}],"inLanguage":"pt-PT"}]}},"_links":{"self":[{"href":"https:\/\/alit-tech.com\/pt-pt\/wp-json\/wp\/v2\/pages\/10149"}],"collection":[{"href":"https:\/\/alit-tech.com\/pt-pt\/wp-json\/wp\/v2\/pages"}],"about":[{"href":"https:\/\/alit-tech.com\/pt-pt\/wp-json\/wp\/v2\/types\/page"}],"author":[{"embeddable":true,"href":"https:\/\/alit-tech.com\/pt-pt\/wp-json\/wp\/v2\/users\/1"}],"replies":[{"embeddable":true,"href":"https:\/\/alit-tech.com\/pt-pt\/wp-json\/wp\/v2\/comments?post=10149"}],"version-history":[{"count":4,"href":"https:\/\/alit-tech.com\/pt-pt\/wp-json\/wp\/v2\/pages\/10149\/revisions"}],"predecessor-version":[{"id":15233,"href":"https:\/\/alit-tech.com\/pt-pt\/wp-json\/wp\/v2\/pages\/10149\/revisions\/15233"}],"wp:attachment":[{"href":"https:\/\/alit-tech.com\/pt-pt\/wp-json\/wp\/v2\/media?parent=10149"}],"curies":[{"name":"wp","href":"https:\/\/api.w.org\/{rel}","templated":true}]}}