{"id":14572,"date":"2024-03-25T11:56:44","date_gmt":"2024-03-25T10:56:44","guid":{"rendered":"https:\/\/alit-tech.com\/decapantes\/sverniciatura-a-caldo-per-ferro-e-acciaio\/"},"modified":"2025-08-28T09:47:46","modified_gmt":"2025-08-28T07:47:46","slug":"decapagem-a-quente-para-ferro-e-aco","status":"publish","type":"page","link":"https:\/\/alit-tech.com\/pt-pt\/decapantes\/decapagem-a-quente-para-ferro-e-aco\/","title":{"rendered":"Decapagem a quente para Ferro e A\u00e7o"},"content":{"rendered":"\n<p>A gama de decapantes para ferro e a\u00e7o da ALIT Technologies representa a excel\u00eancia no campo da remo\u00e7\u00e3o de tintas de materiais ferrosos. Estes produtos s\u00e3o formulados para responder \u00e0s exig\u00eancias mais elevadas das ind\u00fastrias modernas, oferecendo uma remo\u00e7\u00e3o r\u00e1pida e eficaz dos revestimentos, minimizando o impacto ambiental. A nossa oferta \u00e9 perfeita para quem procura resultados profissionais com um olhar atento \u00e0 ecologia e \u00e0 efici\u00eancia energ\u00e9tica.<\/p>\n","protected":false},"excerpt":{"rendered":"<p>A gama de decapantes para ferro e a\u00e7o da ALIT Technologies representa a excel\u00eancia no campo da remo\u00e7\u00e3o de tintas de materiais ferrosos. Estes produtos s\u00e3o formulados para responder \u00e0s exig\u00eancias mais elevadas das ind\u00fastrias modernas, oferecendo uma remo\u00e7\u00e3o r\u00e1pida e eficaz dos revestimentos, minimizando o impacto ambiental. A nossa oferta \u00e9 perfeita para quem [&hellip;]<\/p>\n","protected":false},"author":1,"featured_media":12621,"parent":10065,"menu_order":0,"comment_status":"closed","ping_status":"closed","template":"template-pages\/07_chemical_category.php","meta":{"_acf_changed":false,"footnotes":""},"class_list":["post-14572","page","type-page","status-publish","has-post-thumbnail","hentry"],"acf":[],"yoast_head":"<!-- This site is optimized with the Yoast SEO plugin v23.1 - https:\/\/yoast.com\/wordpress\/plugins\/seo\/ -->\n<title>Remo\u00e7\u00e3o de ferro, Produtos de decapagem para ferro e a\u00e7o<\/title>\n<meta name=\"description\" content=\"Ecol\u00f3gicos e eficientes, estes produtos de decapagem para ferro e a\u00e7o garantem remo\u00e7\u00e3o de ferro r\u00e1pida e profissional de tintas. Contacte-nos hoje!\" \/>\n<meta name=\"robots\" content=\"index, follow, max-snippet:-1, max-image-preview:large, max-video-preview:-1\" \/>\n<link rel=\"canonical\" href=\"https:\/\/alit-tech.com\/pt-pt\/decapantes\/decapagem-a-quente-para-ferro-e-aco\/\" \/>\n<meta property=\"og:locale\" content=\"pt_PT\" \/>\n<meta property=\"og:type\" content=\"article\" \/>\n<meta property=\"og:title\" content=\"Remo\u00e7\u00e3o de ferro, Produtos de decapagem para ferro e a\u00e7o\" \/>\n<meta property=\"og:description\" content=\"Ecol\u00f3gicos e eficientes, estes produtos de decapagem para ferro e a\u00e7o garantem remo\u00e7\u00e3o de ferro r\u00e1pida e profissional de tintas. Contacte-nos hoje!\" \/>\n<meta property=\"og:url\" content=\"https:\/\/alit-tech.com\/pt-pt\/decapantes\/decapagem-a-quente-para-ferro-e-aco\/\" \/>\n<meta property=\"og:site_name\" content=\"Alit technologies Spa\" \/>\n<meta property=\"article:modified_time\" content=\"2025-08-28T07:47:46+00:00\" \/>\n<meta property=\"og:image\" content=\"https:\/\/alit-tech.com\/wp-content\/uploads\/2024\/09\/Sverniciatura-a-caldo-per-Ferro-e-Acciaio.jpg\" \/>\n\t<meta property=\"og:image:width\" content=\"1200\" \/>\n\t<meta property=\"og:image:height\" content=\"600\" \/>\n\t<meta property=\"og:image:type\" content=\"image\/jpeg\" \/>\n<meta name=\"twitter:card\" content=\"summary_large_image\" \/>\n<meta name=\"twitter:label1\" content=\"Tempo estimado de leitura\" \/>\n\t<meta name=\"twitter:data1\" content=\"1 minuto\" \/>\n<script type=\"application\/ld+json\" class=\"yoast-schema-graph\">{\"@context\":\"https:\/\/schema.org\",\"@graph\":[{\"@type\":\"WebPage\",\"@id\":\"https:\/\/alit-tech.com\/pt-pt\/decapantes\/decapagem-a-quente-para-ferro-e-aco\/\",\"url\":\"https:\/\/alit-tech.com\/pt-pt\/decapantes\/decapagem-a-quente-para-ferro-e-aco\/\",\"name\":\"Remo\u00e7\u00e3o de ferro, Produtos de decapagem para ferro e a\u00e7o\",\"isPartOf\":{\"@id\":\"https:\/\/alit-tech.com\/it\/#website\"},\"primaryImageOfPage\":{\"@id\":\"https:\/\/alit-tech.com\/pt-pt\/decapantes\/decapagem-a-quente-para-ferro-e-aco\/#primaryimage\"},\"image\":{\"@id\":\"https:\/\/alit-tech.com\/pt-pt\/decapantes\/decapagem-a-quente-para-ferro-e-aco\/#primaryimage\"},\"thumbnailUrl\":\"https:\/\/alit-tech.com\/wp-content\/uploads\/2024\/09\/Sverniciatura-a-caldo-per-Ferro-e-Acciaio.jpg\",\"datePublished\":\"2024-03-25T10:56:44+00:00\",\"dateModified\":\"2025-08-28T07:47:46+00:00\",\"description\":\"Ecol\u00f3gicos e eficientes, estes produtos de decapagem para ferro e a\u00e7o garantem remo\u00e7\u00e3o de ferro r\u00e1pida e profissional de tintas. Contacte-nos hoje!\",\"breadcrumb\":{\"@id\":\"https:\/\/alit-tech.com\/pt-pt\/decapantes\/decapagem-a-quente-para-ferro-e-aco\/#breadcrumb\"},\"inLanguage\":\"pt-PT\",\"potentialAction\":[{\"@type\":\"ReadAction\",\"target\":[\"https:\/\/alit-tech.com\/pt-pt\/decapantes\/decapagem-a-quente-para-ferro-e-aco\/\"]}]},{\"@type\":\"ImageObject\",\"inLanguage\":\"pt-PT\",\"@id\":\"https:\/\/alit-tech.com\/pt-pt\/decapantes\/decapagem-a-quente-para-ferro-e-aco\/#primaryimage\",\"url\":\"https:\/\/alit-tech.com\/wp-content\/uploads\/2024\/09\/Sverniciatura-a-caldo-per-Ferro-e-Acciaio.jpg\",\"contentUrl\":\"https:\/\/alit-tech.com\/wp-content\/uploads\/2024\/09\/Sverniciatura-a-caldo-per-Ferro-e-Acciaio.jpg\",\"width\":1200,\"height\":600},{\"@type\":\"BreadcrumbList\",\"@id\":\"https:\/\/alit-tech.com\/pt-pt\/decapantes\/decapagem-a-quente-para-ferro-e-aco\/#breadcrumb\",\"itemListElement\":[{\"@type\":\"ListItem\",\"position\":1,\"name\":\"Home\",\"item\":\"https:\/\/alit-tech.com\/pt-pt\/\"},{\"@type\":\"ListItem\",\"position\":2,\"name\":\"Decapantes\",\"item\":\"https:\/\/alit-tech.com\/pt-pt\/decapantes\/\"},{\"@type\":\"ListItem\",\"position\":3,\"name\":\"Decapagem a quente para Ferro e A\u00e7o\"}]},{\"@type\":\"WebSite\",\"@id\":\"https:\/\/alit-tech.com\/it\/#website\",\"url\":\"https:\/\/alit-tech.com\/it\/\",\"name\":\"Alit technologies Spa\",\"description\":\"\",\"potentialAction\":[{\"@type\":\"SearchAction\",\"target\":{\"@type\":\"EntryPoint\",\"urlTemplate\":\"https:\/\/alit-tech.com\/it\/?s={search_term_string}\"},\"query-input\":\"required name=search_term_string\"}],\"inLanguage\":\"pt-PT\"}]}<\/script>\n<!-- \/ Yoast SEO plugin. -->","yoast_head_json":{"title":"Remo\u00e7\u00e3o de ferro, Produtos de decapagem para ferro e a\u00e7o","description":"Ecol\u00f3gicos e eficientes, estes produtos de decapagem para ferro e a\u00e7o garantem remo\u00e7\u00e3o de ferro r\u00e1pida e profissional de tintas. Contacte-nos hoje!","robots":{"index":"index","follow":"follow","max-snippet":"max-snippet:-1","max-image-preview":"max-image-preview:large","max-video-preview":"max-video-preview:-1"},"canonical":"https:\/\/alit-tech.com\/pt-pt\/decapantes\/decapagem-a-quente-para-ferro-e-aco\/","og_locale":"pt_PT","og_type":"article","og_title":"Remo\u00e7\u00e3o de ferro, Produtos de decapagem para ferro e a\u00e7o","og_description":"Ecol\u00f3gicos e eficientes, estes produtos de decapagem para ferro e a\u00e7o garantem remo\u00e7\u00e3o de ferro r\u00e1pida e profissional de tintas. Contacte-nos hoje!","og_url":"https:\/\/alit-tech.com\/pt-pt\/decapantes\/decapagem-a-quente-para-ferro-e-aco\/","og_site_name":"Alit technologies Spa","article_modified_time":"2025-08-28T07:47:46+00:00","og_image":[{"width":1200,"height":600,"url":"https:\/\/alit-tech.com\/wp-content\/uploads\/2024\/09\/Sverniciatura-a-caldo-per-Ferro-e-Acciaio.jpg","type":"image\/jpeg"}],"twitter_card":"summary_large_image","twitter_misc":{"Tempo estimado de leitura":"1 minuto"},"schema":{"@context":"https:\/\/schema.org","@graph":[{"@type":"WebPage","@id":"https:\/\/alit-tech.com\/pt-pt\/decapantes\/decapagem-a-quente-para-ferro-e-aco\/","url":"https:\/\/alit-tech.com\/pt-pt\/decapantes\/decapagem-a-quente-para-ferro-e-aco\/","name":"Remo\u00e7\u00e3o de ferro, Produtos de decapagem para ferro e a\u00e7o","isPartOf":{"@id":"https:\/\/alit-tech.com\/it\/#website"},"primaryImageOfPage":{"@id":"https:\/\/alit-tech.com\/pt-pt\/decapantes\/decapagem-a-quente-para-ferro-e-aco\/#primaryimage"},"image":{"@id":"https:\/\/alit-tech.com\/pt-pt\/decapantes\/decapagem-a-quente-para-ferro-e-aco\/#primaryimage"},"thumbnailUrl":"https:\/\/alit-tech.com\/wp-content\/uploads\/2024\/09\/Sverniciatura-a-caldo-per-Ferro-e-Acciaio.jpg","datePublished":"2024-03-25T10:56:44+00:00","dateModified":"2025-08-28T07:47:46+00:00","description":"Ecol\u00f3gicos e eficientes, estes produtos de decapagem para ferro e a\u00e7o garantem remo\u00e7\u00e3o de ferro r\u00e1pida e profissional de tintas. Contacte-nos hoje!","breadcrumb":{"@id":"https:\/\/alit-tech.com\/pt-pt\/decapantes\/decapagem-a-quente-para-ferro-e-aco\/#breadcrumb"},"inLanguage":"pt-PT","potentialAction":[{"@type":"ReadAction","target":["https:\/\/alit-tech.com\/pt-pt\/decapantes\/decapagem-a-quente-para-ferro-e-aco\/"]}]},{"@type":"ImageObject","inLanguage":"pt-PT","@id":"https:\/\/alit-tech.com\/pt-pt\/decapantes\/decapagem-a-quente-para-ferro-e-aco\/#primaryimage","url":"https:\/\/alit-tech.com\/wp-content\/uploads\/2024\/09\/Sverniciatura-a-caldo-per-Ferro-e-Acciaio.jpg","contentUrl":"https:\/\/alit-tech.com\/wp-content\/uploads\/2024\/09\/Sverniciatura-a-caldo-per-Ferro-e-Acciaio.jpg","width":1200,"height":600},{"@type":"BreadcrumbList","@id":"https:\/\/alit-tech.com\/pt-pt\/decapantes\/decapagem-a-quente-para-ferro-e-aco\/#breadcrumb","itemListElement":[{"@type":"ListItem","position":1,"name":"Home","item":"https:\/\/alit-tech.com\/pt-pt\/"},{"@type":"ListItem","position":2,"name":"Decapantes","item":"https:\/\/alit-tech.com\/pt-pt\/decapantes\/"},{"@type":"ListItem","position":3,"name":"Decapagem a quente para Ferro e A\u00e7o"}]},{"@type":"WebSite","@id":"https:\/\/alit-tech.com\/it\/#website","url":"https:\/\/alit-tech.com\/it\/","name":"Alit technologies Spa","description":"","potentialAction":[{"@type":"SearchAction","target":{"@type":"EntryPoint","urlTemplate":"https:\/\/alit-tech.com\/it\/?s={search_term_string}"},"query-input":"required name=search_term_string"}],"inLanguage":"pt-PT"}]}},"_links":{"self":[{"href":"https:\/\/alit-tech.com\/pt-pt\/wp-json\/wp\/v2\/pages\/14572"}],"collection":[{"href":"https:\/\/alit-tech.com\/pt-pt\/wp-json\/wp\/v2\/pages"}],"about":[{"href":"https:\/\/alit-tech.com\/pt-pt\/wp-json\/wp\/v2\/types\/page"}],"author":[{"embeddable":true,"href":"https:\/\/alit-tech.com\/pt-pt\/wp-json\/wp\/v2\/users\/1"}],"replies":[{"embeddable":true,"href":"https:\/\/alit-tech.com\/pt-pt\/wp-json\/wp\/v2\/comments?post=14572"}],"version-history":[{"count":4,"href":"https:\/\/alit-tech.com\/pt-pt\/wp-json\/wp\/v2\/pages\/14572\/revisions"}],"predecessor-version":[{"id":14604,"href":"https:\/\/alit-tech.com\/pt-pt\/wp-json\/wp\/v2\/pages\/14572\/revisions\/14604"}],"up":[{"embeddable":true,"href":"https:\/\/alit-tech.com\/pt-pt\/wp-json\/wp\/v2\/pages\/10065"}],"wp:featuredmedia":[{"embeddable":true,"href":"https:\/\/alit-tech.com\/pt-pt\/wp-json\/wp\/v2\/media\/12621"}],"wp:attachment":[{"href":"https:\/\/alit-tech.com\/pt-pt\/wp-json\/wp\/v2\/media?parent=14572"}],"curies":[{"name":"wp","href":"https:\/\/api.w.org\/{rel}","templated":true}]}}