{"id":14605,"date":"2024-03-26T15:08:41","date_gmt":"2024-03-26T14:08:41","guid":{"rendered":"https:\/\/alit-tech.com\/decapantes\/svernicianti-a-caldo-per-alluminio-zinco-e-leghe-leggere\/"},"modified":"2025-08-28T09:53:39","modified_gmt":"2025-08-28T07:53:39","slug":"decapantes-a-quente-para-aluminio-zinco-e-ligas-leves","status":"publish","type":"page","link":"https:\/\/alit-tech.com\/pt-pt\/decapantes\/decapantes-a-quente-para-aluminio-zinco-e-ligas-leves\/","title":{"rendered":"Decapantes a quente para Alum\u00ednio, Zinco e Ligas Leves"},"content":{"rendered":"\n<p>As formula\u00e7\u00f5es avan\u00e7adas garantem uma efic\u00e1cia de 100%, enquanto o baixo impacto ecol\u00f3gico facilita o descarte. Perfeitos para usos a m\u00e9dias temperaturas de 40 a 75\u00b0C, os decapantes para alum\u00ednio e ligas leves da ALIT Technologies removem eficazmente as tintas, preservando a qualidade dos materiais tratados. As nossas solu\u00e7\u00f5es s\u00e3o ideais para setores que exigem precis\u00e3o e delicadeza, proporcionando alto desempenho e resultados otimizados.<\/p>\n","protected":false},"excerpt":{"rendered":"<p>As formula\u00e7\u00f5es avan\u00e7adas garantem uma efic\u00e1cia de 100%, enquanto o baixo impacto ecol\u00f3gico facilita o descarte. Perfeitos para usos a m\u00e9dias temperaturas de 40 a 75\u00b0C, os decapantes para alum\u00ednio e ligas leves da ALIT Technologies removem eficazmente as tintas, preservando a qualidade dos materiais tratados. As nossas solu\u00e7\u00f5es s\u00e3o ideais para setores que exigem [&hellip;]<\/p>\n","protected":false},"author":1,"featured_media":12663,"parent":10065,"menu_order":0,"comment_status":"closed","ping_status":"closed","template":"template-pages\/07_chemical_category.php","meta":{"_acf_changed":false,"footnotes":""},"class_list":["post-14605","page","type-page","status-publish","has-post-thumbnail","hentry"],"acf":[],"yoast_head":"<!-- This site is optimized with the Yoast SEO plugin v23.1 - https:\/\/yoast.com\/wordpress\/plugins\/seo\/ -->\n<title>Remo\u00e7\u00e3o de tinta em alum\u00ednio, Produtos de remo\u00e7\u00e3o alum\u00ednio<\/title>\n<meta name=\"description\" content=\"Produtos de remo\u00e7\u00e3o em alum\u00ednio, otimizados para 40\u201375 \u00b0C. Removem com seguran\u00e7a revestimentos de ligas leves na ind\u00fastria aeroespacial e autom\u00f3vel.\" \/>\n<meta name=\"robots\" content=\"index, follow, max-snippet:-1, max-image-preview:large, max-video-preview:-1\" \/>\n<link rel=\"canonical\" href=\"https:\/\/alit-tech.com\/pt-pt\/decapantes\/decapantes-a-quente-para-aluminio-zinco-e-ligas-leves\/\" \/>\n<meta property=\"og:locale\" content=\"pt_PT\" \/>\n<meta property=\"og:type\" content=\"article\" \/>\n<meta property=\"og:title\" content=\"Remo\u00e7\u00e3o de tinta em alum\u00ednio, Produtos de remo\u00e7\u00e3o alum\u00ednio\" \/>\n<meta property=\"og:description\" content=\"Produtos de remo\u00e7\u00e3o em alum\u00ednio, otimizados para 40\u201375 \u00b0C. Removem com seguran\u00e7a revestimentos de ligas leves na ind\u00fastria aeroespacial e autom\u00f3vel.\" \/>\n<meta property=\"og:url\" content=\"https:\/\/alit-tech.com\/pt-pt\/decapantes\/decapantes-a-quente-para-aluminio-zinco-e-ligas-leves\/\" \/>\n<meta property=\"og:site_name\" content=\"Alit technologies Spa\" \/>\n<meta property=\"article:modified_time\" content=\"2025-08-28T07:53:39+00:00\" \/>\n<meta property=\"og:image\" content=\"https:\/\/alit-tech.com\/wp-content\/uploads\/2024\/10\/Svernicianti-a-caldo-per-Alluminio-zinco-Leghe-Leggere.jpg\" \/>\n\t<meta property=\"og:image:width\" content=\"1200\" \/>\n\t<meta property=\"og:image:height\" content=\"600\" \/>\n\t<meta property=\"og:image:type\" content=\"image\/jpeg\" \/>\n<meta name=\"twitter:card\" content=\"summary_large_image\" \/>\n<meta name=\"twitter:label1\" content=\"Tempo estimado de leitura\" \/>\n\t<meta name=\"twitter:data1\" content=\"1 minuto\" \/>\n<script type=\"application\/ld+json\" class=\"yoast-schema-graph\">{\"@context\":\"https:\/\/schema.org\",\"@graph\":[{\"@type\":\"WebPage\",\"@id\":\"https:\/\/alit-tech.com\/pt-pt\/decapantes\/decapantes-a-quente-para-aluminio-zinco-e-ligas-leves\/\",\"url\":\"https:\/\/alit-tech.com\/pt-pt\/decapantes\/decapantes-a-quente-para-aluminio-zinco-e-ligas-leves\/\",\"name\":\"Remo\u00e7\u00e3o de tinta em alum\u00ednio, Produtos de remo\u00e7\u00e3o alum\u00ednio\",\"isPartOf\":{\"@id\":\"https:\/\/alit-tech.com\/it\/#website\"},\"primaryImageOfPage\":{\"@id\":\"https:\/\/alit-tech.com\/pt-pt\/decapantes\/decapantes-a-quente-para-aluminio-zinco-e-ligas-leves\/#primaryimage\"},\"image\":{\"@id\":\"https:\/\/alit-tech.com\/pt-pt\/decapantes\/decapantes-a-quente-para-aluminio-zinco-e-ligas-leves\/#primaryimage\"},\"thumbnailUrl\":\"https:\/\/alit-tech.com\/wp-content\/uploads\/2024\/10\/Svernicianti-a-caldo-per-Alluminio-zinco-Leghe-Leggere.jpg\",\"datePublished\":\"2024-03-26T14:08:41+00:00\",\"dateModified\":\"2025-08-28T07:53:39+00:00\",\"description\":\"Produtos de remo\u00e7\u00e3o em alum\u00ednio, otimizados para 40\u201375 \u00b0C. Removem com seguran\u00e7a revestimentos de ligas leves na ind\u00fastria aeroespacial e autom\u00f3vel.\",\"breadcrumb\":{\"@id\":\"https:\/\/alit-tech.com\/pt-pt\/decapantes\/decapantes-a-quente-para-aluminio-zinco-e-ligas-leves\/#breadcrumb\"},\"inLanguage\":\"pt-PT\",\"potentialAction\":[{\"@type\":\"ReadAction\",\"target\":[\"https:\/\/alit-tech.com\/pt-pt\/decapantes\/decapantes-a-quente-para-aluminio-zinco-e-ligas-leves\/\"]}]},{\"@type\":\"ImageObject\",\"inLanguage\":\"pt-PT\",\"@id\":\"https:\/\/alit-tech.com\/pt-pt\/decapantes\/decapantes-a-quente-para-aluminio-zinco-e-ligas-leves\/#primaryimage\",\"url\":\"https:\/\/alit-tech.com\/wp-content\/uploads\/2024\/10\/Svernicianti-a-caldo-per-Alluminio-zinco-Leghe-Leggere.jpg\",\"contentUrl\":\"https:\/\/alit-tech.com\/wp-content\/uploads\/2024\/10\/Svernicianti-a-caldo-per-Alluminio-zinco-Leghe-Leggere.jpg\",\"width\":1200,\"height\":600},{\"@type\":\"BreadcrumbList\",\"@id\":\"https:\/\/alit-tech.com\/pt-pt\/decapantes\/decapantes-a-quente-para-aluminio-zinco-e-ligas-leves\/#breadcrumb\",\"itemListElement\":[{\"@type\":\"ListItem\",\"position\":1,\"name\":\"Home\",\"item\":\"https:\/\/alit-tech.com\/pt-pt\/\"},{\"@type\":\"ListItem\",\"position\":2,\"name\":\"Decapantes\",\"item\":\"https:\/\/alit-tech.com\/pt-pt\/decapantes\/\"},{\"@type\":\"ListItem\",\"position\":3,\"name\":\"Decapantes a quente para Alum\u00ednio, Zinco e Ligas Leves\"}]},{\"@type\":\"WebSite\",\"@id\":\"https:\/\/alit-tech.com\/it\/#website\",\"url\":\"https:\/\/alit-tech.com\/it\/\",\"name\":\"Alit technologies Spa\",\"description\":\"\",\"potentialAction\":[{\"@type\":\"SearchAction\",\"target\":{\"@type\":\"EntryPoint\",\"urlTemplate\":\"https:\/\/alit-tech.com\/it\/?s={search_term_string}\"},\"query-input\":\"required name=search_term_string\"}],\"inLanguage\":\"pt-PT\"}]}<\/script>\n<!-- \/ Yoast SEO plugin. -->","yoast_head_json":{"title":"Remo\u00e7\u00e3o de tinta em alum\u00ednio, Produtos de remo\u00e7\u00e3o alum\u00ednio","description":"Produtos de remo\u00e7\u00e3o em alum\u00ednio, otimizados para 40\u201375 \u00b0C. Removem com seguran\u00e7a revestimentos de ligas leves na ind\u00fastria aeroespacial e autom\u00f3vel.","robots":{"index":"index","follow":"follow","max-snippet":"max-snippet:-1","max-image-preview":"max-image-preview:large","max-video-preview":"max-video-preview:-1"},"canonical":"https:\/\/alit-tech.com\/pt-pt\/decapantes\/decapantes-a-quente-para-aluminio-zinco-e-ligas-leves\/","og_locale":"pt_PT","og_type":"article","og_title":"Remo\u00e7\u00e3o de tinta em alum\u00ednio, Produtos de remo\u00e7\u00e3o alum\u00ednio","og_description":"Produtos de remo\u00e7\u00e3o em alum\u00ednio, otimizados para 40\u201375 \u00b0C. Removem com seguran\u00e7a revestimentos de ligas leves na ind\u00fastria aeroespacial e autom\u00f3vel.","og_url":"https:\/\/alit-tech.com\/pt-pt\/decapantes\/decapantes-a-quente-para-aluminio-zinco-e-ligas-leves\/","og_site_name":"Alit technologies Spa","article_modified_time":"2025-08-28T07:53:39+00:00","og_image":[{"width":1200,"height":600,"url":"https:\/\/alit-tech.com\/wp-content\/uploads\/2024\/10\/Svernicianti-a-caldo-per-Alluminio-zinco-Leghe-Leggere.jpg","type":"image\/jpeg"}],"twitter_card":"summary_large_image","twitter_misc":{"Tempo estimado de leitura":"1 minuto"},"schema":{"@context":"https:\/\/schema.org","@graph":[{"@type":"WebPage","@id":"https:\/\/alit-tech.com\/pt-pt\/decapantes\/decapantes-a-quente-para-aluminio-zinco-e-ligas-leves\/","url":"https:\/\/alit-tech.com\/pt-pt\/decapantes\/decapantes-a-quente-para-aluminio-zinco-e-ligas-leves\/","name":"Remo\u00e7\u00e3o de tinta em alum\u00ednio, Produtos de remo\u00e7\u00e3o alum\u00ednio","isPartOf":{"@id":"https:\/\/alit-tech.com\/it\/#website"},"primaryImageOfPage":{"@id":"https:\/\/alit-tech.com\/pt-pt\/decapantes\/decapantes-a-quente-para-aluminio-zinco-e-ligas-leves\/#primaryimage"},"image":{"@id":"https:\/\/alit-tech.com\/pt-pt\/decapantes\/decapantes-a-quente-para-aluminio-zinco-e-ligas-leves\/#primaryimage"},"thumbnailUrl":"https:\/\/alit-tech.com\/wp-content\/uploads\/2024\/10\/Svernicianti-a-caldo-per-Alluminio-zinco-Leghe-Leggere.jpg","datePublished":"2024-03-26T14:08:41+00:00","dateModified":"2025-08-28T07:53:39+00:00","description":"Produtos de remo\u00e7\u00e3o em alum\u00ednio, otimizados para 40\u201375 \u00b0C. Removem com seguran\u00e7a revestimentos de ligas leves na ind\u00fastria aeroespacial e autom\u00f3vel.","breadcrumb":{"@id":"https:\/\/alit-tech.com\/pt-pt\/decapantes\/decapantes-a-quente-para-aluminio-zinco-e-ligas-leves\/#breadcrumb"},"inLanguage":"pt-PT","potentialAction":[{"@type":"ReadAction","target":["https:\/\/alit-tech.com\/pt-pt\/decapantes\/decapantes-a-quente-para-aluminio-zinco-e-ligas-leves\/"]}]},{"@type":"ImageObject","inLanguage":"pt-PT","@id":"https:\/\/alit-tech.com\/pt-pt\/decapantes\/decapantes-a-quente-para-aluminio-zinco-e-ligas-leves\/#primaryimage","url":"https:\/\/alit-tech.com\/wp-content\/uploads\/2024\/10\/Svernicianti-a-caldo-per-Alluminio-zinco-Leghe-Leggere.jpg","contentUrl":"https:\/\/alit-tech.com\/wp-content\/uploads\/2024\/10\/Svernicianti-a-caldo-per-Alluminio-zinco-Leghe-Leggere.jpg","width":1200,"height":600},{"@type":"BreadcrumbList","@id":"https:\/\/alit-tech.com\/pt-pt\/decapantes\/decapantes-a-quente-para-aluminio-zinco-e-ligas-leves\/#breadcrumb","itemListElement":[{"@type":"ListItem","position":1,"name":"Home","item":"https:\/\/alit-tech.com\/pt-pt\/"},{"@type":"ListItem","position":2,"name":"Decapantes","item":"https:\/\/alit-tech.com\/pt-pt\/decapantes\/"},{"@type":"ListItem","position":3,"name":"Decapantes a quente para Alum\u00ednio, Zinco e Ligas Leves"}]},{"@type":"WebSite","@id":"https:\/\/alit-tech.com\/it\/#website","url":"https:\/\/alit-tech.com\/it\/","name":"Alit technologies Spa","description":"","potentialAction":[{"@type":"SearchAction","target":{"@type":"EntryPoint","urlTemplate":"https:\/\/alit-tech.com\/it\/?s={search_term_string}"},"query-input":"required name=search_term_string"}],"inLanguage":"pt-PT"}]}},"_links":{"self":[{"href":"https:\/\/alit-tech.com\/pt-pt\/wp-json\/wp\/v2\/pages\/14605"}],"collection":[{"href":"https:\/\/alit-tech.com\/pt-pt\/wp-json\/wp\/v2\/pages"}],"about":[{"href":"https:\/\/alit-tech.com\/pt-pt\/wp-json\/wp\/v2\/types\/page"}],"author":[{"embeddable":true,"href":"https:\/\/alit-tech.com\/pt-pt\/wp-json\/wp\/v2\/users\/1"}],"replies":[{"embeddable":true,"href":"https:\/\/alit-tech.com\/pt-pt\/wp-json\/wp\/v2\/comments?post=14605"}],"version-history":[{"count":3,"href":"https:\/\/alit-tech.com\/pt-pt\/wp-json\/wp\/v2\/pages\/14605\/revisions"}],"predecessor-version":[{"id":14610,"href":"https:\/\/alit-tech.com\/pt-pt\/wp-json\/wp\/v2\/pages\/14605\/revisions\/14610"}],"up":[{"embeddable":true,"href":"https:\/\/alit-tech.com\/pt-pt\/wp-json\/wp\/v2\/pages\/10065"}],"wp:featuredmedia":[{"embeddable":true,"href":"https:\/\/alit-tech.com\/pt-pt\/wp-json\/wp\/v2\/media\/12663"}],"wp:attachment":[{"href":"https:\/\/alit-tech.com\/pt-pt\/wp-json\/wp\/v2\/media?parent=14605"}],"curies":[{"name":"wp","href":"https:\/\/api.w.org\/{rel}","templated":true}]}}