{"id":14615,"date":"2024-03-26T15:10:02","date_gmt":"2024-03-26T14:10:02","guid":{"rendered":"https:\/\/alit-tech.com\/decapantes\/svernicianti-per-processi-di-sverniciatura-in-linea-di-ganci-e-telai-fastrip-isp\/"},"modified":"2025-08-28T10:03:14","modified_gmt":"2025-08-28T08:03:14","slug":"decapantes-para-processos-de-decapagem-em-linha-de-ganchos-e-estruturas-fastrip-isp","status":"publish","type":"page","link":"https:\/\/alit-tech.com\/pt-pt\/decapantes\/decapantes-para-processos-de-decapagem-em-linha-de-ganchos-e-estruturas-fastrip-isp\/","title":{"rendered":"Decapantes para Processos de Decapagem em Linha de Ganchos e Estruturas &#8211; FASTRIP ISP"},"content":{"rendered":"\n<p>Os produtos da ALIT Technologies para decapagem em linha de ganchos e estruturas s\u00e3o projetados para otimizar os processos de produ\u00e7\u00e3o, garantindo tempos de ciclo extremamente r\u00e1pidos e uma qualidade superior. Gra\u00e7as \u00e0s nossas formula\u00e7\u00f5es avan\u00e7adas, \u00e9 poss\u00edvel obter uma remo\u00e7\u00e3o eficaz das tintas em tempos recordes, melhorando a produtividade e reduzindo os custos operacionais.<\/p>\n","protected":false},"excerpt":{"rendered":"<p>Os produtos da ALIT Technologies para decapagem em linha de ganchos e estruturas s\u00e3o projetados para otimizar os processos de produ\u00e7\u00e3o, garantindo tempos de ciclo extremamente r\u00e1pidos e uma qualidade superior. Gra\u00e7as \u00e0s nossas formula\u00e7\u00f5es avan\u00e7adas, \u00e9 poss\u00edvel obter uma remo\u00e7\u00e3o eficaz das tintas em tempos recordes, melhorando a produtividade e reduzindo os custos operacionais.<\/p>\n","protected":false},"author":1,"featured_media":12695,"parent":10065,"menu_order":0,"comment_status":"closed","ping_status":"closed","template":"template-pages\/07_chemical_category.php","meta":{"_acf_changed":false,"footnotes":""},"class_list":["post-14615","page","type-page","status-publish","has-post-thumbnail","hentry"],"acf":[],"yoast_head":"<!-- This site is optimized with the Yoast SEO plugin v23.1 - https:\/\/yoast.com\/wordpress\/plugins\/seo\/ -->\n<title>Produtos de decapagem para remo\u00e7\u00e3o de tinta FASTRIP ISP<\/title>\n<meta name=\"description\" content=\"Produtos de decapagem para remo\u00e7\u00e3o de tinta: FASTRIP ISP garante decapagem r\u00e1pida para sistemas em linha de ganchos e quadros, aumentando a efici\u00eancia.\" \/>\n<meta name=\"robots\" content=\"index, follow, max-snippet:-1, max-image-preview:large, max-video-preview:-1\" \/>\n<link rel=\"canonical\" href=\"https:\/\/alit-tech.com\/pt-pt\/decapantes\/decapantes-para-processos-de-decapagem-em-linha-de-ganchos-e-estruturas-fastrip-isp\/\" \/>\n<meta property=\"og:locale\" content=\"pt_PT\" \/>\n<meta property=\"og:type\" content=\"article\" \/>\n<meta property=\"og:title\" content=\"Produtos de decapagem para remo\u00e7\u00e3o de tinta FASTRIP ISP\" \/>\n<meta property=\"og:description\" content=\"Produtos de decapagem para remo\u00e7\u00e3o de tinta: FASTRIP ISP garante decapagem r\u00e1pida para sistemas em linha de ganchos e quadros, aumentando a efici\u00eancia.\" \/>\n<meta property=\"og:url\" content=\"https:\/\/alit-tech.com\/pt-pt\/decapantes\/decapantes-para-processos-de-decapagem-em-linha-de-ganchos-e-estruturas-fastrip-isp\/\" \/>\n<meta property=\"og:site_name\" content=\"Alit technologies Spa\" \/>\n<meta property=\"article:modified_time\" content=\"2025-08-28T08:03:14+00:00\" \/>\n<meta property=\"og:image\" content=\"https:\/\/alit-tech.com\/wp-content\/uploads\/2024\/10\/Svernicianti-per-processi-di-sverniciatura-in-linea-di-Ganci-e-Telai.jpg\" \/>\n\t<meta property=\"og:image:width\" content=\"1200\" \/>\n\t<meta property=\"og:image:height\" content=\"600\" \/>\n\t<meta property=\"og:image:type\" content=\"image\/jpeg\" \/>\n<meta name=\"twitter:card\" content=\"summary_large_image\" \/>\n<meta name=\"twitter:label1\" content=\"Tempo estimado de leitura\" \/>\n\t<meta name=\"twitter:data1\" content=\"1 minuto\" \/>\n<script type=\"application\/ld+json\" class=\"yoast-schema-graph\">{\"@context\":\"https:\/\/schema.org\",\"@graph\":[{\"@type\":\"WebPage\",\"@id\":\"https:\/\/alit-tech.com\/pt-pt\/decapantes\/decapantes-para-processos-de-decapagem-em-linha-de-ganchos-e-estruturas-fastrip-isp\/\",\"url\":\"https:\/\/alit-tech.com\/pt-pt\/decapantes\/decapantes-para-processos-de-decapagem-em-linha-de-ganchos-e-estruturas-fastrip-isp\/\",\"name\":\"Produtos de decapagem para remo\u00e7\u00e3o de tinta FASTRIP ISP\",\"isPartOf\":{\"@id\":\"https:\/\/alit-tech.com\/it\/#website\"},\"primaryImageOfPage\":{\"@id\":\"https:\/\/alit-tech.com\/pt-pt\/decapantes\/decapantes-para-processos-de-decapagem-em-linha-de-ganchos-e-estruturas-fastrip-isp\/#primaryimage\"},\"image\":{\"@id\":\"https:\/\/alit-tech.com\/pt-pt\/decapantes\/decapantes-para-processos-de-decapagem-em-linha-de-ganchos-e-estruturas-fastrip-isp\/#primaryimage\"},\"thumbnailUrl\":\"https:\/\/alit-tech.com\/wp-content\/uploads\/2024\/10\/Svernicianti-per-processi-di-sverniciatura-in-linea-di-Ganci-e-Telai.jpg\",\"datePublished\":\"2024-03-26T14:10:02+00:00\",\"dateModified\":\"2025-08-28T08:03:14+00:00\",\"description\":\"Produtos de decapagem para remo\u00e7\u00e3o de tinta: FASTRIP ISP garante decapagem r\u00e1pida para sistemas em linha de ganchos e quadros, aumentando a efici\u00eancia.\",\"breadcrumb\":{\"@id\":\"https:\/\/alit-tech.com\/pt-pt\/decapantes\/decapantes-para-processos-de-decapagem-em-linha-de-ganchos-e-estruturas-fastrip-isp\/#breadcrumb\"},\"inLanguage\":\"pt-PT\",\"potentialAction\":[{\"@type\":\"ReadAction\",\"target\":[\"https:\/\/alit-tech.com\/pt-pt\/decapantes\/decapantes-para-processos-de-decapagem-em-linha-de-ganchos-e-estruturas-fastrip-isp\/\"]}]},{\"@type\":\"ImageObject\",\"inLanguage\":\"pt-PT\",\"@id\":\"https:\/\/alit-tech.com\/pt-pt\/decapantes\/decapantes-para-processos-de-decapagem-em-linha-de-ganchos-e-estruturas-fastrip-isp\/#primaryimage\",\"url\":\"https:\/\/alit-tech.com\/wp-content\/uploads\/2024\/10\/Svernicianti-per-processi-di-sverniciatura-in-linea-di-Ganci-e-Telai.jpg\",\"contentUrl\":\"https:\/\/alit-tech.com\/wp-content\/uploads\/2024\/10\/Svernicianti-per-processi-di-sverniciatura-in-linea-di-Ganci-e-Telai.jpg\",\"width\":1200,\"height\":600},{\"@type\":\"BreadcrumbList\",\"@id\":\"https:\/\/alit-tech.com\/pt-pt\/decapantes\/decapantes-para-processos-de-decapagem-em-linha-de-ganchos-e-estruturas-fastrip-isp\/#breadcrumb\",\"itemListElement\":[{\"@type\":\"ListItem\",\"position\":1,\"name\":\"Home\",\"item\":\"https:\/\/alit-tech.com\/pt-pt\/\"},{\"@type\":\"ListItem\",\"position\":2,\"name\":\"Decapantes\",\"item\":\"https:\/\/alit-tech.com\/pt-pt\/decapantes\/\"},{\"@type\":\"ListItem\",\"position\":3,\"name\":\"Decapantes para Processos de Decapagem em Linha de Ganchos e Estruturas &#8211; FASTRIP ISP\"}]},{\"@type\":\"WebSite\",\"@id\":\"https:\/\/alit-tech.com\/it\/#website\",\"url\":\"https:\/\/alit-tech.com\/it\/\",\"name\":\"Alit technologies Spa\",\"description\":\"\",\"potentialAction\":[{\"@type\":\"SearchAction\",\"target\":{\"@type\":\"EntryPoint\",\"urlTemplate\":\"https:\/\/alit-tech.com\/it\/?s={search_term_string}\"},\"query-input\":\"required name=search_term_string\"}],\"inLanguage\":\"pt-PT\"}]}<\/script>\n<!-- \/ Yoast SEO plugin. -->","yoast_head_json":{"title":"Produtos de decapagem para remo\u00e7\u00e3o de tinta FASTRIP ISP","description":"Produtos de decapagem para remo\u00e7\u00e3o de tinta: FASTRIP ISP garante decapagem r\u00e1pida para sistemas em linha de ganchos e quadros, aumentando a efici\u00eancia.","robots":{"index":"index","follow":"follow","max-snippet":"max-snippet:-1","max-image-preview":"max-image-preview:large","max-video-preview":"max-video-preview:-1"},"canonical":"https:\/\/alit-tech.com\/pt-pt\/decapantes\/decapantes-para-processos-de-decapagem-em-linha-de-ganchos-e-estruturas-fastrip-isp\/","og_locale":"pt_PT","og_type":"article","og_title":"Produtos de decapagem para remo\u00e7\u00e3o de tinta FASTRIP ISP","og_description":"Produtos de decapagem para remo\u00e7\u00e3o de tinta: FASTRIP ISP garante decapagem r\u00e1pida para sistemas em linha de ganchos e quadros, aumentando a efici\u00eancia.","og_url":"https:\/\/alit-tech.com\/pt-pt\/decapantes\/decapantes-para-processos-de-decapagem-em-linha-de-ganchos-e-estruturas-fastrip-isp\/","og_site_name":"Alit technologies Spa","article_modified_time":"2025-08-28T08:03:14+00:00","og_image":[{"width":1200,"height":600,"url":"https:\/\/alit-tech.com\/wp-content\/uploads\/2024\/10\/Svernicianti-per-processi-di-sverniciatura-in-linea-di-Ganci-e-Telai.jpg","type":"image\/jpeg"}],"twitter_card":"summary_large_image","twitter_misc":{"Tempo estimado de leitura":"1 minuto"},"schema":{"@context":"https:\/\/schema.org","@graph":[{"@type":"WebPage","@id":"https:\/\/alit-tech.com\/pt-pt\/decapantes\/decapantes-para-processos-de-decapagem-em-linha-de-ganchos-e-estruturas-fastrip-isp\/","url":"https:\/\/alit-tech.com\/pt-pt\/decapantes\/decapantes-para-processos-de-decapagem-em-linha-de-ganchos-e-estruturas-fastrip-isp\/","name":"Produtos de decapagem para remo\u00e7\u00e3o de tinta FASTRIP ISP","isPartOf":{"@id":"https:\/\/alit-tech.com\/it\/#website"},"primaryImageOfPage":{"@id":"https:\/\/alit-tech.com\/pt-pt\/decapantes\/decapantes-para-processos-de-decapagem-em-linha-de-ganchos-e-estruturas-fastrip-isp\/#primaryimage"},"image":{"@id":"https:\/\/alit-tech.com\/pt-pt\/decapantes\/decapantes-para-processos-de-decapagem-em-linha-de-ganchos-e-estruturas-fastrip-isp\/#primaryimage"},"thumbnailUrl":"https:\/\/alit-tech.com\/wp-content\/uploads\/2024\/10\/Svernicianti-per-processi-di-sverniciatura-in-linea-di-Ganci-e-Telai.jpg","datePublished":"2024-03-26T14:10:02+00:00","dateModified":"2025-08-28T08:03:14+00:00","description":"Produtos de decapagem para remo\u00e7\u00e3o de tinta: FASTRIP ISP garante decapagem r\u00e1pida para sistemas em linha de ganchos e quadros, aumentando a efici\u00eancia.","breadcrumb":{"@id":"https:\/\/alit-tech.com\/pt-pt\/decapantes\/decapantes-para-processos-de-decapagem-em-linha-de-ganchos-e-estruturas-fastrip-isp\/#breadcrumb"},"inLanguage":"pt-PT","potentialAction":[{"@type":"ReadAction","target":["https:\/\/alit-tech.com\/pt-pt\/decapantes\/decapantes-para-processos-de-decapagem-em-linha-de-ganchos-e-estruturas-fastrip-isp\/"]}]},{"@type":"ImageObject","inLanguage":"pt-PT","@id":"https:\/\/alit-tech.com\/pt-pt\/decapantes\/decapantes-para-processos-de-decapagem-em-linha-de-ganchos-e-estruturas-fastrip-isp\/#primaryimage","url":"https:\/\/alit-tech.com\/wp-content\/uploads\/2024\/10\/Svernicianti-per-processi-di-sverniciatura-in-linea-di-Ganci-e-Telai.jpg","contentUrl":"https:\/\/alit-tech.com\/wp-content\/uploads\/2024\/10\/Svernicianti-per-processi-di-sverniciatura-in-linea-di-Ganci-e-Telai.jpg","width":1200,"height":600},{"@type":"BreadcrumbList","@id":"https:\/\/alit-tech.com\/pt-pt\/decapantes\/decapantes-para-processos-de-decapagem-em-linha-de-ganchos-e-estruturas-fastrip-isp\/#breadcrumb","itemListElement":[{"@type":"ListItem","position":1,"name":"Home","item":"https:\/\/alit-tech.com\/pt-pt\/"},{"@type":"ListItem","position":2,"name":"Decapantes","item":"https:\/\/alit-tech.com\/pt-pt\/decapantes\/"},{"@type":"ListItem","position":3,"name":"Decapantes para Processos de Decapagem em Linha de Ganchos e Estruturas &#8211; FASTRIP ISP"}]},{"@type":"WebSite","@id":"https:\/\/alit-tech.com\/it\/#website","url":"https:\/\/alit-tech.com\/it\/","name":"Alit technologies Spa","description":"","potentialAction":[{"@type":"SearchAction","target":{"@type":"EntryPoint","urlTemplate":"https:\/\/alit-tech.com\/it\/?s={search_term_string}"},"query-input":"required name=search_term_string"}],"inLanguage":"pt-PT"}]}},"_links":{"self":[{"href":"https:\/\/alit-tech.com\/pt-pt\/wp-json\/wp\/v2\/pages\/14615"}],"collection":[{"href":"https:\/\/alit-tech.com\/pt-pt\/wp-json\/wp\/v2\/pages"}],"about":[{"href":"https:\/\/alit-tech.com\/pt-pt\/wp-json\/wp\/v2\/types\/page"}],"author":[{"embeddable":true,"href":"https:\/\/alit-tech.com\/pt-pt\/wp-json\/wp\/v2\/users\/1"}],"replies":[{"embeddable":true,"href":"https:\/\/alit-tech.com\/pt-pt\/wp-json\/wp\/v2\/comments?post=14615"}],"version-history":[{"count":1,"href":"https:\/\/alit-tech.com\/pt-pt\/wp-json\/wp\/v2\/pages\/14615\/revisions"}],"predecessor-version":[{"id":14618,"href":"https:\/\/alit-tech.com\/pt-pt\/wp-json\/wp\/v2\/pages\/14615\/revisions\/14618"}],"up":[{"embeddable":true,"href":"https:\/\/alit-tech.com\/pt-pt\/wp-json\/wp\/v2\/pages\/10065"}],"wp:featuredmedia":[{"embeddable":true,"href":"https:\/\/alit-tech.com\/pt-pt\/wp-json\/wp\/v2\/media\/12695"}],"wp:attachment":[{"href":"https:\/\/alit-tech.com\/pt-pt\/wp-json\/wp\/v2\/media?parent=14615"}],"curies":[{"name":"wp","href":"https:\/\/api.w.org\/{rel}","templated":true}]}}