{"id":14619,"date":"2024-10-03T18:05:20","date_gmt":"2024-10-03T16:05:20","guid":{"rendered":"https:\/\/alit-tech.com\/decapantes\/svernicianti-per-usi-ad-alte-temperature\/"},"modified":"2025-08-28T10:05:22","modified_gmt":"2025-08-28T08:05:22","slug":"decapantes-para-usos-a-altas-temperaturas","status":"publish","type":"page","link":"https:\/\/alit-tech.com\/pt-pt\/decapantes\/decapantes-para-usos-a-altas-temperaturas\/","title":{"rendered":"Decapantes para usos a altas temperaturas"},"content":{"rendered":"\n<p>As formula\u00e7\u00f5es especializadas garantem m\u00e1xima efic\u00e1cia, operando a altas temperaturas para uma remo\u00e7\u00e3o r\u00e1pida e completa das tintas. Os decapantes para altas temperaturas da ALIT Technologies s\u00e3o perfeitos para aplica\u00e7\u00f5es em alum\u00ednio e materiais ferrosos, oferecendo desempenhos elevados, mantendo a seguran\u00e7a operacional e a efici\u00eancia energ\u00e9tica. Ideais para os setores autom\u00f3vel e aeroespacial, garantem resultados superiores e reduzem os tempos de processamento.<\/p>\n","protected":false},"excerpt":{"rendered":"<p>As formula\u00e7\u00f5es especializadas garantem m\u00e1xima efic\u00e1cia, operando a altas temperaturas para uma remo\u00e7\u00e3o r\u00e1pida e completa das tintas. Os decapantes para altas temperaturas da ALIT Technologies s\u00e3o perfeitos para aplica\u00e7\u00f5es em alum\u00ednio e materiais ferrosos, oferecendo desempenhos elevados, mantendo a seguran\u00e7a operacional e a efici\u00eancia energ\u00e9tica. Ideais para os setores autom\u00f3vel e aeroespacial, garantem resultados [&hellip;]<\/p>\n","protected":false},"author":1,"featured_media":12707,"parent":10065,"menu_order":0,"comment_status":"closed","ping_status":"closed","template":"template-pages\/07_chemical_category.php","meta":{"_acf_changed":false,"footnotes":""},"class_list":["post-14619","page","type-page","status-publish","has-post-thumbnail","hentry"],"acf":[],"yoast_head":"<!-- This site is optimized with the Yoast SEO plugin v23.1 - https:\/\/yoast.com\/wordpress\/plugins\/seo\/ -->\n<title>Produtos de remo\u00e7\u00e3o de tinta a quente, de alta temperatura<\/title>\n<meta name=\"description\" content=\"Os produtos de decapagem de tinta a quente garantem remo\u00e7\u00e3o eficiente a altas temperaturas em alum\u00ednio e metais ferrosos. Visite o site, pe\u00e7a um or\u00e7amento!\" \/>\n<meta name=\"robots\" content=\"index, follow, max-snippet:-1, max-image-preview:large, max-video-preview:-1\" \/>\n<link rel=\"canonical\" href=\"https:\/\/alit-tech.com\/pt-pt\/decapantes\/decapantes-para-usos-a-altas-temperaturas\/\" \/>\n<meta property=\"og:locale\" content=\"pt_PT\" \/>\n<meta property=\"og:type\" content=\"article\" \/>\n<meta property=\"og:title\" content=\"Produtos de remo\u00e7\u00e3o de tinta a quente, de alta temperatura\" \/>\n<meta property=\"og:description\" content=\"Os produtos de decapagem de tinta a quente garantem remo\u00e7\u00e3o eficiente a altas temperaturas em alum\u00ednio e metais ferrosos. Visite o site, pe\u00e7a um or\u00e7amento!\" \/>\n<meta property=\"og:url\" content=\"https:\/\/alit-tech.com\/pt-pt\/decapantes\/decapantes-para-usos-a-altas-temperaturas\/\" \/>\n<meta property=\"og:site_name\" content=\"Alit technologies Spa\" \/>\n<meta property=\"article:modified_time\" content=\"2025-08-28T08:05:22+00:00\" \/>\n<meta property=\"og:image\" content=\"https:\/\/alit-tech.com\/wp-content\/uploads\/2024\/10\/Svernicianti.webp\" \/>\n\t<meta property=\"og:image:width\" content=\"1276\" \/>\n\t<meta property=\"og:image:height\" content=\"850\" \/>\n\t<meta property=\"og:image:type\" content=\"image\/webp\" \/>\n<meta name=\"twitter:card\" content=\"summary_large_image\" \/>\n<meta name=\"twitter:label1\" content=\"Tempo estimado de leitura\" \/>\n\t<meta name=\"twitter:data1\" content=\"1 minuto\" \/>\n<script type=\"application\/ld+json\" class=\"yoast-schema-graph\">{\"@context\":\"https:\/\/schema.org\",\"@graph\":[{\"@type\":\"WebPage\",\"@id\":\"https:\/\/alit-tech.com\/pt-pt\/decapantes\/decapantes-para-usos-a-altas-temperaturas\/\",\"url\":\"https:\/\/alit-tech.com\/pt-pt\/decapantes\/decapantes-para-usos-a-altas-temperaturas\/\",\"name\":\"Produtos de remo\u00e7\u00e3o de tinta a quente, de alta temperatura\",\"isPartOf\":{\"@id\":\"https:\/\/alit-tech.com\/it\/#website\"},\"primaryImageOfPage\":{\"@id\":\"https:\/\/alit-tech.com\/pt-pt\/decapantes\/decapantes-para-usos-a-altas-temperaturas\/#primaryimage\"},\"image\":{\"@id\":\"https:\/\/alit-tech.com\/pt-pt\/decapantes\/decapantes-para-usos-a-altas-temperaturas\/#primaryimage\"},\"thumbnailUrl\":\"https:\/\/alit-tech.com\/wp-content\/uploads\/2024\/10\/Svernicianti.webp\",\"datePublished\":\"2024-10-03T16:05:20+00:00\",\"dateModified\":\"2025-08-28T08:05:22+00:00\",\"description\":\"Os produtos de decapagem de tinta a quente garantem remo\u00e7\u00e3o eficiente a altas temperaturas em alum\u00ednio e metais ferrosos. Visite o site, pe\u00e7a um or\u00e7amento!\",\"breadcrumb\":{\"@id\":\"https:\/\/alit-tech.com\/pt-pt\/decapantes\/decapantes-para-usos-a-altas-temperaturas\/#breadcrumb\"},\"inLanguage\":\"pt-PT\",\"potentialAction\":[{\"@type\":\"ReadAction\",\"target\":[\"https:\/\/alit-tech.com\/pt-pt\/decapantes\/decapantes-para-usos-a-altas-temperaturas\/\"]}]},{\"@type\":\"ImageObject\",\"inLanguage\":\"pt-PT\",\"@id\":\"https:\/\/alit-tech.com\/pt-pt\/decapantes\/decapantes-para-usos-a-altas-temperaturas\/#primaryimage\",\"url\":\"https:\/\/alit-tech.com\/wp-content\/uploads\/2024\/10\/Svernicianti.webp\",\"contentUrl\":\"https:\/\/alit-tech.com\/wp-content\/uploads\/2024\/10\/Svernicianti.webp\",\"width\":1276,\"height\":850},{\"@type\":\"BreadcrumbList\",\"@id\":\"https:\/\/alit-tech.com\/pt-pt\/decapantes\/decapantes-para-usos-a-altas-temperaturas\/#breadcrumb\",\"itemListElement\":[{\"@type\":\"ListItem\",\"position\":1,\"name\":\"Home\",\"item\":\"https:\/\/alit-tech.com\/pt-pt\/\"},{\"@type\":\"ListItem\",\"position\":2,\"name\":\"Decapantes\",\"item\":\"https:\/\/alit-tech.com\/pt-pt\/decapantes\/\"},{\"@type\":\"ListItem\",\"position\":3,\"name\":\"Decapantes para usos a altas temperaturas\"}]},{\"@type\":\"WebSite\",\"@id\":\"https:\/\/alit-tech.com\/it\/#website\",\"url\":\"https:\/\/alit-tech.com\/it\/\",\"name\":\"Alit technologies Spa\",\"description\":\"\",\"potentialAction\":[{\"@type\":\"SearchAction\",\"target\":{\"@type\":\"EntryPoint\",\"urlTemplate\":\"https:\/\/alit-tech.com\/it\/?s={search_term_string}\"},\"query-input\":\"required name=search_term_string\"}],\"inLanguage\":\"pt-PT\"}]}<\/script>\n<!-- \/ Yoast SEO plugin. -->","yoast_head_json":{"title":"Produtos de remo\u00e7\u00e3o de tinta a quente, de alta temperatura","description":"Os produtos de decapagem de tinta a quente garantem remo\u00e7\u00e3o eficiente a altas temperaturas em alum\u00ednio e metais ferrosos. Visite o site, pe\u00e7a um or\u00e7amento!","robots":{"index":"index","follow":"follow","max-snippet":"max-snippet:-1","max-image-preview":"max-image-preview:large","max-video-preview":"max-video-preview:-1"},"canonical":"https:\/\/alit-tech.com\/pt-pt\/decapantes\/decapantes-para-usos-a-altas-temperaturas\/","og_locale":"pt_PT","og_type":"article","og_title":"Produtos de remo\u00e7\u00e3o de tinta a quente, de alta temperatura","og_description":"Os produtos de decapagem de tinta a quente garantem remo\u00e7\u00e3o eficiente a altas temperaturas em alum\u00ednio e metais ferrosos. Visite o site, pe\u00e7a um or\u00e7amento!","og_url":"https:\/\/alit-tech.com\/pt-pt\/decapantes\/decapantes-para-usos-a-altas-temperaturas\/","og_site_name":"Alit technologies Spa","article_modified_time":"2025-08-28T08:05:22+00:00","og_image":[{"width":1276,"height":850,"url":"https:\/\/alit-tech.com\/wp-content\/uploads\/2024\/10\/Svernicianti.webp","type":"image\/webp"}],"twitter_card":"summary_large_image","twitter_misc":{"Tempo estimado de leitura":"1 minuto"},"schema":{"@context":"https:\/\/schema.org","@graph":[{"@type":"WebPage","@id":"https:\/\/alit-tech.com\/pt-pt\/decapantes\/decapantes-para-usos-a-altas-temperaturas\/","url":"https:\/\/alit-tech.com\/pt-pt\/decapantes\/decapantes-para-usos-a-altas-temperaturas\/","name":"Produtos de remo\u00e7\u00e3o de tinta a quente, de alta temperatura","isPartOf":{"@id":"https:\/\/alit-tech.com\/it\/#website"},"primaryImageOfPage":{"@id":"https:\/\/alit-tech.com\/pt-pt\/decapantes\/decapantes-para-usos-a-altas-temperaturas\/#primaryimage"},"image":{"@id":"https:\/\/alit-tech.com\/pt-pt\/decapantes\/decapantes-para-usos-a-altas-temperaturas\/#primaryimage"},"thumbnailUrl":"https:\/\/alit-tech.com\/wp-content\/uploads\/2024\/10\/Svernicianti.webp","datePublished":"2024-10-03T16:05:20+00:00","dateModified":"2025-08-28T08:05:22+00:00","description":"Os produtos de decapagem de tinta a quente garantem remo\u00e7\u00e3o eficiente a altas temperaturas em alum\u00ednio e metais ferrosos. Visite o site, pe\u00e7a um or\u00e7amento!","breadcrumb":{"@id":"https:\/\/alit-tech.com\/pt-pt\/decapantes\/decapantes-para-usos-a-altas-temperaturas\/#breadcrumb"},"inLanguage":"pt-PT","potentialAction":[{"@type":"ReadAction","target":["https:\/\/alit-tech.com\/pt-pt\/decapantes\/decapantes-para-usos-a-altas-temperaturas\/"]}]},{"@type":"ImageObject","inLanguage":"pt-PT","@id":"https:\/\/alit-tech.com\/pt-pt\/decapantes\/decapantes-para-usos-a-altas-temperaturas\/#primaryimage","url":"https:\/\/alit-tech.com\/wp-content\/uploads\/2024\/10\/Svernicianti.webp","contentUrl":"https:\/\/alit-tech.com\/wp-content\/uploads\/2024\/10\/Svernicianti.webp","width":1276,"height":850},{"@type":"BreadcrumbList","@id":"https:\/\/alit-tech.com\/pt-pt\/decapantes\/decapantes-para-usos-a-altas-temperaturas\/#breadcrumb","itemListElement":[{"@type":"ListItem","position":1,"name":"Home","item":"https:\/\/alit-tech.com\/pt-pt\/"},{"@type":"ListItem","position":2,"name":"Decapantes","item":"https:\/\/alit-tech.com\/pt-pt\/decapantes\/"},{"@type":"ListItem","position":3,"name":"Decapantes para usos a altas temperaturas"}]},{"@type":"WebSite","@id":"https:\/\/alit-tech.com\/it\/#website","url":"https:\/\/alit-tech.com\/it\/","name":"Alit technologies Spa","description":"","potentialAction":[{"@type":"SearchAction","target":{"@type":"EntryPoint","urlTemplate":"https:\/\/alit-tech.com\/it\/?s={search_term_string}"},"query-input":"required name=search_term_string"}],"inLanguage":"pt-PT"}]}},"_links":{"self":[{"href":"https:\/\/alit-tech.com\/pt-pt\/wp-json\/wp\/v2\/pages\/14619"}],"collection":[{"href":"https:\/\/alit-tech.com\/pt-pt\/wp-json\/wp\/v2\/pages"}],"about":[{"href":"https:\/\/alit-tech.com\/pt-pt\/wp-json\/wp\/v2\/types\/page"}],"author":[{"embeddable":true,"href":"https:\/\/alit-tech.com\/pt-pt\/wp-json\/wp\/v2\/users\/1"}],"replies":[{"embeddable":true,"href":"https:\/\/alit-tech.com\/pt-pt\/wp-json\/wp\/v2\/comments?post=14619"}],"version-history":[{"count":1,"href":"https:\/\/alit-tech.com\/pt-pt\/wp-json\/wp\/v2\/pages\/14619\/revisions"}],"predecessor-version":[{"id":14621,"href":"https:\/\/alit-tech.com\/pt-pt\/wp-json\/wp\/v2\/pages\/14619\/revisions\/14621"}],"up":[{"embeddable":true,"href":"https:\/\/alit-tech.com\/pt-pt\/wp-json\/wp\/v2\/pages\/10065"}],"wp:featuredmedia":[{"embeddable":true,"href":"https:\/\/alit-tech.com\/pt-pt\/wp-json\/wp\/v2\/media\/12707"}],"wp:attachment":[{"href":"https:\/\/alit-tech.com\/pt-pt\/wp-json\/wp\/v2\/media?parent=14619"}],"curies":[{"name":"wp","href":"https:\/\/api.w.org\/{rel}","templated":true}]}}