{"id":14622,"date":"2024-10-03T18:17:59","date_gmt":"2024-10-03T16:17:59","guid":{"rendered":"https:\/\/alit-tech.com\/decapantes\/svernicianti-a-freddo\/"},"modified":"2025-08-28T09:50:29","modified_gmt":"2025-08-28T07:50:29","slug":"decapantes-a-frio","status":"publish","type":"page","link":"https:\/\/alit-tech.com\/pt-pt\/decapantes\/decapantes-a-frio\/","title":{"rendered":"Decapantes a Frio"},"content":{"rendered":"\n<p>Os decapantes a frio da ALIT Technologies s\u00e3o formulados para oferecer uma remo\u00e7\u00e3o eficaz das tintas operando a temperaturas m\u00e9dias e baixas. Perfeitos para aplica\u00e7\u00f5es onde o controlo t\u00e9rmico \u00e9 crucial, estes produtos asseguram alta efici\u00eancia e seguran\u00e7a, minimizando os riscos para os operadores e o impacto ambiental. Os produtos para uso a frio s\u00e3o particularmente indicados para setores que exigem precis\u00e3o e delicadeza nos processos de decapagem, mantendo a integridade dos materiais.<\/p>\n","protected":false},"excerpt":{"rendered":"<p>Os decapantes a frio da ALIT Technologies s\u00e3o formulados para oferecer uma remo\u00e7\u00e3o eficaz das tintas operando a temperaturas m\u00e9dias e baixas. Perfeitos para aplica\u00e7\u00f5es onde o controlo t\u00e9rmico \u00e9 crucial, estes produtos asseguram alta efici\u00eancia e seguran\u00e7a, minimizando os riscos para os operadores e o impacto ambiental. Os produtos para uso a frio s\u00e3o [&hellip;]<\/p>\n","protected":false},"author":1,"featured_media":12719,"parent":10065,"menu_order":0,"comment_status":"closed","ping_status":"closed","template":"template-pages\/07_chemical_category.php","meta":{"_acf_changed":false,"footnotes":""},"class_list":["post-14622","page","type-page","status-publish","has-post-thumbnail","hentry"],"acf":[],"yoast_head":"<!-- This site is optimized with the Yoast SEO plugin v23.1 - https:\/\/yoast.com\/wordpress\/plugins\/seo\/ -->\n<title>Remo\u00e7\u00e3o de tinta a frio - Produtos de decapagem a frio<\/title>\n<meta name=\"description\" content=\"Remo\u00e7\u00e3o de tinta a frio: desenvolvida para efici\u00eancia e seguran\u00e7a a baixas temperaturas em aplica\u00e7\u00f5es industriais delicadas, garantindo resultados.\" \/>\n<meta name=\"robots\" content=\"index, follow, max-snippet:-1, max-image-preview:large, max-video-preview:-1\" \/>\n<link rel=\"canonical\" href=\"https:\/\/alit-tech.com\/pt-pt\/decapantes\/decapantes-a-frio\/\" \/>\n<meta property=\"og:locale\" content=\"pt_PT\" \/>\n<meta property=\"og:type\" content=\"article\" \/>\n<meta property=\"og:title\" content=\"Remo\u00e7\u00e3o de tinta a frio - Produtos de decapagem a frio\" \/>\n<meta property=\"og:description\" content=\"Remo\u00e7\u00e3o de tinta a frio: desenvolvida para efici\u00eancia e seguran\u00e7a a baixas temperaturas em aplica\u00e7\u00f5es industriais delicadas, garantindo resultados.\" \/>\n<meta property=\"og:url\" content=\"https:\/\/alit-tech.com\/pt-pt\/decapantes\/decapantes-a-frio\/\" \/>\n<meta property=\"og:site_name\" content=\"Alit technologies Spa\" \/>\n<meta property=\"article:modified_time\" content=\"2025-08-28T07:50:29+00:00\" \/>\n<meta property=\"og:image\" content=\"https:\/\/alit-tech.com\/wp-content\/uploads\/2024\/10\/sverniciatura-a-freddo.webp\" \/>\n\t<meta property=\"og:image:width\" content=\"1276\" \/>\n\t<meta property=\"og:image:height\" content=\"850\" \/>\n\t<meta property=\"og:image:type\" content=\"image\/webp\" \/>\n<meta name=\"twitter:card\" content=\"summary_large_image\" \/>\n<meta name=\"twitter:label1\" content=\"Tempo estimado de leitura\" \/>\n\t<meta name=\"twitter:data1\" content=\"1 minuto\" \/>\n<script type=\"application\/ld+json\" class=\"yoast-schema-graph\">{\"@context\":\"https:\/\/schema.org\",\"@graph\":[{\"@type\":\"WebPage\",\"@id\":\"https:\/\/alit-tech.com\/pt-pt\/decapantes\/decapantes-a-frio\/\",\"url\":\"https:\/\/alit-tech.com\/pt-pt\/decapantes\/decapantes-a-frio\/\",\"name\":\"Remo\u00e7\u00e3o de tinta a frio - Produtos de decapagem a frio\",\"isPartOf\":{\"@id\":\"https:\/\/alit-tech.com\/it\/#website\"},\"primaryImageOfPage\":{\"@id\":\"https:\/\/alit-tech.com\/pt-pt\/decapantes\/decapantes-a-frio\/#primaryimage\"},\"image\":{\"@id\":\"https:\/\/alit-tech.com\/pt-pt\/decapantes\/decapantes-a-frio\/#primaryimage\"},\"thumbnailUrl\":\"https:\/\/alit-tech.com\/wp-content\/uploads\/2024\/10\/sverniciatura-a-freddo.webp\",\"datePublished\":\"2024-10-03T16:17:59+00:00\",\"dateModified\":\"2025-08-28T07:50:29+00:00\",\"description\":\"Remo\u00e7\u00e3o de tinta a frio: desenvolvida para efici\u00eancia e seguran\u00e7a a baixas temperaturas em aplica\u00e7\u00f5es industriais delicadas, garantindo resultados.\",\"breadcrumb\":{\"@id\":\"https:\/\/alit-tech.com\/pt-pt\/decapantes\/decapantes-a-frio\/#breadcrumb\"},\"inLanguage\":\"pt-PT\",\"potentialAction\":[{\"@type\":\"ReadAction\",\"target\":[\"https:\/\/alit-tech.com\/pt-pt\/decapantes\/decapantes-a-frio\/\"]}]},{\"@type\":\"ImageObject\",\"inLanguage\":\"pt-PT\",\"@id\":\"https:\/\/alit-tech.com\/pt-pt\/decapantes\/decapantes-a-frio\/#primaryimage\",\"url\":\"https:\/\/alit-tech.com\/wp-content\/uploads\/2024\/10\/sverniciatura-a-freddo.webp\",\"contentUrl\":\"https:\/\/alit-tech.com\/wp-content\/uploads\/2024\/10\/sverniciatura-a-freddo.webp\",\"width\":1276,\"height\":850},{\"@type\":\"BreadcrumbList\",\"@id\":\"https:\/\/alit-tech.com\/pt-pt\/decapantes\/decapantes-a-frio\/#breadcrumb\",\"itemListElement\":[{\"@type\":\"ListItem\",\"position\":1,\"name\":\"Home\",\"item\":\"https:\/\/alit-tech.com\/pt-pt\/\"},{\"@type\":\"ListItem\",\"position\":2,\"name\":\"Decapantes\",\"item\":\"https:\/\/alit-tech.com\/pt-pt\/decapantes\/\"},{\"@type\":\"ListItem\",\"position\":3,\"name\":\"Decapantes a Frio\"}]},{\"@type\":\"WebSite\",\"@id\":\"https:\/\/alit-tech.com\/it\/#website\",\"url\":\"https:\/\/alit-tech.com\/it\/\",\"name\":\"Alit technologies Spa\",\"description\":\"\",\"potentialAction\":[{\"@type\":\"SearchAction\",\"target\":{\"@type\":\"EntryPoint\",\"urlTemplate\":\"https:\/\/alit-tech.com\/it\/?s={search_term_string}\"},\"query-input\":\"required name=search_term_string\"}],\"inLanguage\":\"pt-PT\"}]}<\/script>\n<!-- \/ Yoast SEO plugin. -->","yoast_head_json":{"title":"Remo\u00e7\u00e3o de tinta a frio - Produtos de decapagem a frio","description":"Remo\u00e7\u00e3o de tinta a frio: desenvolvida para efici\u00eancia e seguran\u00e7a a baixas temperaturas em aplica\u00e7\u00f5es industriais delicadas, garantindo resultados.","robots":{"index":"index","follow":"follow","max-snippet":"max-snippet:-1","max-image-preview":"max-image-preview:large","max-video-preview":"max-video-preview:-1"},"canonical":"https:\/\/alit-tech.com\/pt-pt\/decapantes\/decapantes-a-frio\/","og_locale":"pt_PT","og_type":"article","og_title":"Remo\u00e7\u00e3o de tinta a frio - Produtos de decapagem a frio","og_description":"Remo\u00e7\u00e3o de tinta a frio: desenvolvida para efici\u00eancia e seguran\u00e7a a baixas temperaturas em aplica\u00e7\u00f5es industriais delicadas, garantindo resultados.","og_url":"https:\/\/alit-tech.com\/pt-pt\/decapantes\/decapantes-a-frio\/","og_site_name":"Alit technologies Spa","article_modified_time":"2025-08-28T07:50:29+00:00","og_image":[{"width":1276,"height":850,"url":"https:\/\/alit-tech.com\/wp-content\/uploads\/2024\/10\/sverniciatura-a-freddo.webp","type":"image\/webp"}],"twitter_card":"summary_large_image","twitter_misc":{"Tempo estimado de leitura":"1 minuto"},"schema":{"@context":"https:\/\/schema.org","@graph":[{"@type":"WebPage","@id":"https:\/\/alit-tech.com\/pt-pt\/decapantes\/decapantes-a-frio\/","url":"https:\/\/alit-tech.com\/pt-pt\/decapantes\/decapantes-a-frio\/","name":"Remo\u00e7\u00e3o de tinta a frio - Produtos de decapagem a frio","isPartOf":{"@id":"https:\/\/alit-tech.com\/it\/#website"},"primaryImageOfPage":{"@id":"https:\/\/alit-tech.com\/pt-pt\/decapantes\/decapantes-a-frio\/#primaryimage"},"image":{"@id":"https:\/\/alit-tech.com\/pt-pt\/decapantes\/decapantes-a-frio\/#primaryimage"},"thumbnailUrl":"https:\/\/alit-tech.com\/wp-content\/uploads\/2024\/10\/sverniciatura-a-freddo.webp","datePublished":"2024-10-03T16:17:59+00:00","dateModified":"2025-08-28T07:50:29+00:00","description":"Remo\u00e7\u00e3o de tinta a frio: desenvolvida para efici\u00eancia e seguran\u00e7a a baixas temperaturas em aplica\u00e7\u00f5es industriais delicadas, garantindo resultados.","breadcrumb":{"@id":"https:\/\/alit-tech.com\/pt-pt\/decapantes\/decapantes-a-frio\/#breadcrumb"},"inLanguage":"pt-PT","potentialAction":[{"@type":"ReadAction","target":["https:\/\/alit-tech.com\/pt-pt\/decapantes\/decapantes-a-frio\/"]}]},{"@type":"ImageObject","inLanguage":"pt-PT","@id":"https:\/\/alit-tech.com\/pt-pt\/decapantes\/decapantes-a-frio\/#primaryimage","url":"https:\/\/alit-tech.com\/wp-content\/uploads\/2024\/10\/sverniciatura-a-freddo.webp","contentUrl":"https:\/\/alit-tech.com\/wp-content\/uploads\/2024\/10\/sverniciatura-a-freddo.webp","width":1276,"height":850},{"@type":"BreadcrumbList","@id":"https:\/\/alit-tech.com\/pt-pt\/decapantes\/decapantes-a-frio\/#breadcrumb","itemListElement":[{"@type":"ListItem","position":1,"name":"Home","item":"https:\/\/alit-tech.com\/pt-pt\/"},{"@type":"ListItem","position":2,"name":"Decapantes","item":"https:\/\/alit-tech.com\/pt-pt\/decapantes\/"},{"@type":"ListItem","position":3,"name":"Decapantes a Frio"}]},{"@type":"WebSite","@id":"https:\/\/alit-tech.com\/it\/#website","url":"https:\/\/alit-tech.com\/it\/","name":"Alit technologies Spa","description":"","potentialAction":[{"@type":"SearchAction","target":{"@type":"EntryPoint","urlTemplate":"https:\/\/alit-tech.com\/it\/?s={search_term_string}"},"query-input":"required name=search_term_string"}],"inLanguage":"pt-PT"}]}},"_links":{"self":[{"href":"https:\/\/alit-tech.com\/pt-pt\/wp-json\/wp\/v2\/pages\/14622"}],"collection":[{"href":"https:\/\/alit-tech.com\/pt-pt\/wp-json\/wp\/v2\/pages"}],"about":[{"href":"https:\/\/alit-tech.com\/pt-pt\/wp-json\/wp\/v2\/types\/page"}],"author":[{"embeddable":true,"href":"https:\/\/alit-tech.com\/pt-pt\/wp-json\/wp\/v2\/users\/1"}],"replies":[{"embeddable":true,"href":"https:\/\/alit-tech.com\/pt-pt\/wp-json\/wp\/v2\/comments?post=14622"}],"version-history":[{"count":1,"href":"https:\/\/alit-tech.com\/pt-pt\/wp-json\/wp\/v2\/pages\/14622\/revisions"}],"predecessor-version":[{"id":14624,"href":"https:\/\/alit-tech.com\/pt-pt\/wp-json\/wp\/v2\/pages\/14622\/revisions\/14624"}],"up":[{"embeddable":true,"href":"https:\/\/alit-tech.com\/pt-pt\/wp-json\/wp\/v2\/pages\/10065"}],"wp:featuredmedia":[{"embeddable":true,"href":"https:\/\/alit-tech.com\/pt-pt\/wp-json\/wp\/v2\/media\/12719"}],"wp:attachment":[{"href":"https:\/\/alit-tech.com\/pt-pt\/wp-json\/wp\/v2\/media?parent=14622"}],"curies":[{"name":"wp","href":"https:\/\/api.w.org\/{rel}","templated":true}]}}