{"id":14625,"date":"2024-10-03T18:33:05","date_gmt":"2024-10-03T16:33:05","guid":{"rendered":"https:\/\/alit-tech.com\/decapantes\/svernicianti-bifasici\/"},"modified":"2025-08-28T09:57:26","modified_gmt":"2025-08-28T07:57:26","slug":"decapantes-bifasicos","status":"publish","type":"page","link":"https:\/\/alit-tech.com\/pt-pt\/decapantes\/decapantes-bifasicos\/","title":{"rendered":"Decapantes bif\u00e1sicos"},"content":{"rendered":"\n<p>Os processos de decapagem bif\u00e1sicos da ALIT Technologies combinam a utiliza\u00e7\u00e3o de dois produtos qu\u00edmicos distintos para garantir uma remo\u00e7\u00e3o completa das tintas. Estes produtos s\u00e3o projetados para oferecer alta precis\u00e3o e baixo impacto ambiental, tornando-os ideais para setores industriais que exigem efic\u00e1cia e sustentabilidade. As nossas solu\u00e7\u00f5es bif\u00e1sicas s\u00e3o perfeitas para aplica\u00e7\u00f5es complexas, garantindo resultados excelentes e seguros, reduzindo os riscos operacionais e o impacto ambiental \u00e0 base de \u00e1gua. Estes processos requerem uma cuba equipada com um sistema eficaz de agita\u00e7\u00e3o. N\u00e3o s\u00e3o adequados para cubas est\u00e1ticas ou cubas de ultrassons.<\/p>\n","protected":false},"excerpt":{"rendered":"<p>Os processos de decapagem bif\u00e1sicos da ALIT Technologies combinam a utiliza\u00e7\u00e3o de dois produtos qu\u00edmicos distintos para garantir uma remo\u00e7\u00e3o completa das tintas. Estes produtos s\u00e3o projetados para oferecer alta precis\u00e3o e baixo impacto ambiental, tornando-os ideais para setores industriais que exigem efic\u00e1cia e sustentabilidade. As nossas solu\u00e7\u00f5es bif\u00e1sicas s\u00e3o perfeitas para aplica\u00e7\u00f5es complexas, garantindo [&hellip;]<\/p>\n","protected":false},"author":1,"featured_media":12729,"parent":10065,"menu_order":0,"comment_status":"closed","ping_status":"closed","template":"template-pages\/07_chemical_category.php","meta":{"_acf_changed":false,"footnotes":""},"class_list":["post-14625","page","type-page","status-publish","has-post-thumbnail","hentry"],"acf":[],"yoast_head":"<!-- This site is optimized with the Yoast SEO plugin v23.1 - https:\/\/yoast.com\/wordpress\/plugins\/seo\/ -->\n<title>Processo de remo\u00e7\u00e3o de tinta bif\u00e1sica - Solu\u00e7\u00f5es bif\u00e1sicas<\/title>\n<meta name=\"description\" content=\"Descubra a efici\u00eancia avan\u00e7ada do processo de remo\u00e7\u00e3o de tinta bif\u00e1sica, concebido para remo\u00e7\u00e3o de tinta precisa em ambientes industriais exigentes.\" \/>\n<meta name=\"robots\" content=\"index, follow, max-snippet:-1, max-image-preview:large, max-video-preview:-1\" \/>\n<link rel=\"canonical\" href=\"https:\/\/alit-tech.com\/pt-pt\/decapantes\/decapantes-bifasicos\/\" \/>\n<meta property=\"og:locale\" content=\"pt_PT\" \/>\n<meta property=\"og:type\" content=\"article\" \/>\n<meta property=\"og:title\" content=\"Processo de remo\u00e7\u00e3o de tinta bif\u00e1sica - Solu\u00e7\u00f5es bif\u00e1sicas\" \/>\n<meta property=\"og:description\" content=\"Descubra a efici\u00eancia avan\u00e7ada do processo de remo\u00e7\u00e3o de tinta bif\u00e1sica, concebido para remo\u00e7\u00e3o de tinta precisa em ambientes industriais exigentes.\" \/>\n<meta property=\"og:url\" content=\"https:\/\/alit-tech.com\/pt-pt\/decapantes\/decapantes-bifasicos\/\" \/>\n<meta property=\"og:site_name\" content=\"Alit technologies Spa\" \/>\n<meta property=\"article:modified_time\" content=\"2025-08-28T07:57:26+00:00\" \/>\n<meta property=\"og:image\" content=\"https:\/\/alit-tech.com\/wp-content\/uploads\/2024\/10\/Svernicianti-BIFASICI.webp\" \/>\n\t<meta property=\"og:image:width\" content=\"983\" \/>\n\t<meta property=\"og:image:height\" content=\"589\" \/>\n\t<meta property=\"og:image:type\" content=\"image\/webp\" \/>\n<meta name=\"twitter:card\" content=\"summary_large_image\" \/>\n<meta name=\"twitter:label1\" content=\"Tempo estimado de leitura\" \/>\n\t<meta name=\"twitter:data1\" content=\"1 minuto\" \/>\n<script type=\"application\/ld+json\" class=\"yoast-schema-graph\">{\"@context\":\"https:\/\/schema.org\",\"@graph\":[{\"@type\":\"WebPage\",\"@id\":\"https:\/\/alit-tech.com\/pt-pt\/decapantes\/decapantes-bifasicos\/\",\"url\":\"https:\/\/alit-tech.com\/pt-pt\/decapantes\/decapantes-bifasicos\/\",\"name\":\"Processo de remo\u00e7\u00e3o de tinta bif\u00e1sica - Solu\u00e7\u00f5es bif\u00e1sicas\",\"isPartOf\":{\"@id\":\"https:\/\/alit-tech.com\/it\/#website\"},\"primaryImageOfPage\":{\"@id\":\"https:\/\/alit-tech.com\/pt-pt\/decapantes\/decapantes-bifasicos\/#primaryimage\"},\"image\":{\"@id\":\"https:\/\/alit-tech.com\/pt-pt\/decapantes\/decapantes-bifasicos\/#primaryimage\"},\"thumbnailUrl\":\"https:\/\/alit-tech.com\/wp-content\/uploads\/2024\/10\/Svernicianti-BIFASICI.webp\",\"datePublished\":\"2024-10-03T16:33:05+00:00\",\"dateModified\":\"2025-08-28T07:57:26+00:00\",\"description\":\"Descubra a efici\u00eancia avan\u00e7ada do processo de remo\u00e7\u00e3o de tinta bif\u00e1sica, concebido para remo\u00e7\u00e3o de tinta precisa em ambientes industriais exigentes.\",\"breadcrumb\":{\"@id\":\"https:\/\/alit-tech.com\/pt-pt\/decapantes\/decapantes-bifasicos\/#breadcrumb\"},\"inLanguage\":\"pt-PT\",\"potentialAction\":[{\"@type\":\"ReadAction\",\"target\":[\"https:\/\/alit-tech.com\/pt-pt\/decapantes\/decapantes-bifasicos\/\"]}]},{\"@type\":\"ImageObject\",\"inLanguage\":\"pt-PT\",\"@id\":\"https:\/\/alit-tech.com\/pt-pt\/decapantes\/decapantes-bifasicos\/#primaryimage\",\"url\":\"https:\/\/alit-tech.com\/wp-content\/uploads\/2024\/10\/Svernicianti-BIFASICI.webp\",\"contentUrl\":\"https:\/\/alit-tech.com\/wp-content\/uploads\/2024\/10\/Svernicianti-BIFASICI.webp\",\"width\":983,\"height\":589},{\"@type\":\"BreadcrumbList\",\"@id\":\"https:\/\/alit-tech.com\/pt-pt\/decapantes\/decapantes-bifasicos\/#breadcrumb\",\"itemListElement\":[{\"@type\":\"ListItem\",\"position\":1,\"name\":\"Home\",\"item\":\"https:\/\/alit-tech.com\/pt-pt\/\"},{\"@type\":\"ListItem\",\"position\":2,\"name\":\"Decapantes\",\"item\":\"https:\/\/alit-tech.com\/pt-pt\/decapantes\/\"},{\"@type\":\"ListItem\",\"position\":3,\"name\":\"Decapantes bif\u00e1sicos\"}]},{\"@type\":\"WebSite\",\"@id\":\"https:\/\/alit-tech.com\/it\/#website\",\"url\":\"https:\/\/alit-tech.com\/it\/\",\"name\":\"Alit technologies Spa\",\"description\":\"\",\"potentialAction\":[{\"@type\":\"SearchAction\",\"target\":{\"@type\":\"EntryPoint\",\"urlTemplate\":\"https:\/\/alit-tech.com\/it\/?s={search_term_string}\"},\"query-input\":\"required name=search_term_string\"}],\"inLanguage\":\"pt-PT\"}]}<\/script>\n<!-- \/ Yoast SEO plugin. -->","yoast_head_json":{"title":"Processo de remo\u00e7\u00e3o de tinta bif\u00e1sica - Solu\u00e7\u00f5es bif\u00e1sicas","description":"Descubra a efici\u00eancia avan\u00e7ada do processo de remo\u00e7\u00e3o de tinta bif\u00e1sica, concebido para remo\u00e7\u00e3o de tinta precisa em ambientes industriais exigentes.","robots":{"index":"index","follow":"follow","max-snippet":"max-snippet:-1","max-image-preview":"max-image-preview:large","max-video-preview":"max-video-preview:-1"},"canonical":"https:\/\/alit-tech.com\/pt-pt\/decapantes\/decapantes-bifasicos\/","og_locale":"pt_PT","og_type":"article","og_title":"Processo de remo\u00e7\u00e3o de tinta bif\u00e1sica - Solu\u00e7\u00f5es bif\u00e1sicas","og_description":"Descubra a efici\u00eancia avan\u00e7ada do processo de remo\u00e7\u00e3o de tinta bif\u00e1sica, concebido para remo\u00e7\u00e3o de tinta precisa em ambientes industriais exigentes.","og_url":"https:\/\/alit-tech.com\/pt-pt\/decapantes\/decapantes-bifasicos\/","og_site_name":"Alit technologies Spa","article_modified_time":"2025-08-28T07:57:26+00:00","og_image":[{"width":983,"height":589,"url":"https:\/\/alit-tech.com\/wp-content\/uploads\/2024\/10\/Svernicianti-BIFASICI.webp","type":"image\/webp"}],"twitter_card":"summary_large_image","twitter_misc":{"Tempo estimado de leitura":"1 minuto"},"schema":{"@context":"https:\/\/schema.org","@graph":[{"@type":"WebPage","@id":"https:\/\/alit-tech.com\/pt-pt\/decapantes\/decapantes-bifasicos\/","url":"https:\/\/alit-tech.com\/pt-pt\/decapantes\/decapantes-bifasicos\/","name":"Processo de remo\u00e7\u00e3o de tinta bif\u00e1sica - Solu\u00e7\u00f5es bif\u00e1sicas","isPartOf":{"@id":"https:\/\/alit-tech.com\/it\/#website"},"primaryImageOfPage":{"@id":"https:\/\/alit-tech.com\/pt-pt\/decapantes\/decapantes-bifasicos\/#primaryimage"},"image":{"@id":"https:\/\/alit-tech.com\/pt-pt\/decapantes\/decapantes-bifasicos\/#primaryimage"},"thumbnailUrl":"https:\/\/alit-tech.com\/wp-content\/uploads\/2024\/10\/Svernicianti-BIFASICI.webp","datePublished":"2024-10-03T16:33:05+00:00","dateModified":"2025-08-28T07:57:26+00:00","description":"Descubra a efici\u00eancia avan\u00e7ada do processo de remo\u00e7\u00e3o de tinta bif\u00e1sica, concebido para remo\u00e7\u00e3o de tinta precisa em ambientes industriais exigentes.","breadcrumb":{"@id":"https:\/\/alit-tech.com\/pt-pt\/decapantes\/decapantes-bifasicos\/#breadcrumb"},"inLanguage":"pt-PT","potentialAction":[{"@type":"ReadAction","target":["https:\/\/alit-tech.com\/pt-pt\/decapantes\/decapantes-bifasicos\/"]}]},{"@type":"ImageObject","inLanguage":"pt-PT","@id":"https:\/\/alit-tech.com\/pt-pt\/decapantes\/decapantes-bifasicos\/#primaryimage","url":"https:\/\/alit-tech.com\/wp-content\/uploads\/2024\/10\/Svernicianti-BIFASICI.webp","contentUrl":"https:\/\/alit-tech.com\/wp-content\/uploads\/2024\/10\/Svernicianti-BIFASICI.webp","width":983,"height":589},{"@type":"BreadcrumbList","@id":"https:\/\/alit-tech.com\/pt-pt\/decapantes\/decapantes-bifasicos\/#breadcrumb","itemListElement":[{"@type":"ListItem","position":1,"name":"Home","item":"https:\/\/alit-tech.com\/pt-pt\/"},{"@type":"ListItem","position":2,"name":"Decapantes","item":"https:\/\/alit-tech.com\/pt-pt\/decapantes\/"},{"@type":"ListItem","position":3,"name":"Decapantes bif\u00e1sicos"}]},{"@type":"WebSite","@id":"https:\/\/alit-tech.com\/it\/#website","url":"https:\/\/alit-tech.com\/it\/","name":"Alit technologies Spa","description":"","potentialAction":[{"@type":"SearchAction","target":{"@type":"EntryPoint","urlTemplate":"https:\/\/alit-tech.com\/it\/?s={search_term_string}"},"query-input":"required name=search_term_string"}],"inLanguage":"pt-PT"}]}},"_links":{"self":[{"href":"https:\/\/alit-tech.com\/pt-pt\/wp-json\/wp\/v2\/pages\/14625"}],"collection":[{"href":"https:\/\/alit-tech.com\/pt-pt\/wp-json\/wp\/v2\/pages"}],"about":[{"href":"https:\/\/alit-tech.com\/pt-pt\/wp-json\/wp\/v2\/types\/page"}],"author":[{"embeddable":true,"href":"https:\/\/alit-tech.com\/pt-pt\/wp-json\/wp\/v2\/users\/1"}],"replies":[{"embeddable":true,"href":"https:\/\/alit-tech.com\/pt-pt\/wp-json\/wp\/v2\/comments?post=14625"}],"version-history":[{"count":4,"href":"https:\/\/alit-tech.com\/pt-pt\/wp-json\/wp\/v2\/pages\/14625\/revisions"}],"predecessor-version":[{"id":14630,"href":"https:\/\/alit-tech.com\/pt-pt\/wp-json\/wp\/v2\/pages\/14625\/revisions\/14630"}],"up":[{"embeddable":true,"href":"https:\/\/alit-tech.com\/pt-pt\/wp-json\/wp\/v2\/pages\/10065"}],"wp:featuredmedia":[{"embeddable":true,"href":"https:\/\/alit-tech.com\/pt-pt\/wp-json\/wp\/v2\/media\/12729"}],"wp:attachment":[{"href":"https:\/\/alit-tech.com\/pt-pt\/wp-json\/wp\/v2\/media?parent=14625"}],"curies":[{"name":"wp","href":"https:\/\/api.w.org\/{rel}","templated":true}]}}