{"id":14636,"date":"2024-10-03T17:59:41","date_gmt":"2024-10-03T15:59:41","guid":{"rendered":"https:\/\/alit-tech.com\/decapantes\/decapantes-para-processos-de-decapagem-em-linha-de-ganchos-e-estruturas-fastrip-isp\/metalstrip-1464-aktivator-1664\/"},"modified":"2025-08-28T10:04:12","modified_gmt":"2025-08-28T08:04:12","slug":"metalstrip-1464-aktivator-1664","status":"publish","type":"page","link":"https:\/\/alit-tech.com\/pt-pt\/decapantes\/decapantes-para-processos-de-decapagem-em-linha-de-ganchos-e-estruturas-fastrip-isp\/metalstrip-1464-aktivator-1664\/","title":{"rendered":"METALSTRIP 1464-AKTIVATOR 1664"},"content":{"rendered":"\n<p>O Metalstrip 1464, combinado com o Metalstrip Aktivator 1664, \u00e9 um removedor de tinta &#8220;NMP-free&#8221; de a\u00e7\u00e3o r\u00e1pida, desenvolvido para processos de decapagem em linha. Este removedor elimina camadas de tinta em p\u00f3 de 60 a 120 \u00b5m em tempos de tratamento muito curtos, a partir de 2,5 minutos. O Metalstrip 1464 \u00e9 utilizado puro em sistemas de imers\u00e3o e n\u00e3o cont\u00e9m hidrocarbonetos halogenados, garantindo um processo seguro e eficaz. O processo em linha prev\u00ea o uso de aproximadamente 3-4 cm de Cover Layer 5104 no tanque.<\/p>\n\n\n\n<div style=\"height:50px\" aria-hidden=\"true\" class=\"wp-block-spacer\"><\/div>\n\n\n\n<p><strong>Requisitos t\u00e9cnicos da instala\u00e7\u00e3o de decapagem<br><\/strong>Os materiais em contacto devem ser fabricados em a\u00e7o carbono ou em a\u00e7o inoxid\u00e1vel e, em qualquer caso, devem ser resistentes a solu\u00e7\u00f5es alcalinas aquecidas. O processo em linha prev\u00ea a utiliza\u00e7\u00e3o de ultrassons no tanque de decapagem. A utiliza\u00e7\u00e3o de sistemas de filtra\u00e7\u00e3o espec\u00edficos permitir\u00e1 separar os res\u00edduos de tinta, prolongando significativamente a vida \u00fatil do banho de decapagem.<\/p>\n\n\n\n<div style=\"height:50px\" aria-hidden=\"true\" class=\"wp-block-spacer\"><\/div>\n\n\n\n<p><strong>Controlo do banho de decapagem<br><\/strong>Instru\u00e7\u00f5es espec\u00edficas para a an\u00e1lise do produto est\u00e3o dispon\u00edveis mediante solicita\u00e7\u00e3o. A realiza\u00e7\u00e3o regular destas an\u00e1lises permitir\u00e1 otimizar o desempenho do produto.<\/p>\n","protected":false},"excerpt":{"rendered":"<p>O Metalstrip 1464, combinado com o Metalstrip Aktivator 1664, \u00e9 um removedor de tinta &#8220;NMP-free&#8221; de a\u00e7\u00e3o r\u00e1pida, desenvolvido para processos de decapagem em linha. Este removedor elimina camadas de tinta em p\u00f3 de 60 a 120 \u00b5m em tempos de tratamento muito curtos, a partir de 2,5 minutos. O Metalstrip 1464 \u00e9 utilizado puro [&hellip;]<\/p>\n","protected":false},"author":1,"featured_media":12695,"parent":14615,"menu_order":0,"comment_status":"closed","ping_status":"closed","template":"template-pages\/08_chemical_cat_product.php","meta":{"_acf_changed":false,"footnotes":""},"class_list":["post-14636","page","type-page","status-publish","has-post-thumbnail","hentry"],"acf":[],"yoast_head":"<!-- This site is optimized with the Yoast SEO plugin v23.1 - https:\/\/yoast.com\/wordpress\/plugins\/seo\/ -->\n<title>Remo\u00e7\u00e3o de tinta de ganchos, Produto de decapagem METALSTRIP 1464<\/title>\n<meta name=\"description\" content=\"Metalstrip 1464: remo\u00e7\u00e3o de tinta de ganchos com formula\u00e7\u00e3o pronta para imers\u00e3o, segura para tanques de a\u00e7o carbono e inox. Contacte-nos hoje!\" \/>\n<meta name=\"robots\" content=\"index, follow, max-snippet:-1, max-image-preview:large, max-video-preview:-1\" \/>\n<link rel=\"canonical\" href=\"https:\/\/alit-tech.com\/pt-pt\/decapantes\/decapantes-para-processos-de-decapagem-em-linha-de-ganchos-e-estruturas-fastrip-isp\/metalstrip-1464-aktivator-1664\/\" \/>\n<meta property=\"og:locale\" content=\"pt_PT\" \/>\n<meta property=\"og:type\" content=\"article\" \/>\n<meta property=\"og:title\" content=\"Remo\u00e7\u00e3o de tinta de ganchos, Produto de decapagem METALSTRIP 1464\" \/>\n<meta property=\"og:description\" content=\"Metalstrip 1464: remo\u00e7\u00e3o de tinta de ganchos com formula\u00e7\u00e3o pronta para imers\u00e3o, segura para tanques de a\u00e7o carbono e inox. Contacte-nos hoje!\" \/>\n<meta property=\"og:url\" content=\"https:\/\/alit-tech.com\/pt-pt\/decapantes\/decapantes-para-processos-de-decapagem-em-linha-de-ganchos-e-estruturas-fastrip-isp\/metalstrip-1464-aktivator-1664\/\" \/>\n<meta property=\"og:site_name\" content=\"Alit technologies Spa\" \/>\n<meta property=\"article:modified_time\" content=\"2025-08-28T08:04:12+00:00\" \/>\n<meta property=\"og:image\" content=\"https:\/\/alit-tech.com\/wp-content\/uploads\/2024\/10\/Svernicianti-per-processi-di-sverniciatura-in-linea-di-Ganci-e-Telai.jpg\" \/>\n\t<meta property=\"og:image:width\" content=\"1200\" \/>\n\t<meta property=\"og:image:height\" content=\"600\" \/>\n\t<meta property=\"og:image:type\" content=\"image\/jpeg\" \/>\n<meta name=\"twitter:card\" content=\"summary_large_image\" \/>\n<meta name=\"twitter:label1\" content=\"Tempo estimado de leitura\" \/>\n\t<meta name=\"twitter:data1\" content=\"1 minuto\" \/>\n<script type=\"application\/ld+json\" class=\"yoast-schema-graph\">{\"@context\":\"https:\/\/schema.org\",\"@graph\":[{\"@type\":\"WebPage\",\"@id\":\"https:\/\/alit-tech.com\/pt-pt\/decapantes\/decapantes-para-processos-de-decapagem-em-linha-de-ganchos-e-estruturas-fastrip-isp\/metalstrip-1464-aktivator-1664\/\",\"url\":\"https:\/\/alit-tech.com\/pt-pt\/decapantes\/decapantes-para-processos-de-decapagem-em-linha-de-ganchos-e-estruturas-fastrip-isp\/metalstrip-1464-aktivator-1664\/\",\"name\":\"Remo\u00e7\u00e3o de tinta de ganchos, Produto de decapagem METALSTRIP 1464\",\"isPartOf\":{\"@id\":\"https:\/\/alit-tech.com\/it\/#website\"},\"primaryImageOfPage\":{\"@id\":\"https:\/\/alit-tech.com\/pt-pt\/decapantes\/decapantes-para-processos-de-decapagem-em-linha-de-ganchos-e-estruturas-fastrip-isp\/metalstrip-1464-aktivator-1664\/#primaryimage\"},\"image\":{\"@id\":\"https:\/\/alit-tech.com\/pt-pt\/decapantes\/decapantes-para-processos-de-decapagem-em-linha-de-ganchos-e-estruturas-fastrip-isp\/metalstrip-1464-aktivator-1664\/#primaryimage\"},\"thumbnailUrl\":\"https:\/\/alit-tech.com\/wp-content\/uploads\/2024\/10\/Svernicianti-per-processi-di-sverniciatura-in-linea-di-Ganci-e-Telai.jpg\",\"datePublished\":\"2024-10-03T15:59:41+00:00\",\"dateModified\":\"2025-08-28T08:04:12+00:00\",\"description\":\"Metalstrip 1464: remo\u00e7\u00e3o de tinta de ganchos com formula\u00e7\u00e3o pronta para imers\u00e3o, segura para tanques de a\u00e7o carbono e inox. Contacte-nos hoje!\",\"breadcrumb\":{\"@id\":\"https:\/\/alit-tech.com\/pt-pt\/decapantes\/decapantes-para-processos-de-decapagem-em-linha-de-ganchos-e-estruturas-fastrip-isp\/metalstrip-1464-aktivator-1664\/#breadcrumb\"},\"inLanguage\":\"pt-PT\",\"potentialAction\":[{\"@type\":\"ReadAction\",\"target\":[\"https:\/\/alit-tech.com\/pt-pt\/decapantes\/decapantes-para-processos-de-decapagem-em-linha-de-ganchos-e-estruturas-fastrip-isp\/metalstrip-1464-aktivator-1664\/\"]}]},{\"@type\":\"ImageObject\",\"inLanguage\":\"pt-PT\",\"@id\":\"https:\/\/alit-tech.com\/pt-pt\/decapantes\/decapantes-para-processos-de-decapagem-em-linha-de-ganchos-e-estruturas-fastrip-isp\/metalstrip-1464-aktivator-1664\/#primaryimage\",\"url\":\"https:\/\/alit-tech.com\/wp-content\/uploads\/2024\/10\/Svernicianti-per-processi-di-sverniciatura-in-linea-di-Ganci-e-Telai.jpg\",\"contentUrl\":\"https:\/\/alit-tech.com\/wp-content\/uploads\/2024\/10\/Svernicianti-per-processi-di-sverniciatura-in-linea-di-Ganci-e-Telai.jpg\",\"width\":1200,\"height\":600},{\"@type\":\"BreadcrumbList\",\"@id\":\"https:\/\/alit-tech.com\/pt-pt\/decapantes\/decapantes-para-processos-de-decapagem-em-linha-de-ganchos-e-estruturas-fastrip-isp\/metalstrip-1464-aktivator-1664\/#breadcrumb\",\"itemListElement\":[{\"@type\":\"ListItem\",\"position\":1,\"name\":\"Home\",\"item\":\"https:\/\/alit-tech.com\/pt-pt\/\"},{\"@type\":\"ListItem\",\"position\":2,\"name\":\"Decapantes\",\"item\":\"https:\/\/alit-tech.com\/pt-pt\/decapantes\/\"},{\"@type\":\"ListItem\",\"position\":3,\"name\":\"Decapantes para Processos de Decapagem em Linha de Ganchos e Estruturas &#8211; FASTRIP ISP\",\"item\":\"https:\/\/alit-tech.com\/pt-pt\/decapantes\/decapantes-para-processos-de-decapagem-em-linha-de-ganchos-e-estruturas-fastrip-isp\/\"},{\"@type\":\"ListItem\",\"position\":4,\"name\":\"METALSTRIP 1464-AKTIVATOR 1664\"}]},{\"@type\":\"WebSite\",\"@id\":\"https:\/\/alit-tech.com\/it\/#website\",\"url\":\"https:\/\/alit-tech.com\/it\/\",\"name\":\"Alit technologies Spa\",\"description\":\"\",\"potentialAction\":[{\"@type\":\"SearchAction\",\"target\":{\"@type\":\"EntryPoint\",\"urlTemplate\":\"https:\/\/alit-tech.com\/it\/?s={search_term_string}\"},\"query-input\":\"required name=search_term_string\"}],\"inLanguage\":\"pt-PT\"}]}<\/script>\n<!-- \/ Yoast SEO plugin. -->","yoast_head_json":{"title":"Remo\u00e7\u00e3o de tinta de ganchos, Produto de decapagem METALSTRIP 1464","description":"Metalstrip 1464: remo\u00e7\u00e3o de tinta de ganchos com formula\u00e7\u00e3o pronta para imers\u00e3o, segura para tanques de a\u00e7o carbono e inox. Contacte-nos hoje!","robots":{"index":"index","follow":"follow","max-snippet":"max-snippet:-1","max-image-preview":"max-image-preview:large","max-video-preview":"max-video-preview:-1"},"canonical":"https:\/\/alit-tech.com\/pt-pt\/decapantes\/decapantes-para-processos-de-decapagem-em-linha-de-ganchos-e-estruturas-fastrip-isp\/metalstrip-1464-aktivator-1664\/","og_locale":"pt_PT","og_type":"article","og_title":"Remo\u00e7\u00e3o de tinta de ganchos, Produto de decapagem METALSTRIP 1464","og_description":"Metalstrip 1464: remo\u00e7\u00e3o de tinta de ganchos com formula\u00e7\u00e3o pronta para imers\u00e3o, segura para tanques de a\u00e7o carbono e inox. Contacte-nos hoje!","og_url":"https:\/\/alit-tech.com\/pt-pt\/decapantes\/decapantes-para-processos-de-decapagem-em-linha-de-ganchos-e-estruturas-fastrip-isp\/metalstrip-1464-aktivator-1664\/","og_site_name":"Alit technologies Spa","article_modified_time":"2025-08-28T08:04:12+00:00","og_image":[{"width":1200,"height":600,"url":"https:\/\/alit-tech.com\/wp-content\/uploads\/2024\/10\/Svernicianti-per-processi-di-sverniciatura-in-linea-di-Ganci-e-Telai.jpg","type":"image\/jpeg"}],"twitter_card":"summary_large_image","twitter_misc":{"Tempo estimado de leitura":"1 minuto"},"schema":{"@context":"https:\/\/schema.org","@graph":[{"@type":"WebPage","@id":"https:\/\/alit-tech.com\/pt-pt\/decapantes\/decapantes-para-processos-de-decapagem-em-linha-de-ganchos-e-estruturas-fastrip-isp\/metalstrip-1464-aktivator-1664\/","url":"https:\/\/alit-tech.com\/pt-pt\/decapantes\/decapantes-para-processos-de-decapagem-em-linha-de-ganchos-e-estruturas-fastrip-isp\/metalstrip-1464-aktivator-1664\/","name":"Remo\u00e7\u00e3o de tinta de ganchos, Produto de decapagem METALSTRIP 1464","isPartOf":{"@id":"https:\/\/alit-tech.com\/it\/#website"},"primaryImageOfPage":{"@id":"https:\/\/alit-tech.com\/pt-pt\/decapantes\/decapantes-para-processos-de-decapagem-em-linha-de-ganchos-e-estruturas-fastrip-isp\/metalstrip-1464-aktivator-1664\/#primaryimage"},"image":{"@id":"https:\/\/alit-tech.com\/pt-pt\/decapantes\/decapantes-para-processos-de-decapagem-em-linha-de-ganchos-e-estruturas-fastrip-isp\/metalstrip-1464-aktivator-1664\/#primaryimage"},"thumbnailUrl":"https:\/\/alit-tech.com\/wp-content\/uploads\/2024\/10\/Svernicianti-per-processi-di-sverniciatura-in-linea-di-Ganci-e-Telai.jpg","datePublished":"2024-10-03T15:59:41+00:00","dateModified":"2025-08-28T08:04:12+00:00","description":"Metalstrip 1464: remo\u00e7\u00e3o de tinta de ganchos com formula\u00e7\u00e3o pronta para imers\u00e3o, segura para tanques de a\u00e7o carbono e inox. Contacte-nos hoje!","breadcrumb":{"@id":"https:\/\/alit-tech.com\/pt-pt\/decapantes\/decapantes-para-processos-de-decapagem-em-linha-de-ganchos-e-estruturas-fastrip-isp\/metalstrip-1464-aktivator-1664\/#breadcrumb"},"inLanguage":"pt-PT","potentialAction":[{"@type":"ReadAction","target":["https:\/\/alit-tech.com\/pt-pt\/decapantes\/decapantes-para-processos-de-decapagem-em-linha-de-ganchos-e-estruturas-fastrip-isp\/metalstrip-1464-aktivator-1664\/"]}]},{"@type":"ImageObject","inLanguage":"pt-PT","@id":"https:\/\/alit-tech.com\/pt-pt\/decapantes\/decapantes-para-processos-de-decapagem-em-linha-de-ganchos-e-estruturas-fastrip-isp\/metalstrip-1464-aktivator-1664\/#primaryimage","url":"https:\/\/alit-tech.com\/wp-content\/uploads\/2024\/10\/Svernicianti-per-processi-di-sverniciatura-in-linea-di-Ganci-e-Telai.jpg","contentUrl":"https:\/\/alit-tech.com\/wp-content\/uploads\/2024\/10\/Svernicianti-per-processi-di-sverniciatura-in-linea-di-Ganci-e-Telai.jpg","width":1200,"height":600},{"@type":"BreadcrumbList","@id":"https:\/\/alit-tech.com\/pt-pt\/decapantes\/decapantes-para-processos-de-decapagem-em-linha-de-ganchos-e-estruturas-fastrip-isp\/metalstrip-1464-aktivator-1664\/#breadcrumb","itemListElement":[{"@type":"ListItem","position":1,"name":"Home","item":"https:\/\/alit-tech.com\/pt-pt\/"},{"@type":"ListItem","position":2,"name":"Decapantes","item":"https:\/\/alit-tech.com\/pt-pt\/decapantes\/"},{"@type":"ListItem","position":3,"name":"Decapantes para Processos de Decapagem em Linha de Ganchos e Estruturas &#8211; FASTRIP ISP","item":"https:\/\/alit-tech.com\/pt-pt\/decapantes\/decapantes-para-processos-de-decapagem-em-linha-de-ganchos-e-estruturas-fastrip-isp\/"},{"@type":"ListItem","position":4,"name":"METALSTRIP 1464-AKTIVATOR 1664"}]},{"@type":"WebSite","@id":"https:\/\/alit-tech.com\/it\/#website","url":"https:\/\/alit-tech.com\/it\/","name":"Alit technologies Spa","description":"","potentialAction":[{"@type":"SearchAction","target":{"@type":"EntryPoint","urlTemplate":"https:\/\/alit-tech.com\/it\/?s={search_term_string}"},"query-input":"required name=search_term_string"}],"inLanguage":"pt-PT"}]}},"_links":{"self":[{"href":"https:\/\/alit-tech.com\/pt-pt\/wp-json\/wp\/v2\/pages\/14636"}],"collection":[{"href":"https:\/\/alit-tech.com\/pt-pt\/wp-json\/wp\/v2\/pages"}],"about":[{"href":"https:\/\/alit-tech.com\/pt-pt\/wp-json\/wp\/v2\/types\/page"}],"author":[{"embeddable":true,"href":"https:\/\/alit-tech.com\/pt-pt\/wp-json\/wp\/v2\/users\/1"}],"replies":[{"embeddable":true,"href":"https:\/\/alit-tech.com\/pt-pt\/wp-json\/wp\/v2\/comments?post=14636"}],"version-history":[{"count":2,"href":"https:\/\/alit-tech.com\/pt-pt\/wp-json\/wp\/v2\/pages\/14636\/revisions"}],"predecessor-version":[{"id":15721,"href":"https:\/\/alit-tech.com\/pt-pt\/wp-json\/wp\/v2\/pages\/14636\/revisions\/15721"}],"up":[{"embeddable":true,"href":"https:\/\/alit-tech.com\/pt-pt\/wp-json\/wp\/v2\/pages\/14615"}],"wp:featuredmedia":[{"embeddable":true,"href":"https:\/\/alit-tech.com\/pt-pt\/wp-json\/wp\/v2\/media\/12695"}],"wp:attachment":[{"href":"https:\/\/alit-tech.com\/pt-pt\/wp-json\/wp\/v2\/media?parent=14636"}],"curies":[{"name":"wp","href":"https:\/\/api.w.org\/{rel}","templated":true}]}}