{"id":14642,"date":"2024-10-03T18:36:44","date_gmt":"2024-10-03T16:36:44","guid":{"rendered":"https:\/\/alit-tech.com\/decapantes\/decapantes-bifasicos\/metalstrip-updown-2801\/"},"modified":"2025-08-28T09:58:03","modified_gmt":"2025-08-28T07:58:03","slug":"metalstrip-updown-2801","status":"publish","type":"page","link":"https:\/\/alit-tech.com\/pt-pt\/decapantes\/decapantes-bifasicos\/metalstrip-updown-2801\/","title":{"rendered":"METALSTRIP UP&amp;DOWN 2801"},"content":{"rendered":"\n<p>Metalstrip UP&amp;DOWN 2801 \u00e9 um inovador produto de decapagem bif\u00e1sico adequado para a remo\u00e7\u00e3o de diversas tintas. O produto \u00e9 corrosivo em ligas met\u00e1licas leves, mas \u00e9 perfeitamente adequado para a decapagem de pe\u00e7as em a\u00e7o carbono ou inoxid\u00e1vel. Este produto, livre de hidrocarbonetos halogenados, fen\u00f3is, cromatos, amon\u00edaco, aminas e \u00e1cidos, proporciona benef\u00edcios significativos para os trabalhadores. Metalstrip UP&amp;DOWN 2801 \u00e9 ideal para uso em sistemas de imers\u00e3o e pulveriza\u00e7\u00e3o, com tempos de decapagem vari\u00e1veis entre 5 minutos e v\u00e1rias horas, dependendo do tipo e espessura da tinta e das condi\u00e7\u00f5es do processo.<\/p>\n\n\n\n<div style=\"height:50px\" aria-hidden=\"true\" class=\"wp-block-spacer\"><\/div>\n\n\n\n<p><strong>Requisitos t\u00e9cnicos da instala\u00e7\u00e3o de decapagem<br><\/strong>Os materiais em contacto devem ser fabricados em a\u00e7o carbono ou em a\u00e7o inoxid\u00e1vel e, em qualquer dos casos, devem ser resistentes a solu\u00e7\u00f5es fortemente alcalinas. O tanque de decapagem deve ser constantemente agitado atrav\u00e9s da utiliza\u00e7\u00e3o de misturadores ou de bombas apropriadas. A implementa\u00e7\u00e3o de sistemas de filtra\u00e7\u00e3o espec\u00edficos permitir\u00e1 separar os res\u00edduos de tinta, prolongando assim a vida \u00fatil do banho de decapagem.<\/p>\n\n\n\n<div style=\"height:50px\" aria-hidden=\"true\" class=\"wp-block-spacer\"><\/div>\n\n\n\n<p><strong>Controlo do banho de decapagem<br><\/strong>Instru\u00e7\u00f5es espec\u00edficas para a an\u00e1lise do produto est\u00e3o dispon\u00edveis mediante solicita\u00e7\u00e3o. A realiza\u00e7\u00e3o regular dessas an\u00e1lises permitir\u00e1 otimizar o desempenho do produto.<\/p>\n","protected":false},"excerpt":{"rendered":"<p>Metalstrip UP&amp;DOWN 2801 \u00e9 um inovador produto de decapagem bif\u00e1sico adequado para a remo\u00e7\u00e3o de diversas tintas. O produto \u00e9 corrosivo em ligas met\u00e1licas leves, mas \u00e9 perfeitamente adequado para a decapagem de pe\u00e7as em a\u00e7o carbono ou inoxid\u00e1vel. Este produto, livre de hidrocarbonetos halogenados, fen\u00f3is, cromatos, amon\u00edaco, aminas e \u00e1cidos, proporciona benef\u00edcios significativos para [&hellip;]<\/p>\n","protected":false},"author":1,"featured_media":12729,"parent":14625,"menu_order":0,"comment_status":"closed","ping_status":"closed","template":"template-pages\/08_chemical_cat_product.php","meta":{"_acf_changed":false,"footnotes":""},"class_list":["post-14642","page","type-page","status-publish","has-post-thumbnail","hentry"],"acf":[],"yoast_head":"<!-- This site is optimized with the Yoast SEO plugin v23.1 - https:\/\/yoast.com\/wordpress\/plugins\/seo\/ -->\n<title>Qu\u00edmicos para decapagem industrial de tintas METALSTRIP 2801<\/title>\n<meta name=\"description\" content=\"Descubra o Metalstrip 2801: qu\u00edmicos para decapagem industrial de tintas com f\u00f3rmula bif\u00e1sica \u00e0 base de \u00e1gua. Contacte-nos para mais detalhes.\" \/>\n<meta name=\"robots\" content=\"index, follow, max-snippet:-1, max-image-preview:large, max-video-preview:-1\" \/>\n<link rel=\"canonical\" href=\"https:\/\/alit-tech.com\/pt-pt\/decapantes\/decapantes-bifasicos\/metalstrip-updown-2801\/\" \/>\n<meta property=\"og:locale\" content=\"pt_PT\" \/>\n<meta property=\"og:type\" content=\"article\" \/>\n<meta property=\"og:title\" content=\"Qu\u00edmicos para decapagem industrial de tintas METALSTRIP 2801\" \/>\n<meta property=\"og:description\" content=\"Descubra o Metalstrip 2801: qu\u00edmicos para decapagem industrial de tintas com f\u00f3rmula bif\u00e1sica \u00e0 base de \u00e1gua. Contacte-nos para mais detalhes.\" \/>\n<meta property=\"og:url\" content=\"https:\/\/alit-tech.com\/pt-pt\/decapantes\/decapantes-bifasicos\/metalstrip-updown-2801\/\" \/>\n<meta property=\"og:site_name\" content=\"Alit technologies Spa\" \/>\n<meta property=\"article:modified_time\" content=\"2025-08-28T07:58:03+00:00\" \/>\n<meta property=\"og:image\" content=\"https:\/\/alit-tech.com\/wp-content\/uploads\/2024\/10\/Svernicianti-BIFASICI.webp\" \/>\n\t<meta property=\"og:image:width\" content=\"983\" \/>\n\t<meta property=\"og:image:height\" content=\"589\" \/>\n\t<meta property=\"og:image:type\" content=\"image\/webp\" \/>\n<meta name=\"twitter:card\" content=\"summary_large_image\" \/>\n<meta name=\"twitter:label1\" content=\"Tempo estimado de leitura\" \/>\n\t<meta name=\"twitter:data1\" content=\"2 minutos\" \/>\n<script type=\"application\/ld+json\" class=\"yoast-schema-graph\">{\"@context\":\"https:\/\/schema.org\",\"@graph\":[{\"@type\":\"WebPage\",\"@id\":\"https:\/\/alit-tech.com\/pt-pt\/decapantes\/decapantes-bifasicos\/metalstrip-updown-2801\/\",\"url\":\"https:\/\/alit-tech.com\/pt-pt\/decapantes\/decapantes-bifasicos\/metalstrip-updown-2801\/\",\"name\":\"Qu\u00edmicos para decapagem industrial de tintas METALSTRIP 2801\",\"isPartOf\":{\"@id\":\"https:\/\/alit-tech.com\/it\/#website\"},\"primaryImageOfPage\":{\"@id\":\"https:\/\/alit-tech.com\/pt-pt\/decapantes\/decapantes-bifasicos\/metalstrip-updown-2801\/#primaryimage\"},\"image\":{\"@id\":\"https:\/\/alit-tech.com\/pt-pt\/decapantes\/decapantes-bifasicos\/metalstrip-updown-2801\/#primaryimage\"},\"thumbnailUrl\":\"https:\/\/alit-tech.com\/wp-content\/uploads\/2024\/10\/Svernicianti-BIFASICI.webp\",\"datePublished\":\"2024-10-03T16:36:44+00:00\",\"dateModified\":\"2025-08-28T07:58:03+00:00\",\"description\":\"Descubra o Metalstrip 2801: qu\u00edmicos para decapagem industrial de tintas com f\u00f3rmula bif\u00e1sica \u00e0 base de \u00e1gua. Contacte-nos para mais detalhes.\",\"breadcrumb\":{\"@id\":\"https:\/\/alit-tech.com\/pt-pt\/decapantes\/decapantes-bifasicos\/metalstrip-updown-2801\/#breadcrumb\"},\"inLanguage\":\"pt-PT\",\"potentialAction\":[{\"@type\":\"ReadAction\",\"target\":[\"https:\/\/alit-tech.com\/pt-pt\/decapantes\/decapantes-bifasicos\/metalstrip-updown-2801\/\"]}]},{\"@type\":\"ImageObject\",\"inLanguage\":\"pt-PT\",\"@id\":\"https:\/\/alit-tech.com\/pt-pt\/decapantes\/decapantes-bifasicos\/metalstrip-updown-2801\/#primaryimage\",\"url\":\"https:\/\/alit-tech.com\/wp-content\/uploads\/2024\/10\/Svernicianti-BIFASICI.webp\",\"contentUrl\":\"https:\/\/alit-tech.com\/wp-content\/uploads\/2024\/10\/Svernicianti-BIFASICI.webp\",\"width\":983,\"height\":589},{\"@type\":\"BreadcrumbList\",\"@id\":\"https:\/\/alit-tech.com\/pt-pt\/decapantes\/decapantes-bifasicos\/metalstrip-updown-2801\/#breadcrumb\",\"itemListElement\":[{\"@type\":\"ListItem\",\"position\":1,\"name\":\"Home\",\"item\":\"https:\/\/alit-tech.com\/pt-pt\/\"},{\"@type\":\"ListItem\",\"position\":2,\"name\":\"Decapantes\",\"item\":\"https:\/\/alit-tech.com\/pt-pt\/decapantes\/\"},{\"@type\":\"ListItem\",\"position\":3,\"name\":\"Decapantes bif\u00e1sicos\",\"item\":\"https:\/\/alit-tech.com\/pt-pt\/decapantes\/decapantes-bifasicos\/\"},{\"@type\":\"ListItem\",\"position\":4,\"name\":\"METALSTRIP UP&amp;DOWN 2801\"}]},{\"@type\":\"WebSite\",\"@id\":\"https:\/\/alit-tech.com\/it\/#website\",\"url\":\"https:\/\/alit-tech.com\/it\/\",\"name\":\"Alit technologies Spa\",\"description\":\"\",\"potentialAction\":[{\"@type\":\"SearchAction\",\"target\":{\"@type\":\"EntryPoint\",\"urlTemplate\":\"https:\/\/alit-tech.com\/it\/?s={search_term_string}\"},\"query-input\":\"required name=search_term_string\"}],\"inLanguage\":\"pt-PT\"}]}<\/script>\n<!-- \/ Yoast SEO plugin. -->","yoast_head_json":{"title":"Qu\u00edmicos para decapagem industrial de tintas METALSTRIP 2801","description":"Descubra o Metalstrip 2801: qu\u00edmicos para decapagem industrial de tintas com f\u00f3rmula bif\u00e1sica \u00e0 base de \u00e1gua. Contacte-nos para mais detalhes.","robots":{"index":"index","follow":"follow","max-snippet":"max-snippet:-1","max-image-preview":"max-image-preview:large","max-video-preview":"max-video-preview:-1"},"canonical":"https:\/\/alit-tech.com\/pt-pt\/decapantes\/decapantes-bifasicos\/metalstrip-updown-2801\/","og_locale":"pt_PT","og_type":"article","og_title":"Qu\u00edmicos para decapagem industrial de tintas METALSTRIP 2801","og_description":"Descubra o Metalstrip 2801: qu\u00edmicos para decapagem industrial de tintas com f\u00f3rmula bif\u00e1sica \u00e0 base de \u00e1gua. Contacte-nos para mais detalhes.","og_url":"https:\/\/alit-tech.com\/pt-pt\/decapantes\/decapantes-bifasicos\/metalstrip-updown-2801\/","og_site_name":"Alit technologies Spa","article_modified_time":"2025-08-28T07:58:03+00:00","og_image":[{"width":983,"height":589,"url":"https:\/\/alit-tech.com\/wp-content\/uploads\/2024\/10\/Svernicianti-BIFASICI.webp","type":"image\/webp"}],"twitter_card":"summary_large_image","twitter_misc":{"Tempo estimado de leitura":"2 minutos"},"schema":{"@context":"https:\/\/schema.org","@graph":[{"@type":"WebPage","@id":"https:\/\/alit-tech.com\/pt-pt\/decapantes\/decapantes-bifasicos\/metalstrip-updown-2801\/","url":"https:\/\/alit-tech.com\/pt-pt\/decapantes\/decapantes-bifasicos\/metalstrip-updown-2801\/","name":"Qu\u00edmicos para decapagem industrial de tintas METALSTRIP 2801","isPartOf":{"@id":"https:\/\/alit-tech.com\/it\/#website"},"primaryImageOfPage":{"@id":"https:\/\/alit-tech.com\/pt-pt\/decapantes\/decapantes-bifasicos\/metalstrip-updown-2801\/#primaryimage"},"image":{"@id":"https:\/\/alit-tech.com\/pt-pt\/decapantes\/decapantes-bifasicos\/metalstrip-updown-2801\/#primaryimage"},"thumbnailUrl":"https:\/\/alit-tech.com\/wp-content\/uploads\/2024\/10\/Svernicianti-BIFASICI.webp","datePublished":"2024-10-03T16:36:44+00:00","dateModified":"2025-08-28T07:58:03+00:00","description":"Descubra o Metalstrip 2801: qu\u00edmicos para decapagem industrial de tintas com f\u00f3rmula bif\u00e1sica \u00e0 base de \u00e1gua. Contacte-nos para mais detalhes.","breadcrumb":{"@id":"https:\/\/alit-tech.com\/pt-pt\/decapantes\/decapantes-bifasicos\/metalstrip-updown-2801\/#breadcrumb"},"inLanguage":"pt-PT","potentialAction":[{"@type":"ReadAction","target":["https:\/\/alit-tech.com\/pt-pt\/decapantes\/decapantes-bifasicos\/metalstrip-updown-2801\/"]}]},{"@type":"ImageObject","inLanguage":"pt-PT","@id":"https:\/\/alit-tech.com\/pt-pt\/decapantes\/decapantes-bifasicos\/metalstrip-updown-2801\/#primaryimage","url":"https:\/\/alit-tech.com\/wp-content\/uploads\/2024\/10\/Svernicianti-BIFASICI.webp","contentUrl":"https:\/\/alit-tech.com\/wp-content\/uploads\/2024\/10\/Svernicianti-BIFASICI.webp","width":983,"height":589},{"@type":"BreadcrumbList","@id":"https:\/\/alit-tech.com\/pt-pt\/decapantes\/decapantes-bifasicos\/metalstrip-updown-2801\/#breadcrumb","itemListElement":[{"@type":"ListItem","position":1,"name":"Home","item":"https:\/\/alit-tech.com\/pt-pt\/"},{"@type":"ListItem","position":2,"name":"Decapantes","item":"https:\/\/alit-tech.com\/pt-pt\/decapantes\/"},{"@type":"ListItem","position":3,"name":"Decapantes bif\u00e1sicos","item":"https:\/\/alit-tech.com\/pt-pt\/decapantes\/decapantes-bifasicos\/"},{"@type":"ListItem","position":4,"name":"METALSTRIP UP&amp;DOWN 2801"}]},{"@type":"WebSite","@id":"https:\/\/alit-tech.com\/it\/#website","url":"https:\/\/alit-tech.com\/it\/","name":"Alit technologies Spa","description":"","potentialAction":[{"@type":"SearchAction","target":{"@type":"EntryPoint","urlTemplate":"https:\/\/alit-tech.com\/it\/?s={search_term_string}"},"query-input":"required name=search_term_string"}],"inLanguage":"pt-PT"}]}},"_links":{"self":[{"href":"https:\/\/alit-tech.com\/pt-pt\/wp-json\/wp\/v2\/pages\/14642"}],"collection":[{"href":"https:\/\/alit-tech.com\/pt-pt\/wp-json\/wp\/v2\/pages"}],"about":[{"href":"https:\/\/alit-tech.com\/pt-pt\/wp-json\/wp\/v2\/types\/page"}],"author":[{"embeddable":true,"href":"https:\/\/alit-tech.com\/pt-pt\/wp-json\/wp\/v2\/users\/1"}],"replies":[{"embeddable":true,"href":"https:\/\/alit-tech.com\/pt-pt\/wp-json\/wp\/v2\/comments?post=14642"}],"version-history":[{"count":2,"href":"https:\/\/alit-tech.com\/pt-pt\/wp-json\/wp\/v2\/pages\/14642\/revisions"}],"predecessor-version":[{"id":15723,"href":"https:\/\/alit-tech.com\/pt-pt\/wp-json\/wp\/v2\/pages\/14642\/revisions\/15723"}],"up":[{"embeddable":true,"href":"https:\/\/alit-tech.com\/pt-pt\/wp-json\/wp\/v2\/pages\/14625"}],"wp:featuredmedia":[{"embeddable":true,"href":"https:\/\/alit-tech.com\/pt-pt\/wp-json\/wp\/v2\/media\/12729"}],"wp:attachment":[{"href":"https:\/\/alit-tech.com\/pt-pt\/wp-json\/wp\/v2\/media?parent=14642"}],"curies":[{"name":"wp","href":"https:\/\/api.w.org\/{rel}","templated":true}]}}