{"id":14648,"date":"2024-10-03T18:44:17","date_gmt":"2024-10-03T16:44:17","guid":{"rendered":"https:\/\/alit-tech.com\/decapantes\/decapantes-bifasicos\/metalstrip-updown-2803\/"},"modified":"2025-08-28T10:00:09","modified_gmt":"2025-08-28T08:00:09","slug":"metalstrip-updown-2803","status":"publish","type":"page","link":"https:\/\/alit-tech.com\/pt-pt\/decapantes\/decapantes-bifasicos\/metalstrip-updown-2803\/","title":{"rendered":"METALSTRIP UP&amp;DOWN 2803"},"content":{"rendered":"\n<p>Metalstrip UP&amp;DOWN 2803 \u00e9 um inovador produto de decapagem bif\u00e1sico com pH neutro, adequado para a remo\u00e7\u00e3o de diversas tintas. Gra\u00e7as aos inibidores de corros\u00e3o especiais presentes em sua formula\u00e7\u00e3o, Metalstrip UP&amp;DOWN 2803 n\u00e3o danifica superf\u00edcies delicadas, como galvanizadas. Este produto \u00e9 ideal para sistemas de imers\u00e3o e, em alguns casos, pode ser utilizado com efici\u00eancia em sistemas de pulveriza\u00e7\u00e3o. Al\u00e9m disso, \u00e9 livre de hidrocarbonetos halogenados, fen\u00f3is, cromatos, amon\u00edaco e aminas, proporcionando seguran\u00e7a e efici\u00eancia.<\/p>\n\n\n\n<div style=\"height:50px\" aria-hidden=\"true\" class=\"wp-block-spacer\"><\/div>\n\n\n\n<p><strong>Requisitos t\u00e9cnicos do sistema de decapagem<br><\/strong>Os materiais em contato devem ser feitos de a\u00e7o carbono ou a\u00e7o inoxid\u00e1vel e devem ser resistentes a solu\u00e7\u00f5es decapantes. O tanque de decapagem deve ser constantemente misturado com o uso de misturadores ou bombas apropriadas. A utiliza\u00e7\u00e3o de sistemas espec\u00edficos de filtra\u00e7\u00e3o permitir\u00e1 a separa\u00e7\u00e3o de res\u00edduos de tinta, prolongando significativamente a vida \u00fatil do banho de decapagem.<\/p>\n\n\n\n<div style=\"height:50px\" aria-hidden=\"true\" class=\"wp-block-spacer\"><\/div>\n\n\n\n<p><strong>O controle do banho de decapagem<br><\/strong>Pode ser realizado com instru\u00e7\u00f5es espec\u00edficas dispon\u00edveis mediante solicita\u00e7\u00e3o. A realiza\u00e7\u00e3o regular dessas an\u00e1lises permitir\u00e1 otimizar o desempenho do produto.<\/p>\n","protected":false},"excerpt":{"rendered":"<p>Metalstrip UP&amp;DOWN 2803 \u00e9 um inovador produto de decapagem bif\u00e1sico com pH neutro, adequado para a remo\u00e7\u00e3o de diversas tintas. Gra\u00e7as aos inibidores de corros\u00e3o especiais presentes em sua formula\u00e7\u00e3o, Metalstrip UP&amp;DOWN 2803 n\u00e3o danifica superf\u00edcies delicadas, como galvanizadas. Este produto \u00e9 ideal para sistemas de imers\u00e3o e, em alguns casos, pode ser utilizado com [&hellip;]<\/p>\n","protected":false},"author":1,"featured_media":12729,"parent":14625,"menu_order":0,"comment_status":"closed","ping_status":"closed","template":"template-pages\/08_chemical_cat_product.php","meta":{"_acf_changed":false,"footnotes":""},"class_list":["post-14648","page","type-page","status-publish","has-post-thumbnail","hentry"],"acf":[],"yoast_head":"<!-- This site is optimized with the Yoast SEO plugin v23.1 - https:\/\/yoast.com\/wordpress\/plugins\/seo\/ -->\n<title>M\u00e1quina para decapagem de tinta industrial METALSTRIP 2803<\/title>\n<meta name=\"description\" content=\"Metalstrip 2803: m\u00e1quina para decapagem de tinta industrial com f\u00f3rmula bif\u00e1sica, pH neutro e inibidores de corros\u00e3o, seguro para superf\u00edcies delicadas.\" \/>\n<meta name=\"robots\" content=\"index, follow, max-snippet:-1, max-image-preview:large, max-video-preview:-1\" \/>\n<link rel=\"canonical\" href=\"https:\/\/alit-tech.com\/pt-pt\/decapantes\/decapantes-bifasicos\/metalstrip-updown-2803\/\" \/>\n<meta property=\"og:locale\" content=\"pt_PT\" \/>\n<meta property=\"og:type\" content=\"article\" \/>\n<meta property=\"og:title\" content=\"M\u00e1quina para decapagem de tinta industrial METALSTRIP 2803\" \/>\n<meta property=\"og:description\" content=\"Metalstrip 2803: m\u00e1quina para decapagem de tinta industrial com f\u00f3rmula bif\u00e1sica, pH neutro e inibidores de corros\u00e3o, seguro para superf\u00edcies delicadas.\" \/>\n<meta property=\"og:url\" content=\"https:\/\/alit-tech.com\/pt-pt\/decapantes\/decapantes-bifasicos\/metalstrip-updown-2803\/\" \/>\n<meta property=\"og:site_name\" content=\"Alit technologies Spa\" \/>\n<meta property=\"article:modified_time\" content=\"2025-08-28T08:00:09+00:00\" \/>\n<meta property=\"og:image\" content=\"https:\/\/alit-tech.com\/wp-content\/uploads\/2024\/10\/Svernicianti-BIFASICI.webp\" \/>\n\t<meta property=\"og:image:width\" content=\"983\" \/>\n\t<meta property=\"og:image:height\" content=\"589\" \/>\n\t<meta property=\"og:image:type\" content=\"image\/webp\" \/>\n<meta name=\"twitter:card\" content=\"summary_large_image\" \/>\n<meta name=\"twitter:label1\" content=\"Tempo estimado de leitura\" \/>\n\t<meta name=\"twitter:data1\" content=\"1 minuto\" \/>\n<script type=\"application\/ld+json\" class=\"yoast-schema-graph\">{\"@context\":\"https:\/\/schema.org\",\"@graph\":[{\"@type\":\"WebPage\",\"@id\":\"https:\/\/alit-tech.com\/pt-pt\/decapantes\/decapantes-bifasicos\/metalstrip-updown-2803\/\",\"url\":\"https:\/\/alit-tech.com\/pt-pt\/decapantes\/decapantes-bifasicos\/metalstrip-updown-2803\/\",\"name\":\"M\u00e1quina para decapagem de tinta industrial METALSTRIP 2803\",\"isPartOf\":{\"@id\":\"https:\/\/alit-tech.com\/it\/#website\"},\"primaryImageOfPage\":{\"@id\":\"https:\/\/alit-tech.com\/pt-pt\/decapantes\/decapantes-bifasicos\/metalstrip-updown-2803\/#primaryimage\"},\"image\":{\"@id\":\"https:\/\/alit-tech.com\/pt-pt\/decapantes\/decapantes-bifasicos\/metalstrip-updown-2803\/#primaryimage\"},\"thumbnailUrl\":\"https:\/\/alit-tech.com\/wp-content\/uploads\/2024\/10\/Svernicianti-BIFASICI.webp\",\"datePublished\":\"2024-10-03T16:44:17+00:00\",\"dateModified\":\"2025-08-28T08:00:09+00:00\",\"description\":\"Metalstrip 2803: m\u00e1quina para decapagem de tinta industrial com f\u00f3rmula bif\u00e1sica, pH neutro e inibidores de corros\u00e3o, seguro para superf\u00edcies delicadas.\",\"breadcrumb\":{\"@id\":\"https:\/\/alit-tech.com\/pt-pt\/decapantes\/decapantes-bifasicos\/metalstrip-updown-2803\/#breadcrumb\"},\"inLanguage\":\"pt-PT\",\"potentialAction\":[{\"@type\":\"ReadAction\",\"target\":[\"https:\/\/alit-tech.com\/pt-pt\/decapantes\/decapantes-bifasicos\/metalstrip-updown-2803\/\"]}]},{\"@type\":\"ImageObject\",\"inLanguage\":\"pt-PT\",\"@id\":\"https:\/\/alit-tech.com\/pt-pt\/decapantes\/decapantes-bifasicos\/metalstrip-updown-2803\/#primaryimage\",\"url\":\"https:\/\/alit-tech.com\/wp-content\/uploads\/2024\/10\/Svernicianti-BIFASICI.webp\",\"contentUrl\":\"https:\/\/alit-tech.com\/wp-content\/uploads\/2024\/10\/Svernicianti-BIFASICI.webp\",\"width\":983,\"height\":589},{\"@type\":\"BreadcrumbList\",\"@id\":\"https:\/\/alit-tech.com\/pt-pt\/decapantes\/decapantes-bifasicos\/metalstrip-updown-2803\/#breadcrumb\",\"itemListElement\":[{\"@type\":\"ListItem\",\"position\":1,\"name\":\"Home\",\"item\":\"https:\/\/alit-tech.com\/pt-pt\/\"},{\"@type\":\"ListItem\",\"position\":2,\"name\":\"Decapantes\",\"item\":\"https:\/\/alit-tech.com\/pt-pt\/decapantes\/\"},{\"@type\":\"ListItem\",\"position\":3,\"name\":\"Decapantes bif\u00e1sicos\",\"item\":\"https:\/\/alit-tech.com\/pt-pt\/decapantes\/decapantes-bifasicos\/\"},{\"@type\":\"ListItem\",\"position\":4,\"name\":\"METALSTRIP UP&amp;DOWN 2803\"}]},{\"@type\":\"WebSite\",\"@id\":\"https:\/\/alit-tech.com\/it\/#website\",\"url\":\"https:\/\/alit-tech.com\/it\/\",\"name\":\"Alit technologies Spa\",\"description\":\"\",\"potentialAction\":[{\"@type\":\"SearchAction\",\"target\":{\"@type\":\"EntryPoint\",\"urlTemplate\":\"https:\/\/alit-tech.com\/it\/?s={search_term_string}\"},\"query-input\":\"required name=search_term_string\"}],\"inLanguage\":\"pt-PT\"}]}<\/script>\n<!-- \/ Yoast SEO plugin. -->","yoast_head_json":{"title":"M\u00e1quina para decapagem de tinta industrial METALSTRIP 2803","description":"Metalstrip 2803: m\u00e1quina para decapagem de tinta industrial com f\u00f3rmula bif\u00e1sica, pH neutro e inibidores de corros\u00e3o, seguro para superf\u00edcies delicadas.","robots":{"index":"index","follow":"follow","max-snippet":"max-snippet:-1","max-image-preview":"max-image-preview:large","max-video-preview":"max-video-preview:-1"},"canonical":"https:\/\/alit-tech.com\/pt-pt\/decapantes\/decapantes-bifasicos\/metalstrip-updown-2803\/","og_locale":"pt_PT","og_type":"article","og_title":"M\u00e1quina para decapagem de tinta industrial METALSTRIP 2803","og_description":"Metalstrip 2803: m\u00e1quina para decapagem de tinta industrial com f\u00f3rmula bif\u00e1sica, pH neutro e inibidores de corros\u00e3o, seguro para superf\u00edcies delicadas.","og_url":"https:\/\/alit-tech.com\/pt-pt\/decapantes\/decapantes-bifasicos\/metalstrip-updown-2803\/","og_site_name":"Alit technologies Spa","article_modified_time":"2025-08-28T08:00:09+00:00","og_image":[{"width":983,"height":589,"url":"https:\/\/alit-tech.com\/wp-content\/uploads\/2024\/10\/Svernicianti-BIFASICI.webp","type":"image\/webp"}],"twitter_card":"summary_large_image","twitter_misc":{"Tempo estimado de leitura":"1 minuto"},"schema":{"@context":"https:\/\/schema.org","@graph":[{"@type":"WebPage","@id":"https:\/\/alit-tech.com\/pt-pt\/decapantes\/decapantes-bifasicos\/metalstrip-updown-2803\/","url":"https:\/\/alit-tech.com\/pt-pt\/decapantes\/decapantes-bifasicos\/metalstrip-updown-2803\/","name":"M\u00e1quina para decapagem de tinta industrial METALSTRIP 2803","isPartOf":{"@id":"https:\/\/alit-tech.com\/it\/#website"},"primaryImageOfPage":{"@id":"https:\/\/alit-tech.com\/pt-pt\/decapantes\/decapantes-bifasicos\/metalstrip-updown-2803\/#primaryimage"},"image":{"@id":"https:\/\/alit-tech.com\/pt-pt\/decapantes\/decapantes-bifasicos\/metalstrip-updown-2803\/#primaryimage"},"thumbnailUrl":"https:\/\/alit-tech.com\/wp-content\/uploads\/2024\/10\/Svernicianti-BIFASICI.webp","datePublished":"2024-10-03T16:44:17+00:00","dateModified":"2025-08-28T08:00:09+00:00","description":"Metalstrip 2803: m\u00e1quina para decapagem de tinta industrial com f\u00f3rmula bif\u00e1sica, pH neutro e inibidores de corros\u00e3o, seguro para superf\u00edcies delicadas.","breadcrumb":{"@id":"https:\/\/alit-tech.com\/pt-pt\/decapantes\/decapantes-bifasicos\/metalstrip-updown-2803\/#breadcrumb"},"inLanguage":"pt-PT","potentialAction":[{"@type":"ReadAction","target":["https:\/\/alit-tech.com\/pt-pt\/decapantes\/decapantes-bifasicos\/metalstrip-updown-2803\/"]}]},{"@type":"ImageObject","inLanguage":"pt-PT","@id":"https:\/\/alit-tech.com\/pt-pt\/decapantes\/decapantes-bifasicos\/metalstrip-updown-2803\/#primaryimage","url":"https:\/\/alit-tech.com\/wp-content\/uploads\/2024\/10\/Svernicianti-BIFASICI.webp","contentUrl":"https:\/\/alit-tech.com\/wp-content\/uploads\/2024\/10\/Svernicianti-BIFASICI.webp","width":983,"height":589},{"@type":"BreadcrumbList","@id":"https:\/\/alit-tech.com\/pt-pt\/decapantes\/decapantes-bifasicos\/metalstrip-updown-2803\/#breadcrumb","itemListElement":[{"@type":"ListItem","position":1,"name":"Home","item":"https:\/\/alit-tech.com\/pt-pt\/"},{"@type":"ListItem","position":2,"name":"Decapantes","item":"https:\/\/alit-tech.com\/pt-pt\/decapantes\/"},{"@type":"ListItem","position":3,"name":"Decapantes bif\u00e1sicos","item":"https:\/\/alit-tech.com\/pt-pt\/decapantes\/decapantes-bifasicos\/"},{"@type":"ListItem","position":4,"name":"METALSTRIP UP&amp;DOWN 2803"}]},{"@type":"WebSite","@id":"https:\/\/alit-tech.com\/it\/#website","url":"https:\/\/alit-tech.com\/it\/","name":"Alit technologies Spa","description":"","potentialAction":[{"@type":"SearchAction","target":{"@type":"EntryPoint","urlTemplate":"https:\/\/alit-tech.com\/it\/?s={search_term_string}"},"query-input":"required name=search_term_string"}],"inLanguage":"pt-PT"}]}},"_links":{"self":[{"href":"https:\/\/alit-tech.com\/pt-pt\/wp-json\/wp\/v2\/pages\/14648"}],"collection":[{"href":"https:\/\/alit-tech.com\/pt-pt\/wp-json\/wp\/v2\/pages"}],"about":[{"href":"https:\/\/alit-tech.com\/pt-pt\/wp-json\/wp\/v2\/types\/page"}],"author":[{"embeddable":true,"href":"https:\/\/alit-tech.com\/pt-pt\/wp-json\/wp\/v2\/users\/1"}],"replies":[{"embeddable":true,"href":"https:\/\/alit-tech.com\/pt-pt\/wp-json\/wp\/v2\/comments?post=14648"}],"version-history":[{"count":2,"href":"https:\/\/alit-tech.com\/pt-pt\/wp-json\/wp\/v2\/pages\/14648\/revisions"}],"predecessor-version":[{"id":15725,"href":"https:\/\/alit-tech.com\/pt-pt\/wp-json\/wp\/v2\/pages\/14648\/revisions\/15725"}],"up":[{"embeddable":true,"href":"https:\/\/alit-tech.com\/pt-pt\/wp-json\/wp\/v2\/pages\/14625"}],"wp:featuredmedia":[{"embeddable":true,"href":"https:\/\/alit-tech.com\/pt-pt\/wp-json\/wp\/v2\/media\/12729"}],"wp:attachment":[{"href":"https:\/\/alit-tech.com\/pt-pt\/wp-json\/wp\/v2\/media?parent=14648"}],"curies":[{"name":"wp","href":"https:\/\/api.w.org\/{rel}","templated":true}]}}