{"id":14654,"date":"2024-10-03T18:24:29","date_gmt":"2024-10-03T16:24:29","guid":{"rendered":"https:\/\/alit-tech.com\/decapantes\/decapantes-a-frio\/metalstrip-3305\/"},"modified":"2025-08-28T09:51:46","modified_gmt":"2025-08-28T07:51:46","slug":"metalstrip-3305","status":"publish","type":"page","link":"https:\/\/alit-tech.com\/pt-pt\/decapantes\/decapantes-a-frio\/metalstrip-3305\/","title":{"rendered":"METALSTRIP 3305"},"content":{"rendered":"\n<p>Metalstrip 3305 \u00e9 um produto l\u00edquido de decapagem \u00e1cida, pronto para uso e livre de cloreto de metileno e metanol, com baixo impacto toxicol\u00f3gico. Este produto respeita o meio ambiente e oferece maior seguran\u00e7a para os operadores. \u00c9 adequado para a remo\u00e7\u00e3o de tintas de madeira, ferro, pl\u00e1stico e outros materiais, levantando a tinta de forma eficiente sem comprometer a qualidade do substrato. Pode ser utilizado \u00e0 temperatura ambiente at\u00e9 40\u00b0C.<\/p>\n\n\n\n<div style=\"height:50px\" aria-hidden=\"true\" class=\"wp-block-spacer\"><\/div>\n\n\n\n<p><strong>Requisitos t\u00e9cnicos do sistema de decapagem<\/strong><br>Os materiais em contato devem ser feitos de a\u00e7o 316 ou 316L e devem ser resistentes a solu\u00e7\u00f5es \u00e1cidas.<\/p>\n","protected":false},"excerpt":{"rendered":"<p>Metalstrip 3305 \u00e9 um produto l\u00edquido de decapagem \u00e1cida, pronto para uso e livre de cloreto de metileno e metanol, com baixo impacto toxicol\u00f3gico. Este produto respeita o meio ambiente e oferece maior seguran\u00e7a para os operadores. \u00c9 adequado para a remo\u00e7\u00e3o de tintas de madeira, ferro, pl\u00e1stico e outros materiais, levantando a tinta de [&hellip;]<\/p>\n","protected":false},"author":1,"featured_media":12719,"parent":14622,"menu_order":0,"comment_status":"closed","ping_status":"closed","template":"template-pages\/08_chemical_cat_product.php","meta":{"_acf_changed":false,"footnotes":""},"class_list":["post-14654","page","type-page","status-publish","has-post-thumbnail","hentry"],"acf":[],"yoast_head":"<!-- This site is optimized with the Yoast SEO plugin v23.1 - https:\/\/yoast.com\/wordpress\/plugins\/seo\/ -->\n<title>Decapante l\u00edquido para remover pintura de madeira | Metalstrip 3305<\/title>\n<meta name=\"description\" content=\"Metalstrip 3305: decapante l\u00edquido para madeira, \u00e0 base de \u00e1cido. Remove tintas a temperaturas at\u00e9 40 \u00b0C, preservando a integridade do substrato.\" \/>\n<meta name=\"robots\" content=\"index, follow, max-snippet:-1, max-image-preview:large, max-video-preview:-1\" \/>\n<link rel=\"canonical\" href=\"https:\/\/alit-tech.com\/pt-pt\/decapantes\/decapantes-a-frio\/metalstrip-3305\/\" \/>\n<meta property=\"og:locale\" content=\"pt_PT\" \/>\n<meta property=\"og:type\" content=\"article\" \/>\n<meta property=\"og:title\" content=\"Decapante l\u00edquido para remover pintura de madeira | Metalstrip 3305\" \/>\n<meta property=\"og:description\" content=\"Metalstrip 3305: decapante l\u00edquido para madeira, \u00e0 base de \u00e1cido. Remove tintas a temperaturas at\u00e9 40 \u00b0C, preservando a integridade do substrato.\" \/>\n<meta property=\"og:url\" content=\"https:\/\/alit-tech.com\/pt-pt\/decapantes\/decapantes-a-frio\/metalstrip-3305\/\" \/>\n<meta property=\"og:site_name\" content=\"Alit technologies Spa\" \/>\n<meta property=\"article:modified_time\" content=\"2025-08-28T07:51:46+00:00\" \/>\n<meta property=\"og:image\" content=\"https:\/\/alit-tech.com\/wp-content\/uploads\/2024\/10\/sverniciatura-a-freddo.webp\" \/>\n\t<meta property=\"og:image:width\" content=\"1276\" \/>\n\t<meta property=\"og:image:height\" content=\"850\" \/>\n\t<meta property=\"og:image:type\" content=\"image\/webp\" \/>\n<meta name=\"twitter:card\" content=\"summary_large_image\" \/>\n<meta name=\"twitter:label1\" content=\"Tempo estimado de leitura\" \/>\n\t<meta name=\"twitter:data1\" content=\"1 minuto\" \/>\n<script type=\"application\/ld+json\" class=\"yoast-schema-graph\">{\"@context\":\"https:\/\/schema.org\",\"@graph\":[{\"@type\":\"WebPage\",\"@id\":\"https:\/\/alit-tech.com\/pt-pt\/decapantes\/decapantes-a-frio\/metalstrip-3305\/\",\"url\":\"https:\/\/alit-tech.com\/pt-pt\/decapantes\/decapantes-a-frio\/metalstrip-3305\/\",\"name\":\"Decapante l\u00edquido para remover pintura de madeira | Metalstrip 3305\",\"isPartOf\":{\"@id\":\"https:\/\/alit-tech.com\/it\/#website\"},\"primaryImageOfPage\":{\"@id\":\"https:\/\/alit-tech.com\/pt-pt\/decapantes\/decapantes-a-frio\/metalstrip-3305\/#primaryimage\"},\"image\":{\"@id\":\"https:\/\/alit-tech.com\/pt-pt\/decapantes\/decapantes-a-frio\/metalstrip-3305\/#primaryimage\"},\"thumbnailUrl\":\"https:\/\/alit-tech.com\/wp-content\/uploads\/2024\/10\/sverniciatura-a-freddo.webp\",\"datePublished\":\"2024-10-03T16:24:29+00:00\",\"dateModified\":\"2025-08-28T07:51:46+00:00\",\"description\":\"Metalstrip 3305: decapante l\u00edquido para madeira, \u00e0 base de \u00e1cido. Remove tintas a temperaturas at\u00e9 40 \u00b0C, preservando a integridade do substrato.\",\"breadcrumb\":{\"@id\":\"https:\/\/alit-tech.com\/pt-pt\/decapantes\/decapantes-a-frio\/metalstrip-3305\/#breadcrumb\"},\"inLanguage\":\"pt-PT\",\"potentialAction\":[{\"@type\":\"ReadAction\",\"target\":[\"https:\/\/alit-tech.com\/pt-pt\/decapantes\/decapantes-a-frio\/metalstrip-3305\/\"]}]},{\"@type\":\"ImageObject\",\"inLanguage\":\"pt-PT\",\"@id\":\"https:\/\/alit-tech.com\/pt-pt\/decapantes\/decapantes-a-frio\/metalstrip-3305\/#primaryimage\",\"url\":\"https:\/\/alit-tech.com\/wp-content\/uploads\/2024\/10\/sverniciatura-a-freddo.webp\",\"contentUrl\":\"https:\/\/alit-tech.com\/wp-content\/uploads\/2024\/10\/sverniciatura-a-freddo.webp\",\"width\":1276,\"height\":850},{\"@type\":\"BreadcrumbList\",\"@id\":\"https:\/\/alit-tech.com\/pt-pt\/decapantes\/decapantes-a-frio\/metalstrip-3305\/#breadcrumb\",\"itemListElement\":[{\"@type\":\"ListItem\",\"position\":1,\"name\":\"Home\",\"item\":\"https:\/\/alit-tech.com\/pt-pt\/\"},{\"@type\":\"ListItem\",\"position\":2,\"name\":\"Decapantes\",\"item\":\"https:\/\/alit-tech.com\/pt-pt\/decapantes\/\"},{\"@type\":\"ListItem\",\"position\":3,\"name\":\"Decapantes a Frio\",\"item\":\"https:\/\/alit-tech.com\/pt-pt\/decapantes\/decapantes-a-frio\/\"},{\"@type\":\"ListItem\",\"position\":4,\"name\":\"METALSTRIP 3305\"}]},{\"@type\":\"WebSite\",\"@id\":\"https:\/\/alit-tech.com\/it\/#website\",\"url\":\"https:\/\/alit-tech.com\/it\/\",\"name\":\"Alit technologies Spa\",\"description\":\"\",\"potentialAction\":[{\"@type\":\"SearchAction\",\"target\":{\"@type\":\"EntryPoint\",\"urlTemplate\":\"https:\/\/alit-tech.com\/it\/?s={search_term_string}\"},\"query-input\":\"required name=search_term_string\"}],\"inLanguage\":\"pt-PT\"}]}<\/script>\n<!-- \/ Yoast SEO plugin. -->","yoast_head_json":{"title":"Decapante l\u00edquido para remover pintura de madeira | Metalstrip 3305","description":"Metalstrip 3305: decapante l\u00edquido para madeira, \u00e0 base de \u00e1cido. Remove tintas a temperaturas at\u00e9 40 \u00b0C, preservando a integridade do substrato.","robots":{"index":"index","follow":"follow","max-snippet":"max-snippet:-1","max-image-preview":"max-image-preview:large","max-video-preview":"max-video-preview:-1"},"canonical":"https:\/\/alit-tech.com\/pt-pt\/decapantes\/decapantes-a-frio\/metalstrip-3305\/","og_locale":"pt_PT","og_type":"article","og_title":"Decapante l\u00edquido para remover pintura de madeira | Metalstrip 3305","og_description":"Metalstrip 3305: decapante l\u00edquido para madeira, \u00e0 base de \u00e1cido. Remove tintas a temperaturas at\u00e9 40 \u00b0C, preservando a integridade do substrato.","og_url":"https:\/\/alit-tech.com\/pt-pt\/decapantes\/decapantes-a-frio\/metalstrip-3305\/","og_site_name":"Alit technologies Spa","article_modified_time":"2025-08-28T07:51:46+00:00","og_image":[{"width":1276,"height":850,"url":"https:\/\/alit-tech.com\/wp-content\/uploads\/2024\/10\/sverniciatura-a-freddo.webp","type":"image\/webp"}],"twitter_card":"summary_large_image","twitter_misc":{"Tempo estimado de leitura":"1 minuto"},"schema":{"@context":"https:\/\/schema.org","@graph":[{"@type":"WebPage","@id":"https:\/\/alit-tech.com\/pt-pt\/decapantes\/decapantes-a-frio\/metalstrip-3305\/","url":"https:\/\/alit-tech.com\/pt-pt\/decapantes\/decapantes-a-frio\/metalstrip-3305\/","name":"Decapante l\u00edquido para remover pintura de madeira | Metalstrip 3305","isPartOf":{"@id":"https:\/\/alit-tech.com\/it\/#website"},"primaryImageOfPage":{"@id":"https:\/\/alit-tech.com\/pt-pt\/decapantes\/decapantes-a-frio\/metalstrip-3305\/#primaryimage"},"image":{"@id":"https:\/\/alit-tech.com\/pt-pt\/decapantes\/decapantes-a-frio\/metalstrip-3305\/#primaryimage"},"thumbnailUrl":"https:\/\/alit-tech.com\/wp-content\/uploads\/2024\/10\/sverniciatura-a-freddo.webp","datePublished":"2024-10-03T16:24:29+00:00","dateModified":"2025-08-28T07:51:46+00:00","description":"Metalstrip 3305: decapante l\u00edquido para madeira, \u00e0 base de \u00e1cido. Remove tintas a temperaturas at\u00e9 40 \u00b0C, preservando a integridade do substrato.","breadcrumb":{"@id":"https:\/\/alit-tech.com\/pt-pt\/decapantes\/decapantes-a-frio\/metalstrip-3305\/#breadcrumb"},"inLanguage":"pt-PT","potentialAction":[{"@type":"ReadAction","target":["https:\/\/alit-tech.com\/pt-pt\/decapantes\/decapantes-a-frio\/metalstrip-3305\/"]}]},{"@type":"ImageObject","inLanguage":"pt-PT","@id":"https:\/\/alit-tech.com\/pt-pt\/decapantes\/decapantes-a-frio\/metalstrip-3305\/#primaryimage","url":"https:\/\/alit-tech.com\/wp-content\/uploads\/2024\/10\/sverniciatura-a-freddo.webp","contentUrl":"https:\/\/alit-tech.com\/wp-content\/uploads\/2024\/10\/sverniciatura-a-freddo.webp","width":1276,"height":850},{"@type":"BreadcrumbList","@id":"https:\/\/alit-tech.com\/pt-pt\/decapantes\/decapantes-a-frio\/metalstrip-3305\/#breadcrumb","itemListElement":[{"@type":"ListItem","position":1,"name":"Home","item":"https:\/\/alit-tech.com\/pt-pt\/"},{"@type":"ListItem","position":2,"name":"Decapantes","item":"https:\/\/alit-tech.com\/pt-pt\/decapantes\/"},{"@type":"ListItem","position":3,"name":"Decapantes a Frio","item":"https:\/\/alit-tech.com\/pt-pt\/decapantes\/decapantes-a-frio\/"},{"@type":"ListItem","position":4,"name":"METALSTRIP 3305"}]},{"@type":"WebSite","@id":"https:\/\/alit-tech.com\/it\/#website","url":"https:\/\/alit-tech.com\/it\/","name":"Alit technologies Spa","description":"","potentialAction":[{"@type":"SearchAction","target":{"@type":"EntryPoint","urlTemplate":"https:\/\/alit-tech.com\/it\/?s={search_term_string}"},"query-input":"required name=search_term_string"}],"inLanguage":"pt-PT"}]}},"_links":{"self":[{"href":"https:\/\/alit-tech.com\/pt-pt\/wp-json\/wp\/v2\/pages\/14654"}],"collection":[{"href":"https:\/\/alit-tech.com\/pt-pt\/wp-json\/wp\/v2\/pages"}],"about":[{"href":"https:\/\/alit-tech.com\/pt-pt\/wp-json\/wp\/v2\/types\/page"}],"author":[{"embeddable":true,"href":"https:\/\/alit-tech.com\/pt-pt\/wp-json\/wp\/v2\/users\/1"}],"replies":[{"embeddable":true,"href":"https:\/\/alit-tech.com\/pt-pt\/wp-json\/wp\/v2\/comments?post=14654"}],"version-history":[{"count":2,"href":"https:\/\/alit-tech.com\/pt-pt\/wp-json\/wp\/v2\/pages\/14654\/revisions"}],"predecessor-version":[{"id":14657,"href":"https:\/\/alit-tech.com\/pt-pt\/wp-json\/wp\/v2\/pages\/14654\/revisions\/14657"}],"up":[{"embeddable":true,"href":"https:\/\/alit-tech.com\/pt-pt\/wp-json\/wp\/v2\/pages\/14622"}],"wp:featuredmedia":[{"embeddable":true,"href":"https:\/\/alit-tech.com\/pt-pt\/wp-json\/wp\/v2\/media\/12719"}],"wp:attachment":[{"href":"https:\/\/alit-tech.com\/pt-pt\/wp-json\/wp\/v2\/media?parent=14654"}],"curies":[{"name":"wp","href":"https:\/\/api.w.org\/{rel}","templated":true}]}}