{"id":14658,"date":"2024-10-03T18:27:36","date_gmt":"2024-10-03T16:27:36","guid":{"rendered":"https:\/\/alit-tech.com\/decapantes\/decapantes-a-frio\/metalstrip-1310-aktivator-1510\/"},"modified":"2025-08-28T09:51:02","modified_gmt":"2025-08-28T07:51:02","slug":"metalstrip-1310-aktivator-1510","status":"publish","type":"page","link":"https:\/\/alit-tech.com\/pt-pt\/decapantes\/decapantes-a-frio\/metalstrip-1310-aktivator-1510\/","title":{"rendered":"METALSTRIP 1310-AKTIVATOR 1510"},"content":{"rendered":"\n<p>Metalstrip 1310, combinado com Metalstrip Aktivator 1510, \u00e9 um produto de decapagem de m\u00e9dia temperatura projetado para remover rapidamente tintas de alum\u00ednio e suas ligas. Este produto \u00e9 pronto para uso e livre de hidrocarbonetos halogenados, sendo ideal para sistemas de imers\u00e3o e processos cont\u00ednuos de decapagem. O tempo de remo\u00e7\u00e3o varia de 15 minutos a 24 horas, dependendo do tipo de revestimento e espessura da tinta.<\/p>\n\n\n\n<div style=\"height:50px\" aria-hidden=\"true\" class=\"wp-block-spacer\"><\/div>\n\n\n\n<p><strong>Requisitos t\u00e9cnicos do sistema de decapagem<\/strong>\u00a0<br>Os materiais em contacto devem ser feitos de a\u00e7o carbono ou a\u00e7o inoxid\u00e1vel e devem ser resistentes a solu\u00e7\u00f5es fortemente alcalinas. O tanque de decapagem pode ser est\u00e1tico, mas o uso de misturadores ou bombas de circula\u00e7\u00e3o melhora o desempenho do processo. A utiliza\u00e7\u00e3o de sistemas espec\u00edficos de filtra\u00e7\u00e3o permitir\u00e1 a separa\u00e7\u00e3o de res\u00edduos de tinta, prolongando significativamente a vida \u00fatil do banho de decapagem.<\/p>\n\n\n\n<div style=\"height:50px\" aria-hidden=\"true\" class=\"wp-block-spacer\"><\/div>\n\n\n\n<p>O controle do banho de decapagem pode ser realizado com instru\u00e7\u00f5es espec\u00edficas dispon\u00edveis mediante solicita\u00e7\u00e3o. A realiza\u00e7\u00e3o regular dessas an\u00e1lises permitir\u00e1 otimizar o desempenho do produto.\u00a0<\/p>\n","protected":false},"excerpt":{"rendered":"<p>Metalstrip 1310, combinado com Metalstrip Aktivator 1510, \u00e9 um produto de decapagem de m\u00e9dia temperatura projetado para remover rapidamente tintas de alum\u00ednio e suas ligas. Este produto \u00e9 pronto para uso e livre de hidrocarbonetos halogenados, sendo ideal para sistemas de imers\u00e3o e processos cont\u00ednuos de decapagem. O tempo de remo\u00e7\u00e3o varia de 15 minutos [&hellip;]<\/p>\n","protected":false},"author":1,"featured_media":12719,"parent":14622,"menu_order":0,"comment_status":"closed","ping_status":"closed","template":"template-pages\/08_chemical_cat_product.php","meta":{"_acf_changed":false,"footnotes":""},"class_list":["post-14658","page","type-page","status-publish","has-post-thumbnail","hentry"],"acf":[],"yoast_head":"<!-- This site is optimized with the Yoast SEO plugin v23.1 - https:\/\/yoast.com\/wordpress\/plugins\/seo\/ -->\n<title>Removedor de tinta quimico a quente e a frio | Metalstrip 1310<\/title>\n<meta name=\"description\" content=\"Metalstrip 1310: removedor de tinta quimico a quente e a frio, ideal para imers\u00e3o a m\u00e9dia temperatura em alum\u00ednio, a\u00e7o e ligas leves. Pe\u00e7a um or\u00e7amento!\" \/>\n<meta name=\"robots\" content=\"index, follow, max-snippet:-1, max-image-preview:large, max-video-preview:-1\" \/>\n<link rel=\"canonical\" href=\"https:\/\/alit-tech.com\/pt-pt\/decapantes\/decapantes-a-frio\/metalstrip-1310-aktivator-1510\/\" \/>\n<meta property=\"og:locale\" content=\"pt_PT\" \/>\n<meta property=\"og:type\" content=\"article\" \/>\n<meta property=\"og:title\" content=\"Removedor de tinta quimico a quente e a frio | Metalstrip 1310\" \/>\n<meta property=\"og:description\" content=\"Metalstrip 1310: removedor de tinta quimico a quente e a frio, ideal para imers\u00e3o a m\u00e9dia temperatura em alum\u00ednio, a\u00e7o e ligas leves. Pe\u00e7a um or\u00e7amento!\" \/>\n<meta property=\"og:url\" content=\"https:\/\/alit-tech.com\/pt-pt\/decapantes\/decapantes-a-frio\/metalstrip-1310-aktivator-1510\/\" \/>\n<meta property=\"og:site_name\" content=\"Alit technologies Spa\" \/>\n<meta property=\"article:modified_time\" content=\"2025-08-28T07:51:02+00:00\" \/>\n<meta property=\"og:image\" content=\"https:\/\/alit-tech.com\/wp-content\/uploads\/2024\/10\/sverniciatura-a-freddo.webp\" \/>\n\t<meta property=\"og:image:width\" content=\"1276\" \/>\n\t<meta property=\"og:image:height\" content=\"850\" \/>\n\t<meta property=\"og:image:type\" content=\"image\/webp\" \/>\n<meta name=\"twitter:card\" content=\"summary_large_image\" \/>\n<meta name=\"twitter:label1\" content=\"Tempo estimado de leitura\" \/>\n\t<meta name=\"twitter:data1\" content=\"1 minuto\" \/>\n<script type=\"application\/ld+json\" class=\"yoast-schema-graph\">{\"@context\":\"https:\/\/schema.org\",\"@graph\":[{\"@type\":\"WebPage\",\"@id\":\"https:\/\/alit-tech.com\/pt-pt\/decapantes\/decapantes-a-frio\/metalstrip-1310-aktivator-1510\/\",\"url\":\"https:\/\/alit-tech.com\/pt-pt\/decapantes\/decapantes-a-frio\/metalstrip-1310-aktivator-1510\/\",\"name\":\"Removedor de tinta quimico a quente e a frio | Metalstrip 1310\",\"isPartOf\":{\"@id\":\"https:\/\/alit-tech.com\/it\/#website\"},\"primaryImageOfPage\":{\"@id\":\"https:\/\/alit-tech.com\/pt-pt\/decapantes\/decapantes-a-frio\/metalstrip-1310-aktivator-1510\/#primaryimage\"},\"image\":{\"@id\":\"https:\/\/alit-tech.com\/pt-pt\/decapantes\/decapantes-a-frio\/metalstrip-1310-aktivator-1510\/#primaryimage\"},\"thumbnailUrl\":\"https:\/\/alit-tech.com\/wp-content\/uploads\/2024\/10\/sverniciatura-a-freddo.webp\",\"datePublished\":\"2024-10-03T16:27:36+00:00\",\"dateModified\":\"2025-08-28T07:51:02+00:00\",\"description\":\"Metalstrip 1310: removedor de tinta quimico a quente e a frio, ideal para imers\u00e3o a m\u00e9dia temperatura em alum\u00ednio, a\u00e7o e ligas leves. Pe\u00e7a um or\u00e7amento!\",\"breadcrumb\":{\"@id\":\"https:\/\/alit-tech.com\/pt-pt\/decapantes\/decapantes-a-frio\/metalstrip-1310-aktivator-1510\/#breadcrumb\"},\"inLanguage\":\"pt-PT\",\"potentialAction\":[{\"@type\":\"ReadAction\",\"target\":[\"https:\/\/alit-tech.com\/pt-pt\/decapantes\/decapantes-a-frio\/metalstrip-1310-aktivator-1510\/\"]}]},{\"@type\":\"ImageObject\",\"inLanguage\":\"pt-PT\",\"@id\":\"https:\/\/alit-tech.com\/pt-pt\/decapantes\/decapantes-a-frio\/metalstrip-1310-aktivator-1510\/#primaryimage\",\"url\":\"https:\/\/alit-tech.com\/wp-content\/uploads\/2024\/10\/sverniciatura-a-freddo.webp\",\"contentUrl\":\"https:\/\/alit-tech.com\/wp-content\/uploads\/2024\/10\/sverniciatura-a-freddo.webp\",\"width\":1276,\"height\":850},{\"@type\":\"BreadcrumbList\",\"@id\":\"https:\/\/alit-tech.com\/pt-pt\/decapantes\/decapantes-a-frio\/metalstrip-1310-aktivator-1510\/#breadcrumb\",\"itemListElement\":[{\"@type\":\"ListItem\",\"position\":1,\"name\":\"Home\",\"item\":\"https:\/\/alit-tech.com\/pt-pt\/\"},{\"@type\":\"ListItem\",\"position\":2,\"name\":\"Decapantes\",\"item\":\"https:\/\/alit-tech.com\/pt-pt\/decapantes\/\"},{\"@type\":\"ListItem\",\"position\":3,\"name\":\"Decapantes a Frio\",\"item\":\"https:\/\/alit-tech.com\/pt-pt\/decapantes\/decapantes-a-frio\/\"},{\"@type\":\"ListItem\",\"position\":4,\"name\":\"METALSTRIP 1310-AKTIVATOR 1510\"}]},{\"@type\":\"WebSite\",\"@id\":\"https:\/\/alit-tech.com\/it\/#website\",\"url\":\"https:\/\/alit-tech.com\/it\/\",\"name\":\"Alit technologies Spa\",\"description\":\"\",\"potentialAction\":[{\"@type\":\"SearchAction\",\"target\":{\"@type\":\"EntryPoint\",\"urlTemplate\":\"https:\/\/alit-tech.com\/it\/?s={search_term_string}\"},\"query-input\":\"required name=search_term_string\"}],\"inLanguage\":\"pt-PT\"}]}<\/script>\n<!-- \/ Yoast SEO plugin. -->","yoast_head_json":{"title":"Removedor de tinta quimico a quente e a frio | Metalstrip 1310","description":"Metalstrip 1310: removedor de tinta quimico a quente e a frio, ideal para imers\u00e3o a m\u00e9dia temperatura em alum\u00ednio, a\u00e7o e ligas leves. Pe\u00e7a um or\u00e7amento!","robots":{"index":"index","follow":"follow","max-snippet":"max-snippet:-1","max-image-preview":"max-image-preview:large","max-video-preview":"max-video-preview:-1"},"canonical":"https:\/\/alit-tech.com\/pt-pt\/decapantes\/decapantes-a-frio\/metalstrip-1310-aktivator-1510\/","og_locale":"pt_PT","og_type":"article","og_title":"Removedor de tinta quimico a quente e a frio | Metalstrip 1310","og_description":"Metalstrip 1310: removedor de tinta quimico a quente e a frio, ideal para imers\u00e3o a m\u00e9dia temperatura em alum\u00ednio, a\u00e7o e ligas leves. Pe\u00e7a um or\u00e7amento!","og_url":"https:\/\/alit-tech.com\/pt-pt\/decapantes\/decapantes-a-frio\/metalstrip-1310-aktivator-1510\/","og_site_name":"Alit technologies Spa","article_modified_time":"2025-08-28T07:51:02+00:00","og_image":[{"width":1276,"height":850,"url":"https:\/\/alit-tech.com\/wp-content\/uploads\/2024\/10\/sverniciatura-a-freddo.webp","type":"image\/webp"}],"twitter_card":"summary_large_image","twitter_misc":{"Tempo estimado de leitura":"1 minuto"},"schema":{"@context":"https:\/\/schema.org","@graph":[{"@type":"WebPage","@id":"https:\/\/alit-tech.com\/pt-pt\/decapantes\/decapantes-a-frio\/metalstrip-1310-aktivator-1510\/","url":"https:\/\/alit-tech.com\/pt-pt\/decapantes\/decapantes-a-frio\/metalstrip-1310-aktivator-1510\/","name":"Removedor de tinta quimico a quente e a frio | Metalstrip 1310","isPartOf":{"@id":"https:\/\/alit-tech.com\/it\/#website"},"primaryImageOfPage":{"@id":"https:\/\/alit-tech.com\/pt-pt\/decapantes\/decapantes-a-frio\/metalstrip-1310-aktivator-1510\/#primaryimage"},"image":{"@id":"https:\/\/alit-tech.com\/pt-pt\/decapantes\/decapantes-a-frio\/metalstrip-1310-aktivator-1510\/#primaryimage"},"thumbnailUrl":"https:\/\/alit-tech.com\/wp-content\/uploads\/2024\/10\/sverniciatura-a-freddo.webp","datePublished":"2024-10-03T16:27:36+00:00","dateModified":"2025-08-28T07:51:02+00:00","description":"Metalstrip 1310: removedor de tinta quimico a quente e a frio, ideal para imers\u00e3o a m\u00e9dia temperatura em alum\u00ednio, a\u00e7o e ligas leves. Pe\u00e7a um or\u00e7amento!","breadcrumb":{"@id":"https:\/\/alit-tech.com\/pt-pt\/decapantes\/decapantes-a-frio\/metalstrip-1310-aktivator-1510\/#breadcrumb"},"inLanguage":"pt-PT","potentialAction":[{"@type":"ReadAction","target":["https:\/\/alit-tech.com\/pt-pt\/decapantes\/decapantes-a-frio\/metalstrip-1310-aktivator-1510\/"]}]},{"@type":"ImageObject","inLanguage":"pt-PT","@id":"https:\/\/alit-tech.com\/pt-pt\/decapantes\/decapantes-a-frio\/metalstrip-1310-aktivator-1510\/#primaryimage","url":"https:\/\/alit-tech.com\/wp-content\/uploads\/2024\/10\/sverniciatura-a-freddo.webp","contentUrl":"https:\/\/alit-tech.com\/wp-content\/uploads\/2024\/10\/sverniciatura-a-freddo.webp","width":1276,"height":850},{"@type":"BreadcrumbList","@id":"https:\/\/alit-tech.com\/pt-pt\/decapantes\/decapantes-a-frio\/metalstrip-1310-aktivator-1510\/#breadcrumb","itemListElement":[{"@type":"ListItem","position":1,"name":"Home","item":"https:\/\/alit-tech.com\/pt-pt\/"},{"@type":"ListItem","position":2,"name":"Decapantes","item":"https:\/\/alit-tech.com\/pt-pt\/decapantes\/"},{"@type":"ListItem","position":3,"name":"Decapantes a Frio","item":"https:\/\/alit-tech.com\/pt-pt\/decapantes\/decapantes-a-frio\/"},{"@type":"ListItem","position":4,"name":"METALSTRIP 1310-AKTIVATOR 1510"}]},{"@type":"WebSite","@id":"https:\/\/alit-tech.com\/it\/#website","url":"https:\/\/alit-tech.com\/it\/","name":"Alit technologies Spa","description":"","potentialAction":[{"@type":"SearchAction","target":{"@type":"EntryPoint","urlTemplate":"https:\/\/alit-tech.com\/it\/?s={search_term_string}"},"query-input":"required name=search_term_string"}],"inLanguage":"pt-PT"}]}},"_links":{"self":[{"href":"https:\/\/alit-tech.com\/pt-pt\/wp-json\/wp\/v2\/pages\/14658"}],"collection":[{"href":"https:\/\/alit-tech.com\/pt-pt\/wp-json\/wp\/v2\/pages"}],"about":[{"href":"https:\/\/alit-tech.com\/pt-pt\/wp-json\/wp\/v2\/types\/page"}],"author":[{"embeddable":true,"href":"https:\/\/alit-tech.com\/pt-pt\/wp-json\/wp\/v2\/users\/1"}],"replies":[{"embeddable":true,"href":"https:\/\/alit-tech.com\/pt-pt\/wp-json\/wp\/v2\/comments?post=14658"}],"version-history":[{"count":2,"href":"https:\/\/alit-tech.com\/pt-pt\/wp-json\/wp\/v2\/pages\/14658\/revisions"}],"predecessor-version":[{"id":14661,"href":"https:\/\/alit-tech.com\/pt-pt\/wp-json\/wp\/v2\/pages\/14658\/revisions\/14661"}],"up":[{"embeddable":true,"href":"https:\/\/alit-tech.com\/pt-pt\/wp-json\/wp\/v2\/pages\/14622"}],"wp:featuredmedia":[{"embeddable":true,"href":"https:\/\/alit-tech.com\/pt-pt\/wp-json\/wp\/v2\/media\/12719"}],"wp:attachment":[{"href":"https:\/\/alit-tech.com\/pt-pt\/wp-json\/wp\/v2\/media?parent=14658"}],"curies":[{"name":"wp","href":"https:\/\/api.w.org\/{rel}","templated":true}]}}