{"id":14662,"date":"2024-10-03T18:11:47","date_gmt":"2024-10-03T16:11:47","guid":{"rendered":"https:\/\/alit-tech.com\/decapantes\/decapantes-para-usos-a-altas-temperaturas\/metalstrip-1727-3\/"},"modified":"2025-08-28T10:05:44","modified_gmt":"2025-08-28T08:05:44","slug":"metalstrip-1727-3","status":"publish","type":"page","link":"https:\/\/alit-tech.com\/pt-pt\/decapantes\/decapantes-para-usos-a-altas-temperaturas\/metalstrip-1727-3\/","title":{"rendered":"METALSTRIP 1727\/3"},"content":{"rendered":"\n<p>Metalstrip 1727\/3, combinado com Metalstrip Aktivator 1553, \u00e9 um produto de decapagem de a\u00e7\u00e3o r\u00e1pida projetado para a remo\u00e7\u00e3o de tintas de superf\u00edcies ferrosas e de alum\u00ednio. Pronto para uso e livre de hidrocarbonetos halogenados, \u00e9 ideal para sistemas de pulveriza\u00e7\u00e3o e imers\u00e3o. O tempo de remo\u00e7\u00e3o da tinta varia de 5 minutos a 6 horas, dependendo do tipo de revestimento e espessura. Este produto n\u00e3o \u00e9 espumante e \u00e9 especialmente adequado para aplica\u00e7\u00f5es por pulveriza\u00e7\u00e3o.<\/p>\n\n\n\n<div style=\"height:50px\" aria-hidden=\"true\" class=\"wp-block-spacer\"><\/div>\n\n\n\n<p><strong>Requisitos t\u00e9cnicos do sistema de decapagem<\/strong>&nbsp;<br>Os materiais em contacto devem ser feitos de a\u00e7o carbono ou a\u00e7o inoxid\u00e1vel e devem ser resistentes a solu\u00e7\u00f5es alcalinas aquecidas at\u00e9 120\u00b0C. O tanque de decapagem deve ser constantemente misturado com o uso de misturadores ou bombas apropriadas. A utiliza\u00e7\u00e3o de sistemas espec\u00edficos de filtra\u00e7\u00e3o permitir\u00e1 a separa\u00e7\u00e3o de res\u00edduos de tinta, prolongando significativamente a vida \u00fatil do banho de decapagem.&nbsp;<\/p>\n\n\n\n<div style=\"height:50px\" aria-hidden=\"true\" class=\"wp-block-spacer\"><\/div>\n\n\n\n<p>O controle do banho de decapagem pode ser realizado com instru\u00e7\u00f5es espec\u00edficas dispon\u00edveis mediante solicita\u00e7\u00e3o. A realiza\u00e7\u00e3o regular dessas an\u00e1lises permitir\u00e1 otimizar o desempenho do produto.&nbsp;<\/p>\n","protected":false},"excerpt":{"rendered":"<p>Metalstrip 1727\/3, combinado com Metalstrip Aktivator 1553, \u00e9 um produto de decapagem de a\u00e7\u00e3o r\u00e1pida projetado para a remo\u00e7\u00e3o de tintas de superf\u00edcies ferrosas e de alum\u00ednio. Pronto para uso e livre de hidrocarbonetos halogenados, \u00e9 ideal para sistemas de pulveriza\u00e7\u00e3o e imers\u00e3o. O tempo de remo\u00e7\u00e3o da tinta varia de 5 minutos a 6 [&hellip;]<\/p>\n","protected":false},"author":1,"featured_media":12707,"parent":14619,"menu_order":0,"comment_status":"closed","ping_status":"closed","template":"template-pages\/08_chemical_cat_product.php","meta":{"_acf_changed":false,"footnotes":""},"class_list":["post-14662","page","type-page","status-publish","has-post-thumbnail","hentry"],"acf":[],"yoast_head":"<!-- This site is optimized with the Yoast SEO plugin v23.1 - https:\/\/yoast.com\/wordpress\/plugins\/seo\/ -->\n<title>Removedor de tinta industrial: Decapante met\u00e1lico METALSTRIP 1727\/3<\/title>\n<meta name=\"description\" content=\"Visite o site e descubra o Metalstrip 1727\/3: remo\u00e7\u00e3o industrial de tinta em metais ferrosos e alum\u00ednio, ideal para sistemas de pulveriza\u00e7\u00e3o a 120 \u00b0C.\" \/>\n<meta name=\"robots\" content=\"index, follow, max-snippet:-1, max-image-preview:large, max-video-preview:-1\" \/>\n<link rel=\"canonical\" href=\"https:\/\/alit-tech.com\/pt-pt\/decapantes\/decapantes-para-usos-a-altas-temperaturas\/metalstrip-1727-3\/\" \/>\n<meta property=\"og:locale\" content=\"pt_PT\" \/>\n<meta property=\"og:type\" content=\"article\" \/>\n<meta property=\"og:title\" content=\"Removedor de tinta industrial: Decapante met\u00e1lico METALSTRIP 1727\/3\" \/>\n<meta property=\"og:description\" content=\"Visite o site e descubra o Metalstrip 1727\/3: remo\u00e7\u00e3o industrial de tinta em metais ferrosos e alum\u00ednio, ideal para sistemas de pulveriza\u00e7\u00e3o a 120 \u00b0C.\" \/>\n<meta property=\"og:url\" content=\"https:\/\/alit-tech.com\/pt-pt\/decapantes\/decapantes-para-usos-a-altas-temperaturas\/metalstrip-1727-3\/\" \/>\n<meta property=\"og:site_name\" content=\"Alit technologies Spa\" \/>\n<meta property=\"article:modified_time\" content=\"2025-08-28T08:05:44+00:00\" \/>\n<meta property=\"og:image\" content=\"https:\/\/alit-tech.com\/wp-content\/uploads\/2024\/10\/Svernicianti.webp\" \/>\n\t<meta property=\"og:image:width\" content=\"1276\" \/>\n\t<meta property=\"og:image:height\" content=\"850\" \/>\n\t<meta property=\"og:image:type\" content=\"image\/webp\" \/>\n<meta name=\"twitter:card\" content=\"summary_large_image\" \/>\n<meta name=\"twitter:label1\" content=\"Tempo estimado de leitura\" \/>\n\t<meta name=\"twitter:data1\" content=\"1 minuto\" \/>\n<script type=\"application\/ld+json\" class=\"yoast-schema-graph\">{\"@context\":\"https:\/\/schema.org\",\"@graph\":[{\"@type\":\"WebPage\",\"@id\":\"https:\/\/alit-tech.com\/pt-pt\/decapantes\/decapantes-para-usos-a-altas-temperaturas\/metalstrip-1727-3\/\",\"url\":\"https:\/\/alit-tech.com\/pt-pt\/decapantes\/decapantes-para-usos-a-altas-temperaturas\/metalstrip-1727-3\/\",\"name\":\"Removedor de tinta industrial: Decapante met\u00e1lico METALSTRIP 1727\/3\",\"isPartOf\":{\"@id\":\"https:\/\/alit-tech.com\/it\/#website\"},\"primaryImageOfPage\":{\"@id\":\"https:\/\/alit-tech.com\/pt-pt\/decapantes\/decapantes-para-usos-a-altas-temperaturas\/metalstrip-1727-3\/#primaryimage\"},\"image\":{\"@id\":\"https:\/\/alit-tech.com\/pt-pt\/decapantes\/decapantes-para-usos-a-altas-temperaturas\/metalstrip-1727-3\/#primaryimage\"},\"thumbnailUrl\":\"https:\/\/alit-tech.com\/wp-content\/uploads\/2024\/10\/Svernicianti.webp\",\"datePublished\":\"2024-10-03T16:11:47+00:00\",\"dateModified\":\"2025-08-28T08:05:44+00:00\",\"description\":\"Visite o site e descubra o Metalstrip 1727\/3: remo\u00e7\u00e3o industrial de tinta em metais ferrosos e alum\u00ednio, ideal para sistemas de pulveriza\u00e7\u00e3o a 120 \u00b0C.\",\"breadcrumb\":{\"@id\":\"https:\/\/alit-tech.com\/pt-pt\/decapantes\/decapantes-para-usos-a-altas-temperaturas\/metalstrip-1727-3\/#breadcrumb\"},\"inLanguage\":\"pt-PT\",\"potentialAction\":[{\"@type\":\"ReadAction\",\"target\":[\"https:\/\/alit-tech.com\/pt-pt\/decapantes\/decapantes-para-usos-a-altas-temperaturas\/metalstrip-1727-3\/\"]}]},{\"@type\":\"ImageObject\",\"inLanguage\":\"pt-PT\",\"@id\":\"https:\/\/alit-tech.com\/pt-pt\/decapantes\/decapantes-para-usos-a-altas-temperaturas\/metalstrip-1727-3\/#primaryimage\",\"url\":\"https:\/\/alit-tech.com\/wp-content\/uploads\/2024\/10\/Svernicianti.webp\",\"contentUrl\":\"https:\/\/alit-tech.com\/wp-content\/uploads\/2024\/10\/Svernicianti.webp\",\"width\":1276,\"height\":850},{\"@type\":\"BreadcrumbList\",\"@id\":\"https:\/\/alit-tech.com\/pt-pt\/decapantes\/decapantes-para-usos-a-altas-temperaturas\/metalstrip-1727-3\/#breadcrumb\",\"itemListElement\":[{\"@type\":\"ListItem\",\"position\":1,\"name\":\"Home\",\"item\":\"https:\/\/alit-tech.com\/pt-pt\/\"},{\"@type\":\"ListItem\",\"position\":2,\"name\":\"Decapantes\",\"item\":\"https:\/\/alit-tech.com\/pt-pt\/decapantes\/\"},{\"@type\":\"ListItem\",\"position\":3,\"name\":\"Decapantes para usos a altas temperaturas\",\"item\":\"https:\/\/alit-tech.com\/pt-pt\/decapantes\/decapantes-para-usos-a-altas-temperaturas\/\"},{\"@type\":\"ListItem\",\"position\":4,\"name\":\"METALSTRIP 1727\/3\"}]},{\"@type\":\"WebSite\",\"@id\":\"https:\/\/alit-tech.com\/it\/#website\",\"url\":\"https:\/\/alit-tech.com\/it\/\",\"name\":\"Alit technologies Spa\",\"description\":\"\",\"potentialAction\":[{\"@type\":\"SearchAction\",\"target\":{\"@type\":\"EntryPoint\",\"urlTemplate\":\"https:\/\/alit-tech.com\/it\/?s={search_term_string}\"},\"query-input\":\"required name=search_term_string\"}],\"inLanguage\":\"pt-PT\"}]}<\/script>\n<!-- \/ Yoast SEO plugin. -->","yoast_head_json":{"title":"Removedor de tinta industrial: Decapante met\u00e1lico METALSTRIP 1727\/3","description":"Visite o site e descubra o Metalstrip 1727\/3: remo\u00e7\u00e3o industrial de tinta em metais ferrosos e alum\u00ednio, ideal para sistemas de pulveriza\u00e7\u00e3o a 120 \u00b0C.","robots":{"index":"index","follow":"follow","max-snippet":"max-snippet:-1","max-image-preview":"max-image-preview:large","max-video-preview":"max-video-preview:-1"},"canonical":"https:\/\/alit-tech.com\/pt-pt\/decapantes\/decapantes-para-usos-a-altas-temperaturas\/metalstrip-1727-3\/","og_locale":"pt_PT","og_type":"article","og_title":"Removedor de tinta industrial: Decapante met\u00e1lico METALSTRIP 1727\/3","og_description":"Visite o site e descubra o Metalstrip 1727\/3: remo\u00e7\u00e3o industrial de tinta em metais ferrosos e alum\u00ednio, ideal para sistemas de pulveriza\u00e7\u00e3o a 120 \u00b0C.","og_url":"https:\/\/alit-tech.com\/pt-pt\/decapantes\/decapantes-para-usos-a-altas-temperaturas\/metalstrip-1727-3\/","og_site_name":"Alit technologies Spa","article_modified_time":"2025-08-28T08:05:44+00:00","og_image":[{"width":1276,"height":850,"url":"https:\/\/alit-tech.com\/wp-content\/uploads\/2024\/10\/Svernicianti.webp","type":"image\/webp"}],"twitter_card":"summary_large_image","twitter_misc":{"Tempo estimado de leitura":"1 minuto"},"schema":{"@context":"https:\/\/schema.org","@graph":[{"@type":"WebPage","@id":"https:\/\/alit-tech.com\/pt-pt\/decapantes\/decapantes-para-usos-a-altas-temperaturas\/metalstrip-1727-3\/","url":"https:\/\/alit-tech.com\/pt-pt\/decapantes\/decapantes-para-usos-a-altas-temperaturas\/metalstrip-1727-3\/","name":"Removedor de tinta industrial: Decapante met\u00e1lico METALSTRIP 1727\/3","isPartOf":{"@id":"https:\/\/alit-tech.com\/it\/#website"},"primaryImageOfPage":{"@id":"https:\/\/alit-tech.com\/pt-pt\/decapantes\/decapantes-para-usos-a-altas-temperaturas\/metalstrip-1727-3\/#primaryimage"},"image":{"@id":"https:\/\/alit-tech.com\/pt-pt\/decapantes\/decapantes-para-usos-a-altas-temperaturas\/metalstrip-1727-3\/#primaryimage"},"thumbnailUrl":"https:\/\/alit-tech.com\/wp-content\/uploads\/2024\/10\/Svernicianti.webp","datePublished":"2024-10-03T16:11:47+00:00","dateModified":"2025-08-28T08:05:44+00:00","description":"Visite o site e descubra o Metalstrip 1727\/3: remo\u00e7\u00e3o industrial de tinta em metais ferrosos e alum\u00ednio, ideal para sistemas de pulveriza\u00e7\u00e3o a 120 \u00b0C.","breadcrumb":{"@id":"https:\/\/alit-tech.com\/pt-pt\/decapantes\/decapantes-para-usos-a-altas-temperaturas\/metalstrip-1727-3\/#breadcrumb"},"inLanguage":"pt-PT","potentialAction":[{"@type":"ReadAction","target":["https:\/\/alit-tech.com\/pt-pt\/decapantes\/decapantes-para-usos-a-altas-temperaturas\/metalstrip-1727-3\/"]}]},{"@type":"ImageObject","inLanguage":"pt-PT","@id":"https:\/\/alit-tech.com\/pt-pt\/decapantes\/decapantes-para-usos-a-altas-temperaturas\/metalstrip-1727-3\/#primaryimage","url":"https:\/\/alit-tech.com\/wp-content\/uploads\/2024\/10\/Svernicianti.webp","contentUrl":"https:\/\/alit-tech.com\/wp-content\/uploads\/2024\/10\/Svernicianti.webp","width":1276,"height":850},{"@type":"BreadcrumbList","@id":"https:\/\/alit-tech.com\/pt-pt\/decapantes\/decapantes-para-usos-a-altas-temperaturas\/metalstrip-1727-3\/#breadcrumb","itemListElement":[{"@type":"ListItem","position":1,"name":"Home","item":"https:\/\/alit-tech.com\/pt-pt\/"},{"@type":"ListItem","position":2,"name":"Decapantes","item":"https:\/\/alit-tech.com\/pt-pt\/decapantes\/"},{"@type":"ListItem","position":3,"name":"Decapantes para usos a altas temperaturas","item":"https:\/\/alit-tech.com\/pt-pt\/decapantes\/decapantes-para-usos-a-altas-temperaturas\/"},{"@type":"ListItem","position":4,"name":"METALSTRIP 1727\/3"}]},{"@type":"WebSite","@id":"https:\/\/alit-tech.com\/it\/#website","url":"https:\/\/alit-tech.com\/it\/","name":"Alit technologies Spa","description":"","potentialAction":[{"@type":"SearchAction","target":{"@type":"EntryPoint","urlTemplate":"https:\/\/alit-tech.com\/it\/?s={search_term_string}"},"query-input":"required name=search_term_string"}],"inLanguage":"pt-PT"}]}},"_links":{"self":[{"href":"https:\/\/alit-tech.com\/pt-pt\/wp-json\/wp\/v2\/pages\/14662"}],"collection":[{"href":"https:\/\/alit-tech.com\/pt-pt\/wp-json\/wp\/v2\/pages"}],"about":[{"href":"https:\/\/alit-tech.com\/pt-pt\/wp-json\/wp\/v2\/types\/page"}],"author":[{"embeddable":true,"href":"https:\/\/alit-tech.com\/pt-pt\/wp-json\/wp\/v2\/users\/1"}],"replies":[{"embeddable":true,"href":"https:\/\/alit-tech.com\/pt-pt\/wp-json\/wp\/v2\/comments?post=14662"}],"version-history":[{"count":1,"href":"https:\/\/alit-tech.com\/pt-pt\/wp-json\/wp\/v2\/pages\/14662\/revisions"}],"predecessor-version":[{"id":14664,"href":"https:\/\/alit-tech.com\/pt-pt\/wp-json\/wp\/v2\/pages\/14662\/revisions\/14664"}],"up":[{"embeddable":true,"href":"https:\/\/alit-tech.com\/pt-pt\/wp-json\/wp\/v2\/pages\/14619"}],"wp:featuredmedia":[{"embeddable":true,"href":"https:\/\/alit-tech.com\/pt-pt\/wp-json\/wp\/v2\/media\/12707"}],"wp:attachment":[{"href":"https:\/\/alit-tech.com\/pt-pt\/wp-json\/wp\/v2\/media?parent=14662"}],"curies":[{"name":"wp","href":"https:\/\/api.w.org\/{rel}","templated":true}]}}