{"id":14675,"date":"2024-10-03T15:26:30","date_gmt":"2024-10-03T13:26:30","guid":{"rendered":"https:\/\/alit-tech.com\/decapantes\/decapantes-a-quente-para-aluminio-zinco-e-ligas-leves\/metalstrip-1333-1-aktivator-1533\/"},"modified":"2025-08-28T09:54:48","modified_gmt":"2025-08-28T07:54:48","slug":"metalstrip-1333-1-aktivator-1533","status":"publish","type":"page","link":"https:\/\/alit-tech.com\/pt-pt\/decapantes\/decapantes-a-quente-para-aluminio-zinco-e-ligas-leves\/metalstrip-1333-1-aktivator-1533\/","title":{"rendered":"METALSTRIP 1333\/1-AKTIVATOR 1533"},"content":{"rendered":"\n<p>Metalstrip 1333\/1, combinado com Metalstrip Aktivator 1533, \u00e9 um produto de decapagem de a\u00e7\u00e3o r\u00e1pida projetado para remover tintas de alum\u00ednio, ferro e a\u00e7o sem atacar o metal base. Este produto est\u00e1 pronto para uso e \u00e9 ideal para sistemas de imers\u00e3o e pulveriza\u00e7\u00e3o. O tempo de remo\u00e7\u00e3o da tinta varia de 15 minutos a 24 horas, dependendo do tipo de revestimento e da espessura da tinta. Pode ser utilizado em mascaramentos de silicone ap\u00f3s an\u00e1lise preliminar.<\/p>\n\n\n\n<div style=\"height:50px\" aria-hidden=\"true\" class=\"wp-block-spacer\"><\/div>\n\n\n\n<p><strong>Requisitos t\u00e9cnicos do sistema de decapagem<br><\/strong>Os materiais em contato devem ser feitos de a\u00e7o carbono ou a\u00e7o inoxid\u00e1vel e devem ser resistentes a solu\u00e7\u00f5es alcalinas. O tanque de decapagem pode ser est\u00e1tico, mas o uso de misturadores ou bombas de circula\u00e7\u00e3o melhora o desempenho do processo. A utiliza\u00e7\u00e3o de sistemas espec\u00edficos de filtra\u00e7\u00e3o permitir\u00e1 a separa\u00e7\u00e3o de res\u00edduos de tinta, prolongando significativamente a vida \u00fatil do banho de decapagem.\u00a0<\/p>\n","protected":false},"excerpt":{"rendered":"<p>Metalstrip 1333\/1, combinado com Metalstrip Aktivator 1533, \u00e9 um produto de decapagem de a\u00e7\u00e3o r\u00e1pida projetado para remover tintas de alum\u00ednio, ferro e a\u00e7o sem atacar o metal base. Este produto est\u00e1 pronto para uso e \u00e9 ideal para sistemas de imers\u00e3o e pulveriza\u00e7\u00e3o. O tempo de remo\u00e7\u00e3o da tinta varia de 15 minutos a [&hellip;]<\/p>\n","protected":false},"author":1,"featured_media":12663,"parent":14605,"menu_order":0,"comment_status":"closed","ping_status":"closed","template":"template-pages\/08_chemical_cat_product.php","meta":{"_acf_changed":false,"footnotes":""},"class_list":["post-14675","page","type-page","status-publish","has-post-thumbnail","hentry"],"acf":[],"yoast_head":"<!-- This site is optimized with the Yoast SEO plugin v23.1 - https:\/\/yoast.com\/wordpress\/plugins\/seo\/ -->\n<title>Processo de remo\u00e7\u00e3o de tinta a quente | Metalstrip 1333\/1<\/title>\n<meta name=\"description\" content=\"Visite o site e descubra o Metalstrip 1333\/1: processo de remo\u00e7\u00e3o de tinta a quente de alto desempenho, ideal para sistemas de imers\u00e3o e pulveriza\u00e7\u00e3o.\" \/>\n<meta name=\"robots\" content=\"index, follow, max-snippet:-1, max-image-preview:large, max-video-preview:-1\" \/>\n<link rel=\"canonical\" href=\"https:\/\/alit-tech.com\/pt-pt\/decapantes\/decapantes-a-quente-para-aluminio-zinco-e-ligas-leves\/metalstrip-1333-1-aktivator-1533\/\" \/>\n<meta property=\"og:locale\" content=\"pt_PT\" \/>\n<meta property=\"og:type\" content=\"article\" \/>\n<meta property=\"og:title\" content=\"Processo de remo\u00e7\u00e3o de tinta a quente | Metalstrip 1333\/1\" \/>\n<meta property=\"og:description\" content=\"Visite o site e descubra o Metalstrip 1333\/1: processo de remo\u00e7\u00e3o de tinta a quente de alto desempenho, ideal para sistemas de imers\u00e3o e pulveriza\u00e7\u00e3o.\" \/>\n<meta property=\"og:url\" content=\"https:\/\/alit-tech.com\/pt-pt\/decapantes\/decapantes-a-quente-para-aluminio-zinco-e-ligas-leves\/metalstrip-1333-1-aktivator-1533\/\" \/>\n<meta property=\"og:site_name\" content=\"Alit technologies Spa\" \/>\n<meta property=\"article:modified_time\" content=\"2025-08-28T07:54:48+00:00\" \/>\n<meta property=\"og:image\" content=\"https:\/\/alit-tech.com\/wp-content\/uploads\/2024\/10\/Svernicianti-a-caldo-per-Alluminio-zinco-Leghe-Leggere.jpg\" \/>\n\t<meta property=\"og:image:width\" content=\"1200\" \/>\n\t<meta property=\"og:image:height\" content=\"600\" \/>\n\t<meta property=\"og:image:type\" content=\"image\/jpeg\" \/>\n<meta name=\"twitter:card\" content=\"summary_large_image\" \/>\n<meta name=\"twitter:label1\" content=\"Tempo estimado de leitura\" \/>\n\t<meta name=\"twitter:data1\" content=\"1 minuto\" \/>\n<script type=\"application\/ld+json\" class=\"yoast-schema-graph\">{\"@context\":\"https:\/\/schema.org\",\"@graph\":[{\"@type\":\"WebPage\",\"@id\":\"https:\/\/alit-tech.com\/pt-pt\/decapantes\/decapantes-a-quente-para-aluminio-zinco-e-ligas-leves\/metalstrip-1333-1-aktivator-1533\/\",\"url\":\"https:\/\/alit-tech.com\/pt-pt\/decapantes\/decapantes-a-quente-para-aluminio-zinco-e-ligas-leves\/metalstrip-1333-1-aktivator-1533\/\",\"name\":\"Processo de remo\u00e7\u00e3o de tinta a quente | Metalstrip 1333\/1\",\"isPartOf\":{\"@id\":\"https:\/\/alit-tech.com\/it\/#website\"},\"primaryImageOfPage\":{\"@id\":\"https:\/\/alit-tech.com\/pt-pt\/decapantes\/decapantes-a-quente-para-aluminio-zinco-e-ligas-leves\/metalstrip-1333-1-aktivator-1533\/#primaryimage\"},\"image\":{\"@id\":\"https:\/\/alit-tech.com\/pt-pt\/decapantes\/decapantes-a-quente-para-aluminio-zinco-e-ligas-leves\/metalstrip-1333-1-aktivator-1533\/#primaryimage\"},\"thumbnailUrl\":\"https:\/\/alit-tech.com\/wp-content\/uploads\/2024\/10\/Svernicianti-a-caldo-per-Alluminio-zinco-Leghe-Leggere.jpg\",\"datePublished\":\"2024-10-03T13:26:30+00:00\",\"dateModified\":\"2025-08-28T07:54:48+00:00\",\"description\":\"Visite o site e descubra o Metalstrip 1333\/1: processo de remo\u00e7\u00e3o de tinta a quente de alto desempenho, ideal para sistemas de imers\u00e3o e pulveriza\u00e7\u00e3o.\",\"breadcrumb\":{\"@id\":\"https:\/\/alit-tech.com\/pt-pt\/decapantes\/decapantes-a-quente-para-aluminio-zinco-e-ligas-leves\/metalstrip-1333-1-aktivator-1533\/#breadcrumb\"},\"inLanguage\":\"pt-PT\",\"potentialAction\":[{\"@type\":\"ReadAction\",\"target\":[\"https:\/\/alit-tech.com\/pt-pt\/decapantes\/decapantes-a-quente-para-aluminio-zinco-e-ligas-leves\/metalstrip-1333-1-aktivator-1533\/\"]}]},{\"@type\":\"ImageObject\",\"inLanguage\":\"pt-PT\",\"@id\":\"https:\/\/alit-tech.com\/pt-pt\/decapantes\/decapantes-a-quente-para-aluminio-zinco-e-ligas-leves\/metalstrip-1333-1-aktivator-1533\/#primaryimage\",\"url\":\"https:\/\/alit-tech.com\/wp-content\/uploads\/2024\/10\/Svernicianti-a-caldo-per-Alluminio-zinco-Leghe-Leggere.jpg\",\"contentUrl\":\"https:\/\/alit-tech.com\/wp-content\/uploads\/2024\/10\/Svernicianti-a-caldo-per-Alluminio-zinco-Leghe-Leggere.jpg\",\"width\":1200,\"height\":600},{\"@type\":\"BreadcrumbList\",\"@id\":\"https:\/\/alit-tech.com\/pt-pt\/decapantes\/decapantes-a-quente-para-aluminio-zinco-e-ligas-leves\/metalstrip-1333-1-aktivator-1533\/#breadcrumb\",\"itemListElement\":[{\"@type\":\"ListItem\",\"position\":1,\"name\":\"Home\",\"item\":\"https:\/\/alit-tech.com\/pt-pt\/\"},{\"@type\":\"ListItem\",\"position\":2,\"name\":\"Decapantes\",\"item\":\"https:\/\/alit-tech.com\/pt-pt\/decapantes\/\"},{\"@type\":\"ListItem\",\"position\":3,\"name\":\"Decapantes a quente para Alum\u00ednio, Zinco e Ligas Leves\",\"item\":\"https:\/\/alit-tech.com\/pt-pt\/decapantes\/decapantes-a-quente-para-aluminio-zinco-e-ligas-leves\/\"},{\"@type\":\"ListItem\",\"position\":4,\"name\":\"METALSTRIP 1333\/1-AKTIVATOR 1533\"}]},{\"@type\":\"WebSite\",\"@id\":\"https:\/\/alit-tech.com\/it\/#website\",\"url\":\"https:\/\/alit-tech.com\/it\/\",\"name\":\"Alit technologies Spa\",\"description\":\"\",\"potentialAction\":[{\"@type\":\"SearchAction\",\"target\":{\"@type\":\"EntryPoint\",\"urlTemplate\":\"https:\/\/alit-tech.com\/it\/?s={search_term_string}\"},\"query-input\":\"required name=search_term_string\"}],\"inLanguage\":\"pt-PT\"}]}<\/script>\n<!-- \/ Yoast SEO plugin. -->","yoast_head_json":{"title":"Processo de remo\u00e7\u00e3o de tinta a quente | Metalstrip 1333\/1","description":"Visite o site e descubra o Metalstrip 1333\/1: processo de remo\u00e7\u00e3o de tinta a quente de alto desempenho, ideal para sistemas de imers\u00e3o e pulveriza\u00e7\u00e3o.","robots":{"index":"index","follow":"follow","max-snippet":"max-snippet:-1","max-image-preview":"max-image-preview:large","max-video-preview":"max-video-preview:-1"},"canonical":"https:\/\/alit-tech.com\/pt-pt\/decapantes\/decapantes-a-quente-para-aluminio-zinco-e-ligas-leves\/metalstrip-1333-1-aktivator-1533\/","og_locale":"pt_PT","og_type":"article","og_title":"Processo de remo\u00e7\u00e3o de tinta a quente | Metalstrip 1333\/1","og_description":"Visite o site e descubra o Metalstrip 1333\/1: processo de remo\u00e7\u00e3o de tinta a quente de alto desempenho, ideal para sistemas de imers\u00e3o e pulveriza\u00e7\u00e3o.","og_url":"https:\/\/alit-tech.com\/pt-pt\/decapantes\/decapantes-a-quente-para-aluminio-zinco-e-ligas-leves\/metalstrip-1333-1-aktivator-1533\/","og_site_name":"Alit technologies Spa","article_modified_time":"2025-08-28T07:54:48+00:00","og_image":[{"width":1200,"height":600,"url":"https:\/\/alit-tech.com\/wp-content\/uploads\/2024\/10\/Svernicianti-a-caldo-per-Alluminio-zinco-Leghe-Leggere.jpg","type":"image\/jpeg"}],"twitter_card":"summary_large_image","twitter_misc":{"Tempo estimado de leitura":"1 minuto"},"schema":{"@context":"https:\/\/schema.org","@graph":[{"@type":"WebPage","@id":"https:\/\/alit-tech.com\/pt-pt\/decapantes\/decapantes-a-quente-para-aluminio-zinco-e-ligas-leves\/metalstrip-1333-1-aktivator-1533\/","url":"https:\/\/alit-tech.com\/pt-pt\/decapantes\/decapantes-a-quente-para-aluminio-zinco-e-ligas-leves\/metalstrip-1333-1-aktivator-1533\/","name":"Processo de remo\u00e7\u00e3o de tinta a quente | Metalstrip 1333\/1","isPartOf":{"@id":"https:\/\/alit-tech.com\/it\/#website"},"primaryImageOfPage":{"@id":"https:\/\/alit-tech.com\/pt-pt\/decapantes\/decapantes-a-quente-para-aluminio-zinco-e-ligas-leves\/metalstrip-1333-1-aktivator-1533\/#primaryimage"},"image":{"@id":"https:\/\/alit-tech.com\/pt-pt\/decapantes\/decapantes-a-quente-para-aluminio-zinco-e-ligas-leves\/metalstrip-1333-1-aktivator-1533\/#primaryimage"},"thumbnailUrl":"https:\/\/alit-tech.com\/wp-content\/uploads\/2024\/10\/Svernicianti-a-caldo-per-Alluminio-zinco-Leghe-Leggere.jpg","datePublished":"2024-10-03T13:26:30+00:00","dateModified":"2025-08-28T07:54:48+00:00","description":"Visite o site e descubra o Metalstrip 1333\/1: processo de remo\u00e7\u00e3o de tinta a quente de alto desempenho, ideal para sistemas de imers\u00e3o e pulveriza\u00e7\u00e3o.","breadcrumb":{"@id":"https:\/\/alit-tech.com\/pt-pt\/decapantes\/decapantes-a-quente-para-aluminio-zinco-e-ligas-leves\/metalstrip-1333-1-aktivator-1533\/#breadcrumb"},"inLanguage":"pt-PT","potentialAction":[{"@type":"ReadAction","target":["https:\/\/alit-tech.com\/pt-pt\/decapantes\/decapantes-a-quente-para-aluminio-zinco-e-ligas-leves\/metalstrip-1333-1-aktivator-1533\/"]}]},{"@type":"ImageObject","inLanguage":"pt-PT","@id":"https:\/\/alit-tech.com\/pt-pt\/decapantes\/decapantes-a-quente-para-aluminio-zinco-e-ligas-leves\/metalstrip-1333-1-aktivator-1533\/#primaryimage","url":"https:\/\/alit-tech.com\/wp-content\/uploads\/2024\/10\/Svernicianti-a-caldo-per-Alluminio-zinco-Leghe-Leggere.jpg","contentUrl":"https:\/\/alit-tech.com\/wp-content\/uploads\/2024\/10\/Svernicianti-a-caldo-per-Alluminio-zinco-Leghe-Leggere.jpg","width":1200,"height":600},{"@type":"BreadcrumbList","@id":"https:\/\/alit-tech.com\/pt-pt\/decapantes\/decapantes-a-quente-para-aluminio-zinco-e-ligas-leves\/metalstrip-1333-1-aktivator-1533\/#breadcrumb","itemListElement":[{"@type":"ListItem","position":1,"name":"Home","item":"https:\/\/alit-tech.com\/pt-pt\/"},{"@type":"ListItem","position":2,"name":"Decapantes","item":"https:\/\/alit-tech.com\/pt-pt\/decapantes\/"},{"@type":"ListItem","position":3,"name":"Decapantes a quente para Alum\u00ednio, Zinco e Ligas Leves","item":"https:\/\/alit-tech.com\/pt-pt\/decapantes\/decapantes-a-quente-para-aluminio-zinco-e-ligas-leves\/"},{"@type":"ListItem","position":4,"name":"METALSTRIP 1333\/1-AKTIVATOR 1533"}]},{"@type":"WebSite","@id":"https:\/\/alit-tech.com\/it\/#website","url":"https:\/\/alit-tech.com\/it\/","name":"Alit technologies Spa","description":"","potentialAction":[{"@type":"SearchAction","target":{"@type":"EntryPoint","urlTemplate":"https:\/\/alit-tech.com\/it\/?s={search_term_string}"},"query-input":"required name=search_term_string"}],"inLanguage":"pt-PT"}]}},"_links":{"self":[{"href":"https:\/\/alit-tech.com\/pt-pt\/wp-json\/wp\/v2\/pages\/14675"}],"collection":[{"href":"https:\/\/alit-tech.com\/pt-pt\/wp-json\/wp\/v2\/pages"}],"about":[{"href":"https:\/\/alit-tech.com\/pt-pt\/wp-json\/wp\/v2\/types\/page"}],"author":[{"embeddable":true,"href":"https:\/\/alit-tech.com\/pt-pt\/wp-json\/wp\/v2\/users\/1"}],"replies":[{"embeddable":true,"href":"https:\/\/alit-tech.com\/pt-pt\/wp-json\/wp\/v2\/comments?post=14675"}],"version-history":[{"count":2,"href":"https:\/\/alit-tech.com\/pt-pt\/wp-json\/wp\/v2\/pages\/14675\/revisions"}],"predecessor-version":[{"id":14678,"href":"https:\/\/alit-tech.com\/pt-pt\/wp-json\/wp\/v2\/pages\/14675\/revisions\/14678"}],"up":[{"embeddable":true,"href":"https:\/\/alit-tech.com\/pt-pt\/wp-json\/wp\/v2\/pages\/14605"}],"wp:featuredmedia":[{"embeddable":true,"href":"https:\/\/alit-tech.com\/pt-pt\/wp-json\/wp\/v2\/media\/12663"}],"wp:attachment":[{"href":"https:\/\/alit-tech.com\/pt-pt\/wp-json\/wp\/v2\/media?parent=14675"}],"curies":[{"name":"wp","href":"https:\/\/api.w.org\/{rel}","templated":true}]}}