{"id":14679,"date":"2024-10-03T17:28:19","date_gmt":"2024-10-03T15:28:19","guid":{"rendered":"https:\/\/alit-tech.com\/decapantes\/decapantes-para-mascaramento\/maskstrip-1290\/"},"modified":"2025-08-28T10:02:19","modified_gmt":"2025-08-28T08:02:19","slug":"maskstrip-1290","status":"publish","type":"page","link":"https:\/\/alit-tech.com\/pt-pt\/decapantes\/decapantes-para-mascaramento\/maskstrip-1290\/","title":{"rendered":"MASKSTRIP 1290"},"content":{"rendered":"\n<p>Maskstrip 1290 \u00e9 um produto de decapagem alcalina, projetado para a remo\u00e7\u00e3o eficiente de tintas em p\u00f3 de sistemas de mascaramento, ganchos, pe\u00e7as a serem recuperadas, pistolas de pintura l\u00edquida, pe\u00e7as de ferro e alum\u00ednio. Gra\u00e7as \u00e0 sua formula\u00e7\u00e3o livre de hidrocarbonetos halogenados, Maskstrip 1290 \u00e9 seguro para o meio ambiente e para os trabalhadores. Este produto \u00e9 adequado para opera\u00e7\u00f5es a m\u00e9dia temperatura, com tempos de tratamento variando entre 15 minutos e 24 horas, dependendo do tipo e espessura da tinta.<\/p>\n","protected":false},"excerpt":{"rendered":"<p>Maskstrip 1290 \u00e9 um produto de decapagem alcalina, projetado para a remo\u00e7\u00e3o eficiente de tintas em p\u00f3 de sistemas de mascaramento, ganchos, pe\u00e7as a serem recuperadas, pistolas de pintura l\u00edquida, pe\u00e7as de ferro e alum\u00ednio. Gra\u00e7as \u00e0 sua formula\u00e7\u00e3o livre de hidrocarbonetos halogenados, Maskstrip 1290 \u00e9 seguro para o meio ambiente e para os trabalhadores. [&hellip;]<\/p>\n","protected":false},"author":1,"featured_media":12684,"parent":14611,"menu_order":0,"comment_status":"closed","ping_status":"closed","template":"template-pages\/08_chemical_cat_product.php","meta":{"_acf_changed":false,"footnotes":""},"class_list":["post-14679","page","type-page","status-publish","has-post-thumbnail","hentry"],"acf":[],"yoast_head":"<!-- This site is optimized with the Yoast SEO plugin v23.1 - https:\/\/yoast.com\/wordpress\/plugins\/seo\/ -->\n<title>Decapante alcalino qu\u00edmico \u00e0 base de \u00e1lcali MASKSTRIP 1290<\/title>\n<meta name=\"description\" content=\"Visite o site para conhecer o Maskstrip 1290: decapante alcalino para uso a m\u00e9dia temperatura, ideal para recupera\u00e7\u00e3o de metais e pistolas de pintura.\" \/>\n<meta name=\"robots\" content=\"index, follow, max-snippet:-1, max-image-preview:large, max-video-preview:-1\" \/>\n<link rel=\"canonical\" href=\"https:\/\/alit-tech.com\/pt-pt\/decapantes\/decapantes-para-mascaramento\/maskstrip-1290\/\" \/>\n<meta property=\"og:locale\" content=\"pt_PT\" \/>\n<meta property=\"og:type\" content=\"article\" \/>\n<meta property=\"og:title\" content=\"Decapante alcalino qu\u00edmico \u00e0 base de \u00e1lcali MASKSTRIP 1290\" \/>\n<meta property=\"og:description\" content=\"Visite o site para conhecer o Maskstrip 1290: decapante alcalino para uso a m\u00e9dia temperatura, ideal para recupera\u00e7\u00e3o de metais e pistolas de pintura.\" \/>\n<meta property=\"og:url\" content=\"https:\/\/alit-tech.com\/pt-pt\/decapantes\/decapantes-para-mascaramento\/maskstrip-1290\/\" \/>\n<meta property=\"og:site_name\" content=\"Alit technologies Spa\" \/>\n<meta property=\"article:modified_time\" content=\"2025-08-28T08:02:19+00:00\" \/>\n<meta property=\"og:image\" content=\"https:\/\/alit-tech.com\/wp-content\/uploads\/2024\/10\/Svernicianti-per-Mascheratura.jpg\" \/>\n\t<meta property=\"og:image:width\" content=\"1200\" \/>\n\t<meta property=\"og:image:height\" content=\"600\" \/>\n\t<meta property=\"og:image:type\" content=\"image\/jpeg\" \/>\n<meta name=\"twitter:card\" content=\"summary_large_image\" \/>\n<meta name=\"twitter:label1\" content=\"Tempo estimado de leitura\" \/>\n\t<meta name=\"twitter:data1\" content=\"1 minuto\" \/>\n<script type=\"application\/ld+json\" class=\"yoast-schema-graph\">{\"@context\":\"https:\/\/schema.org\",\"@graph\":[{\"@type\":\"WebPage\",\"@id\":\"https:\/\/alit-tech.com\/pt-pt\/decapantes\/decapantes-para-mascaramento\/maskstrip-1290\/\",\"url\":\"https:\/\/alit-tech.com\/pt-pt\/decapantes\/decapantes-para-mascaramento\/maskstrip-1290\/\",\"name\":\"Decapante alcalino qu\u00edmico \u00e0 base de \u00e1lcali MASKSTRIP 1290\",\"isPartOf\":{\"@id\":\"https:\/\/alit-tech.com\/it\/#website\"},\"primaryImageOfPage\":{\"@id\":\"https:\/\/alit-tech.com\/pt-pt\/decapantes\/decapantes-para-mascaramento\/maskstrip-1290\/#primaryimage\"},\"image\":{\"@id\":\"https:\/\/alit-tech.com\/pt-pt\/decapantes\/decapantes-para-mascaramento\/maskstrip-1290\/#primaryimage\"},\"thumbnailUrl\":\"https:\/\/alit-tech.com\/wp-content\/uploads\/2024\/10\/Svernicianti-per-Mascheratura.jpg\",\"datePublished\":\"2024-10-03T15:28:19+00:00\",\"dateModified\":\"2025-08-28T08:02:19+00:00\",\"description\":\"Visite o site para conhecer o Maskstrip 1290: decapante alcalino para uso a m\u00e9dia temperatura, ideal para recupera\u00e7\u00e3o de metais e pistolas de pintura.\",\"breadcrumb\":{\"@id\":\"https:\/\/alit-tech.com\/pt-pt\/decapantes\/decapantes-para-mascaramento\/maskstrip-1290\/#breadcrumb\"},\"inLanguage\":\"pt-PT\",\"potentialAction\":[{\"@type\":\"ReadAction\",\"target\":[\"https:\/\/alit-tech.com\/pt-pt\/decapantes\/decapantes-para-mascaramento\/maskstrip-1290\/\"]}]},{\"@type\":\"ImageObject\",\"inLanguage\":\"pt-PT\",\"@id\":\"https:\/\/alit-tech.com\/pt-pt\/decapantes\/decapantes-para-mascaramento\/maskstrip-1290\/#primaryimage\",\"url\":\"https:\/\/alit-tech.com\/wp-content\/uploads\/2024\/10\/Svernicianti-per-Mascheratura.jpg\",\"contentUrl\":\"https:\/\/alit-tech.com\/wp-content\/uploads\/2024\/10\/Svernicianti-per-Mascheratura.jpg\",\"width\":1200,\"height\":600},{\"@type\":\"BreadcrumbList\",\"@id\":\"https:\/\/alit-tech.com\/pt-pt\/decapantes\/decapantes-para-mascaramento\/maskstrip-1290\/#breadcrumb\",\"itemListElement\":[{\"@type\":\"ListItem\",\"position\":1,\"name\":\"Home\",\"item\":\"https:\/\/alit-tech.com\/pt-pt\/\"},{\"@type\":\"ListItem\",\"position\":2,\"name\":\"Decapantes\",\"item\":\"https:\/\/alit-tech.com\/pt-pt\/decapantes\/\"},{\"@type\":\"ListItem\",\"position\":3,\"name\":\"Decapantes para Mascaramento\",\"item\":\"https:\/\/alit-tech.com\/pt-pt\/decapantes\/decapantes-para-mascaramento\/\"},{\"@type\":\"ListItem\",\"position\":4,\"name\":\"MASKSTRIP 1290\"}]},{\"@type\":\"WebSite\",\"@id\":\"https:\/\/alit-tech.com\/it\/#website\",\"url\":\"https:\/\/alit-tech.com\/it\/\",\"name\":\"Alit technologies Spa\",\"description\":\"\",\"potentialAction\":[{\"@type\":\"SearchAction\",\"target\":{\"@type\":\"EntryPoint\",\"urlTemplate\":\"https:\/\/alit-tech.com\/it\/?s={search_term_string}\"},\"query-input\":\"required name=search_term_string\"}],\"inLanguage\":\"pt-PT\"}]}<\/script>\n<!-- \/ Yoast SEO plugin. -->","yoast_head_json":{"title":"Decapante alcalino qu\u00edmico \u00e0 base de \u00e1lcali MASKSTRIP 1290","description":"Visite o site para conhecer o Maskstrip 1290: decapante alcalino para uso a m\u00e9dia temperatura, ideal para recupera\u00e7\u00e3o de metais e pistolas de pintura.","robots":{"index":"index","follow":"follow","max-snippet":"max-snippet:-1","max-image-preview":"max-image-preview:large","max-video-preview":"max-video-preview:-1"},"canonical":"https:\/\/alit-tech.com\/pt-pt\/decapantes\/decapantes-para-mascaramento\/maskstrip-1290\/","og_locale":"pt_PT","og_type":"article","og_title":"Decapante alcalino qu\u00edmico \u00e0 base de \u00e1lcali MASKSTRIP 1290","og_description":"Visite o site para conhecer o Maskstrip 1290: decapante alcalino para uso a m\u00e9dia temperatura, ideal para recupera\u00e7\u00e3o de metais e pistolas de pintura.","og_url":"https:\/\/alit-tech.com\/pt-pt\/decapantes\/decapantes-para-mascaramento\/maskstrip-1290\/","og_site_name":"Alit technologies Spa","article_modified_time":"2025-08-28T08:02:19+00:00","og_image":[{"width":1200,"height":600,"url":"https:\/\/alit-tech.com\/wp-content\/uploads\/2024\/10\/Svernicianti-per-Mascheratura.jpg","type":"image\/jpeg"}],"twitter_card":"summary_large_image","twitter_misc":{"Tempo estimado de leitura":"1 minuto"},"schema":{"@context":"https:\/\/schema.org","@graph":[{"@type":"WebPage","@id":"https:\/\/alit-tech.com\/pt-pt\/decapantes\/decapantes-para-mascaramento\/maskstrip-1290\/","url":"https:\/\/alit-tech.com\/pt-pt\/decapantes\/decapantes-para-mascaramento\/maskstrip-1290\/","name":"Decapante alcalino qu\u00edmico \u00e0 base de \u00e1lcali MASKSTRIP 1290","isPartOf":{"@id":"https:\/\/alit-tech.com\/it\/#website"},"primaryImageOfPage":{"@id":"https:\/\/alit-tech.com\/pt-pt\/decapantes\/decapantes-para-mascaramento\/maskstrip-1290\/#primaryimage"},"image":{"@id":"https:\/\/alit-tech.com\/pt-pt\/decapantes\/decapantes-para-mascaramento\/maskstrip-1290\/#primaryimage"},"thumbnailUrl":"https:\/\/alit-tech.com\/wp-content\/uploads\/2024\/10\/Svernicianti-per-Mascheratura.jpg","datePublished":"2024-10-03T15:28:19+00:00","dateModified":"2025-08-28T08:02:19+00:00","description":"Visite o site para conhecer o Maskstrip 1290: decapante alcalino para uso a m\u00e9dia temperatura, ideal para recupera\u00e7\u00e3o de metais e pistolas de pintura.","breadcrumb":{"@id":"https:\/\/alit-tech.com\/pt-pt\/decapantes\/decapantes-para-mascaramento\/maskstrip-1290\/#breadcrumb"},"inLanguage":"pt-PT","potentialAction":[{"@type":"ReadAction","target":["https:\/\/alit-tech.com\/pt-pt\/decapantes\/decapantes-para-mascaramento\/maskstrip-1290\/"]}]},{"@type":"ImageObject","inLanguage":"pt-PT","@id":"https:\/\/alit-tech.com\/pt-pt\/decapantes\/decapantes-para-mascaramento\/maskstrip-1290\/#primaryimage","url":"https:\/\/alit-tech.com\/wp-content\/uploads\/2024\/10\/Svernicianti-per-Mascheratura.jpg","contentUrl":"https:\/\/alit-tech.com\/wp-content\/uploads\/2024\/10\/Svernicianti-per-Mascheratura.jpg","width":1200,"height":600},{"@type":"BreadcrumbList","@id":"https:\/\/alit-tech.com\/pt-pt\/decapantes\/decapantes-para-mascaramento\/maskstrip-1290\/#breadcrumb","itemListElement":[{"@type":"ListItem","position":1,"name":"Home","item":"https:\/\/alit-tech.com\/pt-pt\/"},{"@type":"ListItem","position":2,"name":"Decapantes","item":"https:\/\/alit-tech.com\/pt-pt\/decapantes\/"},{"@type":"ListItem","position":3,"name":"Decapantes para Mascaramento","item":"https:\/\/alit-tech.com\/pt-pt\/decapantes\/decapantes-para-mascaramento\/"},{"@type":"ListItem","position":4,"name":"MASKSTRIP 1290"}]},{"@type":"WebSite","@id":"https:\/\/alit-tech.com\/it\/#website","url":"https:\/\/alit-tech.com\/it\/","name":"Alit technologies Spa","description":"","potentialAction":[{"@type":"SearchAction","target":{"@type":"EntryPoint","urlTemplate":"https:\/\/alit-tech.com\/it\/?s={search_term_string}"},"query-input":"required name=search_term_string"}],"inLanguage":"pt-PT"}]}},"_links":{"self":[{"href":"https:\/\/alit-tech.com\/pt-pt\/wp-json\/wp\/v2\/pages\/14679"}],"collection":[{"href":"https:\/\/alit-tech.com\/pt-pt\/wp-json\/wp\/v2\/pages"}],"about":[{"href":"https:\/\/alit-tech.com\/pt-pt\/wp-json\/wp\/v2\/types\/page"}],"author":[{"embeddable":true,"href":"https:\/\/alit-tech.com\/pt-pt\/wp-json\/wp\/v2\/users\/1"}],"replies":[{"embeddable":true,"href":"https:\/\/alit-tech.com\/pt-pt\/wp-json\/wp\/v2\/comments?post=14679"}],"version-history":[{"count":1,"href":"https:\/\/alit-tech.com\/pt-pt\/wp-json\/wp\/v2\/pages\/14679\/revisions"}],"predecessor-version":[{"id":14681,"href":"https:\/\/alit-tech.com\/pt-pt\/wp-json\/wp\/v2\/pages\/14679\/revisions\/14681"}],"up":[{"embeddable":true,"href":"https:\/\/alit-tech.com\/pt-pt\/wp-json\/wp\/v2\/pages\/14611"}],"wp:featuredmedia":[{"embeddable":true,"href":"https:\/\/alit-tech.com\/pt-pt\/wp-json\/wp\/v2\/media\/12684"}],"wp:attachment":[{"href":"https:\/\/alit-tech.com\/pt-pt\/wp-json\/wp\/v2\/media?parent=14679"}],"curies":[{"name":"wp","href":"https:\/\/api.w.org\/{rel}","templated":true}]}}