{"id":14695,"date":"2024-10-03T15:07:23","date_gmt":"2024-10-03T13:07:23","guid":{"rendered":"https:\/\/alit-tech.com\/decapantes\/decapagem-a-quente-para-ferro-e-aco\/metalstrip-2601-aktivator-2550\/"},"modified":"2025-04-07T14:17:26","modified_gmt":"2025-04-07T12:17:26","slug":"metalstrip-2601-aktivator-2550","status":"publish","type":"page","link":"https:\/\/alit-tech.com\/pt-pt\/decapantes\/decapagem-a-quente-para-ferro-e-aco\/metalstrip-2601-aktivator-2550\/","title":{"rendered":"METALSTRIP 2601-AKTIVATOR 2550"},"content":{"rendered":"\n<p>Metalstrip 2601 \u00e9 um excelente aditivo de decapagem desenvolvido especialmente para a remo\u00e7\u00e3o de tintas utilizadas em processos de metaliza\u00e7\u00e3o. Este produto, livre de hidrocarbonetos halogenados, \u00e9 ideal para sistemas de imers\u00e3o em solu\u00e7\u00e3o alcalina aquosa. Remove a tinta em tempos que variam entre 2 minutos e 24 horas, dependendo do tipo e espessura do revestimento e da temperatura do banho, garantindo efici\u00eancia e respeito ao meio ambiente e \u00e0 sa\u00fade dos trabalhadores.<\/p>\n\n\n\n<div style=\"height:50px\" aria-hidden=\"true\" class=\"wp-block-spacer\"><\/div>\n\n\n\n<p><strong>Requisitos t\u00e9cnicos do sistema de decapagem<\/strong>&nbsp;<br>Os materiais em contacto devem ser feitos de a\u00e7o carbono ou a\u00e7o inoxid\u00e1vel e devem ser resistentes a solu\u00e7\u00f5es altamente alcalinas. O tanque de decapagem pode ser est\u00e1tico, mas o uso de misturadores ou bombas de circula\u00e7\u00e3o melhora o desempenho do processo. A utiliza\u00e7\u00e3o de sistemas espec\u00edficos de filtra\u00e7\u00e3o permitir\u00e1 a separa\u00e7\u00e3o de res\u00edduos de tinta, prolongando significativamente a vida \u00fatil do banho de decapagem.&nbsp;<\/p>\n\n\n\n<div style=\"height:50px\" aria-hidden=\"true\" class=\"wp-block-spacer\"><\/div>\n\n\n\n<p>O controle do banho de decapagem pode ser realizado com instru\u00e7\u00f5es espec\u00edficas dispon\u00edveis mediante solicita\u00e7\u00e3o. A realiza\u00e7\u00e3o regular dessas an\u00e1lises permitir\u00e1 otimizar o desempenho do produto.&nbsp;<\/p>\n","protected":false},"excerpt":{"rendered":"<p>Metalstrip 2601 \u00e9 um excelente aditivo de decapagem desenvolvido especialmente para a remo\u00e7\u00e3o de tintas utilizadas em processos de metaliza\u00e7\u00e3o. Este produto, livre de hidrocarbonetos halogenados, \u00e9 ideal para sistemas de imers\u00e3o em solu\u00e7\u00e3o alcalina aquosa. Remove a tinta em tempos que variam entre 2 minutos e 24 horas, dependendo do tipo e espessura do [&hellip;]<\/p>\n","protected":false},"author":1,"featured_media":12621,"parent":14572,"menu_order":0,"comment_status":"closed","ping_status":"closed","template":"template-pages\/08_chemical_cat_product.php","meta":{"_acf_changed":false,"footnotes":""},"class_list":["post-14695","page","type-page","status-publish","has-post-thumbnail","hentry"],"acf":[],"yoast_head":"<!-- This site is optimized with the Yoast SEO plugin v23.1 - https:\/\/yoast.com\/wordpress\/plugins\/seo\/ -->\n<title>Sverniciatore a base acquosa per vernici metallizzanti<\/title>\n<meta name=\"description\" content=\"Metalstrip 2601: sverniciatore a base acquosa per immersione, rimuove efficacemente vernici metallizzate, garantendo sicurezza ambientale e operativa. Clicca qui\" \/>\n<meta name=\"robots\" content=\"index, follow, max-snippet:-1, max-image-preview:large, max-video-preview:-1\" \/>\n<link rel=\"canonical\" href=\"https:\/\/alit-tech.com\/pt-pt\/decapantes\/decapagem-a-quente-para-ferro-e-aco\/metalstrip-2601-aktivator-2550\/\" \/>\n<meta property=\"og:locale\" content=\"pt_PT\" \/>\n<meta property=\"og:type\" content=\"article\" \/>\n<meta property=\"og:title\" content=\"Sverniciatore a base acquosa per vernici metallizzanti\" \/>\n<meta property=\"og:description\" content=\"Metalstrip 2601: sverniciatore a base acquosa per immersione, rimuove efficacemente vernici metallizzate, garantendo sicurezza ambientale e operativa. Clicca qui\" \/>\n<meta property=\"og:url\" content=\"https:\/\/alit-tech.com\/pt-pt\/decapantes\/decapagem-a-quente-para-ferro-e-aco\/metalstrip-2601-aktivator-2550\/\" \/>\n<meta property=\"og:site_name\" content=\"Alit technologies Spa\" \/>\n<meta property=\"article:modified_time\" content=\"2025-04-07T12:17:26+00:00\" \/>\n<meta property=\"og:image\" content=\"https:\/\/alit-tech.com\/wp-content\/uploads\/2024\/09\/Sverniciatura-a-caldo-per-Ferro-e-Acciaio.jpg\" \/>\n\t<meta property=\"og:image:width\" content=\"1200\" \/>\n\t<meta property=\"og:image:height\" content=\"600\" \/>\n\t<meta property=\"og:image:type\" content=\"image\/jpeg\" \/>\n<meta name=\"twitter:card\" content=\"summary_large_image\" \/>\n<meta name=\"twitter:label1\" content=\"Tempo estimado de leitura\" \/>\n\t<meta name=\"twitter:data1\" content=\"2 minutos\" \/>\n<script type=\"application\/ld+json\" class=\"yoast-schema-graph\">{\"@context\":\"https:\/\/schema.org\",\"@graph\":[{\"@type\":\"WebPage\",\"@id\":\"https:\/\/alit-tech.com\/pt-pt\/decapantes\/decapagem-a-quente-para-ferro-e-aco\/metalstrip-2601-aktivator-2550\/\",\"url\":\"https:\/\/alit-tech.com\/pt-pt\/decapantes\/decapagem-a-quente-para-ferro-e-aco\/metalstrip-2601-aktivator-2550\/\",\"name\":\"Sverniciatore a base acquosa per vernici metallizzanti\",\"isPartOf\":{\"@id\":\"https:\/\/alit-tech.com\/it\/#website\"},\"primaryImageOfPage\":{\"@id\":\"https:\/\/alit-tech.com\/pt-pt\/decapantes\/decapagem-a-quente-para-ferro-e-aco\/metalstrip-2601-aktivator-2550\/#primaryimage\"},\"image\":{\"@id\":\"https:\/\/alit-tech.com\/pt-pt\/decapantes\/decapagem-a-quente-para-ferro-e-aco\/metalstrip-2601-aktivator-2550\/#primaryimage\"},\"thumbnailUrl\":\"https:\/\/alit-tech.com\/wp-content\/uploads\/2024\/09\/Sverniciatura-a-caldo-per-Ferro-e-Acciaio.jpg\",\"datePublished\":\"2024-10-03T13:07:23+00:00\",\"dateModified\":\"2025-04-07T12:17:26+00:00\",\"description\":\"Metalstrip 2601: sverniciatore a base acquosa per immersione, rimuove efficacemente vernici metallizzate, garantendo sicurezza ambientale e operativa. Clicca qui\",\"breadcrumb\":{\"@id\":\"https:\/\/alit-tech.com\/pt-pt\/decapantes\/decapagem-a-quente-para-ferro-e-aco\/metalstrip-2601-aktivator-2550\/#breadcrumb\"},\"inLanguage\":\"pt-PT\",\"potentialAction\":[{\"@type\":\"ReadAction\",\"target\":[\"https:\/\/alit-tech.com\/pt-pt\/decapantes\/decapagem-a-quente-para-ferro-e-aco\/metalstrip-2601-aktivator-2550\/\"]}]},{\"@type\":\"ImageObject\",\"inLanguage\":\"pt-PT\",\"@id\":\"https:\/\/alit-tech.com\/pt-pt\/decapantes\/decapagem-a-quente-para-ferro-e-aco\/metalstrip-2601-aktivator-2550\/#primaryimage\",\"url\":\"https:\/\/alit-tech.com\/wp-content\/uploads\/2024\/09\/Sverniciatura-a-caldo-per-Ferro-e-Acciaio.jpg\",\"contentUrl\":\"https:\/\/alit-tech.com\/wp-content\/uploads\/2024\/09\/Sverniciatura-a-caldo-per-Ferro-e-Acciaio.jpg\",\"width\":1200,\"height\":600},{\"@type\":\"BreadcrumbList\",\"@id\":\"https:\/\/alit-tech.com\/pt-pt\/decapantes\/decapagem-a-quente-para-ferro-e-aco\/metalstrip-2601-aktivator-2550\/#breadcrumb\",\"itemListElement\":[{\"@type\":\"ListItem\",\"position\":1,\"name\":\"Home\",\"item\":\"https:\/\/alit-tech.com\/pt-pt\/\"},{\"@type\":\"ListItem\",\"position\":2,\"name\":\"Decapantes\",\"item\":\"https:\/\/alit-tech.com\/pt-pt\/decapantes\/\"},{\"@type\":\"ListItem\",\"position\":3,\"name\":\"Decapagem a quente para Ferro e A\u00e7o\",\"item\":\"https:\/\/alit-tech.com\/pt-pt\/decapantes\/decapagem-a-quente-para-ferro-e-aco\/\"},{\"@type\":\"ListItem\",\"position\":4,\"name\":\"METALSTRIP 2601-AKTIVATOR 2550\"}]},{\"@type\":\"WebSite\",\"@id\":\"https:\/\/alit-tech.com\/it\/#website\",\"url\":\"https:\/\/alit-tech.com\/it\/\",\"name\":\"Alit technologies Spa\",\"description\":\"\",\"potentialAction\":[{\"@type\":\"SearchAction\",\"target\":{\"@type\":\"EntryPoint\",\"urlTemplate\":\"https:\/\/alit-tech.com\/it\/?s={search_term_string}\"},\"query-input\":\"required name=search_term_string\"}],\"inLanguage\":\"pt-PT\"}]}<\/script>\n<!-- \/ Yoast SEO plugin. -->","yoast_head_json":{"title":"Sverniciatore a base acquosa per vernici metallizzanti","description":"Metalstrip 2601: sverniciatore a base acquosa per immersione, rimuove efficacemente vernici metallizzate, garantendo sicurezza ambientale e operativa. Clicca qui","robots":{"index":"index","follow":"follow","max-snippet":"max-snippet:-1","max-image-preview":"max-image-preview:large","max-video-preview":"max-video-preview:-1"},"canonical":"https:\/\/alit-tech.com\/pt-pt\/decapantes\/decapagem-a-quente-para-ferro-e-aco\/metalstrip-2601-aktivator-2550\/","og_locale":"pt_PT","og_type":"article","og_title":"Sverniciatore a base acquosa per vernici metallizzanti","og_description":"Metalstrip 2601: sverniciatore a base acquosa per immersione, rimuove efficacemente vernici metallizzate, garantendo sicurezza ambientale e operativa. Clicca qui","og_url":"https:\/\/alit-tech.com\/pt-pt\/decapantes\/decapagem-a-quente-para-ferro-e-aco\/metalstrip-2601-aktivator-2550\/","og_site_name":"Alit technologies Spa","article_modified_time":"2025-04-07T12:17:26+00:00","og_image":[{"width":1200,"height":600,"url":"https:\/\/alit-tech.com\/wp-content\/uploads\/2024\/09\/Sverniciatura-a-caldo-per-Ferro-e-Acciaio.jpg","type":"image\/jpeg"}],"twitter_card":"summary_large_image","twitter_misc":{"Tempo estimado de leitura":"2 minutos"},"schema":{"@context":"https:\/\/schema.org","@graph":[{"@type":"WebPage","@id":"https:\/\/alit-tech.com\/pt-pt\/decapantes\/decapagem-a-quente-para-ferro-e-aco\/metalstrip-2601-aktivator-2550\/","url":"https:\/\/alit-tech.com\/pt-pt\/decapantes\/decapagem-a-quente-para-ferro-e-aco\/metalstrip-2601-aktivator-2550\/","name":"Sverniciatore a base acquosa per vernici metallizzanti","isPartOf":{"@id":"https:\/\/alit-tech.com\/it\/#website"},"primaryImageOfPage":{"@id":"https:\/\/alit-tech.com\/pt-pt\/decapantes\/decapagem-a-quente-para-ferro-e-aco\/metalstrip-2601-aktivator-2550\/#primaryimage"},"image":{"@id":"https:\/\/alit-tech.com\/pt-pt\/decapantes\/decapagem-a-quente-para-ferro-e-aco\/metalstrip-2601-aktivator-2550\/#primaryimage"},"thumbnailUrl":"https:\/\/alit-tech.com\/wp-content\/uploads\/2024\/09\/Sverniciatura-a-caldo-per-Ferro-e-Acciaio.jpg","datePublished":"2024-10-03T13:07:23+00:00","dateModified":"2025-04-07T12:17:26+00:00","description":"Metalstrip 2601: sverniciatore a base acquosa per immersione, rimuove efficacemente vernici metallizzate, garantendo sicurezza ambientale e operativa. Clicca qui","breadcrumb":{"@id":"https:\/\/alit-tech.com\/pt-pt\/decapantes\/decapagem-a-quente-para-ferro-e-aco\/metalstrip-2601-aktivator-2550\/#breadcrumb"},"inLanguage":"pt-PT","potentialAction":[{"@type":"ReadAction","target":["https:\/\/alit-tech.com\/pt-pt\/decapantes\/decapagem-a-quente-para-ferro-e-aco\/metalstrip-2601-aktivator-2550\/"]}]},{"@type":"ImageObject","inLanguage":"pt-PT","@id":"https:\/\/alit-tech.com\/pt-pt\/decapantes\/decapagem-a-quente-para-ferro-e-aco\/metalstrip-2601-aktivator-2550\/#primaryimage","url":"https:\/\/alit-tech.com\/wp-content\/uploads\/2024\/09\/Sverniciatura-a-caldo-per-Ferro-e-Acciaio.jpg","contentUrl":"https:\/\/alit-tech.com\/wp-content\/uploads\/2024\/09\/Sverniciatura-a-caldo-per-Ferro-e-Acciaio.jpg","width":1200,"height":600},{"@type":"BreadcrumbList","@id":"https:\/\/alit-tech.com\/pt-pt\/decapantes\/decapagem-a-quente-para-ferro-e-aco\/metalstrip-2601-aktivator-2550\/#breadcrumb","itemListElement":[{"@type":"ListItem","position":1,"name":"Home","item":"https:\/\/alit-tech.com\/pt-pt\/"},{"@type":"ListItem","position":2,"name":"Decapantes","item":"https:\/\/alit-tech.com\/pt-pt\/decapantes\/"},{"@type":"ListItem","position":3,"name":"Decapagem a quente para Ferro e A\u00e7o","item":"https:\/\/alit-tech.com\/pt-pt\/decapantes\/decapagem-a-quente-para-ferro-e-aco\/"},{"@type":"ListItem","position":4,"name":"METALSTRIP 2601-AKTIVATOR 2550"}]},{"@type":"WebSite","@id":"https:\/\/alit-tech.com\/it\/#website","url":"https:\/\/alit-tech.com\/it\/","name":"Alit technologies Spa","description":"","potentialAction":[{"@type":"SearchAction","target":{"@type":"EntryPoint","urlTemplate":"https:\/\/alit-tech.com\/it\/?s={search_term_string}"},"query-input":"required name=search_term_string"}],"inLanguage":"pt-PT"}]}},"_links":{"self":[{"href":"https:\/\/alit-tech.com\/pt-pt\/wp-json\/wp\/v2\/pages\/14695"}],"collection":[{"href":"https:\/\/alit-tech.com\/pt-pt\/wp-json\/wp\/v2\/pages"}],"about":[{"href":"https:\/\/alit-tech.com\/pt-pt\/wp-json\/wp\/v2\/types\/page"}],"author":[{"embeddable":true,"href":"https:\/\/alit-tech.com\/pt-pt\/wp-json\/wp\/v2\/users\/1"}],"replies":[{"embeddable":true,"href":"https:\/\/alit-tech.com\/pt-pt\/wp-json\/wp\/v2\/comments?post=14695"}],"version-history":[{"count":1,"href":"https:\/\/alit-tech.com\/pt-pt\/wp-json\/wp\/v2\/pages\/14695\/revisions"}],"predecessor-version":[{"id":14697,"href":"https:\/\/alit-tech.com\/pt-pt\/wp-json\/wp\/v2\/pages\/14695\/revisions\/14697"}],"up":[{"embeddable":true,"href":"https:\/\/alit-tech.com\/pt-pt\/wp-json\/wp\/v2\/pages\/14572"}],"wp:featuredmedia":[{"embeddable":true,"href":"https:\/\/alit-tech.com\/pt-pt\/wp-json\/wp\/v2\/media\/12621"}],"wp:attachment":[{"href":"https:\/\/alit-tech.com\/pt-pt\/wp-json\/wp\/v2\/media?parent=14695"}],"curies":[{"name":"wp","href":"https:\/\/api.w.org\/{rel}","templated":true}]}}