{"id":15712,"date":"2024-10-03T15:35:07","date_gmt":"2024-10-03T13:35:07","guid":{"rendered":"https:\/\/alit-tech.com\/decapantes\/decapantes-a-quente-para-aluminio-zinco-e-ligas-leves\/metalstrip-3310\/"},"modified":"2025-08-28T09:56:08","modified_gmt":"2025-08-28T07:56:08","slug":"metalstrip-3310","status":"publish","type":"page","link":"https:\/\/alit-tech.com\/pt-pt\/decapantes\/decapantes-a-quente-para-aluminio-zinco-e-ligas-leves\/metalstrip-3310\/","title":{"rendered":"METALSTRIP 3310"},"content":{"rendered":"\n<p>O Metalstrip 3310 \u00e9 um produto decapante \u00e1cido, org\u00e2nico e pronto a usar, desenvolvido para aplica\u00e7\u00f5es em sistemas por imers\u00e3o e hidrodin\u00e2micos. Este decapante \u00e9 ideal para a remo\u00e7\u00e3o de uma ampla gama de revestimentos com espessuras entre 60 e 120 \u00b5m, com tempos de tratamento potencialmente muito curtos. O Metalstrip 3310 n\u00e3o cont\u00e9m hidrocarbonetos halogenados nem aminas, tornando-o uma solu\u00e7\u00e3o segura e eficaz para diversas aplica\u00e7\u00f5es industriais.<\/p>\n\n\n\n<div style=\"height:50px\" aria-hidden=\"true\" class=\"wp-block-spacer\"><\/div>\n\n\n\n<p><strong>Requisitos t\u00e9cnicos da instala\u00e7\u00e3o de decapagem<\/strong><br>Os materiais em contacto devem ser de a\u00e7o inoxid\u00e1vel AISI316L e devem ser resistentes a solu\u00e7\u00f5es \u00e1cidas aquecidas. O produto gera espuma, pelo que qualquer sistema de agita\u00e7\u00e3o do tanque deve ser submerso e ajust\u00e1vel. A utiliza\u00e7\u00e3o de sistemas de filtra\u00e7\u00e3o espec\u00edficos permite separar os res\u00edduos de tinta, prolongando assim a vida \u00fatil do banho de decapagem.<\/p>\n","protected":false},"excerpt":{"rendered":"<p>O Metalstrip 3310 \u00e9 um produto decapante \u00e1cido, org\u00e2nico e pronto a usar, desenvolvido para aplica\u00e7\u00f5es em sistemas por imers\u00e3o e hidrodin\u00e2micos. Este decapante \u00e9 ideal para a remo\u00e7\u00e3o de uma ampla gama de revestimentos com espessuras entre 60 e 120 \u00b5m, com tempos de tratamento potencialmente muito curtos. O Metalstrip 3310 n\u00e3o cont\u00e9m hidrocarbonetos [&hellip;]<\/p>\n","protected":false},"author":1,"featured_media":12663,"parent":14605,"menu_order":0,"comment_status":"closed","ping_status":"closed","template":"template-pages\/08_chemical_cat_product.php","meta":{"_acf_changed":false,"footnotes":""},"class_list":["post-15712","page","type-page","status-publish","has-post-thumbnail","hentry"],"acf":[],"yoast_head":"<!-- This site is optimized with the Yoast SEO plugin v23.1 - https:\/\/yoast.com\/wordpress\/plugins\/seo\/ -->\n<title>Decapante de tinta l\u00edquida - Decapagem l\u00edquida de tintas METALSTRIP 3310<\/title>\n<meta name=\"description\" content=\"Metalstrip 3310: decapante de tinta l\u00edquida avan\u00e7ado para metais, ideal para imers\u00e3o e sistemas hidrodin\u00e2micos. Remove revestimentos com efici\u00eancia.\" \/>\n<meta name=\"robots\" content=\"index, follow, max-snippet:-1, max-image-preview:large, max-video-preview:-1\" \/>\n<link rel=\"canonical\" href=\"https:\/\/alit-tech.com\/pt-pt\/decapantes\/decapantes-a-quente-para-aluminio-zinco-e-ligas-leves\/metalstrip-3310\/\" \/>\n<meta property=\"og:locale\" content=\"pt_PT\" \/>\n<meta property=\"og:type\" content=\"article\" \/>\n<meta property=\"og:title\" content=\"Decapante de tinta l\u00edquida - Decapagem l\u00edquida de tintas METALSTRIP 3310\" \/>\n<meta property=\"og:description\" content=\"Metalstrip 3310: decapante de tinta l\u00edquida avan\u00e7ado para metais, ideal para imers\u00e3o e sistemas hidrodin\u00e2micos. Remove revestimentos com efici\u00eancia.\" \/>\n<meta property=\"og:url\" content=\"https:\/\/alit-tech.com\/pt-pt\/decapantes\/decapantes-a-quente-para-aluminio-zinco-e-ligas-leves\/metalstrip-3310\/\" \/>\n<meta property=\"og:site_name\" content=\"Alit technologies Spa\" \/>\n<meta property=\"article:modified_time\" content=\"2025-08-28T07:56:08+00:00\" \/>\n<meta property=\"og:image\" content=\"https:\/\/alit-tech.com\/wp-content\/uploads\/2024\/10\/Svernicianti-a-caldo-per-Alluminio-zinco-Leghe-Leggere.jpg\" \/>\n\t<meta property=\"og:image:width\" content=\"1200\" \/>\n\t<meta property=\"og:image:height\" content=\"600\" \/>\n\t<meta property=\"og:image:type\" content=\"image\/jpeg\" \/>\n<meta name=\"twitter:card\" content=\"summary_large_image\" \/>\n<meta name=\"twitter:label1\" content=\"Tempo estimado de leitura\" \/>\n\t<meta name=\"twitter:data1\" content=\"1 minuto\" \/>\n<script type=\"application\/ld+json\" class=\"yoast-schema-graph\">{\"@context\":\"https:\/\/schema.org\",\"@graph\":[{\"@type\":\"WebPage\",\"@id\":\"https:\/\/alit-tech.com\/pt-pt\/decapantes\/decapantes-a-quente-para-aluminio-zinco-e-ligas-leves\/metalstrip-3310\/\",\"url\":\"https:\/\/alit-tech.com\/pt-pt\/decapantes\/decapantes-a-quente-para-aluminio-zinco-e-ligas-leves\/metalstrip-3310\/\",\"name\":\"Decapante de tinta l\u00edquida - Decapagem l\u00edquida de tintas METALSTRIP 3310\",\"isPartOf\":{\"@id\":\"https:\/\/alit-tech.com\/it\/#website\"},\"primaryImageOfPage\":{\"@id\":\"https:\/\/alit-tech.com\/pt-pt\/decapantes\/decapantes-a-quente-para-aluminio-zinco-e-ligas-leves\/metalstrip-3310\/#primaryimage\"},\"image\":{\"@id\":\"https:\/\/alit-tech.com\/pt-pt\/decapantes\/decapantes-a-quente-para-aluminio-zinco-e-ligas-leves\/metalstrip-3310\/#primaryimage\"},\"thumbnailUrl\":\"https:\/\/alit-tech.com\/wp-content\/uploads\/2024\/10\/Svernicianti-a-caldo-per-Alluminio-zinco-Leghe-Leggere.jpg\",\"datePublished\":\"2024-10-03T13:35:07+00:00\",\"dateModified\":\"2025-08-28T07:56:08+00:00\",\"description\":\"Metalstrip 3310: decapante de tinta l\u00edquida avan\u00e7ado para metais, ideal para imers\u00e3o e sistemas hidrodin\u00e2micos. Remove revestimentos com efici\u00eancia.\",\"breadcrumb\":{\"@id\":\"https:\/\/alit-tech.com\/pt-pt\/decapantes\/decapantes-a-quente-para-aluminio-zinco-e-ligas-leves\/metalstrip-3310\/#breadcrumb\"},\"inLanguage\":\"pt-PT\",\"potentialAction\":[{\"@type\":\"ReadAction\",\"target\":[\"https:\/\/alit-tech.com\/pt-pt\/decapantes\/decapantes-a-quente-para-aluminio-zinco-e-ligas-leves\/metalstrip-3310\/\"]}]},{\"@type\":\"ImageObject\",\"inLanguage\":\"pt-PT\",\"@id\":\"https:\/\/alit-tech.com\/pt-pt\/decapantes\/decapantes-a-quente-para-aluminio-zinco-e-ligas-leves\/metalstrip-3310\/#primaryimage\",\"url\":\"https:\/\/alit-tech.com\/wp-content\/uploads\/2024\/10\/Svernicianti-a-caldo-per-Alluminio-zinco-Leghe-Leggere.jpg\",\"contentUrl\":\"https:\/\/alit-tech.com\/wp-content\/uploads\/2024\/10\/Svernicianti-a-caldo-per-Alluminio-zinco-Leghe-Leggere.jpg\",\"width\":1200,\"height\":600},{\"@type\":\"BreadcrumbList\",\"@id\":\"https:\/\/alit-tech.com\/pt-pt\/decapantes\/decapantes-a-quente-para-aluminio-zinco-e-ligas-leves\/metalstrip-3310\/#breadcrumb\",\"itemListElement\":[{\"@type\":\"ListItem\",\"position\":1,\"name\":\"Home\",\"item\":\"https:\/\/alit-tech.com\/pt-pt\/\"},{\"@type\":\"ListItem\",\"position\":2,\"name\":\"Decapantes\",\"item\":\"https:\/\/alit-tech.com\/pt-pt\/decapantes\/\"},{\"@type\":\"ListItem\",\"position\":3,\"name\":\"Decapantes a quente para Alum\u00ednio, Zinco e Ligas Leves\",\"item\":\"https:\/\/alit-tech.com\/pt-pt\/decapantes\/decapantes-a-quente-para-aluminio-zinco-e-ligas-leves\/\"},{\"@type\":\"ListItem\",\"position\":4,\"name\":\"METALSTRIP 3310\"}]},{\"@type\":\"WebSite\",\"@id\":\"https:\/\/alit-tech.com\/it\/#website\",\"url\":\"https:\/\/alit-tech.com\/it\/\",\"name\":\"Alit technologies Spa\",\"description\":\"\",\"potentialAction\":[{\"@type\":\"SearchAction\",\"target\":{\"@type\":\"EntryPoint\",\"urlTemplate\":\"https:\/\/alit-tech.com\/it\/?s={search_term_string}\"},\"query-input\":\"required name=search_term_string\"}],\"inLanguage\":\"pt-PT\"}]}<\/script>\n<!-- \/ Yoast SEO plugin. -->","yoast_head_json":{"title":"Decapante de tinta l\u00edquida - Decapagem l\u00edquida de tintas METALSTRIP 3310","description":"Metalstrip 3310: decapante de tinta l\u00edquida avan\u00e7ado para metais, ideal para imers\u00e3o e sistemas hidrodin\u00e2micos. Remove revestimentos com efici\u00eancia.","robots":{"index":"index","follow":"follow","max-snippet":"max-snippet:-1","max-image-preview":"max-image-preview:large","max-video-preview":"max-video-preview:-1"},"canonical":"https:\/\/alit-tech.com\/pt-pt\/decapantes\/decapantes-a-quente-para-aluminio-zinco-e-ligas-leves\/metalstrip-3310\/","og_locale":"pt_PT","og_type":"article","og_title":"Decapante de tinta l\u00edquida - Decapagem l\u00edquida de tintas METALSTRIP 3310","og_description":"Metalstrip 3310: decapante de tinta l\u00edquida avan\u00e7ado para metais, ideal para imers\u00e3o e sistemas hidrodin\u00e2micos. Remove revestimentos com efici\u00eancia.","og_url":"https:\/\/alit-tech.com\/pt-pt\/decapantes\/decapantes-a-quente-para-aluminio-zinco-e-ligas-leves\/metalstrip-3310\/","og_site_name":"Alit technologies Spa","article_modified_time":"2025-08-28T07:56:08+00:00","og_image":[{"width":1200,"height":600,"url":"https:\/\/alit-tech.com\/wp-content\/uploads\/2024\/10\/Svernicianti-a-caldo-per-Alluminio-zinco-Leghe-Leggere.jpg","type":"image\/jpeg"}],"twitter_card":"summary_large_image","twitter_misc":{"Tempo estimado de leitura":"1 minuto"},"schema":{"@context":"https:\/\/schema.org","@graph":[{"@type":"WebPage","@id":"https:\/\/alit-tech.com\/pt-pt\/decapantes\/decapantes-a-quente-para-aluminio-zinco-e-ligas-leves\/metalstrip-3310\/","url":"https:\/\/alit-tech.com\/pt-pt\/decapantes\/decapantes-a-quente-para-aluminio-zinco-e-ligas-leves\/metalstrip-3310\/","name":"Decapante de tinta l\u00edquida - Decapagem l\u00edquida de tintas METALSTRIP 3310","isPartOf":{"@id":"https:\/\/alit-tech.com\/it\/#website"},"primaryImageOfPage":{"@id":"https:\/\/alit-tech.com\/pt-pt\/decapantes\/decapantes-a-quente-para-aluminio-zinco-e-ligas-leves\/metalstrip-3310\/#primaryimage"},"image":{"@id":"https:\/\/alit-tech.com\/pt-pt\/decapantes\/decapantes-a-quente-para-aluminio-zinco-e-ligas-leves\/metalstrip-3310\/#primaryimage"},"thumbnailUrl":"https:\/\/alit-tech.com\/wp-content\/uploads\/2024\/10\/Svernicianti-a-caldo-per-Alluminio-zinco-Leghe-Leggere.jpg","datePublished":"2024-10-03T13:35:07+00:00","dateModified":"2025-08-28T07:56:08+00:00","description":"Metalstrip 3310: decapante de tinta l\u00edquida avan\u00e7ado para metais, ideal para imers\u00e3o e sistemas hidrodin\u00e2micos. Remove revestimentos com efici\u00eancia.","breadcrumb":{"@id":"https:\/\/alit-tech.com\/pt-pt\/decapantes\/decapantes-a-quente-para-aluminio-zinco-e-ligas-leves\/metalstrip-3310\/#breadcrumb"},"inLanguage":"pt-PT","potentialAction":[{"@type":"ReadAction","target":["https:\/\/alit-tech.com\/pt-pt\/decapantes\/decapantes-a-quente-para-aluminio-zinco-e-ligas-leves\/metalstrip-3310\/"]}]},{"@type":"ImageObject","inLanguage":"pt-PT","@id":"https:\/\/alit-tech.com\/pt-pt\/decapantes\/decapantes-a-quente-para-aluminio-zinco-e-ligas-leves\/metalstrip-3310\/#primaryimage","url":"https:\/\/alit-tech.com\/wp-content\/uploads\/2024\/10\/Svernicianti-a-caldo-per-Alluminio-zinco-Leghe-Leggere.jpg","contentUrl":"https:\/\/alit-tech.com\/wp-content\/uploads\/2024\/10\/Svernicianti-a-caldo-per-Alluminio-zinco-Leghe-Leggere.jpg","width":1200,"height":600},{"@type":"BreadcrumbList","@id":"https:\/\/alit-tech.com\/pt-pt\/decapantes\/decapantes-a-quente-para-aluminio-zinco-e-ligas-leves\/metalstrip-3310\/#breadcrumb","itemListElement":[{"@type":"ListItem","position":1,"name":"Home","item":"https:\/\/alit-tech.com\/pt-pt\/"},{"@type":"ListItem","position":2,"name":"Decapantes","item":"https:\/\/alit-tech.com\/pt-pt\/decapantes\/"},{"@type":"ListItem","position":3,"name":"Decapantes a quente para Alum\u00ednio, Zinco e Ligas Leves","item":"https:\/\/alit-tech.com\/pt-pt\/decapantes\/decapantes-a-quente-para-aluminio-zinco-e-ligas-leves\/"},{"@type":"ListItem","position":4,"name":"METALSTRIP 3310"}]},{"@type":"WebSite","@id":"https:\/\/alit-tech.com\/it\/#website","url":"https:\/\/alit-tech.com\/it\/","name":"Alit technologies Spa","description":"","potentialAction":[{"@type":"SearchAction","target":{"@type":"EntryPoint","urlTemplate":"https:\/\/alit-tech.com\/it\/?s={search_term_string}"},"query-input":"required name=search_term_string"}],"inLanguage":"pt-PT"}]}},"_links":{"self":[{"href":"https:\/\/alit-tech.com\/pt-pt\/wp-json\/wp\/v2\/pages\/15712"}],"collection":[{"href":"https:\/\/alit-tech.com\/pt-pt\/wp-json\/wp\/v2\/pages"}],"about":[{"href":"https:\/\/alit-tech.com\/pt-pt\/wp-json\/wp\/v2\/types\/page"}],"author":[{"embeddable":true,"href":"https:\/\/alit-tech.com\/pt-pt\/wp-json\/wp\/v2\/users\/1"}],"replies":[{"embeddable":true,"href":"https:\/\/alit-tech.com\/pt-pt\/wp-json\/wp\/v2\/comments?post=15712"}],"version-history":[{"count":1,"href":"https:\/\/alit-tech.com\/pt-pt\/wp-json\/wp\/v2\/pages\/15712\/revisions"}],"predecessor-version":[{"id":15714,"href":"https:\/\/alit-tech.com\/pt-pt\/wp-json\/wp\/v2\/pages\/15712\/revisions\/15714"}],"up":[{"embeddable":true,"href":"https:\/\/alit-tech.com\/pt-pt\/wp-json\/wp\/v2\/pages\/14605"}],"wp:featuredmedia":[{"embeddable":true,"href":"https:\/\/alit-tech.com\/pt-pt\/wp-json\/wp\/v2\/media\/12663"}],"wp:attachment":[{"href":"https:\/\/alit-tech.com\/pt-pt\/wp-json\/wp\/v2\/media?parent=15712"}],"curies":[{"name":"wp","href":"https:\/\/api.w.org\/{rel}","templated":true}]}}