{"id":15715,"date":"2024-10-03T15:39:31","date_gmt":"2024-10-03T13:39:31","guid":{"rendered":"https:\/\/alit-tech.com\/decapantes\/decapantes-a-quente-para-aluminio-zinco-e-ligas-leves\/metalstrip-3800\/"},"modified":"2025-08-28T09:56:41","modified_gmt":"2025-08-28T07:56:41","slug":"metalstrip-3800","status":"publish","type":"page","link":"https:\/\/alit-tech.com\/pt-pt\/decapantes\/decapantes-a-quente-para-aluminio-zinco-e-ligas-leves\/metalstrip-3800\/","title":{"rendered":"METALSTRIP 3800"},"content":{"rendered":"\n<p>O Metalstrip 3800 \u00e9 um produto decapante \u00e1cido, org\u00e2nico, formulado para processos de decapagem por imers\u00e3o a temperaturas m\u00e9dias-altas. \u00c9 particularmente eficaz na remo\u00e7\u00e3o de p\u00f3s ep\u00f3xi, p\u00f3s de poli\u00e9ster, poliuretanos, sistemas bicomponentes ep\u00f3xi (2k-ep\u00f3xi) e tintas acr\u00edlicas, bem como a maioria das tintas l\u00edquidas. O Metalstrip 3800 \u00e9 compat\u00edvel com materiais como a\u00e7o, alum\u00ednio, zinco e lat\u00e3o, sem causar danos vis\u00edveis. As pe\u00e7as tratadas mant\u00eam o seu brilho mesmo ap\u00f3s o processo, tornando-o ideal para aplica\u00e7\u00f5es que exigem um elevado acabamento superficial.<\/p>\n\n\n\n<div style=\"height:50px\" aria-hidden=\"true\" class=\"wp-block-spacer\"><\/div>\n\n\n\n<p><strong>Requisitos t\u00e9cnicos da instala\u00e7\u00e3o de decapagem<\/strong><br>Os materiais em contacto devem ser de a\u00e7o inoxid\u00e1vel AISI316L e resistentes a solu\u00e7\u00f5es \u00e1cidas aquecidas. O processo pode ser acelerado atrav\u00e9s da agita\u00e7\u00e3o do banho. A utiliza\u00e7\u00e3o de sistemas de filtra\u00e7\u00e3o espec\u00edficos permite separar os res\u00edduos de tinta, prolongando assim a vida \u00fatil do banho de decapagem.<\/p>\n","protected":false},"excerpt":{"rendered":"<p>O Metalstrip 3800 \u00e9 um produto decapante \u00e1cido, org\u00e2nico, formulado para processos de decapagem por imers\u00e3o a temperaturas m\u00e9dias-altas. \u00c9 particularmente eficaz na remo\u00e7\u00e3o de p\u00f3s ep\u00f3xi, p\u00f3s de poli\u00e9ster, poliuretanos, sistemas bicomponentes ep\u00f3xi (2k-ep\u00f3xi) e tintas acr\u00edlicas, bem como a maioria das tintas l\u00edquidas. O Metalstrip 3800 \u00e9 compat\u00edvel com materiais como a\u00e7o, alum\u00ednio, [&hellip;]<\/p>\n","protected":false},"author":1,"featured_media":12663,"parent":14605,"menu_order":0,"comment_status":"closed","ping_status":"closed","template":"template-pages\/08_chemical_cat_product.php","meta":{"_acf_changed":false,"footnotes":""},"class_list":["post-15715","page","type-page","status-publish","has-post-thumbnail","hentry"],"acf":[],"yoast_head":"<!-- This site is optimized with the Yoast SEO plugin v23.1 - https:\/\/yoast.com\/wordpress\/plugins\/seo\/ -->\n<title>Decapagem de tinta a p\u00f3 qu\u00edmica l\u00edquida METALSTRIP 3800<\/title>\n<meta name=\"description\" content=\"Decapagem de tinta a p\u00f3 qu\u00edmica l\u00edquida com o Metalstrip 3800: decapante org\u00e2nico r\u00e1pido para diversos revestimentos met\u00e1licos. Visite o site.\" \/>\n<meta name=\"robots\" content=\"index, follow, max-snippet:-1, max-image-preview:large, max-video-preview:-1\" \/>\n<link rel=\"canonical\" href=\"https:\/\/alit-tech.com\/pt-pt\/decapantes\/decapantes-a-quente-para-aluminio-zinco-e-ligas-leves\/metalstrip-3800\/\" \/>\n<meta property=\"og:locale\" content=\"pt_PT\" \/>\n<meta property=\"og:type\" content=\"article\" \/>\n<meta property=\"og:title\" content=\"Decapagem de tinta a p\u00f3 qu\u00edmica l\u00edquida METALSTRIP 3800\" \/>\n<meta property=\"og:description\" content=\"Decapagem de tinta a p\u00f3 qu\u00edmica l\u00edquida com o Metalstrip 3800: decapante org\u00e2nico r\u00e1pido para diversos revestimentos met\u00e1licos. Visite o site.\" \/>\n<meta property=\"og:url\" content=\"https:\/\/alit-tech.com\/pt-pt\/decapantes\/decapantes-a-quente-para-aluminio-zinco-e-ligas-leves\/metalstrip-3800\/\" \/>\n<meta property=\"og:site_name\" content=\"Alit technologies Spa\" \/>\n<meta property=\"article:modified_time\" content=\"2025-08-28T07:56:41+00:00\" \/>\n<meta property=\"og:image\" content=\"https:\/\/alit-tech.com\/wp-content\/uploads\/2024\/10\/Svernicianti-a-caldo-per-Alluminio-zinco-Leghe-Leggere.jpg\" \/>\n\t<meta property=\"og:image:width\" content=\"1200\" \/>\n\t<meta property=\"og:image:height\" content=\"600\" \/>\n\t<meta property=\"og:image:type\" content=\"image\/jpeg\" \/>\n<meta name=\"twitter:card\" content=\"summary_large_image\" \/>\n<meta name=\"twitter:label1\" content=\"Tempo estimado de leitura\" \/>\n\t<meta name=\"twitter:data1\" content=\"1 minuto\" \/>\n<script type=\"application\/ld+json\" class=\"yoast-schema-graph\">{\"@context\":\"https:\/\/schema.org\",\"@graph\":[{\"@type\":\"WebPage\",\"@id\":\"https:\/\/alit-tech.com\/pt-pt\/decapantes\/decapantes-a-quente-para-aluminio-zinco-e-ligas-leves\/metalstrip-3800\/\",\"url\":\"https:\/\/alit-tech.com\/pt-pt\/decapantes\/decapantes-a-quente-para-aluminio-zinco-e-ligas-leves\/metalstrip-3800\/\",\"name\":\"Decapagem de tinta a p\u00f3 qu\u00edmica l\u00edquida METALSTRIP 3800\",\"isPartOf\":{\"@id\":\"https:\/\/alit-tech.com\/it\/#website\"},\"primaryImageOfPage\":{\"@id\":\"https:\/\/alit-tech.com\/pt-pt\/decapantes\/decapantes-a-quente-para-aluminio-zinco-e-ligas-leves\/metalstrip-3800\/#primaryimage\"},\"image\":{\"@id\":\"https:\/\/alit-tech.com\/pt-pt\/decapantes\/decapantes-a-quente-para-aluminio-zinco-e-ligas-leves\/metalstrip-3800\/#primaryimage\"},\"thumbnailUrl\":\"https:\/\/alit-tech.com\/wp-content\/uploads\/2024\/10\/Svernicianti-a-caldo-per-Alluminio-zinco-Leghe-Leggere.jpg\",\"datePublished\":\"2024-10-03T13:39:31+00:00\",\"dateModified\":\"2025-08-28T07:56:41+00:00\",\"description\":\"Decapagem de tinta a p\u00f3 qu\u00edmica l\u00edquida com o Metalstrip 3800: decapante org\u00e2nico r\u00e1pido para diversos revestimentos met\u00e1licos. Visite o site.\",\"breadcrumb\":{\"@id\":\"https:\/\/alit-tech.com\/pt-pt\/decapantes\/decapantes-a-quente-para-aluminio-zinco-e-ligas-leves\/metalstrip-3800\/#breadcrumb\"},\"inLanguage\":\"pt-PT\",\"potentialAction\":[{\"@type\":\"ReadAction\",\"target\":[\"https:\/\/alit-tech.com\/pt-pt\/decapantes\/decapantes-a-quente-para-aluminio-zinco-e-ligas-leves\/metalstrip-3800\/\"]}]},{\"@type\":\"ImageObject\",\"inLanguage\":\"pt-PT\",\"@id\":\"https:\/\/alit-tech.com\/pt-pt\/decapantes\/decapantes-a-quente-para-aluminio-zinco-e-ligas-leves\/metalstrip-3800\/#primaryimage\",\"url\":\"https:\/\/alit-tech.com\/wp-content\/uploads\/2024\/10\/Svernicianti-a-caldo-per-Alluminio-zinco-Leghe-Leggere.jpg\",\"contentUrl\":\"https:\/\/alit-tech.com\/wp-content\/uploads\/2024\/10\/Svernicianti-a-caldo-per-Alluminio-zinco-Leghe-Leggere.jpg\",\"width\":1200,\"height\":600},{\"@type\":\"BreadcrumbList\",\"@id\":\"https:\/\/alit-tech.com\/pt-pt\/decapantes\/decapantes-a-quente-para-aluminio-zinco-e-ligas-leves\/metalstrip-3800\/#breadcrumb\",\"itemListElement\":[{\"@type\":\"ListItem\",\"position\":1,\"name\":\"Home\",\"item\":\"https:\/\/alit-tech.com\/pt-pt\/\"},{\"@type\":\"ListItem\",\"position\":2,\"name\":\"Decapantes\",\"item\":\"https:\/\/alit-tech.com\/pt-pt\/decapantes\/\"},{\"@type\":\"ListItem\",\"position\":3,\"name\":\"Decapantes a quente para Alum\u00ednio, Zinco e Ligas Leves\",\"item\":\"https:\/\/alit-tech.com\/pt-pt\/decapantes\/decapantes-a-quente-para-aluminio-zinco-e-ligas-leves\/\"},{\"@type\":\"ListItem\",\"position\":4,\"name\":\"METALSTRIP 3800\"}]},{\"@type\":\"WebSite\",\"@id\":\"https:\/\/alit-tech.com\/it\/#website\",\"url\":\"https:\/\/alit-tech.com\/it\/\",\"name\":\"Alit technologies Spa\",\"description\":\"\",\"potentialAction\":[{\"@type\":\"SearchAction\",\"target\":{\"@type\":\"EntryPoint\",\"urlTemplate\":\"https:\/\/alit-tech.com\/it\/?s={search_term_string}\"},\"query-input\":\"required name=search_term_string\"}],\"inLanguage\":\"pt-PT\"}]}<\/script>\n<!-- \/ Yoast SEO plugin. -->","yoast_head_json":{"title":"Decapagem de tinta a p\u00f3 qu\u00edmica l\u00edquida METALSTRIP 3800","description":"Decapagem de tinta a p\u00f3 qu\u00edmica l\u00edquida com o Metalstrip 3800: decapante org\u00e2nico r\u00e1pido para diversos revestimentos met\u00e1licos. Visite o site.","robots":{"index":"index","follow":"follow","max-snippet":"max-snippet:-1","max-image-preview":"max-image-preview:large","max-video-preview":"max-video-preview:-1"},"canonical":"https:\/\/alit-tech.com\/pt-pt\/decapantes\/decapantes-a-quente-para-aluminio-zinco-e-ligas-leves\/metalstrip-3800\/","og_locale":"pt_PT","og_type":"article","og_title":"Decapagem de tinta a p\u00f3 qu\u00edmica l\u00edquida METALSTRIP 3800","og_description":"Decapagem de tinta a p\u00f3 qu\u00edmica l\u00edquida com o Metalstrip 3800: decapante org\u00e2nico r\u00e1pido para diversos revestimentos met\u00e1licos. Visite o site.","og_url":"https:\/\/alit-tech.com\/pt-pt\/decapantes\/decapantes-a-quente-para-aluminio-zinco-e-ligas-leves\/metalstrip-3800\/","og_site_name":"Alit technologies Spa","article_modified_time":"2025-08-28T07:56:41+00:00","og_image":[{"width":1200,"height":600,"url":"https:\/\/alit-tech.com\/wp-content\/uploads\/2024\/10\/Svernicianti-a-caldo-per-Alluminio-zinco-Leghe-Leggere.jpg","type":"image\/jpeg"}],"twitter_card":"summary_large_image","twitter_misc":{"Tempo estimado de leitura":"1 minuto"},"schema":{"@context":"https:\/\/schema.org","@graph":[{"@type":"WebPage","@id":"https:\/\/alit-tech.com\/pt-pt\/decapantes\/decapantes-a-quente-para-aluminio-zinco-e-ligas-leves\/metalstrip-3800\/","url":"https:\/\/alit-tech.com\/pt-pt\/decapantes\/decapantes-a-quente-para-aluminio-zinco-e-ligas-leves\/metalstrip-3800\/","name":"Decapagem de tinta a p\u00f3 qu\u00edmica l\u00edquida METALSTRIP 3800","isPartOf":{"@id":"https:\/\/alit-tech.com\/it\/#website"},"primaryImageOfPage":{"@id":"https:\/\/alit-tech.com\/pt-pt\/decapantes\/decapantes-a-quente-para-aluminio-zinco-e-ligas-leves\/metalstrip-3800\/#primaryimage"},"image":{"@id":"https:\/\/alit-tech.com\/pt-pt\/decapantes\/decapantes-a-quente-para-aluminio-zinco-e-ligas-leves\/metalstrip-3800\/#primaryimage"},"thumbnailUrl":"https:\/\/alit-tech.com\/wp-content\/uploads\/2024\/10\/Svernicianti-a-caldo-per-Alluminio-zinco-Leghe-Leggere.jpg","datePublished":"2024-10-03T13:39:31+00:00","dateModified":"2025-08-28T07:56:41+00:00","description":"Decapagem de tinta a p\u00f3 qu\u00edmica l\u00edquida com o Metalstrip 3800: decapante org\u00e2nico r\u00e1pido para diversos revestimentos met\u00e1licos. Visite o site.","breadcrumb":{"@id":"https:\/\/alit-tech.com\/pt-pt\/decapantes\/decapantes-a-quente-para-aluminio-zinco-e-ligas-leves\/metalstrip-3800\/#breadcrumb"},"inLanguage":"pt-PT","potentialAction":[{"@type":"ReadAction","target":["https:\/\/alit-tech.com\/pt-pt\/decapantes\/decapantes-a-quente-para-aluminio-zinco-e-ligas-leves\/metalstrip-3800\/"]}]},{"@type":"ImageObject","inLanguage":"pt-PT","@id":"https:\/\/alit-tech.com\/pt-pt\/decapantes\/decapantes-a-quente-para-aluminio-zinco-e-ligas-leves\/metalstrip-3800\/#primaryimage","url":"https:\/\/alit-tech.com\/wp-content\/uploads\/2024\/10\/Svernicianti-a-caldo-per-Alluminio-zinco-Leghe-Leggere.jpg","contentUrl":"https:\/\/alit-tech.com\/wp-content\/uploads\/2024\/10\/Svernicianti-a-caldo-per-Alluminio-zinco-Leghe-Leggere.jpg","width":1200,"height":600},{"@type":"BreadcrumbList","@id":"https:\/\/alit-tech.com\/pt-pt\/decapantes\/decapantes-a-quente-para-aluminio-zinco-e-ligas-leves\/metalstrip-3800\/#breadcrumb","itemListElement":[{"@type":"ListItem","position":1,"name":"Home","item":"https:\/\/alit-tech.com\/pt-pt\/"},{"@type":"ListItem","position":2,"name":"Decapantes","item":"https:\/\/alit-tech.com\/pt-pt\/decapantes\/"},{"@type":"ListItem","position":3,"name":"Decapantes a quente para Alum\u00ednio, Zinco e Ligas Leves","item":"https:\/\/alit-tech.com\/pt-pt\/decapantes\/decapantes-a-quente-para-aluminio-zinco-e-ligas-leves\/"},{"@type":"ListItem","position":4,"name":"METALSTRIP 3800"}]},{"@type":"WebSite","@id":"https:\/\/alit-tech.com\/it\/#website","url":"https:\/\/alit-tech.com\/it\/","name":"Alit technologies Spa","description":"","potentialAction":[{"@type":"SearchAction","target":{"@type":"EntryPoint","urlTemplate":"https:\/\/alit-tech.com\/it\/?s={search_term_string}"},"query-input":"required name=search_term_string"}],"inLanguage":"pt-PT"}]}},"_links":{"self":[{"href":"https:\/\/alit-tech.com\/pt-pt\/wp-json\/wp\/v2\/pages\/15715"}],"collection":[{"href":"https:\/\/alit-tech.com\/pt-pt\/wp-json\/wp\/v2\/pages"}],"about":[{"href":"https:\/\/alit-tech.com\/pt-pt\/wp-json\/wp\/v2\/types\/page"}],"author":[{"embeddable":true,"href":"https:\/\/alit-tech.com\/pt-pt\/wp-json\/wp\/v2\/users\/1"}],"replies":[{"embeddable":true,"href":"https:\/\/alit-tech.com\/pt-pt\/wp-json\/wp\/v2\/comments?post=15715"}],"version-history":[{"count":1,"href":"https:\/\/alit-tech.com\/pt-pt\/wp-json\/wp\/v2\/pages\/15715\/revisions"}],"predecessor-version":[{"id":15717,"href":"https:\/\/alit-tech.com\/pt-pt\/wp-json\/wp\/v2\/pages\/15715\/revisions\/15717"}],"up":[{"embeddable":true,"href":"https:\/\/alit-tech.com\/pt-pt\/wp-json\/wp\/v2\/pages\/14605"}],"wp:featuredmedia":[{"embeddable":true,"href":"https:\/\/alit-tech.com\/pt-pt\/wp-json\/wp\/v2\/media\/12663"}],"wp:attachment":[{"href":"https:\/\/alit-tech.com\/pt-pt\/wp-json\/wp\/v2\/media?parent=15715"}],"curies":[{"name":"wp","href":"https:\/\/api.w.org\/{rel}","templated":true}]}}