{"id":16962,"date":"2026-04-02T11:38:50","date_gmt":"2026-04-02T09:38:50","guid":{"rendered":"https:\/\/alit-tech.com\/maquinas\/fastrip-t6\/"},"modified":"2026-04-02T13:31:01","modified_gmt":"2026-04-02T11:31:01","slug":"fastrip-t6","status":"publish","type":"page","link":"https:\/\/alit-tech.com\/pt-pt\/maquinas\/fastrip-t6\/","title":{"rendered":"Fastrip T6"},"content":{"rendered":"\n<p><strong>FASTRIP T6<\/strong> \u00e9 uma solu\u00e7\u00e3o qu\u00edmica de decapagem por imers\u00e3o, projetada para a limpeza e recupera\u00e7\u00e3o de estruturas, ganchos e componentes met\u00e1licos de m\u00e9dio e grande porte.<br>Os componentes s\u00e3o imersos em um banho ativo, continuamente agitado, garantindo a remo\u00e7\u00e3o uniforme e eficaz dos revestimentos, mesmo em superf\u00edcies complexas.<\/p>\n","protected":false},"excerpt":{"rendered":"<p>FASTRIP T6 \u00e9 uma solu\u00e7\u00e3o qu\u00edmica de decapagem por imers\u00e3o, projetada para a limpeza e recupera\u00e7\u00e3o de estruturas, ganchos e componentes met\u00e1licos de m\u00e9dio e grande porte.Os componentes s\u00e3o imersos em um banho ativo, continuamente agitado, garantindo a remo\u00e7\u00e3o uniforme e eficaz dos revestimentos, mesmo em superf\u00edcies complexas.<\/p>\n","protected":false},"author":1,"featured_media":16907,"parent":10040,"menu_order":0,"comment_status":"closed","ping_status":"closed","template":"template-pages\/05_plants_product.php","meta":{"_acf_changed":false,"footnotes":""},"class_list":["post-16962","page","type-page","status-publish","has-post-thumbnail","hentry"],"acf":[],"yoast_head":"<!-- This site is optimized with the Yoast SEO plugin v23.1 - https:\/\/yoast.com\/wordpress\/plugins\/seo\/ -->\n<title>Fastrip T6 - Alit technologies Spa<\/title>\n<meta name=\"robots\" content=\"index, follow, max-snippet:-1, max-image-preview:large, max-video-preview:-1\" \/>\n<link rel=\"canonical\" href=\"https:\/\/alit-tech.com\/pt-pt\/maquinas\/fastrip-t6\/\" \/>\n<meta property=\"og:locale\" content=\"pt_PT\" \/>\n<meta property=\"og:type\" content=\"article\" \/>\n<meta property=\"og:title\" content=\"Fastrip T6 - Alit technologies Spa\" \/>\n<meta property=\"og:description\" content=\"FASTRIP T6 \u00e9 uma solu\u00e7\u00e3o qu\u00edmica de decapagem por imers\u00e3o, projetada para a limpeza e recupera\u00e7\u00e3o de estruturas, ganchos e componentes met\u00e1licos de m\u00e9dio e grande porte.Os componentes s\u00e3o imersos em um banho ativo, continuamente agitado, garantindo a remo\u00e7\u00e3o uniforme e eficaz dos revestimentos, mesmo em superf\u00edcies complexas.\" \/>\n<meta property=\"og:url\" content=\"https:\/\/alit-tech.com\/pt-pt\/maquinas\/fastrip-t6\/\" \/>\n<meta property=\"og:site_name\" content=\"Alit technologies Spa\" \/>\n<meta property=\"article:modified_time\" content=\"2026-04-02T11:31:01+00:00\" \/>\n<meta property=\"og:image\" content=\"https:\/\/alit-tech.com\/wp-content\/uploads\/2026\/04\/Fastrip-T6-Vasca-Aperta-2.webp\" \/>\n\t<meta property=\"og:image:width\" content=\"2783\" \/>\n\t<meta property=\"og:image:height\" content=\"893\" \/>\n\t<meta property=\"og:image:type\" content=\"image\/webp\" \/>\n<meta name=\"twitter:card\" content=\"summary_large_image\" \/>\n<meta name=\"twitter:label1\" content=\"Tempo estimado de leitura\" \/>\n\t<meta name=\"twitter:data1\" content=\"1 minuto\" \/>\n<script type=\"application\/ld+json\" class=\"yoast-schema-graph\">{\"@context\":\"https:\/\/schema.org\",\"@graph\":[{\"@type\":\"WebPage\",\"@id\":\"https:\/\/alit-tech.com\/pt-pt\/maquinas\/fastrip-t6\/\",\"url\":\"https:\/\/alit-tech.com\/pt-pt\/maquinas\/fastrip-t6\/\",\"name\":\"Fastrip T6 - Alit technologies Spa\",\"isPartOf\":{\"@id\":\"https:\/\/alit-tech.com\/it\/#website\"},\"primaryImageOfPage\":{\"@id\":\"https:\/\/alit-tech.com\/pt-pt\/maquinas\/fastrip-t6\/#primaryimage\"},\"image\":{\"@id\":\"https:\/\/alit-tech.com\/pt-pt\/maquinas\/fastrip-t6\/#primaryimage\"},\"thumbnailUrl\":\"https:\/\/alit-tech.com\/wp-content\/uploads\/2026\/04\/Fastrip-T6-Vasca-Aperta-2.webp\",\"datePublished\":\"2026-04-02T09:38:50+00:00\",\"dateModified\":\"2026-04-02T11:31:01+00:00\",\"breadcrumb\":{\"@id\":\"https:\/\/alit-tech.com\/pt-pt\/maquinas\/fastrip-t6\/#breadcrumb\"},\"inLanguage\":\"pt-PT\",\"potentialAction\":[{\"@type\":\"ReadAction\",\"target\":[\"https:\/\/alit-tech.com\/pt-pt\/maquinas\/fastrip-t6\/\"]}]},{\"@type\":\"ImageObject\",\"inLanguage\":\"pt-PT\",\"@id\":\"https:\/\/alit-tech.com\/pt-pt\/maquinas\/fastrip-t6\/#primaryimage\",\"url\":\"https:\/\/alit-tech.com\/wp-content\/uploads\/2026\/04\/Fastrip-T6-Vasca-Aperta-2.webp\",\"contentUrl\":\"https:\/\/alit-tech.com\/wp-content\/uploads\/2026\/04\/Fastrip-T6-Vasca-Aperta-2.webp\",\"width\":2783,\"height\":893},{\"@type\":\"BreadcrumbList\",\"@id\":\"https:\/\/alit-tech.com\/pt-pt\/maquinas\/fastrip-t6\/#breadcrumb\",\"itemListElement\":[{\"@type\":\"ListItem\",\"position\":1,\"name\":\"Home\",\"item\":\"https:\/\/alit-tech.com\/pt-pt\/\"},{\"@type\":\"ListItem\",\"position\":2,\"name\":\"M\u00e1quinas\",\"item\":\"https:\/\/alit-tech.com\/pt-pt\/maquinas\/\"},{\"@type\":\"ListItem\",\"position\":3,\"name\":\"Fastrip T6\"}]},{\"@type\":\"WebSite\",\"@id\":\"https:\/\/alit-tech.com\/it\/#website\",\"url\":\"https:\/\/alit-tech.com\/it\/\",\"name\":\"Alit technologies Spa\",\"description\":\"\",\"potentialAction\":[{\"@type\":\"SearchAction\",\"target\":{\"@type\":\"EntryPoint\",\"urlTemplate\":\"https:\/\/alit-tech.com\/it\/?s={search_term_string}\"},\"query-input\":\"required name=search_term_string\"}],\"inLanguage\":\"pt-PT\"}]}<\/script>\n<!-- \/ Yoast SEO plugin. -->","yoast_head_json":{"title":"Fastrip T6 - Alit technologies Spa","robots":{"index":"index","follow":"follow","max-snippet":"max-snippet:-1","max-image-preview":"max-image-preview:large","max-video-preview":"max-video-preview:-1"},"canonical":"https:\/\/alit-tech.com\/pt-pt\/maquinas\/fastrip-t6\/","og_locale":"pt_PT","og_type":"article","og_title":"Fastrip T6 - Alit technologies Spa","og_description":"FASTRIP T6 \u00e9 uma solu\u00e7\u00e3o qu\u00edmica de decapagem por imers\u00e3o, projetada para a limpeza e recupera\u00e7\u00e3o de estruturas, ganchos e componentes met\u00e1licos de m\u00e9dio e grande porte.Os componentes s\u00e3o imersos em um banho ativo, continuamente agitado, garantindo a remo\u00e7\u00e3o uniforme e eficaz dos revestimentos, mesmo em superf\u00edcies complexas.","og_url":"https:\/\/alit-tech.com\/pt-pt\/maquinas\/fastrip-t6\/","og_site_name":"Alit technologies Spa","article_modified_time":"2026-04-02T11:31:01+00:00","og_image":[{"width":2783,"height":893,"url":"https:\/\/alit-tech.com\/wp-content\/uploads\/2026\/04\/Fastrip-T6-Vasca-Aperta-2.webp","type":"image\/webp"}],"twitter_card":"summary_large_image","twitter_misc":{"Tempo estimado de leitura":"1 minuto"},"schema":{"@context":"https:\/\/schema.org","@graph":[{"@type":"WebPage","@id":"https:\/\/alit-tech.com\/pt-pt\/maquinas\/fastrip-t6\/","url":"https:\/\/alit-tech.com\/pt-pt\/maquinas\/fastrip-t6\/","name":"Fastrip T6 - Alit technologies Spa","isPartOf":{"@id":"https:\/\/alit-tech.com\/it\/#website"},"primaryImageOfPage":{"@id":"https:\/\/alit-tech.com\/pt-pt\/maquinas\/fastrip-t6\/#primaryimage"},"image":{"@id":"https:\/\/alit-tech.com\/pt-pt\/maquinas\/fastrip-t6\/#primaryimage"},"thumbnailUrl":"https:\/\/alit-tech.com\/wp-content\/uploads\/2026\/04\/Fastrip-T6-Vasca-Aperta-2.webp","datePublished":"2026-04-02T09:38:50+00:00","dateModified":"2026-04-02T11:31:01+00:00","breadcrumb":{"@id":"https:\/\/alit-tech.com\/pt-pt\/maquinas\/fastrip-t6\/#breadcrumb"},"inLanguage":"pt-PT","potentialAction":[{"@type":"ReadAction","target":["https:\/\/alit-tech.com\/pt-pt\/maquinas\/fastrip-t6\/"]}]},{"@type":"ImageObject","inLanguage":"pt-PT","@id":"https:\/\/alit-tech.com\/pt-pt\/maquinas\/fastrip-t6\/#primaryimage","url":"https:\/\/alit-tech.com\/wp-content\/uploads\/2026\/04\/Fastrip-T6-Vasca-Aperta-2.webp","contentUrl":"https:\/\/alit-tech.com\/wp-content\/uploads\/2026\/04\/Fastrip-T6-Vasca-Aperta-2.webp","width":2783,"height":893},{"@type":"BreadcrumbList","@id":"https:\/\/alit-tech.com\/pt-pt\/maquinas\/fastrip-t6\/#breadcrumb","itemListElement":[{"@type":"ListItem","position":1,"name":"Home","item":"https:\/\/alit-tech.com\/pt-pt\/"},{"@type":"ListItem","position":2,"name":"M\u00e1quinas","item":"https:\/\/alit-tech.com\/pt-pt\/maquinas\/"},{"@type":"ListItem","position":3,"name":"Fastrip T6"}]},{"@type":"WebSite","@id":"https:\/\/alit-tech.com\/it\/#website","url":"https:\/\/alit-tech.com\/it\/","name":"Alit technologies Spa","description":"","potentialAction":[{"@type":"SearchAction","target":{"@type":"EntryPoint","urlTemplate":"https:\/\/alit-tech.com\/it\/?s={search_term_string}"},"query-input":"required name=search_term_string"}],"inLanguage":"pt-PT"}]}},"_links":{"self":[{"href":"https:\/\/alit-tech.com\/pt-pt\/wp-json\/wp\/v2\/pages\/16962"}],"collection":[{"href":"https:\/\/alit-tech.com\/pt-pt\/wp-json\/wp\/v2\/pages"}],"about":[{"href":"https:\/\/alit-tech.com\/pt-pt\/wp-json\/wp\/v2\/types\/page"}],"author":[{"embeddable":true,"href":"https:\/\/alit-tech.com\/pt-pt\/wp-json\/wp\/v2\/users\/1"}],"replies":[{"embeddable":true,"href":"https:\/\/alit-tech.com\/pt-pt\/wp-json\/wp\/v2\/comments?post=16962"}],"version-history":[{"count":1,"href":"https:\/\/alit-tech.com\/pt-pt\/wp-json\/wp\/v2\/pages\/16962\/revisions"}],"predecessor-version":[{"id":16963,"href":"https:\/\/alit-tech.com\/pt-pt\/wp-json\/wp\/v2\/pages\/16962\/revisions\/16963"}],"up":[{"embeddable":true,"href":"https:\/\/alit-tech.com\/pt-pt\/wp-json\/wp\/v2\/pages\/10040"}],"wp:featuredmedia":[{"embeddable":true,"href":"https:\/\/alit-tech.com\/pt-pt\/wp-json\/wp\/v2\/media\/16907"}],"wp:attachment":[{"href":"https:\/\/alit-tech.com\/pt-pt\/wp-json\/wp\/v2\/media?parent=16962"}],"curies":[{"name":"wp","href":"https:\/\/api.w.org\/{rel}","templated":true}]}}