{"id":9733,"date":"2024-03-20T09:49:25","date_gmt":"2024-03-20T08:49:25","guid":{"rendered":"https:\/\/alit-tech.com\/?page_id=9733"},"modified":"2026-03-13T16:35:00","modified_gmt":"2026-03-13T15:35:00","slug":"homepage","status":"publish","type":"page","link":"https:\/\/alit-tech.com\/pt-pt\/","title":{"rendered":"Homepage"},"content":{"rendered":"","protected":false},"excerpt":{"rendered":"","protected":false},"author":1,"featured_media":10905,"parent":0,"menu_order":0,"comment_status":"closed","ping_status":"closed","template":"template-pages\/01_homepage.php","meta":{"_acf_changed":false,"footnotes":""},"class_list":["post-9733","page","type-page","status-publish","has-post-thumbnail","hentry"],"acf":[],"yoast_head":"<!-- This site is optimized with the Yoast SEO plugin v23.1 - https:\/\/yoast.com\/wordpress\/plugins\/seo\/ -->\n<title>Empresa de Decapagem - Decapagem Quimica Industrial | ALIT<\/title>\n<meta name=\"description\" content=\"Empresa profissional de decapagem qu\u00edmica, instala\u00e7\u00f5es e produtos para decapagem de metais a quente e a frio. Descubra as nossas solu\u00e7\u00f5es no site - ALIT\" \/>\n<meta name=\"robots\" content=\"index, follow, max-snippet:-1, max-image-preview:large, max-video-preview:-1\" \/>\n<link rel=\"canonical\" href=\"https:\/\/alit-tech.com\/pt-pt\/\" \/>\n<meta property=\"og:locale\" content=\"pt_PT\" \/>\n<meta property=\"og:type\" content=\"article\" \/>\n<meta property=\"og:title\" content=\"Empresa de Decapagem - Decapagem Quimica Industrial | ALIT\" \/>\n<meta property=\"og:description\" content=\"Empresa profissional de decapagem qu\u00edmica, instala\u00e7\u00f5es e produtos para decapagem de metais a quente e a frio. Descubra as nossas solu\u00e7\u00f5es no site - ALIT\" \/>\n<meta property=\"og:url\" content=\"https:\/\/alit-tech.com\/pt-pt\/\" \/>\n<meta property=\"og:site_name\" content=\"Alit technologies Spa\" \/>\n<meta property=\"article:modified_time\" content=\"2026-03-13T15:35:00+00:00\" \/>\n<meta property=\"og:image\" content=\"https:\/\/alit-tech.com\/wp-content\/uploads\/2024\/07\/Progetto-senza-titolo-3-1.png\" \/>\n\t<meta property=\"og:image:width\" content=\"2400\" \/>\n\t<meta property=\"og:image:height\" content=\"1350\" \/>\n\t<meta property=\"og:image:type\" content=\"image\/png\" \/>\n<meta name=\"twitter:card\" content=\"summary_large_image\" \/>\n<meta name=\"twitter:label1\" content=\"Tempo estimado de leitura\" \/>\n\t<meta name=\"twitter:data1\" content=\"1 minuto\" \/>\n<script type=\"application\/ld+json\" class=\"yoast-schema-graph\">{\"@context\":\"https:\/\/schema.org\",\"@graph\":[{\"@type\":\"WebPage\",\"@id\":\"https:\/\/alit-tech.com\/pt-pt\/\",\"url\":\"https:\/\/alit-tech.com\/pt-pt\/\",\"name\":\"Empresa de Decapagem - Decapagem Quimica Industrial | ALIT\",\"isPartOf\":{\"@id\":\"https:\/\/alit-tech.com\/it\/#website\"},\"primaryImageOfPage\":{\"@id\":\"https:\/\/alit-tech.com\/pt-pt\/#primaryimage\"},\"image\":{\"@id\":\"https:\/\/alit-tech.com\/pt-pt\/#primaryimage\"},\"thumbnailUrl\":\"https:\/\/alit-tech.com\/wp-content\/uploads\/2024\/07\/Progetto-senza-titolo-3-1.png\",\"datePublished\":\"2024-03-20T08:49:25+00:00\",\"dateModified\":\"2026-03-13T15:35:00+00:00\",\"description\":\"Empresa profissional de decapagem qu\u00edmica, instala\u00e7\u00f5es e produtos para decapagem de metais a quente e a frio. Descubra as nossas solu\u00e7\u00f5es no site - ALIT\",\"breadcrumb\":{\"@id\":\"https:\/\/alit-tech.com\/pt-pt\/#breadcrumb\"},\"inLanguage\":\"pt-PT\",\"potentialAction\":[{\"@type\":\"ReadAction\",\"target\":[\"https:\/\/alit-tech.com\/pt-pt\/\"]}]},{\"@type\":\"ImageObject\",\"inLanguage\":\"pt-PT\",\"@id\":\"https:\/\/alit-tech.com\/pt-pt\/#primaryimage\",\"url\":\"https:\/\/alit-tech.com\/wp-content\/uploads\/2024\/07\/Progetto-senza-titolo-3-1.png\",\"contentUrl\":\"https:\/\/alit-tech.com\/wp-content\/uploads\/2024\/07\/Progetto-senza-titolo-3-1.png\",\"width\":2400,\"height\":1350,\"caption\":\"Mulher robot_industrial_pintura_ALIT_Technologies_SPA\"},{\"@type\":\"BreadcrumbList\",\"@id\":\"https:\/\/alit-tech.com\/pt-pt\/#breadcrumb\",\"itemListElement\":[{\"@type\":\"ListItem\",\"position\":1,\"name\":\"Home\",\"item\":\"https:\/\/alit-tech.com\/pt-pt\/\"},{\"@type\":\"ListItem\",\"position\":2,\"name\":\"Homepage\"}]},{\"@type\":\"WebSite\",\"@id\":\"https:\/\/alit-tech.com\/it\/#website\",\"url\":\"https:\/\/alit-tech.com\/it\/\",\"name\":\"Alit technologies Spa\",\"description\":\"\",\"potentialAction\":[{\"@type\":\"SearchAction\",\"target\":{\"@type\":\"EntryPoint\",\"urlTemplate\":\"https:\/\/alit-tech.com\/it\/?s={search_term_string}\"},\"query-input\":\"required name=search_term_string\"}],\"inLanguage\":\"pt-PT\"}]}<\/script>\n<!-- \/ Yoast SEO plugin. -->","yoast_head_json":{"title":"Empresa de Decapagem - Decapagem Quimica Industrial | ALIT","description":"Empresa profissional de decapagem qu\u00edmica, instala\u00e7\u00f5es e produtos para decapagem de metais a quente e a frio. Descubra as nossas solu\u00e7\u00f5es no site - ALIT","robots":{"index":"index","follow":"follow","max-snippet":"max-snippet:-1","max-image-preview":"max-image-preview:large","max-video-preview":"max-video-preview:-1"},"canonical":"https:\/\/alit-tech.com\/pt-pt\/","og_locale":"pt_PT","og_type":"article","og_title":"Empresa de Decapagem - Decapagem Quimica Industrial | ALIT","og_description":"Empresa profissional de decapagem qu\u00edmica, instala\u00e7\u00f5es e produtos para decapagem de metais a quente e a frio. Descubra as nossas solu\u00e7\u00f5es no site - ALIT","og_url":"https:\/\/alit-tech.com\/pt-pt\/","og_site_name":"Alit technologies Spa","article_modified_time":"2026-03-13T15:35:00+00:00","og_image":[{"width":2400,"height":1350,"url":"https:\/\/alit-tech.com\/wp-content\/uploads\/2024\/07\/Progetto-senza-titolo-3-1.png","type":"image\/png"}],"twitter_card":"summary_large_image","twitter_misc":{"Tempo estimado de leitura":"1 minuto"},"schema":{"@context":"https:\/\/schema.org","@graph":[{"@type":"WebPage","@id":"https:\/\/alit-tech.com\/pt-pt\/","url":"https:\/\/alit-tech.com\/pt-pt\/","name":"Empresa de Decapagem - Decapagem Quimica Industrial | ALIT","isPartOf":{"@id":"https:\/\/alit-tech.com\/it\/#website"},"primaryImageOfPage":{"@id":"https:\/\/alit-tech.com\/pt-pt\/#primaryimage"},"image":{"@id":"https:\/\/alit-tech.com\/pt-pt\/#primaryimage"},"thumbnailUrl":"https:\/\/alit-tech.com\/wp-content\/uploads\/2024\/07\/Progetto-senza-titolo-3-1.png","datePublished":"2024-03-20T08:49:25+00:00","dateModified":"2026-03-13T15:35:00+00:00","description":"Empresa profissional de decapagem qu\u00edmica, instala\u00e7\u00f5es e produtos para decapagem de metais a quente e a frio. Descubra as nossas solu\u00e7\u00f5es no site - ALIT","breadcrumb":{"@id":"https:\/\/alit-tech.com\/pt-pt\/#breadcrumb"},"inLanguage":"pt-PT","potentialAction":[{"@type":"ReadAction","target":["https:\/\/alit-tech.com\/pt-pt\/"]}]},{"@type":"ImageObject","inLanguage":"pt-PT","@id":"https:\/\/alit-tech.com\/pt-pt\/#primaryimage","url":"https:\/\/alit-tech.com\/wp-content\/uploads\/2024\/07\/Progetto-senza-titolo-3-1.png","contentUrl":"https:\/\/alit-tech.com\/wp-content\/uploads\/2024\/07\/Progetto-senza-titolo-3-1.png","width":2400,"height":1350,"caption":"Mulher robot_industrial_pintura_ALIT_Technologies_SPA"},{"@type":"BreadcrumbList","@id":"https:\/\/alit-tech.com\/pt-pt\/#breadcrumb","itemListElement":[{"@type":"ListItem","position":1,"name":"Home","item":"https:\/\/alit-tech.com\/pt-pt\/"},{"@type":"ListItem","position":2,"name":"Homepage"}]},{"@type":"WebSite","@id":"https:\/\/alit-tech.com\/it\/#website","url":"https:\/\/alit-tech.com\/it\/","name":"Alit technologies Spa","description":"","potentialAction":[{"@type":"SearchAction","target":{"@type":"EntryPoint","urlTemplate":"https:\/\/alit-tech.com\/it\/?s={search_term_string}"},"query-input":"required name=search_term_string"}],"inLanguage":"pt-PT"}]}},"_links":{"self":[{"href":"https:\/\/alit-tech.com\/pt-pt\/wp-json\/wp\/v2\/pages\/9733"}],"collection":[{"href":"https:\/\/alit-tech.com\/pt-pt\/wp-json\/wp\/v2\/pages"}],"about":[{"href":"https:\/\/alit-tech.com\/pt-pt\/wp-json\/wp\/v2\/types\/page"}],"author":[{"embeddable":true,"href":"https:\/\/alit-tech.com\/pt-pt\/wp-json\/wp\/v2\/users\/1"}],"replies":[{"embeddable":true,"href":"https:\/\/alit-tech.com\/pt-pt\/wp-json\/wp\/v2\/comments?post=9733"}],"version-history":[{"count":25,"href":"https:\/\/alit-tech.com\/pt-pt\/wp-json\/wp\/v2\/pages\/9733\/revisions"}],"predecessor-version":[{"id":16808,"href":"https:\/\/alit-tech.com\/pt-pt\/wp-json\/wp\/v2\/pages\/9733\/revisions\/16808"}],"wp:featuredmedia":[{"embeddable":true,"href":"https:\/\/alit-tech.com\/pt-pt\/wp-json\/wp\/v2\/media\/10905"}],"wp:attachment":[{"href":"https:\/\/alit-tech.com\/pt-pt\/wp-json\/wp\/v2\/media?parent=9733"}],"curies":[{"name":"wp","href":"https:\/\/api.w.org\/{rel}","templated":true}]}}