{"id":9776,"date":"2024-03-26T15:12:08","date_gmt":"2024-03-26T14:12:08","guid":{"rendered":"https:\/\/alit-tech.com\/fastrip-ap\/"},"modified":"2025-05-19T14:01:35","modified_gmt":"2025-05-19T12:01:35","slug":"fastrip-ap","status":"publish","type":"page","link":"https:\/\/alit-tech.com\/pt-pt\/maquinas\/fastrip-ap\/","title":{"rendered":"Fastrip AP"},"content":{"rendered":"\n<p><strong>Fastrip AP<\/strong>\u00a0\u00e9 o sistema offline compacto especialmente criado para remover perfis de alum\u00ednio. Fastrip AP permite remover perfis de at\u00e9 250 kg de peso e 8 metros de comprimento. O tempo aproximado de decapagem \u00e9 de cerca de 3 horas, dependendo do tipo de tinta e da sua espessura. O sistema consiste num tanque de decapagem seguindo-se de um tanque de lavagem.<\/p>\n\n\n\n<p>Fastrip AP \u00e9 extremamente seguro gra\u00e7as aos seus sistemas de seguran\u00e7a integrados, tais como:<\/p>\n\n\n\n<ul class=\"wp-block-list\">\n<li>Barreira laser de seguran\u00e7a<\/li>\n\n\n\n<li>Rede met\u00e1lica circundante<\/li>\n\n\n\n<li>Sistema de extra\u00e7\u00e3o de fumos<\/li>\n\n\n\n<li>Tampa autom\u00e1tica.<\/li>\n<\/ul>\n\n\n\n<p>Pode ser integrado em linhas de processamento existentes ou instalado como um sistema independente.<br>A ALIT Technologies recomenda a combina\u00e7\u00e3o com o decapante alcalino Metalstrip 1333\/1 para obter o melhor resultado.<br>A Metalstrip 1333\/1 garante efici\u00eancia, longa vida \u00fatil do banho e baixo impacto ambiental. O sistema tamb\u00e9m pode ser combinado com o nosso sistema de filtragem Fastrip FP.<\/p>\n","protected":false},"excerpt":{"rendered":"<p>Fastrip AP\u00a0\u00e9 o sistema offline compacto especialmente criado para remover perfis de alum\u00ednio. Fastrip AP permite remover perfis de at\u00e9 250 kg de peso e 8 metros de comprimento. O tempo aproximado de decapagem \u00e9 de cerca de 3 horas, dependendo do tipo de tinta e da sua espessura. O sistema consiste num tanque de [&hellip;]<\/p>\n","protected":false},"author":1,"featured_media":9778,"parent":10040,"menu_order":0,"comment_status":"closed","ping_status":"closed","template":"template-pages\/05_plants_product.php","meta":{"_acf_changed":false,"footnotes":""},"class_list":["post-9776","page","type-page","status-publish","has-post-thumbnail","hentry"],"acf":[],"yoast_head":"<!-- This site is optimized with the Yoast SEO plugin v23.1 - https:\/\/yoast.com\/wordpress\/plugins\/seo\/ -->\n<title>Remo\u00e7\u00e3o de Tintas - Decapagem de Perfis FASTRIP AP<\/title>\n<meta name=\"description\" content=\"Fastrip AP: sistema compacto e avan\u00e7ado para a Decapagem de perfis Fastrip, ideal para alum\u00ednio, com opera\u00e7\u00e3o segura e eficiente\" \/>\n<meta name=\"robots\" content=\"index, follow, max-snippet:-1, max-image-preview:large, max-video-preview:-1\" \/>\n<link rel=\"canonical\" href=\"https:\/\/alit-tech.com\/pt-pt\/maquinas\/fastrip-ap\/\" \/>\n<meta property=\"og:locale\" content=\"pt_PT\" \/>\n<meta property=\"og:type\" content=\"article\" \/>\n<meta property=\"og:title\" content=\"Remo\u00e7\u00e3o de Tintas - Decapagem de Perfis FASTRIP AP\" \/>\n<meta property=\"og:description\" content=\"Fastrip AP: sistema compacto e avan\u00e7ado para a Decapagem de perfis Fastrip, ideal para alum\u00ednio, com opera\u00e7\u00e3o segura e eficiente\" \/>\n<meta property=\"og:url\" content=\"https:\/\/alit-tech.com\/pt-pt\/maquinas\/fastrip-ap\/\" \/>\n<meta property=\"og:site_name\" content=\"Alit technologies Spa\" \/>\n<meta property=\"article:modified_time\" content=\"2025-05-19T12:01:35+00:00\" \/>\n<meta property=\"og:image\" content=\"https:\/\/alit-tech.com\/wp-content\/uploads\/2024\/04\/Fastrip-AP.png\" \/>\n\t<meta property=\"og:image:width\" content=\"1300\" \/>\n\t<meta property=\"og:image:height\" content=\"390\" \/>\n\t<meta property=\"og:image:type\" content=\"image\/png\" \/>\n<meta name=\"twitter:card\" content=\"summary_large_image\" \/>\n<meta name=\"twitter:label1\" content=\"Tempo estimado de leitura\" \/>\n\t<meta name=\"twitter:data1\" content=\"1 minuto\" \/>\n<script type=\"application\/ld+json\" class=\"yoast-schema-graph\">{\"@context\":\"https:\/\/schema.org\",\"@graph\":[{\"@type\":\"WebPage\",\"@id\":\"https:\/\/alit-tech.com\/pt-pt\/maquinas\/fastrip-ap\/\",\"url\":\"https:\/\/alit-tech.com\/pt-pt\/maquinas\/fastrip-ap\/\",\"name\":\"Remo\u00e7\u00e3o de Tintas - Decapagem de Perfis FASTRIP AP\",\"isPartOf\":{\"@id\":\"https:\/\/alit-tech.com\/it\/#website\"},\"primaryImageOfPage\":{\"@id\":\"https:\/\/alit-tech.com\/pt-pt\/maquinas\/fastrip-ap\/#primaryimage\"},\"image\":{\"@id\":\"https:\/\/alit-tech.com\/pt-pt\/maquinas\/fastrip-ap\/#primaryimage\"},\"thumbnailUrl\":\"https:\/\/alit-tech.com\/wp-content\/uploads\/2024\/04\/Fastrip-AP.png\",\"datePublished\":\"2024-03-26T14:12:08+00:00\",\"dateModified\":\"2025-05-19T12:01:35+00:00\",\"description\":\"Fastrip AP: sistema compacto e avan\u00e7ado para a Decapagem de perfis Fastrip, ideal para alum\u00ednio, com opera\u00e7\u00e3o segura e eficiente\",\"breadcrumb\":{\"@id\":\"https:\/\/alit-tech.com\/pt-pt\/maquinas\/fastrip-ap\/#breadcrumb\"},\"inLanguage\":\"pt-PT\",\"potentialAction\":[{\"@type\":\"ReadAction\",\"target\":[\"https:\/\/alit-tech.com\/pt-pt\/maquinas\/fastrip-ap\/\"]}]},{\"@type\":\"ImageObject\",\"inLanguage\":\"pt-PT\",\"@id\":\"https:\/\/alit-tech.com\/pt-pt\/maquinas\/fastrip-ap\/#primaryimage\",\"url\":\"https:\/\/alit-tech.com\/wp-content\/uploads\/2024\/04\/Fastrip-AP.png\",\"contentUrl\":\"https:\/\/alit-tech.com\/wp-content\/uploads\/2024\/04\/Fastrip-AP.png\",\"width\":1300,\"height\":390},{\"@type\":\"BreadcrumbList\",\"@id\":\"https:\/\/alit-tech.com\/pt-pt\/maquinas\/fastrip-ap\/#breadcrumb\",\"itemListElement\":[{\"@type\":\"ListItem\",\"position\":1,\"name\":\"Home\",\"item\":\"https:\/\/alit-tech.com\/pt-pt\/\"},{\"@type\":\"ListItem\",\"position\":2,\"name\":\"M\u00e1quinas\",\"item\":\"https:\/\/alit-tech.com\/pt-pt\/maquinas\/\"},{\"@type\":\"ListItem\",\"position\":3,\"name\":\"Fastrip AP\"}]},{\"@type\":\"WebSite\",\"@id\":\"https:\/\/alit-tech.com\/it\/#website\",\"url\":\"https:\/\/alit-tech.com\/it\/\",\"name\":\"Alit technologies Spa\",\"description\":\"\",\"potentialAction\":[{\"@type\":\"SearchAction\",\"target\":{\"@type\":\"EntryPoint\",\"urlTemplate\":\"https:\/\/alit-tech.com\/it\/?s={search_term_string}\"},\"query-input\":\"required name=search_term_string\"}],\"inLanguage\":\"pt-PT\"}]}<\/script>\n<!-- \/ Yoast SEO plugin. -->","yoast_head_json":{"title":"Remo\u00e7\u00e3o de Tintas - Decapagem de Perfis FASTRIP AP","description":"Fastrip AP: sistema compacto e avan\u00e7ado para a Decapagem de perfis Fastrip, ideal para alum\u00ednio, com opera\u00e7\u00e3o segura e eficiente","robots":{"index":"index","follow":"follow","max-snippet":"max-snippet:-1","max-image-preview":"max-image-preview:large","max-video-preview":"max-video-preview:-1"},"canonical":"https:\/\/alit-tech.com\/pt-pt\/maquinas\/fastrip-ap\/","og_locale":"pt_PT","og_type":"article","og_title":"Remo\u00e7\u00e3o de Tintas - Decapagem de Perfis FASTRIP AP","og_description":"Fastrip AP: sistema compacto e avan\u00e7ado para a Decapagem de perfis Fastrip, ideal para alum\u00ednio, com opera\u00e7\u00e3o segura e eficiente","og_url":"https:\/\/alit-tech.com\/pt-pt\/maquinas\/fastrip-ap\/","og_site_name":"Alit technologies Spa","article_modified_time":"2025-05-19T12:01:35+00:00","og_image":[{"width":1300,"height":390,"url":"https:\/\/alit-tech.com\/wp-content\/uploads\/2024\/04\/Fastrip-AP.png","type":"image\/png"}],"twitter_card":"summary_large_image","twitter_misc":{"Tempo estimado de leitura":"1 minuto"},"schema":{"@context":"https:\/\/schema.org","@graph":[{"@type":"WebPage","@id":"https:\/\/alit-tech.com\/pt-pt\/maquinas\/fastrip-ap\/","url":"https:\/\/alit-tech.com\/pt-pt\/maquinas\/fastrip-ap\/","name":"Remo\u00e7\u00e3o de Tintas - Decapagem de Perfis FASTRIP AP","isPartOf":{"@id":"https:\/\/alit-tech.com\/it\/#website"},"primaryImageOfPage":{"@id":"https:\/\/alit-tech.com\/pt-pt\/maquinas\/fastrip-ap\/#primaryimage"},"image":{"@id":"https:\/\/alit-tech.com\/pt-pt\/maquinas\/fastrip-ap\/#primaryimage"},"thumbnailUrl":"https:\/\/alit-tech.com\/wp-content\/uploads\/2024\/04\/Fastrip-AP.png","datePublished":"2024-03-26T14:12:08+00:00","dateModified":"2025-05-19T12:01:35+00:00","description":"Fastrip AP: sistema compacto e avan\u00e7ado para a Decapagem de perfis Fastrip, ideal para alum\u00ednio, com opera\u00e7\u00e3o segura e eficiente","breadcrumb":{"@id":"https:\/\/alit-tech.com\/pt-pt\/maquinas\/fastrip-ap\/#breadcrumb"},"inLanguage":"pt-PT","potentialAction":[{"@type":"ReadAction","target":["https:\/\/alit-tech.com\/pt-pt\/maquinas\/fastrip-ap\/"]}]},{"@type":"ImageObject","inLanguage":"pt-PT","@id":"https:\/\/alit-tech.com\/pt-pt\/maquinas\/fastrip-ap\/#primaryimage","url":"https:\/\/alit-tech.com\/wp-content\/uploads\/2024\/04\/Fastrip-AP.png","contentUrl":"https:\/\/alit-tech.com\/wp-content\/uploads\/2024\/04\/Fastrip-AP.png","width":1300,"height":390},{"@type":"BreadcrumbList","@id":"https:\/\/alit-tech.com\/pt-pt\/maquinas\/fastrip-ap\/#breadcrumb","itemListElement":[{"@type":"ListItem","position":1,"name":"Home","item":"https:\/\/alit-tech.com\/pt-pt\/"},{"@type":"ListItem","position":2,"name":"M\u00e1quinas","item":"https:\/\/alit-tech.com\/pt-pt\/maquinas\/"},{"@type":"ListItem","position":3,"name":"Fastrip AP"}]},{"@type":"WebSite","@id":"https:\/\/alit-tech.com\/it\/#website","url":"https:\/\/alit-tech.com\/it\/","name":"Alit technologies Spa","description":"","potentialAction":[{"@type":"SearchAction","target":{"@type":"EntryPoint","urlTemplate":"https:\/\/alit-tech.com\/it\/?s={search_term_string}"},"query-input":"required name=search_term_string"}],"inLanguage":"pt-PT"}]}},"_links":{"self":[{"href":"https:\/\/alit-tech.com\/pt-pt\/wp-json\/wp\/v2\/pages\/9776"}],"collection":[{"href":"https:\/\/alit-tech.com\/pt-pt\/wp-json\/wp\/v2\/pages"}],"about":[{"href":"https:\/\/alit-tech.com\/pt-pt\/wp-json\/wp\/v2\/types\/page"}],"author":[{"embeddable":true,"href":"https:\/\/alit-tech.com\/pt-pt\/wp-json\/wp\/v2\/users\/1"}],"replies":[{"embeddable":true,"href":"https:\/\/alit-tech.com\/pt-pt\/wp-json\/wp\/v2\/comments?post=9776"}],"version-history":[{"count":2,"href":"https:\/\/alit-tech.com\/pt-pt\/wp-json\/wp\/v2\/pages\/9776\/revisions"}],"predecessor-version":[{"id":15157,"href":"https:\/\/alit-tech.com\/pt-pt\/wp-json\/wp\/v2\/pages\/9776\/revisions\/15157"}],"up":[{"embeddable":true,"href":"https:\/\/alit-tech.com\/pt-pt\/wp-json\/wp\/v2\/pages\/10040"}],"wp:featuredmedia":[{"embeddable":true,"href":"https:\/\/alit-tech.com\/pt-pt\/wp-json\/wp\/v2\/media\/9778"}],"wp:attachment":[{"href":"https:\/\/alit-tech.com\/pt-pt\/wp-json\/wp\/v2\/media?parent=9776"}],"curies":[{"name":"wp","href":"https:\/\/api.w.org\/{rel}","templated":true}]}}