{"id":9790,"date":"2024-03-26T15:13:48","date_gmt":"2024-03-26T14:13:48","guid":{"rendered":"https:\/\/alit-tech.com\/fastrip-fp\/"},"modified":"2025-05-16T14:50:05","modified_gmt":"2025-05-16T12:50:05","slug":"fastrip-fp","status":"publish","type":"page","link":"https:\/\/alit-tech.com\/pt-pt\/maquinas\/fastrip-fp\/","title":{"rendered":"Fastrip FP"},"content":{"rendered":"\n<p>Os Filtros Prensa da s\u00e9rie FASTRIP FP s\u00e3o especialmente projetadas para filtrar banhos de decapagem. Gra\u00e7as a muitos anos de experi\u00eancia neste setor espec\u00edfico, a ALIT Technologies identificou os materiais de constru\u00e7\u00e3o e componentes eletromec\u00e2nicos que garantem o m\u00e1ximo desempenho de filtragem e durabilidade<\/p>\n\n\n\n<p><strong>Dispensador de dosagem de floculante com canal vibrat\u00f3rio<\/strong><br>O sistema FASTRIP FP possui um dispensador de dosagem de floculante especialmente projetado e dimensionado para a adi\u00e7\u00e3o autom\u00e1tica de floculante a tanques que cont\u00eam lama de decapagem. Oferecemos diferentes tamanhos de dispensadores, dependendo do tipo de equipamento de decapagem. Atrav\u00e9s de um canal vibrat\u00f3rio especial, permitem que um floculante da s\u00e9rie ALITFLOCK seja transferido de forma fi\u00e1vel do dispensador vibrat\u00f3rio para o tanque de sedimenta\u00e7\u00e3o de lamas, onde \u00e9 misturado pelo misturador pneum\u00e1tico. O funil do dispensador de dosagem est\u00e1 equipado com um sensor de n\u00edvel que sinaliza quando o n\u00edvel m\u00ednimo do produto for atingido. \u00c9 poss\u00edvel ajustar os par\u00e2metros de dosagem autom\u00e1tica operando diretamente na interface do painel do filtro prensa.<\/p>\n\n\n\n<p><strong>Tanques de sedimenta\u00e7\u00e3o de lamas e recupera\u00e7\u00e3o de \u00e1gua filtrada<\/strong><br>As prensas de filtro FASTRIP FP s\u00e3o normalmente conectadas a um tanque de prepara\u00e7\u00e3o e sedimenta\u00e7\u00e3o de lamas e a um tanque de recupera\u00e7\u00e3o de l\u00edquido filtrado. A massa de lama formada no tanque de decapagem \u00e9 sugada e recolhida no tanque de sedimenta\u00e7\u00e3o. O seu design de fundo c\u00f3nico promove a sedimenta\u00e7\u00e3o natural das lamas, que s\u00e3o ent\u00e3o facilmente sugadas pela bomba do filtro prensa. A presen\u00e7a de um sensor de n\u00edvel permite que o n\u00edvel de enchimento da unidade seja ajustado livremente de acordo com par\u00e2metros espec\u00edficos definidos pelo software, de forma cont\u00ednua ou descont\u00ednua. O tanque \u00e9 equipado com um misturador pneum\u00e1tico ATEX para misturar floculantes ALITFLOCK. O decapante filtrado que sai da prensa de filtro \u00e9 ent\u00e3o recolhido no tanque de recupera\u00e7\u00e3o. Esta transfer\u00eancia ocorre por gravidade: portanto, o filtro prensa e o seu m\u00f3dulo de recupera\u00e7\u00e3o devem ser colocados pr\u00f3ximos um do outro. Mais uma vez, a presen\u00e7a de um sensor de n\u00edvel permite que o n\u00edvel de enchimento da unidade seja ajustado livremente de acordo com par\u00e2metros espec\u00edficos definidos pelo software, de forma cont\u00ednua ou descont\u00ednua. Ambos os tanques s\u00e3o feitos em a\u00e7o AISI 304, t\u00eam um fundo c\u00f3nico, e s\u00e3o equipados com um sensor de n\u00edvel, uma tampa de abertura e uma v\u00e1lvula de sa\u00edda na parte inferior.<\/p>\n","protected":false},"excerpt":{"rendered":"<p>Os Filtros Prensa da s\u00e9rie FASTRIP FP s\u00e3o especialmente projetadas para filtrar banhos de decapagem. Gra\u00e7as a muitos anos de experi\u00eancia neste setor espec\u00edfico, a ALIT Technologies identificou os materiais de constru\u00e7\u00e3o e componentes eletromec\u00e2nicos que garantem o m\u00e1ximo desempenho de filtragem e durabilidade Dispensador de dosagem de floculante com canal vibrat\u00f3rioO sistema FASTRIP FP [&hellip;]<\/p>\n","protected":false},"author":1,"featured_media":9792,"parent":10040,"menu_order":0,"comment_status":"closed","ping_status":"closed","template":"template-pages\/05_plants_product.php","meta":{"_acf_changed":false,"footnotes":""},"class_list":["post-9790","page","type-page","status-publish","has-post-thumbnail","hentry"],"acf":[],"yoast_head":"<!-- This site is optimized with the Yoast SEO plugin v23.1 - https:\/\/yoast.com\/wordpress\/plugins\/seo\/ -->\n<title>Banhos Industriais Remo\u00e7\u00e3o Tinta: Tanque Imers\u00e3o Remo\u00e7\u00e3o Tinta<\/title>\n<meta name=\"description\" content=\"Fastrip FP: sistema de filtragem com tanque de imers\u00e3o para remo\u00e7\u00e3o de tinta, desenhado para garantir performance e durabilidade. Ideal para ambientes industriais\" \/>\n<meta name=\"robots\" content=\"index, follow, max-snippet:-1, max-image-preview:large, max-video-preview:-1\" \/>\n<link rel=\"canonical\" href=\"https:\/\/alit-tech.com\/pt-pt\/maquinas\/fastrip-fp\/\" \/>\n<meta property=\"og:locale\" content=\"pt_PT\" \/>\n<meta property=\"og:type\" content=\"article\" \/>\n<meta property=\"og:title\" content=\"Banhos Industriais Remo\u00e7\u00e3o Tinta: Tanque Imers\u00e3o Remo\u00e7\u00e3o Tinta\" \/>\n<meta property=\"og:description\" content=\"Fastrip FP: sistema de filtragem com tanque de imers\u00e3o para remo\u00e7\u00e3o de tinta, desenhado para garantir performance e durabilidade. Ideal para ambientes industriais\" \/>\n<meta property=\"og:url\" content=\"https:\/\/alit-tech.com\/pt-pt\/maquinas\/fastrip-fp\/\" \/>\n<meta property=\"og:site_name\" content=\"Alit technologies Spa\" \/>\n<meta property=\"article:modified_time\" content=\"2025-05-16T12:50:05+00:00\" \/>\n<meta property=\"og:image\" content=\"https:\/\/alit-tech.com\/wp-content\/uploads\/2024\/04\/Fastrip-FP.png\" \/>\n\t<meta property=\"og:image:width\" content=\"1700\" \/>\n\t<meta property=\"og:image:height\" content=\"585\" \/>\n\t<meta property=\"og:image:type\" content=\"image\/png\" \/>\n<meta name=\"twitter:card\" content=\"summary_large_image\" \/>\n<meta name=\"twitter:label1\" content=\"Tempo estimado de leitura\" \/>\n\t<meta name=\"twitter:data1\" content=\"3 minutos\" \/>\n<script type=\"application\/ld+json\" class=\"yoast-schema-graph\">{\"@context\":\"https:\/\/schema.org\",\"@graph\":[{\"@type\":\"WebPage\",\"@id\":\"https:\/\/alit-tech.com\/pt-pt\/maquinas\/fastrip-fp\/\",\"url\":\"https:\/\/alit-tech.com\/pt-pt\/maquinas\/fastrip-fp\/\",\"name\":\"Banhos Industriais Remo\u00e7\u00e3o Tinta: Tanque Imers\u00e3o Remo\u00e7\u00e3o Tinta\",\"isPartOf\":{\"@id\":\"https:\/\/alit-tech.com\/it\/#website\"},\"primaryImageOfPage\":{\"@id\":\"https:\/\/alit-tech.com\/pt-pt\/maquinas\/fastrip-fp\/#primaryimage\"},\"image\":{\"@id\":\"https:\/\/alit-tech.com\/pt-pt\/maquinas\/fastrip-fp\/#primaryimage\"},\"thumbnailUrl\":\"https:\/\/alit-tech.com\/wp-content\/uploads\/2024\/04\/Fastrip-FP.png\",\"datePublished\":\"2024-03-26T14:13:48+00:00\",\"dateModified\":\"2025-05-16T12:50:05+00:00\",\"description\":\"Fastrip FP: sistema de filtragem com tanque de imers\u00e3o para remo\u00e7\u00e3o de tinta, desenhado para garantir performance e durabilidade. Ideal para ambientes industriais\",\"breadcrumb\":{\"@id\":\"https:\/\/alit-tech.com\/pt-pt\/maquinas\/fastrip-fp\/#breadcrumb\"},\"inLanguage\":\"pt-PT\",\"potentialAction\":[{\"@type\":\"ReadAction\",\"target\":[\"https:\/\/alit-tech.com\/pt-pt\/maquinas\/fastrip-fp\/\"]}]},{\"@type\":\"ImageObject\",\"inLanguage\":\"pt-PT\",\"@id\":\"https:\/\/alit-tech.com\/pt-pt\/maquinas\/fastrip-fp\/#primaryimage\",\"url\":\"https:\/\/alit-tech.com\/wp-content\/uploads\/2024\/04\/Fastrip-FP.png\",\"contentUrl\":\"https:\/\/alit-tech.com\/wp-content\/uploads\/2024\/04\/Fastrip-FP.png\",\"width\":1700,\"height\":585},{\"@type\":\"BreadcrumbList\",\"@id\":\"https:\/\/alit-tech.com\/pt-pt\/maquinas\/fastrip-fp\/#breadcrumb\",\"itemListElement\":[{\"@type\":\"ListItem\",\"position\":1,\"name\":\"Home\",\"item\":\"https:\/\/alit-tech.com\/pt-pt\/\"},{\"@type\":\"ListItem\",\"position\":2,\"name\":\"M\u00e1quinas\",\"item\":\"https:\/\/alit-tech.com\/pt-pt\/maquinas\/\"},{\"@type\":\"ListItem\",\"position\":3,\"name\":\"Fastrip FP\"}]},{\"@type\":\"WebSite\",\"@id\":\"https:\/\/alit-tech.com\/it\/#website\",\"url\":\"https:\/\/alit-tech.com\/it\/\",\"name\":\"Alit technologies Spa\",\"description\":\"\",\"potentialAction\":[{\"@type\":\"SearchAction\",\"target\":{\"@type\":\"EntryPoint\",\"urlTemplate\":\"https:\/\/alit-tech.com\/it\/?s={search_term_string}\"},\"query-input\":\"required name=search_term_string\"}],\"inLanguage\":\"pt-PT\"}]}<\/script>\n<!-- \/ Yoast SEO plugin. -->","yoast_head_json":{"title":"Banhos Industriais Remo\u00e7\u00e3o Tinta: Tanque Imers\u00e3o Remo\u00e7\u00e3o Tinta","description":"Fastrip FP: sistema de filtragem com tanque de imers\u00e3o para remo\u00e7\u00e3o de tinta, desenhado para garantir performance e durabilidade. Ideal para ambientes industriais","robots":{"index":"index","follow":"follow","max-snippet":"max-snippet:-1","max-image-preview":"max-image-preview:large","max-video-preview":"max-video-preview:-1"},"canonical":"https:\/\/alit-tech.com\/pt-pt\/maquinas\/fastrip-fp\/","og_locale":"pt_PT","og_type":"article","og_title":"Banhos Industriais Remo\u00e7\u00e3o Tinta: Tanque Imers\u00e3o Remo\u00e7\u00e3o Tinta","og_description":"Fastrip FP: sistema de filtragem com tanque de imers\u00e3o para remo\u00e7\u00e3o de tinta, desenhado para garantir performance e durabilidade. Ideal para ambientes industriais","og_url":"https:\/\/alit-tech.com\/pt-pt\/maquinas\/fastrip-fp\/","og_site_name":"Alit technologies Spa","article_modified_time":"2025-05-16T12:50:05+00:00","og_image":[{"width":1700,"height":585,"url":"https:\/\/alit-tech.com\/wp-content\/uploads\/2024\/04\/Fastrip-FP.png","type":"image\/png"}],"twitter_card":"summary_large_image","twitter_misc":{"Tempo estimado de leitura":"3 minutos"},"schema":{"@context":"https:\/\/schema.org","@graph":[{"@type":"WebPage","@id":"https:\/\/alit-tech.com\/pt-pt\/maquinas\/fastrip-fp\/","url":"https:\/\/alit-tech.com\/pt-pt\/maquinas\/fastrip-fp\/","name":"Banhos Industriais Remo\u00e7\u00e3o Tinta: Tanque Imers\u00e3o Remo\u00e7\u00e3o Tinta","isPartOf":{"@id":"https:\/\/alit-tech.com\/it\/#website"},"primaryImageOfPage":{"@id":"https:\/\/alit-tech.com\/pt-pt\/maquinas\/fastrip-fp\/#primaryimage"},"image":{"@id":"https:\/\/alit-tech.com\/pt-pt\/maquinas\/fastrip-fp\/#primaryimage"},"thumbnailUrl":"https:\/\/alit-tech.com\/wp-content\/uploads\/2024\/04\/Fastrip-FP.png","datePublished":"2024-03-26T14:13:48+00:00","dateModified":"2025-05-16T12:50:05+00:00","description":"Fastrip FP: sistema de filtragem com tanque de imers\u00e3o para remo\u00e7\u00e3o de tinta, desenhado para garantir performance e durabilidade. Ideal para ambientes industriais","breadcrumb":{"@id":"https:\/\/alit-tech.com\/pt-pt\/maquinas\/fastrip-fp\/#breadcrumb"},"inLanguage":"pt-PT","potentialAction":[{"@type":"ReadAction","target":["https:\/\/alit-tech.com\/pt-pt\/maquinas\/fastrip-fp\/"]}]},{"@type":"ImageObject","inLanguage":"pt-PT","@id":"https:\/\/alit-tech.com\/pt-pt\/maquinas\/fastrip-fp\/#primaryimage","url":"https:\/\/alit-tech.com\/wp-content\/uploads\/2024\/04\/Fastrip-FP.png","contentUrl":"https:\/\/alit-tech.com\/wp-content\/uploads\/2024\/04\/Fastrip-FP.png","width":1700,"height":585},{"@type":"BreadcrumbList","@id":"https:\/\/alit-tech.com\/pt-pt\/maquinas\/fastrip-fp\/#breadcrumb","itemListElement":[{"@type":"ListItem","position":1,"name":"Home","item":"https:\/\/alit-tech.com\/pt-pt\/"},{"@type":"ListItem","position":2,"name":"M\u00e1quinas","item":"https:\/\/alit-tech.com\/pt-pt\/maquinas\/"},{"@type":"ListItem","position":3,"name":"Fastrip FP"}]},{"@type":"WebSite","@id":"https:\/\/alit-tech.com\/it\/#website","url":"https:\/\/alit-tech.com\/it\/","name":"Alit technologies Spa","description":"","potentialAction":[{"@type":"SearchAction","target":{"@type":"EntryPoint","urlTemplate":"https:\/\/alit-tech.com\/it\/?s={search_term_string}"},"query-input":"required name=search_term_string"}],"inLanguage":"pt-PT"}]}},"_links":{"self":[{"href":"https:\/\/alit-tech.com\/pt-pt\/wp-json\/wp\/v2\/pages\/9790"}],"collection":[{"href":"https:\/\/alit-tech.com\/pt-pt\/wp-json\/wp\/v2\/pages"}],"about":[{"href":"https:\/\/alit-tech.com\/pt-pt\/wp-json\/wp\/v2\/types\/page"}],"author":[{"embeddable":true,"href":"https:\/\/alit-tech.com\/pt-pt\/wp-json\/wp\/v2\/users\/1"}],"replies":[{"embeddable":true,"href":"https:\/\/alit-tech.com\/pt-pt\/wp-json\/wp\/v2\/comments?post=9790"}],"version-history":[{"count":2,"href":"https:\/\/alit-tech.com\/pt-pt\/wp-json\/wp\/v2\/pages\/9790\/revisions"}],"predecessor-version":[{"id":15120,"href":"https:\/\/alit-tech.com\/pt-pt\/wp-json\/wp\/v2\/pages\/9790\/revisions\/15120"}],"up":[{"embeddable":true,"href":"https:\/\/alit-tech.com\/pt-pt\/wp-json\/wp\/v2\/pages\/10040"}],"wp:featuredmedia":[{"embeddable":true,"href":"https:\/\/alit-tech.com\/pt-pt\/wp-json\/wp\/v2\/media\/9792"}],"wp:attachment":[{"href":"https:\/\/alit-tech.com\/pt-pt\/wp-json\/wp\/v2\/media?parent=9790"}],"curies":[{"name":"wp","href":"https:\/\/api.w.org\/{rel}","templated":true}]}}