{"id":9799,"date":"2024-03-26T10:05:56","date_gmt":"2024-03-26T09:05:56","guid":{"rendered":"https:\/\/alit-tech.com\/fastrip-isp\/"},"modified":"2025-05-16T14:35:21","modified_gmt":"2025-05-16T12:35:21","slug":"fastrip-isp","status":"publish","type":"page","link":"https:\/\/alit-tech.com\/pt-pt\/maquinas\/fastrip-isp\/","title":{"rendered":"Fastrip ISP"},"content":{"rendered":"\n<p><strong>FASTRIP ISP<\/strong>\u00a0\u00e9 uma linha para a remo\u00e7\u00e3o qu\u00edmica de ganchos e estruturas.<br>A instala\u00e7\u00e3o \u00e9 composta por um tanque horizontal acima do qual passa o transportador da linha.<br>\u00c9 projetado para a remo\u00e7\u00e3o de ganchos e estruturas necess\u00e1rias para opera\u00e7\u00f5es de pintura eletrost\u00e1tica.<br>Estes s\u00e3o imersos e fluem atrav\u00e9s do banho de decapagem, por um tempo de aproximadamente 2 minutos.<br>Pendurados no transportador a\u00e9reo da linha, saem do banho qu\u00edmico limpos de tinta e reutiliz\u00e1veis para um novo ciclo de pintura.<br>Um gancho limpo permite uma carga eletrost\u00e1tica perfeita durante a pintura.<br>Gra\u00e7as ao Fastrip ISP, n\u00e3o ser\u00e1 mais necess\u00e1rio remover manualmente os ganchos a serem limpos.<\/p>\n","protected":false},"excerpt":{"rendered":"<p>FASTRIP ISP\u00a0\u00e9 uma linha para a remo\u00e7\u00e3o qu\u00edmica de ganchos e estruturas.A instala\u00e7\u00e3o \u00e9 composta por um tanque horizontal acima do qual passa o transportador da linha.\u00c9 projetado para a remo\u00e7\u00e3o de ganchos e estruturas necess\u00e1rias para opera\u00e7\u00f5es de pintura eletrost\u00e1tica.Estes s\u00e3o imersos e fluem atrav\u00e9s do banho de decapagem, por um tempo de aproximadamente [&hellip;]<\/p>\n","protected":false},"author":1,"featured_media":9801,"parent":10040,"menu_order":0,"comment_status":"closed","ping_status":"closed","template":"template-pages\/05_plants_product.php","meta":{"_acf_changed":false,"footnotes":""},"class_list":["post-9799","page","type-page","status-publish","has-post-thumbnail","hentry"],"acf":[],"yoast_head":"<!-- This site is optimized with the Yoast SEO plugin v23.1 - https:\/\/yoast.com\/wordpress\/plugins\/seo\/ -->\n<title>Processo de Decapagem Quimica em Linha - Decapagem de Gancheiras<\/title>\n<meta name=\"description\" content=\"Fastrip ISP aprimora o processo de decapagem qu\u00edmica em linhas de produ\u00e7\u00e3o, com efici\u00eancia comprovada e seguran\u00e7a para ganchos e estruturas. Saiba mais!\" \/>\n<meta name=\"robots\" content=\"index, follow, max-snippet:-1, max-image-preview:large, max-video-preview:-1\" \/>\n<link rel=\"canonical\" href=\"https:\/\/alit-tech.com\/pt-pt\/maquinas\/fastrip-isp\/\" \/>\n<meta property=\"og:locale\" content=\"pt_PT\" \/>\n<meta property=\"og:type\" content=\"article\" \/>\n<meta property=\"og:title\" content=\"Processo de Decapagem Quimica em Linha - Decapagem de Gancheiras\" \/>\n<meta property=\"og:description\" content=\"Fastrip ISP aprimora o processo de decapagem qu\u00edmica em linhas de produ\u00e7\u00e3o, com efici\u00eancia comprovada e seguran\u00e7a para ganchos e estruturas. Saiba mais!\" \/>\n<meta property=\"og:url\" content=\"https:\/\/alit-tech.com\/pt-pt\/maquinas\/fastrip-isp\/\" \/>\n<meta property=\"og:site_name\" content=\"Alit technologies Spa\" \/>\n<meta property=\"article:modified_time\" content=\"2025-05-16T12:35:21+00:00\" \/>\n<meta property=\"og:image\" content=\"https:\/\/alit-tech.com\/wp-content\/uploads\/2024\/04\/Fastrip-ISP.png\" \/>\n\t<meta property=\"og:image:width\" content=\"1800\" \/>\n\t<meta property=\"og:image:height\" content=\"708\" \/>\n\t<meta property=\"og:image:type\" content=\"image\/png\" \/>\n<meta name=\"twitter:card\" content=\"summary_large_image\" \/>\n<meta name=\"twitter:label1\" content=\"Tempo estimado de leitura\" \/>\n\t<meta name=\"twitter:data1\" content=\"1 minuto\" \/>\n<script type=\"application\/ld+json\" class=\"yoast-schema-graph\">{\"@context\":\"https:\/\/schema.org\",\"@graph\":[{\"@type\":\"WebPage\",\"@id\":\"https:\/\/alit-tech.com\/pt-pt\/maquinas\/fastrip-isp\/\",\"url\":\"https:\/\/alit-tech.com\/pt-pt\/maquinas\/fastrip-isp\/\",\"name\":\"Processo de Decapagem Quimica em Linha - Decapagem de Gancheiras\",\"isPartOf\":{\"@id\":\"https:\/\/alit-tech.com\/it\/#website\"},\"primaryImageOfPage\":{\"@id\":\"https:\/\/alit-tech.com\/pt-pt\/maquinas\/fastrip-isp\/#primaryimage\"},\"image\":{\"@id\":\"https:\/\/alit-tech.com\/pt-pt\/maquinas\/fastrip-isp\/#primaryimage\"},\"thumbnailUrl\":\"https:\/\/alit-tech.com\/wp-content\/uploads\/2024\/04\/Fastrip-ISP.png\",\"datePublished\":\"2024-03-26T09:05:56+00:00\",\"dateModified\":\"2025-05-16T12:35:21+00:00\",\"description\":\"Fastrip ISP aprimora o processo de decapagem qu\u00edmica em linhas de produ\u00e7\u00e3o, com efici\u00eancia comprovada e seguran\u00e7a para ganchos e estruturas. Saiba mais!\",\"breadcrumb\":{\"@id\":\"https:\/\/alit-tech.com\/pt-pt\/maquinas\/fastrip-isp\/#breadcrumb\"},\"inLanguage\":\"pt-PT\",\"potentialAction\":[{\"@type\":\"ReadAction\",\"target\":[\"https:\/\/alit-tech.com\/pt-pt\/maquinas\/fastrip-isp\/\"]}]},{\"@type\":\"ImageObject\",\"inLanguage\":\"pt-PT\",\"@id\":\"https:\/\/alit-tech.com\/pt-pt\/maquinas\/fastrip-isp\/#primaryimage\",\"url\":\"https:\/\/alit-tech.com\/wp-content\/uploads\/2024\/04\/Fastrip-ISP.png\",\"contentUrl\":\"https:\/\/alit-tech.com\/wp-content\/uploads\/2024\/04\/Fastrip-ISP.png\",\"width\":1800,\"height\":708,\"caption\":\"Fastrip-ISP\"},{\"@type\":\"BreadcrumbList\",\"@id\":\"https:\/\/alit-tech.com\/pt-pt\/maquinas\/fastrip-isp\/#breadcrumb\",\"itemListElement\":[{\"@type\":\"ListItem\",\"position\":1,\"name\":\"Home\",\"item\":\"https:\/\/alit-tech.com\/pt-pt\/\"},{\"@type\":\"ListItem\",\"position\":2,\"name\":\"M\u00e1quinas\",\"item\":\"https:\/\/alit-tech.com\/pt-pt\/maquinas\/\"},{\"@type\":\"ListItem\",\"position\":3,\"name\":\"Fastrip ISP\"}]},{\"@type\":\"WebSite\",\"@id\":\"https:\/\/alit-tech.com\/it\/#website\",\"url\":\"https:\/\/alit-tech.com\/it\/\",\"name\":\"Alit technologies Spa\",\"description\":\"\",\"potentialAction\":[{\"@type\":\"SearchAction\",\"target\":{\"@type\":\"EntryPoint\",\"urlTemplate\":\"https:\/\/alit-tech.com\/it\/?s={search_term_string}\"},\"query-input\":\"required name=search_term_string\"}],\"inLanguage\":\"pt-PT\"}]}<\/script>\n<!-- \/ Yoast SEO plugin. -->","yoast_head_json":{"title":"Processo de Decapagem Quimica em Linha - Decapagem de Gancheiras","description":"Fastrip ISP aprimora o processo de decapagem qu\u00edmica em linhas de produ\u00e7\u00e3o, com efici\u00eancia comprovada e seguran\u00e7a para ganchos e estruturas. Saiba mais!","robots":{"index":"index","follow":"follow","max-snippet":"max-snippet:-1","max-image-preview":"max-image-preview:large","max-video-preview":"max-video-preview:-1"},"canonical":"https:\/\/alit-tech.com\/pt-pt\/maquinas\/fastrip-isp\/","og_locale":"pt_PT","og_type":"article","og_title":"Processo de Decapagem Quimica em Linha - Decapagem de Gancheiras","og_description":"Fastrip ISP aprimora o processo de decapagem qu\u00edmica em linhas de produ\u00e7\u00e3o, com efici\u00eancia comprovada e seguran\u00e7a para ganchos e estruturas. Saiba mais!","og_url":"https:\/\/alit-tech.com\/pt-pt\/maquinas\/fastrip-isp\/","og_site_name":"Alit technologies Spa","article_modified_time":"2025-05-16T12:35:21+00:00","og_image":[{"width":1800,"height":708,"url":"https:\/\/alit-tech.com\/wp-content\/uploads\/2024\/04\/Fastrip-ISP.png","type":"image\/png"}],"twitter_card":"summary_large_image","twitter_misc":{"Tempo estimado de leitura":"1 minuto"},"schema":{"@context":"https:\/\/schema.org","@graph":[{"@type":"WebPage","@id":"https:\/\/alit-tech.com\/pt-pt\/maquinas\/fastrip-isp\/","url":"https:\/\/alit-tech.com\/pt-pt\/maquinas\/fastrip-isp\/","name":"Processo de Decapagem Quimica em Linha - Decapagem de Gancheiras","isPartOf":{"@id":"https:\/\/alit-tech.com\/it\/#website"},"primaryImageOfPage":{"@id":"https:\/\/alit-tech.com\/pt-pt\/maquinas\/fastrip-isp\/#primaryimage"},"image":{"@id":"https:\/\/alit-tech.com\/pt-pt\/maquinas\/fastrip-isp\/#primaryimage"},"thumbnailUrl":"https:\/\/alit-tech.com\/wp-content\/uploads\/2024\/04\/Fastrip-ISP.png","datePublished":"2024-03-26T09:05:56+00:00","dateModified":"2025-05-16T12:35:21+00:00","description":"Fastrip ISP aprimora o processo de decapagem qu\u00edmica em linhas de produ\u00e7\u00e3o, com efici\u00eancia comprovada e seguran\u00e7a para ganchos e estruturas. Saiba mais!","breadcrumb":{"@id":"https:\/\/alit-tech.com\/pt-pt\/maquinas\/fastrip-isp\/#breadcrumb"},"inLanguage":"pt-PT","potentialAction":[{"@type":"ReadAction","target":["https:\/\/alit-tech.com\/pt-pt\/maquinas\/fastrip-isp\/"]}]},{"@type":"ImageObject","inLanguage":"pt-PT","@id":"https:\/\/alit-tech.com\/pt-pt\/maquinas\/fastrip-isp\/#primaryimage","url":"https:\/\/alit-tech.com\/wp-content\/uploads\/2024\/04\/Fastrip-ISP.png","contentUrl":"https:\/\/alit-tech.com\/wp-content\/uploads\/2024\/04\/Fastrip-ISP.png","width":1800,"height":708,"caption":"Fastrip-ISP"},{"@type":"BreadcrumbList","@id":"https:\/\/alit-tech.com\/pt-pt\/maquinas\/fastrip-isp\/#breadcrumb","itemListElement":[{"@type":"ListItem","position":1,"name":"Home","item":"https:\/\/alit-tech.com\/pt-pt\/"},{"@type":"ListItem","position":2,"name":"M\u00e1quinas","item":"https:\/\/alit-tech.com\/pt-pt\/maquinas\/"},{"@type":"ListItem","position":3,"name":"Fastrip ISP"}]},{"@type":"WebSite","@id":"https:\/\/alit-tech.com\/it\/#website","url":"https:\/\/alit-tech.com\/it\/","name":"Alit technologies Spa","description":"","potentialAction":[{"@type":"SearchAction","target":{"@type":"EntryPoint","urlTemplate":"https:\/\/alit-tech.com\/it\/?s={search_term_string}"},"query-input":"required name=search_term_string"}],"inLanguage":"pt-PT"}]}},"_links":{"self":[{"href":"https:\/\/alit-tech.com\/pt-pt\/wp-json\/wp\/v2\/pages\/9799"}],"collection":[{"href":"https:\/\/alit-tech.com\/pt-pt\/wp-json\/wp\/v2\/pages"}],"about":[{"href":"https:\/\/alit-tech.com\/pt-pt\/wp-json\/wp\/v2\/types\/page"}],"author":[{"embeddable":true,"href":"https:\/\/alit-tech.com\/pt-pt\/wp-json\/wp\/v2\/users\/1"}],"replies":[{"embeddable":true,"href":"https:\/\/alit-tech.com\/pt-pt\/wp-json\/wp\/v2\/comments?post=9799"}],"version-history":[{"count":4,"href":"https:\/\/alit-tech.com\/pt-pt\/wp-json\/wp\/v2\/pages\/9799\/revisions"}],"predecessor-version":[{"id":15093,"href":"https:\/\/alit-tech.com\/pt-pt\/wp-json\/wp\/v2\/pages\/9799\/revisions\/15093"}],"up":[{"embeddable":true,"href":"https:\/\/alit-tech.com\/pt-pt\/wp-json\/wp\/v2\/pages\/10040"}],"wp:featuredmedia":[{"embeddable":true,"href":"https:\/\/alit-tech.com\/pt-pt\/wp-json\/wp\/v2\/media\/9801"}],"wp:attachment":[{"href":"https:\/\/alit-tech.com\/pt-pt\/wp-json\/wp\/v2\/media?parent=9799"}],"curies":[{"name":"wp","href":"https:\/\/api.w.org\/{rel}","templated":true}]}}