{"id":9824,"date":"2024-03-26T15:12:30","date_gmt":"2024-03-26T14:12:30","guid":{"rendered":"https:\/\/alit-tech.com\/fastrip-mt\/"},"modified":"2025-05-19T14:15:00","modified_gmt":"2025-05-19T12:15:00","slug":"fastrip-mt","status":"publish","type":"page","link":"https:\/\/alit-tech.com\/pt-pt\/maquinas\/fastrip-mt\/","title":{"rendered":"Fastrip MT"},"content":{"rendered":"\n<p><strong>FASTRIP MT<\/strong>&nbsp;\u00e9 o processo de decapagem qu\u00edmica desenvolvido para recuperar perfis de alum\u00ednio que precisam ser repintados. A instala\u00e7\u00e3o inclui 5 tanques de a\u00e7o e 1 tanque completo com tampa, uma ponte m\u00f3vel e uma passadeira ao lado dos tanques para facilitar o trabalho dos operadores.<\/p>\n\n\n\n<p><strong>FASTRIP MT<\/strong>\u00a0\u00e9 a alternativa r\u00e1pida e econ\u00f3mica ao sucateio ou lixamento manual de perfis de alum\u00ednio com problemas de revestimento.\u00a0\u00c9 particularmente adequado para o tratamento de perfis de alum\u00ednio destinados aos setores de caixilharia de portas e janelas, cabines de duche, redes mosquiteiras, componentes autom\u00f3veis, sinais de tr\u00e2nsito e revestimento em p\u00f3 met\u00e1lico em geral.<\/p>\n\n\n\n<p><strong>PROCESSO DE SEQU\u00caNCIA<\/strong><\/p>\n\n\n\n<ol class=\"wp-block-list\">\n<li>Tanque de decapagem: 50-55\u00b0C<\/li>\n\n\n\n<li>Tanque de lavagem: Temperatura ambiente<\/li>\n\n\n\n<li>Tanque de decapagem alcalina: 40-50\u00b0C<\/li>\n\n\n\n<li>Tanque de lavagem: Temperatura ambiente<\/li>\n\n\n\n<li>Tanque de neutraliza\u00e7\u00e3o \u00e1cida: Temperatura ambiente<\/li>\n\n\n\n<li>Tanque de lavagem: Temperatura ambiente<\/li>\n<\/ol>\n","protected":false},"excerpt":{"rendered":"<p>FASTRIP MT&nbsp;\u00e9 o processo de decapagem qu\u00edmica desenvolvido para recuperar perfis de alum\u00ednio que precisam ser repintados. A instala\u00e7\u00e3o inclui 5 tanques de a\u00e7o e 1 tanque completo com tampa, uma ponte m\u00f3vel e uma passadeira ao lado dos tanques para facilitar o trabalho dos operadores. FASTRIP MT\u00a0\u00e9 a alternativa r\u00e1pida e econ\u00f3mica ao sucateio [&hellip;]<\/p>\n","protected":false},"author":1,"featured_media":9826,"parent":10040,"menu_order":0,"comment_status":"closed","ping_status":"closed","template":"template-pages\/05_plants_product.php","meta":{"_acf_changed":false,"footnotes":""},"class_list":["post-9824","page","type-page","status-publish","has-post-thumbnail","hentry"],"acf":[],"yoast_head":"<!-- This site is optimized with the Yoast SEO plugin v23.1 - https:\/\/yoast.com\/wordpress\/plugins\/seo\/ -->\n<title>Decapagem de Aluminio - Decapagem Quimica Aluminio FASTRIP MT<\/title>\n<meta name=\"description\" content=\"Conhe\u00e7a o Fastrip MT: decapagem quimica de tinta alum\u00ednio eficiente, ideal para perfis industriais, garantindo rapidez e economia energ\u00e9tica - ALIT Technologies\" \/>\n<meta name=\"robots\" content=\"index, follow, max-snippet:-1, max-image-preview:large, max-video-preview:-1\" \/>\n<link rel=\"canonical\" href=\"https:\/\/alit-tech.com\/pt-pt\/maquinas\/fastrip-mt\/\" \/>\n<meta property=\"og:locale\" content=\"pt_PT\" \/>\n<meta property=\"og:type\" content=\"article\" \/>\n<meta property=\"og:title\" content=\"Decapagem de Aluminio - Decapagem Quimica Aluminio FASTRIP MT\" \/>\n<meta property=\"og:description\" content=\"Conhe\u00e7a o Fastrip MT: decapagem quimica de tinta alum\u00ednio eficiente, ideal para perfis industriais, garantindo rapidez e economia energ\u00e9tica - ALIT Technologies\" \/>\n<meta property=\"og:url\" content=\"https:\/\/alit-tech.com\/pt-pt\/maquinas\/fastrip-mt\/\" \/>\n<meta property=\"og:site_name\" content=\"Alit technologies Spa\" \/>\n<meta property=\"article:modified_time\" content=\"2025-05-19T12:15:00+00:00\" \/>\n<meta property=\"og:image\" content=\"https:\/\/alit-tech.com\/wp-content\/uploads\/2024\/04\/Fastrip-MT-5.png\" \/>\n\t<meta property=\"og:image:width\" content=\"1500\" \/>\n\t<meta property=\"og:image:height\" content=\"504\" \/>\n\t<meta property=\"og:image:type\" content=\"image\/png\" \/>\n<meta name=\"twitter:card\" content=\"summary_large_image\" \/>\n<meta name=\"twitter:label1\" content=\"Tempo estimado de leitura\" \/>\n\t<meta name=\"twitter:data1\" content=\"1 minuto\" \/>\n<script type=\"application\/ld+json\" class=\"yoast-schema-graph\">{\"@context\":\"https:\/\/schema.org\",\"@graph\":[{\"@type\":\"WebPage\",\"@id\":\"https:\/\/alit-tech.com\/pt-pt\/maquinas\/fastrip-mt\/\",\"url\":\"https:\/\/alit-tech.com\/pt-pt\/maquinas\/fastrip-mt\/\",\"name\":\"Decapagem de Aluminio - Decapagem Quimica Aluminio FASTRIP MT\",\"isPartOf\":{\"@id\":\"https:\/\/alit-tech.com\/it\/#website\"},\"primaryImageOfPage\":{\"@id\":\"https:\/\/alit-tech.com\/pt-pt\/maquinas\/fastrip-mt\/#primaryimage\"},\"image\":{\"@id\":\"https:\/\/alit-tech.com\/pt-pt\/maquinas\/fastrip-mt\/#primaryimage\"},\"thumbnailUrl\":\"https:\/\/alit-tech.com\/wp-content\/uploads\/2024\/04\/Fastrip-MT-5.png\",\"datePublished\":\"2024-03-26T14:12:30+00:00\",\"dateModified\":\"2025-05-19T12:15:00+00:00\",\"description\":\"Conhe\u00e7a o Fastrip MT: decapagem quimica de tinta alum\u00ednio eficiente, ideal para perfis industriais, garantindo rapidez e economia energ\u00e9tica - ALIT Technologies\",\"breadcrumb\":{\"@id\":\"https:\/\/alit-tech.com\/pt-pt\/maquinas\/fastrip-mt\/#breadcrumb\"},\"inLanguage\":\"pt-PT\",\"potentialAction\":[{\"@type\":\"ReadAction\",\"target\":[\"https:\/\/alit-tech.com\/pt-pt\/maquinas\/fastrip-mt\/\"]}]},{\"@type\":\"ImageObject\",\"inLanguage\":\"pt-PT\",\"@id\":\"https:\/\/alit-tech.com\/pt-pt\/maquinas\/fastrip-mt\/#primaryimage\",\"url\":\"https:\/\/alit-tech.com\/wp-content\/uploads\/2024\/04\/Fastrip-MT-5.png\",\"contentUrl\":\"https:\/\/alit-tech.com\/wp-content\/uploads\/2024\/04\/Fastrip-MT-5.png\",\"width\":1500,\"height\":504},{\"@type\":\"BreadcrumbList\",\"@id\":\"https:\/\/alit-tech.com\/pt-pt\/maquinas\/fastrip-mt\/#breadcrumb\",\"itemListElement\":[{\"@type\":\"ListItem\",\"position\":1,\"name\":\"Home\",\"item\":\"https:\/\/alit-tech.com\/pt-pt\/\"},{\"@type\":\"ListItem\",\"position\":2,\"name\":\"M\u00e1quinas\",\"item\":\"https:\/\/alit-tech.com\/pt-pt\/maquinas\/\"},{\"@type\":\"ListItem\",\"position\":3,\"name\":\"Fastrip MT\"}]},{\"@type\":\"WebSite\",\"@id\":\"https:\/\/alit-tech.com\/it\/#website\",\"url\":\"https:\/\/alit-tech.com\/it\/\",\"name\":\"Alit technologies Spa\",\"description\":\"\",\"potentialAction\":[{\"@type\":\"SearchAction\",\"target\":{\"@type\":\"EntryPoint\",\"urlTemplate\":\"https:\/\/alit-tech.com\/it\/?s={search_term_string}\"},\"query-input\":\"required name=search_term_string\"}],\"inLanguage\":\"pt-PT\"}]}<\/script>\n<!-- \/ Yoast SEO plugin. -->","yoast_head_json":{"title":"Decapagem de Aluminio - Decapagem Quimica Aluminio FASTRIP MT","description":"Conhe\u00e7a o Fastrip MT: decapagem quimica de tinta alum\u00ednio eficiente, ideal para perfis industriais, garantindo rapidez e economia energ\u00e9tica - ALIT Technologies","robots":{"index":"index","follow":"follow","max-snippet":"max-snippet:-1","max-image-preview":"max-image-preview:large","max-video-preview":"max-video-preview:-1"},"canonical":"https:\/\/alit-tech.com\/pt-pt\/maquinas\/fastrip-mt\/","og_locale":"pt_PT","og_type":"article","og_title":"Decapagem de Aluminio - Decapagem Quimica Aluminio FASTRIP MT","og_description":"Conhe\u00e7a o Fastrip MT: decapagem quimica de tinta alum\u00ednio eficiente, ideal para perfis industriais, garantindo rapidez e economia energ\u00e9tica - ALIT Technologies","og_url":"https:\/\/alit-tech.com\/pt-pt\/maquinas\/fastrip-mt\/","og_site_name":"Alit technologies Spa","article_modified_time":"2025-05-19T12:15:00+00:00","og_image":[{"width":1500,"height":504,"url":"https:\/\/alit-tech.com\/wp-content\/uploads\/2024\/04\/Fastrip-MT-5.png","type":"image\/png"}],"twitter_card":"summary_large_image","twitter_misc":{"Tempo estimado de leitura":"1 minuto"},"schema":{"@context":"https:\/\/schema.org","@graph":[{"@type":"WebPage","@id":"https:\/\/alit-tech.com\/pt-pt\/maquinas\/fastrip-mt\/","url":"https:\/\/alit-tech.com\/pt-pt\/maquinas\/fastrip-mt\/","name":"Decapagem de Aluminio - Decapagem Quimica Aluminio FASTRIP MT","isPartOf":{"@id":"https:\/\/alit-tech.com\/it\/#website"},"primaryImageOfPage":{"@id":"https:\/\/alit-tech.com\/pt-pt\/maquinas\/fastrip-mt\/#primaryimage"},"image":{"@id":"https:\/\/alit-tech.com\/pt-pt\/maquinas\/fastrip-mt\/#primaryimage"},"thumbnailUrl":"https:\/\/alit-tech.com\/wp-content\/uploads\/2024\/04\/Fastrip-MT-5.png","datePublished":"2024-03-26T14:12:30+00:00","dateModified":"2025-05-19T12:15:00+00:00","description":"Conhe\u00e7a o Fastrip MT: decapagem quimica de tinta alum\u00ednio eficiente, ideal para perfis industriais, garantindo rapidez e economia energ\u00e9tica - ALIT Technologies","breadcrumb":{"@id":"https:\/\/alit-tech.com\/pt-pt\/maquinas\/fastrip-mt\/#breadcrumb"},"inLanguage":"pt-PT","potentialAction":[{"@type":"ReadAction","target":["https:\/\/alit-tech.com\/pt-pt\/maquinas\/fastrip-mt\/"]}]},{"@type":"ImageObject","inLanguage":"pt-PT","@id":"https:\/\/alit-tech.com\/pt-pt\/maquinas\/fastrip-mt\/#primaryimage","url":"https:\/\/alit-tech.com\/wp-content\/uploads\/2024\/04\/Fastrip-MT-5.png","contentUrl":"https:\/\/alit-tech.com\/wp-content\/uploads\/2024\/04\/Fastrip-MT-5.png","width":1500,"height":504},{"@type":"BreadcrumbList","@id":"https:\/\/alit-tech.com\/pt-pt\/maquinas\/fastrip-mt\/#breadcrumb","itemListElement":[{"@type":"ListItem","position":1,"name":"Home","item":"https:\/\/alit-tech.com\/pt-pt\/"},{"@type":"ListItem","position":2,"name":"M\u00e1quinas","item":"https:\/\/alit-tech.com\/pt-pt\/maquinas\/"},{"@type":"ListItem","position":3,"name":"Fastrip MT"}]},{"@type":"WebSite","@id":"https:\/\/alit-tech.com\/it\/#website","url":"https:\/\/alit-tech.com\/it\/","name":"Alit technologies Spa","description":"","potentialAction":[{"@type":"SearchAction","target":{"@type":"EntryPoint","urlTemplate":"https:\/\/alit-tech.com\/it\/?s={search_term_string}"},"query-input":"required name=search_term_string"}],"inLanguage":"pt-PT"}]}},"_links":{"self":[{"href":"https:\/\/alit-tech.com\/pt-pt\/wp-json\/wp\/v2\/pages\/9824"}],"collection":[{"href":"https:\/\/alit-tech.com\/pt-pt\/wp-json\/wp\/v2\/pages"}],"about":[{"href":"https:\/\/alit-tech.com\/pt-pt\/wp-json\/wp\/v2\/types\/page"}],"author":[{"embeddable":true,"href":"https:\/\/alit-tech.com\/pt-pt\/wp-json\/wp\/v2\/users\/1"}],"replies":[{"embeddable":true,"href":"https:\/\/alit-tech.com\/pt-pt\/wp-json\/wp\/v2\/comments?post=9824"}],"version-history":[{"count":2,"href":"https:\/\/alit-tech.com\/pt-pt\/wp-json\/wp\/v2\/pages\/9824\/revisions"}],"predecessor-version":[{"id":15196,"href":"https:\/\/alit-tech.com\/pt-pt\/wp-json\/wp\/v2\/pages\/9824\/revisions\/15196"}],"up":[{"embeddable":true,"href":"https:\/\/alit-tech.com\/pt-pt\/wp-json\/wp\/v2\/pages\/10040"}],"wp:featuredmedia":[{"embeddable":true,"href":"https:\/\/alit-tech.com\/pt-pt\/wp-json\/wp\/v2\/media\/9826"}],"wp:attachment":[{"href":"https:\/\/alit-tech.com\/pt-pt\/wp-json\/wp\/v2\/media?parent=9824"}],"curies":[{"name":"wp","href":"https:\/\/api.w.org\/{rel}","templated":true}]}}