{"id":9837,"date":"2024-03-26T15:12:46","date_gmt":"2024-03-26T14:12:46","guid":{"rendered":"https:\/\/alit-tech.com\/fastrip-s\/"},"modified":"2025-05-19T14:04:50","modified_gmt":"2025-05-19T12:04:50","slug":"fastrip-s","status":"publish","type":"page","link":"https:\/\/alit-tech.com\/pt-pt\/maquinas\/fastrip-s\/","title":{"rendered":"Fastrip S"},"content":{"rendered":"\n<p><strong>Fastrip S<\/strong>\u00a0\u00e9 um sistema de pulveriza\u00e7\u00e3o para a remo\u00e7\u00e3o qu\u00edmica de revestimentos para metais.<br>Permite criar um sistema aut\u00f3nomo de decapagem vertical ao lado das linhas de produ\u00e7\u00e3o existentes com uma pegada muito pequena.<br>\u00c9 adequado para remover tinta de pe\u00e7as em ferro e ligas leves sem danificar as suas superf\u00edcies.<br>O tamanho pode ser personalizado de acordo com as necessidades da ind\u00fastria de processamento e tratamento de metais.<br>As pe\u00e7as a tratar est\u00e3o dispostas em cestos que podem ser desenhados \u00e0 medida com base na utiliza\u00e7\u00e3o pretendida.<br>Por exemplo: cabines de duche, molduras autom\u00f3veis, jantes de liga leve, etc\u2026) Fastrip S opera com ciclos de decapagem de alta temperatura (de 80 a 150 \u00b0C).<br>Os ciclos s\u00e3o totalmente ajust\u00e1veis, de acordo com a combina\u00e7\u00e3o de materiais e revestimentos utilizados.<br>Uma etapa de lavagem tamb\u00e9m pode ser integrada diretamente na m\u00e1quina, dependendo do tipo de processo.\u00a0<br>Tamb\u00e9m \u00e9 poss\u00edvel realizar a etapa de lavagem por outro sistema FASTRIP dedicado.<br>As m\u00e1quinas FASTRIP S podem interagir com o sistema de filtragem da s\u00e9rie FASTRIP FP para melhorar significativamente a vida \u00fatil da solu\u00e7\u00e3o de decapagem.<br>Recomendamos a utiliza\u00e7\u00e3o da s\u00e9rie de produtos qu\u00edmicos METALSTRIP da ALIT TECHNOLOGIES para obter um resultado otimizado.<\/p>\n","protected":false},"excerpt":{"rendered":"<p>Fastrip S\u00a0\u00e9 um sistema de pulveriza\u00e7\u00e3o para a remo\u00e7\u00e3o qu\u00edmica de revestimentos para metais.Permite criar um sistema aut\u00f3nomo de decapagem vertical ao lado das linhas de produ\u00e7\u00e3o existentes com uma pegada muito pequena.\u00c9 adequado para remover tinta de pe\u00e7as em ferro e ligas leves sem danificar as suas superf\u00edcies.O tamanho pode ser personalizado de acordo [&hellip;]<\/p>\n","protected":false},"author":1,"featured_media":9839,"parent":10040,"menu_order":0,"comment_status":"closed","ping_status":"closed","template":"template-pages\/05_plants_product.php","meta":{"_acf_changed":false,"footnotes":""},"class_list":["post-9837","page","type-page","status-publish","has-post-thumbnail","hentry"],"acf":[],"yoast_head":"<!-- This site is optimized with the Yoast SEO plugin v23.1 - https:\/\/yoast.com\/wordpress\/plugins\/seo\/ -->\n<title>M\u00e1quina Removedora Tinta Metal - Decapagem Quimica de Metais<\/title>\n<meta name=\"description\" content=\"Decapagem qu\u00edmica de metais: Fastrip S da ALIT Technologies \u00e9 um sistema de pulveriza\u00e7\u00e3o vertical para a remo\u00e7\u00e3o eficiente de revestimentos de metais!\" \/>\n<meta name=\"robots\" content=\"index, follow, max-snippet:-1, max-image-preview:large, max-video-preview:-1\" \/>\n<link rel=\"canonical\" href=\"https:\/\/alit-tech.com\/pt-pt\/maquinas\/fastrip-s\/\" \/>\n<meta property=\"og:locale\" content=\"pt_PT\" \/>\n<meta property=\"og:type\" content=\"article\" \/>\n<meta property=\"og:title\" content=\"M\u00e1quina Removedora Tinta Metal - Decapagem Quimica de Metais\" \/>\n<meta property=\"og:description\" content=\"Decapagem qu\u00edmica de metais: Fastrip S da ALIT Technologies \u00e9 um sistema de pulveriza\u00e7\u00e3o vertical para a remo\u00e7\u00e3o eficiente de revestimentos de metais!\" \/>\n<meta property=\"og:url\" content=\"https:\/\/alit-tech.com\/pt-pt\/maquinas\/fastrip-s\/\" \/>\n<meta property=\"og:site_name\" content=\"Alit technologies Spa\" \/>\n<meta property=\"article:modified_time\" content=\"2025-05-19T12:04:50+00:00\" \/>\n<meta property=\"og:image\" content=\"https:\/\/alit-tech.com\/wp-content\/uploads\/2024\/04\/Fastrip-S-1.png\" \/>\n\t<meta property=\"og:image:width\" content=\"1600\" \/>\n\t<meta property=\"og:image:height\" content=\"573\" \/>\n\t<meta property=\"og:image:type\" content=\"image\/png\" \/>\n<meta name=\"twitter:card\" content=\"summary_large_image\" \/>\n<meta name=\"twitter:label1\" content=\"Tempo estimado de leitura\" \/>\n\t<meta name=\"twitter:data1\" content=\"2 minutos\" \/>\n<script type=\"application\/ld+json\" class=\"yoast-schema-graph\">{\"@context\":\"https:\/\/schema.org\",\"@graph\":[{\"@type\":\"WebPage\",\"@id\":\"https:\/\/alit-tech.com\/pt-pt\/maquinas\/fastrip-s\/\",\"url\":\"https:\/\/alit-tech.com\/pt-pt\/maquinas\/fastrip-s\/\",\"name\":\"M\u00e1quina Removedora Tinta Metal - Decapagem Quimica de Metais\",\"isPartOf\":{\"@id\":\"https:\/\/alit-tech.com\/it\/#website\"},\"primaryImageOfPage\":{\"@id\":\"https:\/\/alit-tech.com\/pt-pt\/maquinas\/fastrip-s\/#primaryimage\"},\"image\":{\"@id\":\"https:\/\/alit-tech.com\/pt-pt\/maquinas\/fastrip-s\/#primaryimage\"},\"thumbnailUrl\":\"https:\/\/alit-tech.com\/wp-content\/uploads\/2024\/04\/Fastrip-S-1.png\",\"datePublished\":\"2024-03-26T14:12:46+00:00\",\"dateModified\":\"2025-05-19T12:04:50+00:00\",\"description\":\"Decapagem qu\u00edmica de metais: Fastrip S da ALIT Technologies \u00e9 um sistema de pulveriza\u00e7\u00e3o vertical para a remo\u00e7\u00e3o eficiente de revestimentos de metais!\",\"breadcrumb\":{\"@id\":\"https:\/\/alit-tech.com\/pt-pt\/maquinas\/fastrip-s\/#breadcrumb\"},\"inLanguage\":\"pt-PT\",\"potentialAction\":[{\"@type\":\"ReadAction\",\"target\":[\"https:\/\/alit-tech.com\/pt-pt\/maquinas\/fastrip-s\/\"]}]},{\"@type\":\"ImageObject\",\"inLanguage\":\"pt-PT\",\"@id\":\"https:\/\/alit-tech.com\/pt-pt\/maquinas\/fastrip-s\/#primaryimage\",\"url\":\"https:\/\/alit-tech.com\/wp-content\/uploads\/2024\/04\/Fastrip-S-1.png\",\"contentUrl\":\"https:\/\/alit-tech.com\/wp-content\/uploads\/2024\/04\/Fastrip-S-1.png\",\"width\":1600,\"height\":573},{\"@type\":\"BreadcrumbList\",\"@id\":\"https:\/\/alit-tech.com\/pt-pt\/maquinas\/fastrip-s\/#breadcrumb\",\"itemListElement\":[{\"@type\":\"ListItem\",\"position\":1,\"name\":\"Home\",\"item\":\"https:\/\/alit-tech.com\/pt-pt\/\"},{\"@type\":\"ListItem\",\"position\":2,\"name\":\"M\u00e1quinas\",\"item\":\"https:\/\/alit-tech.com\/pt-pt\/maquinas\/\"},{\"@type\":\"ListItem\",\"position\":3,\"name\":\"Fastrip S\"}]},{\"@type\":\"WebSite\",\"@id\":\"https:\/\/alit-tech.com\/it\/#website\",\"url\":\"https:\/\/alit-tech.com\/it\/\",\"name\":\"Alit technologies Spa\",\"description\":\"\",\"potentialAction\":[{\"@type\":\"SearchAction\",\"target\":{\"@type\":\"EntryPoint\",\"urlTemplate\":\"https:\/\/alit-tech.com\/it\/?s={search_term_string}\"},\"query-input\":\"required name=search_term_string\"}],\"inLanguage\":\"pt-PT\"}]}<\/script>\n<!-- \/ Yoast SEO plugin. -->","yoast_head_json":{"title":"M\u00e1quina Removedora Tinta Metal - Decapagem Quimica de Metais","description":"Decapagem qu\u00edmica de metais: Fastrip S da ALIT Technologies \u00e9 um sistema de pulveriza\u00e7\u00e3o vertical para a remo\u00e7\u00e3o eficiente de revestimentos de metais!","robots":{"index":"index","follow":"follow","max-snippet":"max-snippet:-1","max-image-preview":"max-image-preview:large","max-video-preview":"max-video-preview:-1"},"canonical":"https:\/\/alit-tech.com\/pt-pt\/maquinas\/fastrip-s\/","og_locale":"pt_PT","og_type":"article","og_title":"M\u00e1quina Removedora Tinta Metal - Decapagem Quimica de Metais","og_description":"Decapagem qu\u00edmica de metais: Fastrip S da ALIT Technologies \u00e9 um sistema de pulveriza\u00e7\u00e3o vertical para a remo\u00e7\u00e3o eficiente de revestimentos de metais!","og_url":"https:\/\/alit-tech.com\/pt-pt\/maquinas\/fastrip-s\/","og_site_name":"Alit technologies Spa","article_modified_time":"2025-05-19T12:04:50+00:00","og_image":[{"width":1600,"height":573,"url":"https:\/\/alit-tech.com\/wp-content\/uploads\/2024\/04\/Fastrip-S-1.png","type":"image\/png"}],"twitter_card":"summary_large_image","twitter_misc":{"Tempo estimado de leitura":"2 minutos"},"schema":{"@context":"https:\/\/schema.org","@graph":[{"@type":"WebPage","@id":"https:\/\/alit-tech.com\/pt-pt\/maquinas\/fastrip-s\/","url":"https:\/\/alit-tech.com\/pt-pt\/maquinas\/fastrip-s\/","name":"M\u00e1quina Removedora Tinta Metal - Decapagem Quimica de Metais","isPartOf":{"@id":"https:\/\/alit-tech.com\/it\/#website"},"primaryImageOfPage":{"@id":"https:\/\/alit-tech.com\/pt-pt\/maquinas\/fastrip-s\/#primaryimage"},"image":{"@id":"https:\/\/alit-tech.com\/pt-pt\/maquinas\/fastrip-s\/#primaryimage"},"thumbnailUrl":"https:\/\/alit-tech.com\/wp-content\/uploads\/2024\/04\/Fastrip-S-1.png","datePublished":"2024-03-26T14:12:46+00:00","dateModified":"2025-05-19T12:04:50+00:00","description":"Decapagem qu\u00edmica de metais: Fastrip S da ALIT Technologies \u00e9 um sistema de pulveriza\u00e7\u00e3o vertical para a remo\u00e7\u00e3o eficiente de revestimentos de metais!","breadcrumb":{"@id":"https:\/\/alit-tech.com\/pt-pt\/maquinas\/fastrip-s\/#breadcrumb"},"inLanguage":"pt-PT","potentialAction":[{"@type":"ReadAction","target":["https:\/\/alit-tech.com\/pt-pt\/maquinas\/fastrip-s\/"]}]},{"@type":"ImageObject","inLanguage":"pt-PT","@id":"https:\/\/alit-tech.com\/pt-pt\/maquinas\/fastrip-s\/#primaryimage","url":"https:\/\/alit-tech.com\/wp-content\/uploads\/2024\/04\/Fastrip-S-1.png","contentUrl":"https:\/\/alit-tech.com\/wp-content\/uploads\/2024\/04\/Fastrip-S-1.png","width":1600,"height":573},{"@type":"BreadcrumbList","@id":"https:\/\/alit-tech.com\/pt-pt\/maquinas\/fastrip-s\/#breadcrumb","itemListElement":[{"@type":"ListItem","position":1,"name":"Home","item":"https:\/\/alit-tech.com\/pt-pt\/"},{"@type":"ListItem","position":2,"name":"M\u00e1quinas","item":"https:\/\/alit-tech.com\/pt-pt\/maquinas\/"},{"@type":"ListItem","position":3,"name":"Fastrip S"}]},{"@type":"WebSite","@id":"https:\/\/alit-tech.com\/it\/#website","url":"https:\/\/alit-tech.com\/it\/","name":"Alit technologies Spa","description":"","potentialAction":[{"@type":"SearchAction","target":{"@type":"EntryPoint","urlTemplate":"https:\/\/alit-tech.com\/it\/?s={search_term_string}"},"query-input":"required name=search_term_string"}],"inLanguage":"pt-PT"}]}},"_links":{"self":[{"href":"https:\/\/alit-tech.com\/pt-pt\/wp-json\/wp\/v2\/pages\/9837"}],"collection":[{"href":"https:\/\/alit-tech.com\/pt-pt\/wp-json\/wp\/v2\/pages"}],"about":[{"href":"https:\/\/alit-tech.com\/pt-pt\/wp-json\/wp\/v2\/types\/page"}],"author":[{"embeddable":true,"href":"https:\/\/alit-tech.com\/pt-pt\/wp-json\/wp\/v2\/users\/1"}],"replies":[{"embeddable":true,"href":"https:\/\/alit-tech.com\/pt-pt\/wp-json\/wp\/v2\/comments?post=9837"}],"version-history":[{"count":2,"href":"https:\/\/alit-tech.com\/pt-pt\/wp-json\/wp\/v2\/pages\/9837\/revisions"}],"predecessor-version":[{"id":15166,"href":"https:\/\/alit-tech.com\/pt-pt\/wp-json\/wp\/v2\/pages\/9837\/revisions\/15166"}],"up":[{"embeddable":true,"href":"https:\/\/alit-tech.com\/pt-pt\/wp-json\/wp\/v2\/pages\/10040"}],"wp:featuredmedia":[{"embeddable":true,"href":"https:\/\/alit-tech.com\/pt-pt\/wp-json\/wp\/v2\/media\/9839"}],"wp:attachment":[{"href":"https:\/\/alit-tech.com\/pt-pt\/wp-json\/wp\/v2\/media?parent=9837"}],"curies":[{"name":"wp","href":"https:\/\/api.w.org\/{rel}","templated":true}]}}