{"id":9849,"date":"2024-03-26T15:11:45","date_gmt":"2024-03-26T14:11:45","guid":{"rendered":"https:\/\/alit-tech.com\/fastrip-t2-120-mix\/"},"modified":"2025-05-19T14:05:54","modified_gmt":"2025-05-19T12:05:54","slug":"fastrip-t2-120-mix","status":"publish","type":"page","link":"https:\/\/alit-tech.com\/pt-pt\/maquinas\/fastrip-t2-120-mix\/","title":{"rendered":"Fastrip T2 120-mix"},"content":{"rendered":"\n<p>A\u00a0<strong>Alit Technologies<\/strong>\u00a0desenvolveu o <strong>FASTRIP T2-120 MIX<\/strong> com base nos muitos anos de experi\u00eancia na ind\u00fastria de decapagem. Nesta m\u00e1quina, a a\u00e7\u00e3o mec\u00e2nica do decapante sobre as pe\u00e7as \u00e9 assegurada pelo impulso hidrost\u00e1tico gerado pelo misturador. Tornando-se a primeira e mais silenciosa m\u00e1quina que tamb\u00e9m pode operar com um decapante mais contaminado;<\/p>\n\n\n\n<p>A aus\u00eancia de ultrassons tamb\u00e9m permite o uso de componentes eletr\u00f3nicos que s\u00e3o menos sens\u00edveis ao calor desenvolvido durante a normal<br>opera\u00e7\u00e3o da m\u00e1quina. De um modo geral, estas escolhas resultaram na conce\u00e7\u00e3o de um sistema extremamente robusto, confi\u00e1vel, seguro e funcional.<\/p>\n","protected":false},"excerpt":{"rendered":"<p>A\u00a0Alit Technologies\u00a0desenvolveu o FASTRIP T2-120 MIX com base nos muitos anos de experi\u00eancia na ind\u00fastria de decapagem. Nesta m\u00e1quina, a a\u00e7\u00e3o mec\u00e2nica do decapante sobre as pe\u00e7as \u00e9 assegurada pelo impulso hidrost\u00e1tico gerado pelo misturador. Tornando-se a primeira e mais silenciosa m\u00e1quina que tamb\u00e9m pode operar com um decapante mais contaminado; A aus\u00eancia de ultrassons [&hellip;]<\/p>\n","protected":false},"author":1,"featured_media":9851,"parent":10040,"menu_order":0,"comment_status":"closed","ping_status":"closed","template":"template-pages\/05_plants_product.php","meta":{"_acf_changed":false,"footnotes":""},"class_list":["post-9849","page","type-page","status-publish","has-post-thumbnail","hentry"],"acf":[],"yoast_head":"<!-- This site is optimized with the Yoast SEO plugin v23.1 - https:\/\/yoast.com\/wordpress\/plugins\/seo\/ -->\n<title>Processo Decapagem Mec\u00e2nica do Ferro, A\u00e7o | FASTRIP T2-120Mix<\/title>\n<meta name=\"description\" content=\"Decapante para tinta em ferro, a\u00e7o: Fastrip T2-120 Mix \u00e9 eficaz, seguro e ideal para remo\u00e7\u00e3o em ambientes industriais. ALIT \u00e9 l\u00edder em decapagem qu\u00edmica de tinta\" \/>\n<meta name=\"robots\" content=\"index, follow, max-snippet:-1, max-image-preview:large, max-video-preview:-1\" \/>\n<link rel=\"canonical\" href=\"https:\/\/alit-tech.com\/pt-pt\/maquinas\/fastrip-t2-120-mix\/\" \/>\n<meta property=\"og:locale\" content=\"pt_PT\" \/>\n<meta property=\"og:type\" content=\"article\" \/>\n<meta property=\"og:title\" content=\"Processo Decapagem Mec\u00e2nica do Ferro, A\u00e7o | FASTRIP T2-120Mix\" \/>\n<meta property=\"og:description\" content=\"Decapante para tinta em ferro, a\u00e7o: Fastrip T2-120 Mix \u00e9 eficaz, seguro e ideal para remo\u00e7\u00e3o em ambientes industriais. ALIT \u00e9 l\u00edder em decapagem qu\u00edmica de tinta\" \/>\n<meta property=\"og:url\" content=\"https:\/\/alit-tech.com\/pt-pt\/maquinas\/fastrip-t2-120-mix\/\" \/>\n<meta property=\"og:site_name\" content=\"Alit technologies Spa\" \/>\n<meta property=\"article:modified_time\" content=\"2025-05-19T12:05:54+00:00\" \/>\n<meta property=\"og:image\" content=\"https:\/\/alit-tech.com\/wp-content\/uploads\/2024\/04\/Fastrip-T2-120-mix-1.png\" \/>\n\t<meta property=\"og:image:width\" content=\"1500\" \/>\n\t<meta property=\"og:image:height\" content=\"600\" \/>\n\t<meta property=\"og:image:type\" content=\"image\/png\" \/>\n<meta name=\"twitter:card\" content=\"summary_large_image\" \/>\n<meta name=\"twitter:label1\" content=\"Tempo estimado de leitura\" \/>\n\t<meta name=\"twitter:data1\" content=\"1 minuto\" \/>\n<script type=\"application\/ld+json\" class=\"yoast-schema-graph\">{\"@context\":\"https:\/\/schema.org\",\"@graph\":[{\"@type\":\"WebPage\",\"@id\":\"https:\/\/alit-tech.com\/pt-pt\/maquinas\/fastrip-t2-120-mix\/\",\"url\":\"https:\/\/alit-tech.com\/pt-pt\/maquinas\/fastrip-t2-120-mix\/\",\"name\":\"Processo Decapagem Mec\u00e2nica do Ferro, A\u00e7o | FASTRIP T2-120Mix\",\"isPartOf\":{\"@id\":\"https:\/\/alit-tech.com\/it\/#website\"},\"primaryImageOfPage\":{\"@id\":\"https:\/\/alit-tech.com\/pt-pt\/maquinas\/fastrip-t2-120-mix\/#primaryimage\"},\"image\":{\"@id\":\"https:\/\/alit-tech.com\/pt-pt\/maquinas\/fastrip-t2-120-mix\/#primaryimage\"},\"thumbnailUrl\":\"https:\/\/alit-tech.com\/wp-content\/uploads\/2024\/04\/Fastrip-T2-120-mix-1.png\",\"datePublished\":\"2024-03-26T14:11:45+00:00\",\"dateModified\":\"2025-05-19T12:05:54+00:00\",\"description\":\"Decapante para tinta em ferro, a\u00e7o: Fastrip T2-120 Mix \u00e9 eficaz, seguro e ideal para remo\u00e7\u00e3o em ambientes industriais. ALIT \u00e9 l\u00edder em decapagem qu\u00edmica de tinta\",\"breadcrumb\":{\"@id\":\"https:\/\/alit-tech.com\/pt-pt\/maquinas\/fastrip-t2-120-mix\/#breadcrumb\"},\"inLanguage\":\"pt-PT\",\"potentialAction\":[{\"@type\":\"ReadAction\",\"target\":[\"https:\/\/alit-tech.com\/pt-pt\/maquinas\/fastrip-t2-120-mix\/\"]}]},{\"@type\":\"ImageObject\",\"inLanguage\":\"pt-PT\",\"@id\":\"https:\/\/alit-tech.com\/pt-pt\/maquinas\/fastrip-t2-120-mix\/#primaryimage\",\"url\":\"https:\/\/alit-tech.com\/wp-content\/uploads\/2024\/04\/Fastrip-T2-120-mix-1.png\",\"contentUrl\":\"https:\/\/alit-tech.com\/wp-content\/uploads\/2024\/04\/Fastrip-T2-120-mix-1.png\",\"width\":1500,\"height\":600},{\"@type\":\"BreadcrumbList\",\"@id\":\"https:\/\/alit-tech.com\/pt-pt\/maquinas\/fastrip-t2-120-mix\/#breadcrumb\",\"itemListElement\":[{\"@type\":\"ListItem\",\"position\":1,\"name\":\"Home\",\"item\":\"https:\/\/alit-tech.com\/pt-pt\/\"},{\"@type\":\"ListItem\",\"position\":2,\"name\":\"M\u00e1quinas\",\"item\":\"https:\/\/alit-tech.com\/pt-pt\/maquinas\/\"},{\"@type\":\"ListItem\",\"position\":3,\"name\":\"Fastrip T2 120-mix\"}]},{\"@type\":\"WebSite\",\"@id\":\"https:\/\/alit-tech.com\/it\/#website\",\"url\":\"https:\/\/alit-tech.com\/it\/\",\"name\":\"Alit technologies Spa\",\"description\":\"\",\"potentialAction\":[{\"@type\":\"SearchAction\",\"target\":{\"@type\":\"EntryPoint\",\"urlTemplate\":\"https:\/\/alit-tech.com\/it\/?s={search_term_string}\"},\"query-input\":\"required name=search_term_string\"}],\"inLanguage\":\"pt-PT\"}]}<\/script>\n<!-- \/ Yoast SEO plugin. -->","yoast_head_json":{"title":"Processo Decapagem Mec\u00e2nica do Ferro, A\u00e7o | FASTRIP T2-120Mix","description":"Decapante para tinta em ferro, a\u00e7o: Fastrip T2-120 Mix \u00e9 eficaz, seguro e ideal para remo\u00e7\u00e3o em ambientes industriais. ALIT \u00e9 l\u00edder em decapagem qu\u00edmica de tinta","robots":{"index":"index","follow":"follow","max-snippet":"max-snippet:-1","max-image-preview":"max-image-preview:large","max-video-preview":"max-video-preview:-1"},"canonical":"https:\/\/alit-tech.com\/pt-pt\/maquinas\/fastrip-t2-120-mix\/","og_locale":"pt_PT","og_type":"article","og_title":"Processo Decapagem Mec\u00e2nica do Ferro, A\u00e7o | FASTRIP T2-120Mix","og_description":"Decapante para tinta em ferro, a\u00e7o: Fastrip T2-120 Mix \u00e9 eficaz, seguro e ideal para remo\u00e7\u00e3o em ambientes industriais. ALIT \u00e9 l\u00edder em decapagem qu\u00edmica de tinta","og_url":"https:\/\/alit-tech.com\/pt-pt\/maquinas\/fastrip-t2-120-mix\/","og_site_name":"Alit technologies Spa","article_modified_time":"2025-05-19T12:05:54+00:00","og_image":[{"width":1500,"height":600,"url":"https:\/\/alit-tech.com\/wp-content\/uploads\/2024\/04\/Fastrip-T2-120-mix-1.png","type":"image\/png"}],"twitter_card":"summary_large_image","twitter_misc":{"Tempo estimado de leitura":"1 minuto"},"schema":{"@context":"https:\/\/schema.org","@graph":[{"@type":"WebPage","@id":"https:\/\/alit-tech.com\/pt-pt\/maquinas\/fastrip-t2-120-mix\/","url":"https:\/\/alit-tech.com\/pt-pt\/maquinas\/fastrip-t2-120-mix\/","name":"Processo Decapagem Mec\u00e2nica do Ferro, A\u00e7o | FASTRIP T2-120Mix","isPartOf":{"@id":"https:\/\/alit-tech.com\/it\/#website"},"primaryImageOfPage":{"@id":"https:\/\/alit-tech.com\/pt-pt\/maquinas\/fastrip-t2-120-mix\/#primaryimage"},"image":{"@id":"https:\/\/alit-tech.com\/pt-pt\/maquinas\/fastrip-t2-120-mix\/#primaryimage"},"thumbnailUrl":"https:\/\/alit-tech.com\/wp-content\/uploads\/2024\/04\/Fastrip-T2-120-mix-1.png","datePublished":"2024-03-26T14:11:45+00:00","dateModified":"2025-05-19T12:05:54+00:00","description":"Decapante para tinta em ferro, a\u00e7o: Fastrip T2-120 Mix \u00e9 eficaz, seguro e ideal para remo\u00e7\u00e3o em ambientes industriais. ALIT \u00e9 l\u00edder em decapagem qu\u00edmica de tinta","breadcrumb":{"@id":"https:\/\/alit-tech.com\/pt-pt\/maquinas\/fastrip-t2-120-mix\/#breadcrumb"},"inLanguage":"pt-PT","potentialAction":[{"@type":"ReadAction","target":["https:\/\/alit-tech.com\/pt-pt\/maquinas\/fastrip-t2-120-mix\/"]}]},{"@type":"ImageObject","inLanguage":"pt-PT","@id":"https:\/\/alit-tech.com\/pt-pt\/maquinas\/fastrip-t2-120-mix\/#primaryimage","url":"https:\/\/alit-tech.com\/wp-content\/uploads\/2024\/04\/Fastrip-T2-120-mix-1.png","contentUrl":"https:\/\/alit-tech.com\/wp-content\/uploads\/2024\/04\/Fastrip-T2-120-mix-1.png","width":1500,"height":600},{"@type":"BreadcrumbList","@id":"https:\/\/alit-tech.com\/pt-pt\/maquinas\/fastrip-t2-120-mix\/#breadcrumb","itemListElement":[{"@type":"ListItem","position":1,"name":"Home","item":"https:\/\/alit-tech.com\/pt-pt\/"},{"@type":"ListItem","position":2,"name":"M\u00e1quinas","item":"https:\/\/alit-tech.com\/pt-pt\/maquinas\/"},{"@type":"ListItem","position":3,"name":"Fastrip T2 120-mix"}]},{"@type":"WebSite","@id":"https:\/\/alit-tech.com\/it\/#website","url":"https:\/\/alit-tech.com\/it\/","name":"Alit technologies Spa","description":"","potentialAction":[{"@type":"SearchAction","target":{"@type":"EntryPoint","urlTemplate":"https:\/\/alit-tech.com\/it\/?s={search_term_string}"},"query-input":"required name=search_term_string"}],"inLanguage":"pt-PT"}]}},"_links":{"self":[{"href":"https:\/\/alit-tech.com\/pt-pt\/wp-json\/wp\/v2\/pages\/9849"}],"collection":[{"href":"https:\/\/alit-tech.com\/pt-pt\/wp-json\/wp\/v2\/pages"}],"about":[{"href":"https:\/\/alit-tech.com\/pt-pt\/wp-json\/wp\/v2\/types\/page"}],"author":[{"embeddable":true,"href":"https:\/\/alit-tech.com\/pt-pt\/wp-json\/wp\/v2\/users\/1"}],"replies":[{"embeddable":true,"href":"https:\/\/alit-tech.com\/pt-pt\/wp-json\/wp\/v2\/comments?post=9849"}],"version-history":[{"count":2,"href":"https:\/\/alit-tech.com\/pt-pt\/wp-json\/wp\/v2\/pages\/9849\/revisions"}],"predecessor-version":[{"id":15168,"href":"https:\/\/alit-tech.com\/pt-pt\/wp-json\/wp\/v2\/pages\/9849\/revisions\/15168"}],"up":[{"embeddable":true,"href":"https:\/\/alit-tech.com\/pt-pt\/wp-json\/wp\/v2\/pages\/10040"}],"wp:featuredmedia":[{"embeddable":true,"href":"https:\/\/alit-tech.com\/pt-pt\/wp-json\/wp\/v2\/media\/9851"}],"wp:attachment":[{"href":"https:\/\/alit-tech.com\/pt-pt\/wp-json\/wp\/v2\/media?parent=9849"}],"curies":[{"name":"wp","href":"https:\/\/api.w.org\/{rel}","templated":true}]}}