{"id":9863,"date":"2024-03-26T15:13:09","date_gmt":"2024-03-26T14:13:09","guid":{"rendered":"https:\/\/alit-tech.com\/fastrip-t2\/"},"modified":"2025-08-28T09:44:34","modified_gmt":"2025-08-28T07:44:34","slug":"fastrip-t2","status":"publish","type":"page","link":"https:\/\/alit-tech.com\/pt-pt\/maquinas\/fastrip-t2\/","title":{"rendered":"Fastrip T2"},"content":{"rendered":"\n<p><strong>FATSRIP T2<\/strong> \u00e9 uma gama de tanques compactos para decapagem de tinta de imers\u00e3o \u00e9 equipado com um sistema de ultrassons e uma unidade de aquecimento integrada.<br>A decapagem qu\u00edmica combinada com pulsos dos ultrassons garante a remo\u00e7\u00e3o eficaz das camadas de tinta de pe\u00e7as de metais ferrosos e n\u00e3o ferrosos.<br>Estas m\u00e1quinas s\u00e3o, portanto, adequadas para limpar pequenos ganchos e estruturas, m\u00e1scaras de silicone e pistolas de pintura l\u00edquida.<br>O seu display digital permite ajustar a temperatura, o tempo de tratamento e os par\u00e2metros de pot\u00eancia dos ultrassons.<\/p>\n","protected":false},"excerpt":{"rendered":"<p>FATSRIP T2 \u00e9 uma gama de tanques compactos para decapagem de tinta de imers\u00e3o \u00e9 equipado com um sistema de ultrassons e uma unidade de aquecimento integrada.A decapagem qu\u00edmica combinada com pulsos dos ultrassons garante a remo\u00e7\u00e3o eficaz das camadas de tinta de pe\u00e7as de metais ferrosos e n\u00e3o ferrosos.Estas m\u00e1quinas s\u00e3o, portanto, adequadas para [&hellip;]<\/p>\n","protected":false},"author":1,"featured_media":9865,"parent":10040,"menu_order":0,"comment_status":"closed","ping_status":"closed","template":"template-pages\/05_plants_product.php","meta":{"_acf_changed":false,"footnotes":""},"class_list":["post-9863","page","type-page","status-publish","has-post-thumbnail","hentry"],"acf":[],"yoast_head":"<!-- This site is optimized with the Yoast SEO plugin v23.1 - https:\/\/yoast.com\/wordpress\/plugins\/seo\/ -->\n<title>Decapagem Qu\u00edmica Ultra Sons: Tanque Remo\u00e7\u00e3o Tinta Ultrass\u00f4nica<\/title>\n<meta name=\"description\" content=\"Fastrip AP: sistema compacto e avan\u00e7ado para a Decapagem de perfis Fastrip, ideal para alum\u00ednio, com opera\u00e7\u00e3o segura. Descubra mais sobre as nossas solu\u00e7\u00f5es!\" \/>\n<meta name=\"robots\" content=\"index, follow, max-snippet:-1, max-image-preview:large, max-video-preview:-1\" \/>\n<link rel=\"canonical\" href=\"https:\/\/alit-tech.com\/pt-pt\/maquinas\/fastrip-t2\/\" \/>\n<meta property=\"og:locale\" content=\"pt_PT\" \/>\n<meta property=\"og:type\" content=\"article\" \/>\n<meta property=\"og:title\" content=\"Decapagem Qu\u00edmica Ultra Sons: Tanque Remo\u00e7\u00e3o Tinta Ultrass\u00f4nica\" \/>\n<meta property=\"og:description\" content=\"Fastrip AP: sistema compacto e avan\u00e7ado para a Decapagem de perfis Fastrip, ideal para alum\u00ednio, com opera\u00e7\u00e3o segura. Descubra mais sobre as nossas solu\u00e7\u00f5es!\" \/>\n<meta property=\"og:url\" content=\"https:\/\/alit-tech.com\/pt-pt\/maquinas\/fastrip-t2\/\" \/>\n<meta property=\"og:site_name\" content=\"Alit technologies Spa\" \/>\n<meta property=\"article:modified_time\" content=\"2025-08-28T07:44:34+00:00\" \/>\n<meta property=\"og:image\" content=\"https:\/\/alit-tech.com\/wp-content\/uploads\/2024\/04\/Fastrip-T2.png\" \/>\n\t<meta property=\"og:image:width\" content=\"1600\" \/>\n\t<meta property=\"og:image:height\" content=\"582\" \/>\n\t<meta property=\"og:image:type\" content=\"image\/png\" \/>\n<meta name=\"twitter:card\" content=\"summary_large_image\" \/>\n<meta name=\"twitter:label1\" content=\"Tempo estimado de leitura\" \/>\n\t<meta name=\"twitter:data1\" content=\"1 minuto\" \/>\n<script type=\"application\/ld+json\" class=\"yoast-schema-graph\">{\"@context\":\"https:\/\/schema.org\",\"@graph\":[{\"@type\":\"WebPage\",\"@id\":\"https:\/\/alit-tech.com\/pt-pt\/maquinas\/fastrip-t2\/\",\"url\":\"https:\/\/alit-tech.com\/pt-pt\/maquinas\/fastrip-t2\/\",\"name\":\"Decapagem Qu\u00edmica Ultra Sons: Tanque Remo\u00e7\u00e3o Tinta Ultrass\u00f4nica\",\"isPartOf\":{\"@id\":\"https:\/\/alit-tech.com\/it\/#website\"},\"primaryImageOfPage\":{\"@id\":\"https:\/\/alit-tech.com\/pt-pt\/maquinas\/fastrip-t2\/#primaryimage\"},\"image\":{\"@id\":\"https:\/\/alit-tech.com\/pt-pt\/maquinas\/fastrip-t2\/#primaryimage\"},\"thumbnailUrl\":\"https:\/\/alit-tech.com\/wp-content\/uploads\/2024\/04\/Fastrip-T2.png\",\"datePublished\":\"2024-03-26T14:13:09+00:00\",\"dateModified\":\"2025-08-28T07:44:34+00:00\",\"description\":\"Fastrip AP: sistema compacto e avan\u00e7ado para a Decapagem de perfis Fastrip, ideal para alum\u00ednio, com opera\u00e7\u00e3o segura. Descubra mais sobre as nossas solu\u00e7\u00f5es!\",\"breadcrumb\":{\"@id\":\"https:\/\/alit-tech.com\/pt-pt\/maquinas\/fastrip-t2\/#breadcrumb\"},\"inLanguage\":\"pt-PT\",\"potentialAction\":[{\"@type\":\"ReadAction\",\"target\":[\"https:\/\/alit-tech.com\/pt-pt\/maquinas\/fastrip-t2\/\"]}]},{\"@type\":\"ImageObject\",\"inLanguage\":\"pt-PT\",\"@id\":\"https:\/\/alit-tech.com\/pt-pt\/maquinas\/fastrip-t2\/#primaryimage\",\"url\":\"https:\/\/alit-tech.com\/wp-content\/uploads\/2024\/04\/Fastrip-T2.png\",\"contentUrl\":\"https:\/\/alit-tech.com\/wp-content\/uploads\/2024\/04\/Fastrip-T2.png\",\"width\":1600,\"height\":582},{\"@type\":\"BreadcrumbList\",\"@id\":\"https:\/\/alit-tech.com\/pt-pt\/maquinas\/fastrip-t2\/#breadcrumb\",\"itemListElement\":[{\"@type\":\"ListItem\",\"position\":1,\"name\":\"Home\",\"item\":\"https:\/\/alit-tech.com\/pt-pt\/\"},{\"@type\":\"ListItem\",\"position\":2,\"name\":\"M\u00e1quinas\",\"item\":\"https:\/\/alit-tech.com\/pt-pt\/maquinas\/\"},{\"@type\":\"ListItem\",\"position\":3,\"name\":\"Fastrip T2\"}]},{\"@type\":\"WebSite\",\"@id\":\"https:\/\/alit-tech.com\/it\/#website\",\"url\":\"https:\/\/alit-tech.com\/it\/\",\"name\":\"Alit technologies Spa\",\"description\":\"\",\"potentialAction\":[{\"@type\":\"SearchAction\",\"target\":{\"@type\":\"EntryPoint\",\"urlTemplate\":\"https:\/\/alit-tech.com\/it\/?s={search_term_string}\"},\"query-input\":\"required name=search_term_string\"}],\"inLanguage\":\"pt-PT\"}]}<\/script>\n<!-- \/ Yoast SEO plugin. -->","yoast_head_json":{"title":"Decapagem Qu\u00edmica Ultra Sons: Tanque Remo\u00e7\u00e3o Tinta Ultrass\u00f4nica","description":"Fastrip AP: sistema compacto e avan\u00e7ado para a Decapagem de perfis Fastrip, ideal para alum\u00ednio, com opera\u00e7\u00e3o segura. Descubra mais sobre as nossas solu\u00e7\u00f5es!","robots":{"index":"index","follow":"follow","max-snippet":"max-snippet:-1","max-image-preview":"max-image-preview:large","max-video-preview":"max-video-preview:-1"},"canonical":"https:\/\/alit-tech.com\/pt-pt\/maquinas\/fastrip-t2\/","og_locale":"pt_PT","og_type":"article","og_title":"Decapagem Qu\u00edmica Ultra Sons: Tanque Remo\u00e7\u00e3o Tinta Ultrass\u00f4nica","og_description":"Fastrip AP: sistema compacto e avan\u00e7ado para a Decapagem de perfis Fastrip, ideal para alum\u00ednio, com opera\u00e7\u00e3o segura. Descubra mais sobre as nossas solu\u00e7\u00f5es!","og_url":"https:\/\/alit-tech.com\/pt-pt\/maquinas\/fastrip-t2\/","og_site_name":"Alit technologies Spa","article_modified_time":"2025-08-28T07:44:34+00:00","og_image":[{"width":1600,"height":582,"url":"https:\/\/alit-tech.com\/wp-content\/uploads\/2024\/04\/Fastrip-T2.png","type":"image\/png"}],"twitter_card":"summary_large_image","twitter_misc":{"Tempo estimado de leitura":"1 minuto"},"schema":{"@context":"https:\/\/schema.org","@graph":[{"@type":"WebPage","@id":"https:\/\/alit-tech.com\/pt-pt\/maquinas\/fastrip-t2\/","url":"https:\/\/alit-tech.com\/pt-pt\/maquinas\/fastrip-t2\/","name":"Decapagem Qu\u00edmica Ultra Sons: Tanque Remo\u00e7\u00e3o Tinta Ultrass\u00f4nica","isPartOf":{"@id":"https:\/\/alit-tech.com\/it\/#website"},"primaryImageOfPage":{"@id":"https:\/\/alit-tech.com\/pt-pt\/maquinas\/fastrip-t2\/#primaryimage"},"image":{"@id":"https:\/\/alit-tech.com\/pt-pt\/maquinas\/fastrip-t2\/#primaryimage"},"thumbnailUrl":"https:\/\/alit-tech.com\/wp-content\/uploads\/2024\/04\/Fastrip-T2.png","datePublished":"2024-03-26T14:13:09+00:00","dateModified":"2025-08-28T07:44:34+00:00","description":"Fastrip AP: sistema compacto e avan\u00e7ado para a Decapagem de perfis Fastrip, ideal para alum\u00ednio, com opera\u00e7\u00e3o segura. Descubra mais sobre as nossas solu\u00e7\u00f5es!","breadcrumb":{"@id":"https:\/\/alit-tech.com\/pt-pt\/maquinas\/fastrip-t2\/#breadcrumb"},"inLanguage":"pt-PT","potentialAction":[{"@type":"ReadAction","target":["https:\/\/alit-tech.com\/pt-pt\/maquinas\/fastrip-t2\/"]}]},{"@type":"ImageObject","inLanguage":"pt-PT","@id":"https:\/\/alit-tech.com\/pt-pt\/maquinas\/fastrip-t2\/#primaryimage","url":"https:\/\/alit-tech.com\/wp-content\/uploads\/2024\/04\/Fastrip-T2.png","contentUrl":"https:\/\/alit-tech.com\/wp-content\/uploads\/2024\/04\/Fastrip-T2.png","width":1600,"height":582},{"@type":"BreadcrumbList","@id":"https:\/\/alit-tech.com\/pt-pt\/maquinas\/fastrip-t2\/#breadcrumb","itemListElement":[{"@type":"ListItem","position":1,"name":"Home","item":"https:\/\/alit-tech.com\/pt-pt\/"},{"@type":"ListItem","position":2,"name":"M\u00e1quinas","item":"https:\/\/alit-tech.com\/pt-pt\/maquinas\/"},{"@type":"ListItem","position":3,"name":"Fastrip T2"}]},{"@type":"WebSite","@id":"https:\/\/alit-tech.com\/it\/#website","url":"https:\/\/alit-tech.com\/it\/","name":"Alit technologies Spa","description":"","potentialAction":[{"@type":"SearchAction","target":{"@type":"EntryPoint","urlTemplate":"https:\/\/alit-tech.com\/it\/?s={search_term_string}"},"query-input":"required name=search_term_string"}],"inLanguage":"pt-PT"}]}},"_links":{"self":[{"href":"https:\/\/alit-tech.com\/pt-pt\/wp-json\/wp\/v2\/pages\/9863"}],"collection":[{"href":"https:\/\/alit-tech.com\/pt-pt\/wp-json\/wp\/v2\/pages"}],"about":[{"href":"https:\/\/alit-tech.com\/pt-pt\/wp-json\/wp\/v2\/types\/page"}],"author":[{"embeddable":true,"href":"https:\/\/alit-tech.com\/pt-pt\/wp-json\/wp\/v2\/users\/1"}],"replies":[{"embeddable":true,"href":"https:\/\/alit-tech.com\/pt-pt\/wp-json\/wp\/v2\/comments?post=9863"}],"version-history":[{"count":2,"href":"https:\/\/alit-tech.com\/pt-pt\/wp-json\/wp\/v2\/pages\/9863\/revisions"}],"predecessor-version":[{"id":15175,"href":"https:\/\/alit-tech.com\/pt-pt\/wp-json\/wp\/v2\/pages\/9863\/revisions\/15175"}],"up":[{"embeddable":true,"href":"https:\/\/alit-tech.com\/pt-pt\/wp-json\/wp\/v2\/pages\/10040"}],"wp:featuredmedia":[{"embeddable":true,"href":"https:\/\/alit-tech.com\/pt-pt\/wp-json\/wp\/v2\/media\/9865"}],"wp:attachment":[{"href":"https:\/\/alit-tech.com\/pt-pt\/wp-json\/wp\/v2\/media?parent=9863"}],"curies":[{"name":"wp","href":"https:\/\/api.w.org\/{rel}","templated":true}]}}