{"id":9879,"date":"2024-03-26T15:13:32","date_gmt":"2024-03-26T14:13:32","guid":{"rendered":"https:\/\/alit-tech.com\/fastrip-t5\/"},"modified":"2025-05-19T14:08:50","modified_gmt":"2025-05-19T12:08:50","slug":"fastrip-t5","status":"publish","type":"page","link":"https:\/\/alit-tech.com\/pt-pt\/maquinas\/fastrip-t5\/","title":{"rendered":"Fastrip T5"},"content":{"rendered":"\n<p><strong>FASTRIP T5<\/strong>&nbsp;\u00e9 a nossa gama de tanques de decapagem de tamanho m\u00e9dio com uma capacidade de 800 litros.<br>Todos eles s\u00e3o constru\u00eddos sobre o conceito de \u201ctanque dentro de um tanque\u201d, gra\u00e7as ao qual o tanque externo selado tamb\u00e9m serve uma bacia de seguran\u00e7a para conten\u00e7\u00e3o de fluidos.<br>Todos apresentam um sistema de aquecimento el\u00e9trico integrado e combinam a\u00e7\u00f5es mec\u00e2nicas e qu\u00edmicas.<br>A s\u00e9rie Fastrip T5 permite remover eficazmente as camadas de revestimento depositadas em metais ferrosos e ligas leves sem comprometer a sua superf\u00edcie.<br>Eles s\u00e3o equipados com um painel de controle touchscreen plug-and-play separado, e par\u00e2metros de ciclo totalmente program\u00e1veis.<br>A sua robustez \u00e9 garantida pelos seus materiais de constru\u00e7\u00e3o, incluindo o AISI 304, enquanto o m\u00e1ximo conforto de utiliza\u00e7\u00e3o \u00e9 garantido por um design profissional. Perfeitamente isolado de todos os lados, equipado com uma tampa de intertravamento e configurado para a extra\u00e7\u00e3o de fumos.<br>A ALIT Technologies tamb\u00e9m oferece op\u00e7\u00f5es extras, como suportes de pe\u00e7as personaliz\u00e1veis e um sistema de extra\u00e7\u00e3o de fumos.<\/p>\n","protected":false},"excerpt":{"rendered":"<p>FASTRIP T5&nbsp;\u00e9 a nossa gama de tanques de decapagem de tamanho m\u00e9dio com uma capacidade de 800 litros.Todos eles s\u00e3o constru\u00eddos sobre o conceito de \u201ctanque dentro de um tanque\u201d, gra\u00e7as ao qual o tanque externo selado tamb\u00e9m serve uma bacia de seguran\u00e7a para conten\u00e7\u00e3o de fluidos.Todos apresentam um sistema de aquecimento el\u00e9trico integrado e [&hellip;]<\/p>\n","protected":false},"author":1,"featured_media":9881,"parent":10040,"menu_order":0,"comment_status":"closed","ping_status":"closed","template":"template-pages\/05_plants_product.php","meta":{"_acf_changed":false,"footnotes":""},"class_list":["post-9879","page","type-page","status-publish","has-post-thumbnail","hentry"],"acf":[],"yoast_head":"<!-- This site is optimized with the Yoast SEO plugin v23.1 - https:\/\/yoast.com\/wordpress\/plugins\/seo\/ -->\n<title>Decapagem Qu\u00edmica por Imers\u00e3o: FASTRIP 5 Alit Technologies<\/title>\n<meta name=\"description\" content=\"O Fastrip T5 \u00e9 ideal para a decapagem qu\u00edmica por imers\u00e3o, proporcionando remo\u00e7\u00e3o eficaz de tinta em metais com design inovador e controle por touchscreen\" \/>\n<meta name=\"robots\" content=\"index, follow, max-snippet:-1, max-image-preview:large, max-video-preview:-1\" \/>\n<link rel=\"canonical\" href=\"https:\/\/alit-tech.com\/pt-pt\/maquinas\/fastrip-t5\/\" \/>\n<meta property=\"og:locale\" content=\"pt_PT\" \/>\n<meta property=\"og:type\" content=\"article\" \/>\n<meta property=\"og:title\" content=\"Decapagem Qu\u00edmica por Imers\u00e3o: FASTRIP 5 Alit Technologies\" \/>\n<meta property=\"og:description\" content=\"O Fastrip T5 \u00e9 ideal para a decapagem qu\u00edmica por imers\u00e3o, proporcionando remo\u00e7\u00e3o eficaz de tinta em metais com design inovador e controle por touchscreen\" \/>\n<meta property=\"og:url\" content=\"https:\/\/alit-tech.com\/pt-pt\/maquinas\/fastrip-t5\/\" \/>\n<meta property=\"og:site_name\" content=\"Alit technologies Spa\" \/>\n<meta property=\"article:modified_time\" content=\"2025-05-19T12:08:50+00:00\" \/>\n<meta property=\"og:image\" content=\"https:\/\/alit-tech.com\/wp-content\/uploads\/2024\/04\/Fastrip-T5.png\" \/>\n\t<meta property=\"og:image:width\" content=\"1700\" \/>\n\t<meta property=\"og:image:height\" content=\"650\" \/>\n\t<meta property=\"og:image:type\" content=\"image\/png\" \/>\n<meta name=\"twitter:card\" content=\"summary_large_image\" \/>\n<meta name=\"twitter:label1\" content=\"Tempo estimado de leitura\" \/>\n\t<meta name=\"twitter:data1\" content=\"2 minutos\" \/>\n<script type=\"application\/ld+json\" class=\"yoast-schema-graph\">{\"@context\":\"https:\/\/schema.org\",\"@graph\":[{\"@type\":\"WebPage\",\"@id\":\"https:\/\/alit-tech.com\/pt-pt\/maquinas\/fastrip-t5\/\",\"url\":\"https:\/\/alit-tech.com\/pt-pt\/maquinas\/fastrip-t5\/\",\"name\":\"Decapagem Qu\u00edmica por Imers\u00e3o: FASTRIP 5 Alit Technologies\",\"isPartOf\":{\"@id\":\"https:\/\/alit-tech.com\/it\/#website\"},\"primaryImageOfPage\":{\"@id\":\"https:\/\/alit-tech.com\/pt-pt\/maquinas\/fastrip-t5\/#primaryimage\"},\"image\":{\"@id\":\"https:\/\/alit-tech.com\/pt-pt\/maquinas\/fastrip-t5\/#primaryimage\"},\"thumbnailUrl\":\"https:\/\/alit-tech.com\/wp-content\/uploads\/2024\/04\/Fastrip-T5.png\",\"datePublished\":\"2024-03-26T14:13:32+00:00\",\"dateModified\":\"2025-05-19T12:08:50+00:00\",\"description\":\"O Fastrip T5 \u00e9 ideal para a decapagem qu\u00edmica por imers\u00e3o, proporcionando remo\u00e7\u00e3o eficaz de tinta em metais com design inovador e controle por touchscreen\",\"breadcrumb\":{\"@id\":\"https:\/\/alit-tech.com\/pt-pt\/maquinas\/fastrip-t5\/#breadcrumb\"},\"inLanguage\":\"pt-PT\",\"potentialAction\":[{\"@type\":\"ReadAction\",\"target\":[\"https:\/\/alit-tech.com\/pt-pt\/maquinas\/fastrip-t5\/\"]}]},{\"@type\":\"ImageObject\",\"inLanguage\":\"pt-PT\",\"@id\":\"https:\/\/alit-tech.com\/pt-pt\/maquinas\/fastrip-t5\/#primaryimage\",\"url\":\"https:\/\/alit-tech.com\/wp-content\/uploads\/2024\/04\/Fastrip-T5.png\",\"contentUrl\":\"https:\/\/alit-tech.com\/wp-content\/uploads\/2024\/04\/Fastrip-T5.png\",\"width\":1700,\"height\":650,\"caption\":\"Chemical Stripping Tank\"},{\"@type\":\"BreadcrumbList\",\"@id\":\"https:\/\/alit-tech.com\/pt-pt\/maquinas\/fastrip-t5\/#breadcrumb\",\"itemListElement\":[{\"@type\":\"ListItem\",\"position\":1,\"name\":\"Home\",\"item\":\"https:\/\/alit-tech.com\/pt-pt\/\"},{\"@type\":\"ListItem\",\"position\":2,\"name\":\"M\u00e1quinas\",\"item\":\"https:\/\/alit-tech.com\/pt-pt\/maquinas\/\"},{\"@type\":\"ListItem\",\"position\":3,\"name\":\"Fastrip T5\"}]},{\"@type\":\"WebSite\",\"@id\":\"https:\/\/alit-tech.com\/it\/#website\",\"url\":\"https:\/\/alit-tech.com\/it\/\",\"name\":\"Alit technologies Spa\",\"description\":\"\",\"potentialAction\":[{\"@type\":\"SearchAction\",\"target\":{\"@type\":\"EntryPoint\",\"urlTemplate\":\"https:\/\/alit-tech.com\/it\/?s={search_term_string}\"},\"query-input\":\"required name=search_term_string\"}],\"inLanguage\":\"pt-PT\"}]}<\/script>\n<!-- \/ Yoast SEO plugin. -->","yoast_head_json":{"title":"Decapagem Qu\u00edmica por Imers\u00e3o: FASTRIP 5 Alit Technologies","description":"O Fastrip T5 \u00e9 ideal para a decapagem qu\u00edmica por imers\u00e3o, proporcionando remo\u00e7\u00e3o eficaz de tinta em metais com design inovador e controle por touchscreen","robots":{"index":"index","follow":"follow","max-snippet":"max-snippet:-1","max-image-preview":"max-image-preview:large","max-video-preview":"max-video-preview:-1"},"canonical":"https:\/\/alit-tech.com\/pt-pt\/maquinas\/fastrip-t5\/","og_locale":"pt_PT","og_type":"article","og_title":"Decapagem Qu\u00edmica por Imers\u00e3o: FASTRIP 5 Alit Technologies","og_description":"O Fastrip T5 \u00e9 ideal para a decapagem qu\u00edmica por imers\u00e3o, proporcionando remo\u00e7\u00e3o eficaz de tinta em metais com design inovador e controle por touchscreen","og_url":"https:\/\/alit-tech.com\/pt-pt\/maquinas\/fastrip-t5\/","og_site_name":"Alit technologies Spa","article_modified_time":"2025-05-19T12:08:50+00:00","og_image":[{"width":1700,"height":650,"url":"https:\/\/alit-tech.com\/wp-content\/uploads\/2024\/04\/Fastrip-T5.png","type":"image\/png"}],"twitter_card":"summary_large_image","twitter_misc":{"Tempo estimado de leitura":"2 minutos"},"schema":{"@context":"https:\/\/schema.org","@graph":[{"@type":"WebPage","@id":"https:\/\/alit-tech.com\/pt-pt\/maquinas\/fastrip-t5\/","url":"https:\/\/alit-tech.com\/pt-pt\/maquinas\/fastrip-t5\/","name":"Decapagem Qu\u00edmica por Imers\u00e3o: FASTRIP 5 Alit Technologies","isPartOf":{"@id":"https:\/\/alit-tech.com\/it\/#website"},"primaryImageOfPage":{"@id":"https:\/\/alit-tech.com\/pt-pt\/maquinas\/fastrip-t5\/#primaryimage"},"image":{"@id":"https:\/\/alit-tech.com\/pt-pt\/maquinas\/fastrip-t5\/#primaryimage"},"thumbnailUrl":"https:\/\/alit-tech.com\/wp-content\/uploads\/2024\/04\/Fastrip-T5.png","datePublished":"2024-03-26T14:13:32+00:00","dateModified":"2025-05-19T12:08:50+00:00","description":"O Fastrip T5 \u00e9 ideal para a decapagem qu\u00edmica por imers\u00e3o, proporcionando remo\u00e7\u00e3o eficaz de tinta em metais com design inovador e controle por touchscreen","breadcrumb":{"@id":"https:\/\/alit-tech.com\/pt-pt\/maquinas\/fastrip-t5\/#breadcrumb"},"inLanguage":"pt-PT","potentialAction":[{"@type":"ReadAction","target":["https:\/\/alit-tech.com\/pt-pt\/maquinas\/fastrip-t5\/"]}]},{"@type":"ImageObject","inLanguage":"pt-PT","@id":"https:\/\/alit-tech.com\/pt-pt\/maquinas\/fastrip-t5\/#primaryimage","url":"https:\/\/alit-tech.com\/wp-content\/uploads\/2024\/04\/Fastrip-T5.png","contentUrl":"https:\/\/alit-tech.com\/wp-content\/uploads\/2024\/04\/Fastrip-T5.png","width":1700,"height":650,"caption":"Chemical Stripping Tank"},{"@type":"BreadcrumbList","@id":"https:\/\/alit-tech.com\/pt-pt\/maquinas\/fastrip-t5\/#breadcrumb","itemListElement":[{"@type":"ListItem","position":1,"name":"Home","item":"https:\/\/alit-tech.com\/pt-pt\/"},{"@type":"ListItem","position":2,"name":"M\u00e1quinas","item":"https:\/\/alit-tech.com\/pt-pt\/maquinas\/"},{"@type":"ListItem","position":3,"name":"Fastrip T5"}]},{"@type":"WebSite","@id":"https:\/\/alit-tech.com\/it\/#website","url":"https:\/\/alit-tech.com\/it\/","name":"Alit technologies Spa","description":"","potentialAction":[{"@type":"SearchAction","target":{"@type":"EntryPoint","urlTemplate":"https:\/\/alit-tech.com\/it\/?s={search_term_string}"},"query-input":"required name=search_term_string"}],"inLanguage":"pt-PT"}]}},"_links":{"self":[{"href":"https:\/\/alit-tech.com\/pt-pt\/wp-json\/wp\/v2\/pages\/9879"}],"collection":[{"href":"https:\/\/alit-tech.com\/pt-pt\/wp-json\/wp\/v2\/pages"}],"about":[{"href":"https:\/\/alit-tech.com\/pt-pt\/wp-json\/wp\/v2\/types\/page"}],"author":[{"embeddable":true,"href":"https:\/\/alit-tech.com\/pt-pt\/wp-json\/wp\/v2\/users\/1"}],"replies":[{"embeddable":true,"href":"https:\/\/alit-tech.com\/pt-pt\/wp-json\/wp\/v2\/comments?post=9879"}],"version-history":[{"count":3,"href":"https:\/\/alit-tech.com\/pt-pt\/wp-json\/wp\/v2\/pages\/9879\/revisions"}],"predecessor-version":[{"id":15176,"href":"https:\/\/alit-tech.com\/pt-pt\/wp-json\/wp\/v2\/pages\/9879\/revisions\/15176"}],"up":[{"embeddable":true,"href":"https:\/\/alit-tech.com\/pt-pt\/wp-json\/wp\/v2\/pages\/10040"}],"wp:featuredmedia":[{"embeddable":true,"href":"https:\/\/alit-tech.com\/pt-pt\/wp-json\/wp\/v2\/media\/9881"}],"wp:attachment":[{"href":"https:\/\/alit-tech.com\/pt-pt\/wp-json\/wp\/v2\/media?parent=9879"}],"curies":[{"name":"wp","href":"https:\/\/api.w.org\/{rel}","templated":true}]}}