{"id":9896,"date":"2024-04-04T00:08:48","date_gmt":"2024-04-03T22:08:48","guid":{"rendered":"https:\/\/alit-tech.com\/fastrip-t5-multi-tank\/"},"modified":"2025-05-16T14:46:21","modified_gmt":"2025-05-16T12:46:21","slug":"fastrip-t5-multi-tank","status":"publish","type":"page","link":"https:\/\/alit-tech.com\/pt-pt\/maquinas\/fastrip-t5-multi-tank\/","title":{"rendered":"Fastrip T5 Multi-Tank"},"content":{"rendered":"\n<p><strong>FASTRIP T5 MULTI-TANK SYSTEM<\/strong> \u00e9 a instala\u00e7\u00e3o de decapagem projetada para carregar os itens a serem removidos em cestas personalizadas.<br>As pe\u00e7as ser\u00e3o ent\u00e3o transferidas para o tanque de decapagem T5.<\/p>\n\n\n\n<p>As pe\u00e7as decapadas ser\u00e3o ent\u00e3o movidas para o tanque de lavagem e, finalmente, para o tanque de gotejamento. Uma vez chegado ao tanque de gotejamento, uma lavagem final por pulveriza\u00e7\u00e3o tamb\u00e9m pode ser realizada, se necess\u00e1rio. Esta opera\u00e7\u00e3o \u00e9 poss\u00edvel gra\u00e7as \u00e0 bomba multifuncional com rodas.<\/p>\n","protected":false},"excerpt":{"rendered":"<p>FASTRIP T5 MULTI-TANK SYSTEM \u00e9 a instala\u00e7\u00e3o de decapagem projetada para carregar os itens a serem removidos em cestas personalizadas.As pe\u00e7as ser\u00e3o ent\u00e3o transferidas para o tanque de decapagem T5. As pe\u00e7as decapadas ser\u00e3o ent\u00e3o movidas para o tanque de lavagem e, finalmente, para o tanque de gotejamento. Uma vez chegado ao tanque de gotejamento, [&hellip;]<\/p>\n","protected":false},"author":1,"featured_media":9898,"parent":10040,"menu_order":0,"comment_status":"closed","ping_status":"closed","template":"template-pages\/05_plants_product.php","meta":{"_acf_changed":false,"footnotes":""},"class_list":["post-9896","page","type-page","status-publish","has-post-thumbnail","hentry"],"acf":[],"yoast_head":"<!-- This site is optimized with the Yoast SEO plugin v23.1 - https:\/\/yoast.com\/wordpress\/plugins\/seo\/ -->\n<title>Vasca di sverniciatura FASTRIP 5 - Tecnologie Fastrip Alit<\/title>\n<meta name=\"description\" content=\"Fastrip T5 \u00e8 una linea di vasche di sverniciatura utilizzate nel processo di sverniciaturachimica di metalli e leghe leggere. Tutti i dettagli sul nostro sito\" \/>\n<meta name=\"robots\" content=\"index, follow, max-snippet:-1, max-image-preview:large, max-video-preview:-1\" \/>\n<link rel=\"canonical\" href=\"https:\/\/alit-tech.com\/pt-pt\/maquinas\/fastrip-t5-multi-tank\/\" \/>\n<meta property=\"og:locale\" content=\"pt_PT\" \/>\n<meta property=\"og:type\" content=\"article\" \/>\n<meta property=\"og:title\" content=\"Vasca di sverniciatura FASTRIP 5 - Tecnologie Fastrip Alit\" \/>\n<meta property=\"og:description\" content=\"Fastrip T5 \u00e8 una linea di vasche di sverniciatura utilizzate nel processo di sverniciaturachimica di metalli e leghe leggere. Tutti i dettagli sul nostro sito\" \/>\n<meta property=\"og:url\" content=\"https:\/\/alit-tech.com\/pt-pt\/maquinas\/fastrip-t5-multi-tank\/\" \/>\n<meta property=\"og:site_name\" content=\"Alit technologies Spa\" \/>\n<meta property=\"article:modified_time\" content=\"2025-05-16T12:46:21+00:00\" \/>\n<meta property=\"og:image\" content=\"https:\/\/alit-tech.com\/wp-content\/uploads\/2024\/04\/Fastrip-T5-multitank.png\" \/>\n\t<meta property=\"og:image:width\" content=\"1500\" \/>\n\t<meta property=\"og:image:height\" content=\"507\" \/>\n\t<meta property=\"og:image:type\" content=\"image\/png\" \/>\n<meta name=\"twitter:card\" content=\"summary_large_image\" \/>\n<meta name=\"twitter:label1\" content=\"Tempo estimado de leitura\" \/>\n\t<meta name=\"twitter:data1\" content=\"1 minuto\" \/>\n<script type=\"application\/ld+json\" class=\"yoast-schema-graph\">{\"@context\":\"https:\/\/schema.org\",\"@graph\":[{\"@type\":\"WebPage\",\"@id\":\"https:\/\/alit-tech.com\/pt-pt\/maquinas\/fastrip-t5-multi-tank\/\",\"url\":\"https:\/\/alit-tech.com\/pt-pt\/maquinas\/fastrip-t5-multi-tank\/\",\"name\":\"Vasca di sverniciatura FASTRIP 5 - Tecnologie Fastrip Alit\",\"isPartOf\":{\"@id\":\"https:\/\/alit-tech.com\/it\/#website\"},\"primaryImageOfPage\":{\"@id\":\"https:\/\/alit-tech.com\/pt-pt\/maquinas\/fastrip-t5-multi-tank\/#primaryimage\"},\"image\":{\"@id\":\"https:\/\/alit-tech.com\/pt-pt\/maquinas\/fastrip-t5-multi-tank\/#primaryimage\"},\"thumbnailUrl\":\"https:\/\/alit-tech.com\/wp-content\/uploads\/2024\/04\/Fastrip-T5-multitank.png\",\"datePublished\":\"2024-04-03T22:08:48+00:00\",\"dateModified\":\"2025-05-16T12:46:21+00:00\",\"description\":\"Fastrip T5 \u00e8 una linea di vasche di sverniciatura utilizzate nel processo di sverniciaturachimica di metalli e leghe leggere. Tutti i dettagli sul nostro sito\",\"breadcrumb\":{\"@id\":\"https:\/\/alit-tech.com\/pt-pt\/maquinas\/fastrip-t5-multi-tank\/#breadcrumb\"},\"inLanguage\":\"pt-PT\",\"potentialAction\":[{\"@type\":\"ReadAction\",\"target\":[\"https:\/\/alit-tech.com\/pt-pt\/maquinas\/fastrip-t5-multi-tank\/\"]}]},{\"@type\":\"ImageObject\",\"inLanguage\":\"pt-PT\",\"@id\":\"https:\/\/alit-tech.com\/pt-pt\/maquinas\/fastrip-t5-multi-tank\/#primaryimage\",\"url\":\"https:\/\/alit-tech.com\/wp-content\/uploads\/2024\/04\/Fastrip-T5-multitank.png\",\"contentUrl\":\"https:\/\/alit-tech.com\/wp-content\/uploads\/2024\/04\/Fastrip-T5-multitank.png\",\"width\":1500,\"height\":507},{\"@type\":\"BreadcrumbList\",\"@id\":\"https:\/\/alit-tech.com\/pt-pt\/maquinas\/fastrip-t5-multi-tank\/#breadcrumb\",\"itemListElement\":[{\"@type\":\"ListItem\",\"position\":1,\"name\":\"Home\",\"item\":\"https:\/\/alit-tech.com\/pt-pt\/\"},{\"@type\":\"ListItem\",\"position\":2,\"name\":\"M\u00e1quinas\",\"item\":\"https:\/\/alit-tech.com\/pt-pt\/maquinas\/\"},{\"@type\":\"ListItem\",\"position\":3,\"name\":\"Fastrip T5 Multi-Tank\"}]},{\"@type\":\"WebSite\",\"@id\":\"https:\/\/alit-tech.com\/it\/#website\",\"url\":\"https:\/\/alit-tech.com\/it\/\",\"name\":\"Alit technologies Spa\",\"description\":\"\",\"potentialAction\":[{\"@type\":\"SearchAction\",\"target\":{\"@type\":\"EntryPoint\",\"urlTemplate\":\"https:\/\/alit-tech.com\/it\/?s={search_term_string}\"},\"query-input\":\"required name=search_term_string\"}],\"inLanguage\":\"pt-PT\"}]}<\/script>\n<!-- \/ Yoast SEO plugin. -->","yoast_head_json":{"title":"Vasca di sverniciatura FASTRIP 5 - Tecnologie Fastrip Alit","description":"Fastrip T5 \u00e8 una linea di vasche di sverniciatura utilizzate nel processo di sverniciaturachimica di metalli e leghe leggere. Tutti i dettagli sul nostro sito","robots":{"index":"index","follow":"follow","max-snippet":"max-snippet:-1","max-image-preview":"max-image-preview:large","max-video-preview":"max-video-preview:-1"},"canonical":"https:\/\/alit-tech.com\/pt-pt\/maquinas\/fastrip-t5-multi-tank\/","og_locale":"pt_PT","og_type":"article","og_title":"Vasca di sverniciatura FASTRIP 5 - Tecnologie Fastrip Alit","og_description":"Fastrip T5 \u00e8 una linea di vasche di sverniciatura utilizzate nel processo di sverniciaturachimica di metalli e leghe leggere. Tutti i dettagli sul nostro sito","og_url":"https:\/\/alit-tech.com\/pt-pt\/maquinas\/fastrip-t5-multi-tank\/","og_site_name":"Alit technologies Spa","article_modified_time":"2025-05-16T12:46:21+00:00","og_image":[{"width":1500,"height":507,"url":"https:\/\/alit-tech.com\/wp-content\/uploads\/2024\/04\/Fastrip-T5-multitank.png","type":"image\/png"}],"twitter_card":"summary_large_image","twitter_misc":{"Tempo estimado de leitura":"1 minuto"},"schema":{"@context":"https:\/\/schema.org","@graph":[{"@type":"WebPage","@id":"https:\/\/alit-tech.com\/pt-pt\/maquinas\/fastrip-t5-multi-tank\/","url":"https:\/\/alit-tech.com\/pt-pt\/maquinas\/fastrip-t5-multi-tank\/","name":"Vasca di sverniciatura FASTRIP 5 - Tecnologie Fastrip Alit","isPartOf":{"@id":"https:\/\/alit-tech.com\/it\/#website"},"primaryImageOfPage":{"@id":"https:\/\/alit-tech.com\/pt-pt\/maquinas\/fastrip-t5-multi-tank\/#primaryimage"},"image":{"@id":"https:\/\/alit-tech.com\/pt-pt\/maquinas\/fastrip-t5-multi-tank\/#primaryimage"},"thumbnailUrl":"https:\/\/alit-tech.com\/wp-content\/uploads\/2024\/04\/Fastrip-T5-multitank.png","datePublished":"2024-04-03T22:08:48+00:00","dateModified":"2025-05-16T12:46:21+00:00","description":"Fastrip T5 \u00e8 una linea di vasche di sverniciatura utilizzate nel processo di sverniciaturachimica di metalli e leghe leggere. Tutti i dettagli sul nostro sito","breadcrumb":{"@id":"https:\/\/alit-tech.com\/pt-pt\/maquinas\/fastrip-t5-multi-tank\/#breadcrumb"},"inLanguage":"pt-PT","potentialAction":[{"@type":"ReadAction","target":["https:\/\/alit-tech.com\/pt-pt\/maquinas\/fastrip-t5-multi-tank\/"]}]},{"@type":"ImageObject","inLanguage":"pt-PT","@id":"https:\/\/alit-tech.com\/pt-pt\/maquinas\/fastrip-t5-multi-tank\/#primaryimage","url":"https:\/\/alit-tech.com\/wp-content\/uploads\/2024\/04\/Fastrip-T5-multitank.png","contentUrl":"https:\/\/alit-tech.com\/wp-content\/uploads\/2024\/04\/Fastrip-T5-multitank.png","width":1500,"height":507},{"@type":"BreadcrumbList","@id":"https:\/\/alit-tech.com\/pt-pt\/maquinas\/fastrip-t5-multi-tank\/#breadcrumb","itemListElement":[{"@type":"ListItem","position":1,"name":"Home","item":"https:\/\/alit-tech.com\/pt-pt\/"},{"@type":"ListItem","position":2,"name":"M\u00e1quinas","item":"https:\/\/alit-tech.com\/pt-pt\/maquinas\/"},{"@type":"ListItem","position":3,"name":"Fastrip T5 Multi-Tank"}]},{"@type":"WebSite","@id":"https:\/\/alit-tech.com\/it\/#website","url":"https:\/\/alit-tech.com\/it\/","name":"Alit technologies Spa","description":"","potentialAction":[{"@type":"SearchAction","target":{"@type":"EntryPoint","urlTemplate":"https:\/\/alit-tech.com\/it\/?s={search_term_string}"},"query-input":"required name=search_term_string"}],"inLanguage":"pt-PT"}]}},"_links":{"self":[{"href":"https:\/\/alit-tech.com\/pt-pt\/wp-json\/wp\/v2\/pages\/9896"}],"collection":[{"href":"https:\/\/alit-tech.com\/pt-pt\/wp-json\/wp\/v2\/pages"}],"about":[{"href":"https:\/\/alit-tech.com\/pt-pt\/wp-json\/wp\/v2\/types\/page"}],"author":[{"embeddable":true,"href":"https:\/\/alit-tech.com\/pt-pt\/wp-json\/wp\/v2\/users\/1"}],"replies":[{"embeddable":true,"href":"https:\/\/alit-tech.com\/pt-pt\/wp-json\/wp\/v2\/comments?post=9896"}],"version-history":[{"count":2,"href":"https:\/\/alit-tech.com\/pt-pt\/wp-json\/wp\/v2\/pages\/9896\/revisions"}],"predecessor-version":[{"id":15114,"href":"https:\/\/alit-tech.com\/pt-pt\/wp-json\/wp\/v2\/pages\/9896\/revisions\/15114"}],"up":[{"embeddable":true,"href":"https:\/\/alit-tech.com\/pt-pt\/wp-json\/wp\/v2\/pages\/10040"}],"wp:featuredmedia":[{"embeddable":true,"href":"https:\/\/alit-tech.com\/pt-pt\/wp-json\/wp\/v2\/media\/9898"}],"wp:attachment":[{"href":"https:\/\/alit-tech.com\/pt-pt\/wp-json\/wp\/v2\/media?parent=9896"}],"curies":[{"name":"wp","href":"https:\/\/api.w.org\/{rel}","templated":true}]}}