{"id":9961,"date":"2024-03-26T15:15:27","date_gmt":"2024-03-26T14:15:27","guid":{"rendered":"https:\/\/alit-tech.com\/?page_id=9961"},"modified":"2025-08-28T09:45:53","modified_gmt":"2025-08-28T07:45:53","slug":"alit","status":"publish","type":"page","link":"https:\/\/alit-tech.com\/pt-pt\/alit\/","title":{"rendered":"Alit Technologies"},"content":{"rendered":"","protected":false},"excerpt":{"rendered":"","protected":false},"author":1,"featured_media":9963,"parent":0,"menu_order":0,"comment_status":"closed","ping_status":"closed","template":"template-pages\/10_company.php","meta":{"_acf_changed":false,"footnotes":""},"class_list":["post-9961","page","type-page","status-publish","has-post-thumbnail","hentry"],"acf":[],"yoast_head":"<!-- This site is optimized with the Yoast SEO plugin v23.1 - https:\/\/yoast.com\/wordpress\/plugins\/seo\/ -->\n<title>Alit Technologies - Inova\u00e7\u00e3o Global: Alit technologies<\/title>\n<meta name=\"description\" content=\"ALIT Technologies \u00e9 l\u00edder em decapagem qu\u00edmica de pintura, oferecendo solu\u00e7\u00f5es inovadoras e sustent\u00e1veis para decapagem de metais a quente e a frio. Saiba mais\" \/>\n<meta name=\"robots\" content=\"index, follow, max-snippet:-1, max-image-preview:large, max-video-preview:-1\" \/>\n<link rel=\"canonical\" href=\"https:\/\/alit-tech.com\/pt-pt\/alit\/\" \/>\n<meta property=\"og:locale\" content=\"pt_PT\" \/>\n<meta property=\"og:type\" content=\"article\" \/>\n<meta property=\"og:title\" content=\"Alit Technologies - Inova\u00e7\u00e3o Global: Alit technologies\" \/>\n<meta property=\"og:description\" content=\"ALIT Technologies \u00e9 l\u00edder em decapagem qu\u00edmica de pintura, oferecendo solu\u00e7\u00f5es inovadoras e sustent\u00e1veis para decapagem de metais a quente e a frio. Saiba mais\" \/>\n<meta property=\"og:url\" content=\"https:\/\/alit-tech.com\/pt-pt\/alit\/\" \/>\n<meta property=\"og:site_name\" content=\"Alit technologies Spa\" \/>\n<meta property=\"article:modified_time\" content=\"2025-08-28T07:45:53+00:00\" \/>\n<meta property=\"og:image\" content=\"https:\/\/alit-tech.com\/wp-content\/uploads\/2024\/03\/Alit-tecnologies.jpg\" \/>\n\t<meta property=\"og:image:width\" content=\"1920\" \/>\n\t<meta property=\"og:image:height\" content=\"742\" \/>\n\t<meta property=\"og:image:type\" content=\"image\/jpeg\" \/>\n<meta name=\"twitter:card\" content=\"summary_large_image\" \/>\n<meta name=\"twitter:label1\" content=\"Tempo estimado de leitura\" \/>\n\t<meta name=\"twitter:data1\" content=\"1 minuto\" \/>\n<script type=\"application\/ld+json\" class=\"yoast-schema-graph\">{\"@context\":\"https:\/\/schema.org\",\"@graph\":[{\"@type\":\"WebPage\",\"@id\":\"https:\/\/alit-tech.com\/pt-pt\/alit\/\",\"url\":\"https:\/\/alit-tech.com\/pt-pt\/alit\/\",\"name\":\"Alit Technologies - Inova\u00e7\u00e3o Global: Alit technologies\",\"isPartOf\":{\"@id\":\"https:\/\/alit-tech.com\/it\/#website\"},\"primaryImageOfPage\":{\"@id\":\"https:\/\/alit-tech.com\/pt-pt\/alit\/#primaryimage\"},\"image\":{\"@id\":\"https:\/\/alit-tech.com\/pt-pt\/alit\/#primaryimage\"},\"thumbnailUrl\":\"https:\/\/alit-tech.com\/wp-content\/uploads\/2024\/03\/Alit-tecnologies.jpg\",\"datePublished\":\"2024-03-26T14:15:27+00:00\",\"dateModified\":\"2025-08-28T07:45:53+00:00\",\"description\":\"ALIT Technologies \u00e9 l\u00edder em decapagem qu\u00edmica de pintura, oferecendo solu\u00e7\u00f5es inovadoras e sustent\u00e1veis para decapagem de metais a quente e a frio. Saiba mais\",\"breadcrumb\":{\"@id\":\"https:\/\/alit-tech.com\/pt-pt\/alit\/#breadcrumb\"},\"inLanguage\":\"pt-PT\",\"potentialAction\":[{\"@type\":\"ReadAction\",\"target\":[\"https:\/\/alit-tech.com\/pt-pt\/alit\/\"]}]},{\"@type\":\"ImageObject\",\"inLanguage\":\"pt-PT\",\"@id\":\"https:\/\/alit-tech.com\/pt-pt\/alit\/#primaryimage\",\"url\":\"https:\/\/alit-tech.com\/wp-content\/uploads\/2024\/03\/Alit-tecnologies.jpg\",\"contentUrl\":\"https:\/\/alit-tech.com\/wp-content\/uploads\/2024\/03\/Alit-tecnologies.jpg\",\"width\":1920,\"height\":742},{\"@type\":\"BreadcrumbList\",\"@id\":\"https:\/\/alit-tech.com\/pt-pt\/alit\/#breadcrumb\",\"itemListElement\":[{\"@type\":\"ListItem\",\"position\":1,\"name\":\"Home\",\"item\":\"https:\/\/alit-tech.com\/pt-pt\/\"},{\"@type\":\"ListItem\",\"position\":2,\"name\":\"Alit Technologies\"}]},{\"@type\":\"WebSite\",\"@id\":\"https:\/\/alit-tech.com\/it\/#website\",\"url\":\"https:\/\/alit-tech.com\/it\/\",\"name\":\"Alit technologies Spa\",\"description\":\"\",\"potentialAction\":[{\"@type\":\"SearchAction\",\"target\":{\"@type\":\"EntryPoint\",\"urlTemplate\":\"https:\/\/alit-tech.com\/it\/?s={search_term_string}\"},\"query-input\":\"required name=search_term_string\"}],\"inLanguage\":\"pt-PT\"}]}<\/script>\n<!-- \/ Yoast SEO plugin. -->","yoast_head_json":{"title":"Alit Technologies - Inova\u00e7\u00e3o Global: Alit technologies","description":"ALIT Technologies \u00e9 l\u00edder em decapagem qu\u00edmica de pintura, oferecendo solu\u00e7\u00f5es inovadoras e sustent\u00e1veis para decapagem de metais a quente e a frio. Saiba mais","robots":{"index":"index","follow":"follow","max-snippet":"max-snippet:-1","max-image-preview":"max-image-preview:large","max-video-preview":"max-video-preview:-1"},"canonical":"https:\/\/alit-tech.com\/pt-pt\/alit\/","og_locale":"pt_PT","og_type":"article","og_title":"Alit Technologies - Inova\u00e7\u00e3o Global: Alit technologies","og_description":"ALIT Technologies \u00e9 l\u00edder em decapagem qu\u00edmica de pintura, oferecendo solu\u00e7\u00f5es inovadoras e sustent\u00e1veis para decapagem de metais a quente e a frio. Saiba mais","og_url":"https:\/\/alit-tech.com\/pt-pt\/alit\/","og_site_name":"Alit technologies Spa","article_modified_time":"2025-08-28T07:45:53+00:00","og_image":[{"width":1920,"height":742,"url":"https:\/\/alit-tech.com\/wp-content\/uploads\/2024\/03\/Alit-tecnologies.jpg","type":"image\/jpeg"}],"twitter_card":"summary_large_image","twitter_misc":{"Tempo estimado de leitura":"1 minuto"},"schema":{"@context":"https:\/\/schema.org","@graph":[{"@type":"WebPage","@id":"https:\/\/alit-tech.com\/pt-pt\/alit\/","url":"https:\/\/alit-tech.com\/pt-pt\/alit\/","name":"Alit Technologies - Inova\u00e7\u00e3o Global: Alit technologies","isPartOf":{"@id":"https:\/\/alit-tech.com\/it\/#website"},"primaryImageOfPage":{"@id":"https:\/\/alit-tech.com\/pt-pt\/alit\/#primaryimage"},"image":{"@id":"https:\/\/alit-tech.com\/pt-pt\/alit\/#primaryimage"},"thumbnailUrl":"https:\/\/alit-tech.com\/wp-content\/uploads\/2024\/03\/Alit-tecnologies.jpg","datePublished":"2024-03-26T14:15:27+00:00","dateModified":"2025-08-28T07:45:53+00:00","description":"ALIT Technologies \u00e9 l\u00edder em decapagem qu\u00edmica de pintura, oferecendo solu\u00e7\u00f5es inovadoras e sustent\u00e1veis para decapagem de metais a quente e a frio. Saiba mais","breadcrumb":{"@id":"https:\/\/alit-tech.com\/pt-pt\/alit\/#breadcrumb"},"inLanguage":"pt-PT","potentialAction":[{"@type":"ReadAction","target":["https:\/\/alit-tech.com\/pt-pt\/alit\/"]}]},{"@type":"ImageObject","inLanguage":"pt-PT","@id":"https:\/\/alit-tech.com\/pt-pt\/alit\/#primaryimage","url":"https:\/\/alit-tech.com\/wp-content\/uploads\/2024\/03\/Alit-tecnologies.jpg","contentUrl":"https:\/\/alit-tech.com\/wp-content\/uploads\/2024\/03\/Alit-tecnologies.jpg","width":1920,"height":742},{"@type":"BreadcrumbList","@id":"https:\/\/alit-tech.com\/pt-pt\/alit\/#breadcrumb","itemListElement":[{"@type":"ListItem","position":1,"name":"Home","item":"https:\/\/alit-tech.com\/pt-pt\/"},{"@type":"ListItem","position":2,"name":"Alit Technologies"}]},{"@type":"WebSite","@id":"https:\/\/alit-tech.com\/it\/#website","url":"https:\/\/alit-tech.com\/it\/","name":"Alit technologies Spa","description":"","potentialAction":[{"@type":"SearchAction","target":{"@type":"EntryPoint","urlTemplate":"https:\/\/alit-tech.com\/it\/?s={search_term_string}"},"query-input":"required name=search_term_string"}],"inLanguage":"pt-PT"}]}},"_links":{"self":[{"href":"https:\/\/alit-tech.com\/pt-pt\/wp-json\/wp\/v2\/pages\/9961"}],"collection":[{"href":"https:\/\/alit-tech.com\/pt-pt\/wp-json\/wp\/v2\/pages"}],"about":[{"href":"https:\/\/alit-tech.com\/pt-pt\/wp-json\/wp\/v2\/types\/page"}],"author":[{"embeddable":true,"href":"https:\/\/alit-tech.com\/pt-pt\/wp-json\/wp\/v2\/users\/1"}],"replies":[{"embeddable":true,"href":"https:\/\/alit-tech.com\/pt-pt\/wp-json\/wp\/v2\/comments?post=9961"}],"version-history":[{"count":14,"href":"https:\/\/alit-tech.com\/pt-pt\/wp-json\/wp\/v2\/pages\/9961\/revisions"}],"predecessor-version":[{"id":14962,"href":"https:\/\/alit-tech.com\/pt-pt\/wp-json\/wp\/v2\/pages\/9961\/revisions\/14962"}],"wp:featuredmedia":[{"embeddable":true,"href":"https:\/\/alit-tech.com\/pt-pt\/wp-json\/wp\/v2\/media\/9963"}],"wp:attachment":[{"href":"https:\/\/alit-tech.com\/pt-pt\/wp-json\/wp\/v2\/media?parent=9961"}],"curies":[{"name":"wp","href":"https:\/\/api.w.org\/{rel}","templated":true}]}}